{"id":18296,"date":"2016-02-18T13:06:59","date_gmt":"2016-02-18T12:06:59","guid":{"rendered":"https:\/\/www.harzer-wandernadel.de\/pointage\/carte-generale\/pointage-84-altenburg-pres-de-heimburg\/"},"modified":"2026-03-04T22:37:11","modified_gmt":"2026-03-04T21:37:11","slug":"pointage-84-altenburg-pres-de-heimburg","status":"publish","type":"page","link":"https:\/\/www.harzer-wandernadel.de\/fr\/pointage\/carte-generale\/pointage-84-altenburg-pres-de-heimburg\/","title":{"rendered":"Pointage 84 \/ Altenburg (pr\u00e8s de Heimburg)"},"content":{"rendered":"\n<h2 class=\"wp-block-heading\">A la limite nord-ouest de Heimburg se dresse l\u2019Altenburg (281&nbsp;m&nbsp;d\u2019altitude), avec les vestiges des murs du ch\u00e2teau de Heimburg, mentionn\u00e9 pour la premi\u00e8re fois dans un document de&nbsp;1073.<\/h2>\n\n<div class=\"wp-block-stackable-image alignwide stk-block-image stk-block stk-89e1006\" data-block-id=\"89e1006\"><style>.stk-89e1006 {margin-top:3% !important;margin-bottom:3% !important;}<\/style><figure><span class=\"stk-img-wrapper stk-image--shape-stretch stk--has-lightbox\"><img decoding=\"async\" width=\"733\" height=\"550\" src=\"https:\/\/www.harzer-wandernadel.de\/wp-content\/uploads\/2016\/02\/Altenburg.jpg\" class=\"attachment-full size-full wp-post-image\" alt srcset=\"https:\/\/www.harzer-wandernadel.de\/wp-content\/uploads\/2016\/02\/Altenburg.jpg 733w, https:\/\/www.harzer-wandernadel.de\/wp-content\/uploads\/2016\/02\/Altenburg-300x225.jpg 300w, https:\/\/www.harzer-wandernadel.de\/wp-content\/uploads\/2016\/02\/Altenburg-624x468.jpg 624w\" sizes=\"(max-width: 733px) 100vw, 733px\"><\/span><\/figure><\/div>\n\n<p>Le ch\u00e2\u00adteau ser\u00advait \u00e0&nbsp;pro\u00adt\u00e9\u00adger les routes com\u00admer\u00adciales et, apr\u00e8s une longue que\u00adrelle entre les Heim\u00adbur\u00adger et les Regen\u00adstein, il a&nbsp;fina\u00adle\u00adment appar\u00adte\u00adnu aux comtes de Regen\u00adstein. Lors des r\u00e9voltes pay\u00adsannes et de la guerre de 30 ans, le ch\u00e2\u00adteau a&nbsp;\u00e9t\u00e9 for\u00adte\u00adment d\u00e9truit et fina\u00adle\u00adment abandonn\u00e9.&nbsp;<\/p>\n\n<p>Apr\u00e8s 1990, les ruines ont \u00e9t\u00e9 d\u00e9ga\u00adg\u00e9es, r\u00e9no\u00adv\u00e9es et un pavillon a&nbsp;\u00e9t\u00e9 construit pour ser\u00advir de point de vue. Un pan\u00adneau d\u2019af\u00adfi\u00adchage, \u00e0&nbsp;c\u00f4t\u00e9 duquel se trouve \u00e9ga\u00adle\u00adment la bo\u00eete \u00e0&nbsp;tam\u00adpons, donne des infor\u00adma\u00adtions int\u00e9\u00adres\u00adsantes sur l\u2019his\u00adtoire de l\u2019Altenburg.&nbsp;<\/p>\n\n<p>Un bon point de d\u00e9part est le par\u00adking au centre de Heim\u00adburg, \u00e0&nbsp;par\u00adtir duquel le che\u00admin de ran\u00addon\u00adn\u00e9e bali\u00ads\u00e9 monte vers Alten\u00adburg. Tu peux conti\u00adnuer la ran\u00addon\u00adn\u00e9e \u00e0&nbsp;par\u00adtir de Heim\u00adburg vers Ben\u00adzin\u00adge\u00adrode jus\u00adqu\u2019\u00e0 la <a href=\"https:\/\/www.harzer-wandernadel.de\/fr\/pointage\/carte-generale\/pointage-83-tour-daustberg\/\" data-type=\"page\" data-id=\"955\">tour Aust\u00adberg\u00adturm HWN 83<\/a> et la <a href=\"https:\/\/www.harzer-wandernadel.de\/fr\/pointage\/carte-generale\/pointage-33-stapenberg\/\" data-type=\"page\" data-id=\"604\">Sta\u00adpen\u00adberg HWN 33<\/a>. <\/p>\n","protected":false},"excerpt":{"rendered":"<p>A la limite nord-ouest de Heim\u00adburg se dresse l\u2019Altenburg (281&nbsp;m&nbsp;d\u2019altitude), avec les ves\u00adtiges des murs du ch\u00e2\u00adteau de Heim\u00adburg, men\u00adtion\u00adn\u00e9 pour la pre\u00admi\u00e8re fois dans un docu\u00adment de&nbsp;1073. Le ch\u00e2\u00adteau ser\u00advait \u00e0&nbsp;pro\u00adt\u00e9\u00adger les routes com\u00admer\u00adciales et, apr\u00e8s une longue que\u00adrelle entre les Heim\u00adbur\u00adger et les Regen\u00adstein, il a&nbsp;fina\u00adle\u00adment appar\u00adte\u00adnu aux comtes de Regen\u00adstein. Lors&nbsp;des&nbsp;[\u2026]<\/p>\n","protected":false},"author":11,"featured_media":18297,"parent":17801,"menu_order":10084,"comment_status":"closed","ping_status":"closed","template":"","meta":{"_seopress_robots_primary_cat":"","_seopress_titles_title":"","_seopress_titles_desc":"","_seopress_robots_index":"","wp_typography_post_enhancements_disabled":false,"iawp_total_views":3,"footnotes":""},"hf_cat_page":[120],"class_list":["post-18296","page","type-page","status-publish","has-post-thumbnail"],"blocksy_meta":[],"_links":{"self":[{"href":"https:\/\/www.harzer-wandernadel.de\/fr\/wp-json\/wp\/v2\/pages\/18296","targetHints":{"allow":["GET"]}}],"collection":[{"href":"https:\/\/www.harzer-wandernadel.de\/fr\/wp-json\/wp\/v2\/pages"}],"about":[{"href":"https:\/\/www.harzer-wandernadel.de\/fr\/wp-json\/wp\/v2\/types\/page"}],"author":[{"embeddable":true,"href":"https:\/\/www.harzer-wandernadel.de\/fr\/wp-json\/wp\/v2\/users\/11"}],"replies":[{"embeddable":true,"href":"https:\/\/www.harzer-wandernadel.de\/fr\/wp-json\/wp\/v2\/comments?post=18296"}],"version-history":[{"count":3,"href":"https:\/\/www.harzer-wandernadel.de\/fr\/wp-json\/wp\/v2\/pages\/18296\/revisions"}],"predecessor-version":[{"id":26405,"href":"https:\/\/www.harzer-wandernadel.de\/fr\/wp-json\/wp\/v2\/pages\/18296\/revisions\/26405"}],"up":[{"embeddable":true,"href":"https:\/\/www.harzer-wandernadel.de\/fr\/wp-json\/wp\/v2\/pages\/17801"}],"wp:featuredmedia":[{"embeddable":true,"href":"https:\/\/www.harzer-wandernadel.de\/fr\/wp-json\/wp\/v2\/media\/18297"}],"wp:attachment":[{"href":"https:\/\/www.harzer-wandernadel.de\/fr\/wp-json\/wp\/v2\/media?parent=18296"}],"wp:term":[{"taxonomy":"hf_cat_page","embeddable":true,"href":"https:\/\/www.harzer-wandernadel.de\/fr\/wp-json\/wp\/v2\/hf_cat_page?post=18296"}],"curies":[{"name":"wp","href":"https:\/\/api.w.org\/{rel}","templated":true}]}}