{"id":18284,"date":"2016-02-18T13:14:06","date_gmt":"2016-02-18T12:14:06","guid":{"rendered":"https:\/\/www.harzer-wandernadel.de\/pointage\/carte-generale\/pointage-87-volkmarskeller\/"},"modified":"2026-02-28T14:42:49","modified_gmt":"2026-02-28T13:42:49","slug":"pointage-87-volkmarskeller","status":"publish","type":"page","link":"https:\/\/www.harzer-wandernadel.de\/fr\/pointage\/carte-generale\/pointage-87-volkmarskeller\/","title":{"rendered":"Pointage 87 \/ Volkmarskeller"},"content":{"rendered":"\n<h2 class=\"wp-block-heading\">La Volkmarskeller est une grotte karstique et se trouve \u00e0&nbsp;l\u2019ouest de Blankenburg, au-dessus du Klostergrund, \u00e0&nbsp;environ 4&nbsp;km du monast\u00e8re de Michaelstein HWN&nbsp;59.<\/h2>\n\n<div class=\"wp-block-stackable-image alignwide stk-block-image stk-block stk-89e1006\" data-block-id=\"89e1006\"><style>.stk-89e1006 {margin-top:3% !important;margin-bottom:3% !important;}<\/style><figure><span class=\"stk-img-wrapper stk-image--shape-stretch stk--has-lightbox\"><img decoding=\"async\" width=\"710\" height=\"550\" src=\"https:\/\/www.harzer-wandernadel.de\/wp-content\/uploads\/2016\/02\/Volkmarskeller.jpg\" class=\"attachment-full size-full wp-post-image\" alt srcset=\"https:\/\/www.harzer-wandernadel.de\/wp-content\/uploads\/2016\/02\/Volkmarskeller.jpg 710w, https:\/\/www.harzer-wandernadel.de\/wp-content\/uploads\/2016\/02\/Volkmarskeller-300x232.jpg 300w, https:\/\/www.harzer-wandernadel.de\/wp-content\/uploads\/2016\/02\/Volkmarskeller-624x483.jpg 624w\" sizes=\"(max-width: 710px) 100vw, 710px\"><\/span><\/figure><\/div>\n\n<p>On pense que la grotte a&nbsp;\u00e9t\u00e9 colo\u00adni\u00ads\u00e9e par un ermite du nom de Volk\u00admar en 950. Ses dis\u00adciples, les fr\u00e8res Volk\u00admar, se sont ensuite asso\u00adci\u00e9s aux cis\u00adter\u00adciens qui s\u2019\u00e9\u00adtaient s\u00e9pa\u00adr\u00e9s de l\u2019ordre b\u00e9n\u00e9\u00addic\u00adtin en&nbsp;1098.&nbsp;<\/p>\n\n<p>Ce sont ces cis\u00adter\u00adciens qui, au 12\u00e8me si\u00e8cle, ont construit un petit monas\u00adt\u00e8re juste au-des\u00adsus de la grotte, qu\u2019ils ont appe\u00adl\u00e9 \u00ab&nbsp;Michael\u00adstein&nbsp;\u00bb en l\u2019hon\u00adneur de leur saint patron. C\u2019est aus\u00adsi \u00e0&nbsp;cette \u00e9poque que la grotte a&nbsp;\u00e9t\u00e9 trans\u00adfor\u00adm\u00e9e en \u00e9glise rupestre. Cepen\u00addant, peu de temps apr\u00e8s, le monas\u00adt\u00e8re a&nbsp;\u00e9t\u00e9 d\u00e9pla\u00adc\u00e9 \u00e0&nbsp;son empla\u00adce\u00adment actuel, au d\u00e9but du ter\u00adrain du monast\u00e8re.&nbsp;<\/p>\n\n<p>En 1884\u201387, la grotte a&nbsp;\u00e9t\u00e9 creu\u00ads\u00e9e par le conseiller en construc\u00adtion Brink\u00admann. Entre-temps, la grotte \u00e9tait d\u00e9j\u00e0 tel\u00adle\u00adment rem\u00adplie qu\u2019elle ne pou\u00advait \u00eatre par\u00adcou\u00adrue qu\u2019en ram\u00adpant. Sur les murs, on a&nbsp;trou\u00adv\u00e9 du vieux pl\u00e2tre de mor\u00adtier et, devant un socle d\u2019au\u00adtel en briques, les sque\u00adlettes de trois adultes et trois enfants. A&nbsp;l\u2019en\u00adtr\u00e9e sud, deux croix de cons\u00e9\u00adcra\u00adtion taill\u00e9es et une niche creu\u00ads\u00e9e dans la roche rap\u00adpellent l\u2019an\u00adcienne fonc\u00adtion sacr\u00e9e.&nbsp;<\/p>\n\n<p>Le point de d\u00e9part est le par\u00adking du monas\u00adt\u00e8re de Michael\u00adstein, d\u2019o\u00f9 l\u2019on marche jus\u00adqu\u2019au troi\u00adsi\u00e8me \u00e9tang du monas\u00adt\u00e8re, pr\u00e8s duquel se trouve le <a href=\"https:\/\/www.harzer-wandernadel.de\/stempelstellen\/uebersichtskarte\/stempelstelle-59-klostergrund-michaelstein\/\" data-type=\"page\" data-id=\"801\">HWN 59 Klos\u00adter\u00adgrund Michael\u00adstein<\/a>.<\/p>\n\n<p>De l\u00e0, tu suis le che\u00admin bali\u00ads\u00e9 jus\u00adqu\u2019\u00e0 la cave Volk\u00admar, en pas\u00adsant devant le monu\u00adment aux copains de la mine Volk\u00admar morts en 1893 dans une explo\u00adsion d\u2019ex\u00adplo\u00adsifs. Le tam\u00adpon se trouve direc\u00adte\u00adment sur le che\u00admin de ran\u00addon\u00adn\u00e9e, \u00e0&nbsp;c\u00f4t\u00e9 d\u2019un pan\u00adneau d\u2019in\u00adfor\u00adma\u00adtion. La grotte elle-m\u00eame est acces\u00adsible par un sen\u00adtier \u00e9troit \u00e0&nbsp;envi\u00adron 30 m\u00e8tres \u00e0&nbsp;gauche de la bo\u00eete de pointage.&nbsp;<\/p>\n","protected":false},"excerpt":{"rendered":"<p>La Volk\u00admars\u00adkel\u00adler est une grotte kars\u00adtique et se trouve \u00e0&nbsp;l\u2019ouest de Blan\u00adken\u00adburg, au-des\u00adsus du Klos\u00adter\u00adgrund, \u00e0&nbsp;envi\u00adron 4&nbsp;km du monas\u00adt\u00e8re de Michael\u00adstein HWN&nbsp;59. On pense que la grotte a&nbsp;\u00e9t\u00e9 colo\u00adni\u00ads\u00e9e par un ermite du nom de Volk\u00admar en 950. Ses dis\u00adciples, les fr\u00e8res Volk\u00admar, se sont ensuite asso\u00adci\u00e9s aux cis\u00adter\u00adciens qui s\u2019\u00e9\u00adtaient s\u00e9pa\u00adr\u00e9s de l\u2019ordre b\u00e9n\u00e9dictin&nbsp;[\u2026]<\/p>\n","protected":false},"author":11,"featured_media":18286,"parent":17801,"menu_order":10087,"comment_status":"closed","ping_status":"closed","template":"","meta":{"_seopress_robots_primary_cat":"","_seopress_titles_title":"","_seopress_titles_desc":"","_seopress_robots_index":"","wp_typography_post_enhancements_disabled":false,"iawp_total_views":0,"footnotes":""},"hf_cat_page":[120],"class_list":["post-18284","page","type-page","status-publish","has-post-thumbnail"],"blocksy_meta":[],"_links":{"self":[{"href":"https:\/\/www.harzer-wandernadel.de\/fr\/wp-json\/wp\/v2\/pages\/18284","targetHints":{"allow":["GET"]}}],"collection":[{"href":"https:\/\/www.harzer-wandernadel.de\/fr\/wp-json\/wp\/v2\/pages"}],"about":[{"href":"https:\/\/www.harzer-wandernadel.de\/fr\/wp-json\/wp\/v2\/types\/page"}],"author":[{"embeddable":true,"href":"https:\/\/www.harzer-wandernadel.de\/fr\/wp-json\/wp\/v2\/users\/11"}],"replies":[{"embeddable":true,"href":"https:\/\/www.harzer-wandernadel.de\/fr\/wp-json\/wp\/v2\/comments?post=18284"}],"version-history":[{"count":2,"href":"https:\/\/www.harzer-wandernadel.de\/fr\/wp-json\/wp\/v2\/pages\/18284\/revisions"}],"predecessor-version":[{"id":24861,"href":"https:\/\/www.harzer-wandernadel.de\/fr\/wp-json\/wp\/v2\/pages\/18284\/revisions\/24861"}],"up":[{"embeddable":true,"href":"https:\/\/www.harzer-wandernadel.de\/fr\/wp-json\/wp\/v2\/pages\/17801"}],"wp:featuredmedia":[{"embeddable":true,"href":"https:\/\/www.harzer-wandernadel.de\/fr\/wp-json\/wp\/v2\/media\/18286"}],"wp:attachment":[{"href":"https:\/\/www.harzer-wandernadel.de\/fr\/wp-json\/wp\/v2\/media?parent=18284"}],"wp:term":[{"taxonomy":"hf_cat_page","embeddable":true,"href":"https:\/\/www.harzer-wandernadel.de\/fr\/wp-json\/wp\/v2\/hf_cat_page?post=18284"}],"curies":[{"name":"wp","href":"https:\/\/api.w.org\/{rel}","templated":true}]}}