{"id":18281,"date":"2016-02-19T11:47:49","date_gmt":"2016-02-19T10:47:49","guid":{"rendered":"https:\/\/www.harzer-wandernadel.de\/pointage\/carte-generale\/pointage-115-tour-de-bismarck\/"},"modified":"2026-02-28T14:43:04","modified_gmt":"2026-02-28T13:43:04","slug":"pointage-115-tour-de-bismarck","status":"publish","type":"page","link":"https:\/\/www.harzer-wandernadel.de\/fr\/pointage\/carte-generale\/pointage-115-tour-de-bismarck\/","title":{"rendered":"Pointage 115 \/ Tour de Bismarck"},"content":{"rendered":"\n<h2 class=\"wp-block-heading\">La tour de Bismarck, haute de 15 m\u00e8tres, a&nbsp;\u00e9t\u00e9 construite sur le Kummel (536 m\u00e8tres au-dessus du niveau de la mer) \u00e0&nbsp;Bad Lauterberg.<\/h2>\n\n<div class=\"wp-block-stackable-image alignwide stk-block-image stk-block stk-89e1006\" data-block-id=\"89e1006\"><style>.stk-89e1006 {margin-top:3% !important;margin-bottom:3% !important;}<\/style><figure><span class=\"stk-img-wrapper stk-image--shape-stretch stk--has-lightbox\"><img decoding=\"async\" width=\"900\" height=\"600\" src=\"https:\/\/www.harzer-wandernadel.de\/wp-content\/uploads\/2016\/02\/Bismarkturm.jpg\" class=\"attachment-full size-full wp-post-image\" alt srcset=\"https:\/\/www.harzer-wandernadel.de\/wp-content\/uploads\/2016\/02\/Bismarkturm.jpg 900w, https:\/\/www.harzer-wandernadel.de\/wp-content\/uploads\/2016\/02\/Bismarkturm-300x200.jpg 300w, https:\/\/www.harzer-wandernadel.de\/wp-content\/uploads\/2016\/02\/Bismarkturm-768x512.jpg 768w, https:\/\/www.harzer-wandernadel.de\/wp-content\/uploads\/2016\/02\/Bismarkturm-624x416.jpg 624w\" sizes=\"(max-width: 900px) 100vw, 900px\"><\/span><\/figure><\/div>\n\n<p>La tour de Bis\u00admarck est un lieu d\u2019ex\u00adcur\u00adsion tr\u00e8s appr\u00e9\u00adci\u00e9 \u00e0&nbsp;Bad Lau\u00adter\u00adberg. Elle a&nbsp;\u00e9t\u00e9 construite en 1904 \u00e0&nbsp;l\u2019i\u00adni\u00adtia\u00adtive du conseiller sani\u00adtaire August Tisch\u00admann et appar\u00adtient aujourd\u2019\u00adhui au Harzk\u00adlub ZV Bad Lau\u00adter\u00adberg. Les pre\u00admiers dons ont \u00e9t\u00e9 col\u00adlec\u00adt\u00e9s en novembre 1902, de sorte que les tra\u00advaux de construc\u00adtion, r\u00e9a\u00adli\u00ads\u00e9s par le ma\u00e7on de Bad Lau\u00adter\u00adberg Wal\u00adter Nagel, ont pu com\u00admen\u00adcer rapi\u00adde\u00adment. La tour de Bis\u00admarck a&nbsp;\u00e9t\u00e9 construite en pierres natu\u00adrelles et en briques. Un relief de Bis\u00admarck, fabri\u00adqu\u00e9 dans la fon\u00adde\u00adrie de bronze, se trouve \u00e0&nbsp;mi-hau\u00adteur au-des\u00adsus de l\u2019en\u00adtr\u00e9e de la&nbsp;tour.&nbsp;<\/p>\n\n<p>Au som\u00admet de la tour se trou\u00advait un bra\u00adse\u00adro, qui a&nbsp;\u00e9t\u00e9 reti\u00adr\u00e9 en 1987. Pen\u00addant les heures d\u2019ou\u00adver\u00adture du res\u00adtau\u00adrant, on peut acc\u00e9\u00adder \u00e0&nbsp;la tour par un esca\u00adlier en pierre de 60 marches et un esca\u00adlier en m\u00e9tal de 11 marches. En 2000, la struc\u00adture a&nbsp;\u00e9t\u00e9 enti\u00e8\u00adre\u00adment r\u00e9nov\u00e9e.&nbsp;<\/p>\n\n<p>Par temps clair, la tour offre depuis une pla\u00adte\u00adforme d\u2019ob\u00adser\u00adva\u00adtion une excel\u00adlente vue sur le Grosse Knol\u00adlen voi\u00adsin, le Hansk\u00fch\u00adnen\u00adburg, , le Bro\u00adcken, le Wurm\u00adberg, Sankt Andreas\u00adberg, le bar\u00adrage de l\u2019O\u00adder\u00adtals\u00adperre et le Ravens\u00adberg ain\u00adsi que sur Bad Lau\u00adter\u00adberg et les quar\u00adtiers de Bar\u00adbis, Bar\u00adtol\u00adfelde et Osterhagen.<\/p>\n\n<p>La tour de Bis\u00admarck se trouve sur le sen\u00adtier de construc\u00adtion du Harz et est le mieux acces\u00adsible depuis le par\u00adking du L\u00f6nsweg.<\/p>\n\n<div class=\"wp-block-buttons is-layout-flex wp-block-buttons-is-layout-flex\">\n<div class=\"wp-block-button\"><a class=\"wp-block-button__link wp-element-button\" href=\"https:\/\/www.bismarckturmbadlauterberg.de\/\" target=\"_blank\" rel=\"noreferrer noopener\">Tour de Bismarck&nbsp;<\/a><\/div>\n<\/div>\n\n<div class=\"wp-block-buttons is-layout-flex wp-block-buttons-is-layout-flex\">\n<div class=\"wp-block-button\"><a class=\"wp-block-button__link wp-element-button\" href=\"http:\/\/harzer-bergwald.de\/index.php\/wandertouren\/abenteuertouren\/37-steigungen-im-westharz\">Sug\u00adges\u00adtion de cir\u00adcuit For\u00eat de mon\u00adtagne du&nbsp;Harz<\/a><\/div>\n<\/div>\n\n<p>&nbsp;<\/p>\n","protected":false},"excerpt":{"rendered":"<p>La tour de Bis\u00admarck, haute de 15 m\u00e8tres, a&nbsp;\u00e9t\u00e9 construite sur le Kum\u00admel (536 m\u00e8tres au-des\u00adsus du niveau de la mer) \u00e0&nbsp;Bad Lau\u00adter\u00adberg. La tour de Bis\u00admarck est un lieu d\u2019ex\u00adcur\u00adsion tr\u00e8s appr\u00e9\u00adci\u00e9 \u00e0&nbsp;Bad Lau\u00adter\u00adberg. Elle a&nbsp;\u00e9t\u00e9 construite en 1904 \u00e0&nbsp;l\u2019i\u00adni\u00adtia\u00adtive du conseiller sani\u00adtaire August Tisch\u00admann et appar\u00adtient aujourd\u2019\u00adhui au Harzk\u00adlub ZV Bad Lau\u00adter\u00adberg.&nbsp;Les&nbsp;[\u2026]<\/p>\n","protected":false},"author":11,"featured_media":18282,"parent":17801,"menu_order":10115,"comment_status":"closed","ping_status":"closed","template":"","meta":{"_seopress_robots_primary_cat":"","_seopress_titles_title":"","_seopress_titles_desc":"","_seopress_robots_index":"","wp_typography_post_enhancements_disabled":false,"iawp_total_views":0,"footnotes":""},"hf_cat_page":[120],"class_list":["post-18281","page","type-page","status-publish","has-post-thumbnail"],"blocksy_meta":[],"_links":{"self":[{"href":"https:\/\/www.harzer-wandernadel.de\/fr\/wp-json\/wp\/v2\/pages\/18281","targetHints":{"allow":["GET"]}}],"collection":[{"href":"https:\/\/www.harzer-wandernadel.de\/fr\/wp-json\/wp\/v2\/pages"}],"about":[{"href":"https:\/\/www.harzer-wandernadel.de\/fr\/wp-json\/wp\/v2\/types\/page"}],"author":[{"embeddable":true,"href":"https:\/\/www.harzer-wandernadel.de\/fr\/wp-json\/wp\/v2\/users\/11"}],"replies":[{"embeddable":true,"href":"https:\/\/www.harzer-wandernadel.de\/fr\/wp-json\/wp\/v2\/comments?post=18281"}],"version-history":[{"count":1,"href":"https:\/\/www.harzer-wandernadel.de\/fr\/wp-json\/wp\/v2\/pages\/18281\/revisions"}],"predecessor-version":[{"id":18283,"href":"https:\/\/www.harzer-wandernadel.de\/fr\/wp-json\/wp\/v2\/pages\/18281\/revisions\/18283"}],"up":[{"embeddable":true,"href":"https:\/\/www.harzer-wandernadel.de\/fr\/wp-json\/wp\/v2\/pages\/17801"}],"wp:featuredmedia":[{"embeddable":true,"href":"https:\/\/www.harzer-wandernadel.de\/fr\/wp-json\/wp\/v2\/media\/18282"}],"wp:attachment":[{"href":"https:\/\/www.harzer-wandernadel.de\/fr\/wp-json\/wp\/v2\/media?parent=18281"}],"wp:term":[{"taxonomy":"hf_cat_page","embeddable":true,"href":"https:\/\/www.harzer-wandernadel.de\/fr\/wp-json\/wp\/v2\/hf_cat_page?post=18281"}],"curies":[{"name":"wp","href":"https:\/\/api.w.org\/{rel}","templated":true}]}}