{"id":18275,"date":"2016-02-19T11:34:42","date_gmt":"2016-02-19T10:34:42","guid":{"rendered":"https:\/\/www.harzer-wandernadel.de\/pointage\/carte-generale\/poinconnage-110-granestausee\/"},"modified":"2026-02-28T14:43:01","modified_gmt":"2026-02-28T13:43:01","slug":"poinconnage-110-granestausee","status":"publish","type":"page","link":"https:\/\/www.harzer-wandernadel.de\/fr\/pointage\/carte-generale\/poinconnage-110-granestausee\/","title":{"rendered":"Poin\u00e7onnage 110 \/ Granestausee"},"content":{"rendered":"\n<h2 class=\"wp-block-heading\">Le barrage de la vall\u00e9e du Granetal se trouve au-dessus du quartier Astfeld\/Herzog Juliush\u00fctte de Langelsheim.<\/h2>\n\n<div class=\"wp-block-stackable-image alignwide stk-block-image stk-block stk-89e1006\" data-block-id=\"89e1006\"><style>.stk-89e1006 {margin-top:3% !important;margin-bottom:3% !important;}<\/style><figure><span class=\"stk-img-wrapper stk-image--shape-stretch stk--has-lightbox\"><img decoding=\"async\" width=\"788\" height=\"525\" src=\"https:\/\/www.harzer-wandernadel.de\/wp-content\/uploads\/2016\/02\/Granestausee.jpg\" class=\"attachment-full size-full wp-post-image\" alt srcset=\"https:\/\/www.harzer-wandernadel.de\/wp-content\/uploads\/2016\/02\/Granestausee.jpg 788w, https:\/\/www.harzer-wandernadel.de\/wp-content\/uploads\/2016\/02\/Granestausee-300x200.jpg 300w, https:\/\/www.harzer-wandernadel.de\/wp-content\/uploads\/2016\/02\/Granestausee-768x512.jpg 768w, https:\/\/www.harzer-wandernadel.de\/wp-content\/uploads\/2016\/02\/Granestausee-624x416.jpg 624w\" sizes=\"(max-width: 788px) 100vw, 788px\"><\/span><\/figure><\/div>\n\n<p>Construit en 1969, le bar\u00adrage de Gra\u00adne\u00adtal est le plus r\u00e9cent des bar\u00adrages de la val\u00adl\u00e9e du Harz et a&nbsp;\u00e9t\u00e9 construit dans la val\u00adl\u00e9e de Gra\u00adne\u00adtal. Comme la rivi\u00e8re Grane elle-m\u00eame n\u2019a\u00advait pas assez d\u2019eau pour le lac de 3&nbsp;km de long, une gale\u00adrie d\u2019en\u00advi\u00adron 7,4&nbsp;km de long a&nbsp;\u00e9t\u00e9 creu\u00ads\u00e9e jus\u00adqu\u2019\u00e0 l\u2019O\u00adker, en des\u00adsous du bar\u00adrage d\u2019O\u00adker. Celle-ci absorbe \u00e9ga\u00adle\u00adment l\u2019eau de la Gose en cours de route. Une autre gale\u00adrie de 4,8&nbsp;km de long m\u00e8ne de la Radau \u00e0&nbsp;la Grosse Romke et donc aus\u00adsi \u00e0&nbsp;la gale\u00adrie Oker-Grane. Il existe \u00e9ga\u00adle\u00adment une liai\u00adson sou\u00adter\u00adraine avec le bar\u00adrage d\u2019Innerstethal.&nbsp;<\/p>\n\n<p>Le point de poin\u00adtage se trouve sur le c\u00f4t\u00e9 est du lac de bar\u00adrage et est le plus court \u00e0&nbsp;atteindre depuis le par\u00adking \u00ab&nbsp;Unter den Eichen&nbsp;\u00bb au-des\u00adsus du quar\u00adtier de Stein\u00adberg \u00e0&nbsp;Goslar.<\/p>\n\n<p>Tu peux mer\u00adveilleu\u00adse\u00adment com\u00adbi\u00adner cette ran\u00addon\u00adn\u00e9e avec la <a href=\"https:\/\/www.harzer-wandernadel.de\/fr\/pointage\/carte-generale\/pointage-111-steinbergturm-steinbergalm\/\" data-type=\"page\" data-id=\"1096\">HWN 111 Stein\u00adberg\u00adturm<\/a> et ensuite t\u2019ar\u00adr\u00ea\u00adter au res\u00adtau\u00adrant Steinbergalm.<\/p>\n\n<p><strong>Le lac Gra\u00adnes\u00adtau\u00adsee a&nbsp;\u00e9t\u00e9 \u00e9lu par nos amis ran\u00addon\u00adneurs comme le plus beau lieu de poin\u00adtage de&nbsp;2011.<\/strong><\/p>\n","protected":false},"excerpt":{"rendered":"<p>Le bar\u00adrage de la val\u00adl\u00e9e du Gra\u00adne\u00adtal se trouve au-des\u00adsus du quar\u00adtier Astfeld\/Herzog Juliu\u00adsh\u00fctte de Lan\u00adgel\u00adsheim. Construit en 1969, le bar\u00adrage de Gra\u00adne\u00adtal est le plus r\u00e9cent des bar\u00adrages de la val\u00adl\u00e9e du Harz et a&nbsp;\u00e9t\u00e9 construit dans la val\u00adl\u00e9e de Gra\u00adne\u00adtal. Comme la rivi\u00e8re Grane elle-m\u00eame n\u2019a\u00advait pas assez d\u2019eau pour le lac&nbsp;de&nbsp;[\u2026]<\/p>\n","protected":false},"author":11,"featured_media":18276,"parent":17801,"menu_order":10110,"comment_status":"closed","ping_status":"closed","template":"","meta":{"_seopress_robots_primary_cat":"","_seopress_titles_title":"","_seopress_titles_desc":"","_seopress_robots_index":"","wp_typography_post_enhancements_disabled":false,"iawp_total_views":1,"footnotes":""},"hf_cat_page":[120],"class_list":["post-18275","page","type-page","status-publish","has-post-thumbnail"],"blocksy_meta":[],"_links":{"self":[{"href":"https:\/\/www.harzer-wandernadel.de\/fr\/wp-json\/wp\/v2\/pages\/18275","targetHints":{"allow":["GET"]}}],"collection":[{"href":"https:\/\/www.harzer-wandernadel.de\/fr\/wp-json\/wp\/v2\/pages"}],"about":[{"href":"https:\/\/www.harzer-wandernadel.de\/fr\/wp-json\/wp\/v2\/types\/page"}],"author":[{"embeddable":true,"href":"https:\/\/www.harzer-wandernadel.de\/fr\/wp-json\/wp\/v2\/users\/11"}],"replies":[{"embeddable":true,"href":"https:\/\/www.harzer-wandernadel.de\/fr\/wp-json\/wp\/v2\/comments?post=18275"}],"version-history":[{"count":2,"href":"https:\/\/www.harzer-wandernadel.de\/fr\/wp-json\/wp\/v2\/pages\/18275\/revisions"}],"predecessor-version":[{"id":24888,"href":"https:\/\/www.harzer-wandernadel.de\/fr\/wp-json\/wp\/v2\/pages\/18275\/revisions\/24888"}],"up":[{"embeddable":true,"href":"https:\/\/www.harzer-wandernadel.de\/fr\/wp-json\/wp\/v2\/pages\/17801"}],"wp:featuredmedia":[{"embeddable":true,"href":"https:\/\/www.harzer-wandernadel.de\/fr\/wp-json\/wp\/v2\/media\/18276"}],"wp:attachment":[{"href":"https:\/\/www.harzer-wandernadel.de\/fr\/wp-json\/wp\/v2\/media?parent=18275"}],"wp:term":[{"taxonomy":"hf_cat_page","embeddable":true,"href":"https:\/\/www.harzer-wandernadel.de\/fr\/wp-json\/wp\/v2\/hf_cat_page?post=18275"}],"curies":[{"name":"wp","href":"https:\/\/api.w.org\/{rel}","templated":true}]}}