{"id":18252,"date":"2016-02-11T11:18:05","date_gmt":"2016-02-11T10:18:05","guid":{"rendered":"https:\/\/www.harzer-wandernadel.de\/pointage\/carte-generale\/pointage-5-rocher-de-la-grenouille\/"},"modified":"2026-02-28T21:06:04","modified_gmt":"2026-02-28T20:06:04","slug":"pointage-5-rocher-de-la-grenouille","status":"publish","type":"page","link":"https:\/\/www.harzer-wandernadel.de\/fr\/pointage\/carte-generale\/pointage-5-rocher-de-la-grenouille\/","title":{"rendered":"Pointage 5 \/ Rocher de la grenouille"},"content":{"rendered":"\n<h2 class=\"wp-block-heading\">Le rocher de la grenouille (545&nbsp;m&nbsp;d\u2019altitude) est un \u00e9norme monolithe de granit et se trouve au-dessus de la vall\u00e9e de l\u2019Ilse sur le Meineberg.<\/h2>\n\n<figure class=\"wp-block-image alignwide size-large\" style=\"margin-top:3%;margin-bottom:3%\"><a href=\"https:\/\/www.harzer-wandernadel.de\/wp-content\/uploads\/2016\/02\/Taubenklippe.jpg\"><img alt decoding=\"async\" width=\"1024\" height=\"682\" src=\"https:\/\/www.harzer-wandernadel.de\/wp-content\/uploads\/2016\/02\/Taubenklippe-1024x682.jpg\" class=\"wp-image-1460\" srcset=\"https:\/\/www.harzer-wandernadel.de\/wp-content\/uploads\/2016\/02\/Taubenklippe.jpg 1024w, https:\/\/www.harzer-wandernadel.de\/wp-content\/uploads\/2016\/02\/Taubenklippe-300x200.jpg 300w, https:\/\/www.harzer-wandernadel.de\/wp-content\/uploads\/2016\/02\/Taubenklippe-768x512.jpg 768w, https:\/\/www.harzer-wandernadel.de\/wp-content\/uploads\/2016\/02\/Taubenklippe-624x416.jpg 624w\" sizes=\"(max-width: 1024px) 100vw, 1024px\"><\/a><\/figure>\n\n<p>Il doit son nom \u00e0&nbsp;sa forme inha\u00adbi\u00adtuelle, car vu de la bonne direc\u00adtion et avec un peu d\u2019i\u00adma\u00adgi\u00adna\u00adtion, il res\u00adsemble \u00e0&nbsp;une gre\u00adnouille assise sur\u00addi\u00admen\u00adsion\u00adn\u00e9e. Le point de poin\u00adtage se trouve dans le refuge situ\u00e9 \u00e0&nbsp;envi\u00adron 50 m\u00e8tres.&nbsp;<\/p>\n\n<p>Depuis les par\u00adkings de ran\u00addon\u00adn\u00e9e de la val\u00adl\u00e9e de l\u2019Ilse, il est facile de com\u00adbi\u00adner le rocher de la gre\u00adnouille avec une ran\u00addon\u00adn\u00e9e vers la <a href=\"https:\/\/www.harzer-wandernadel.de\/fr\/pointage\/carte-generale\/poinconnage-4-taubenklippe\/\" data-type=\"page\" data-id=\"487\">Tau\u00adbenk\u00adlippe HWN 4<\/a> et le <a href=\"https:\/\/www.harzer-wandernadel.de\/fr\/pointage\/carte-generale\/pointage-3-au-crucifix\/\" data-type=\"page\" data-id=\"373\">cru\u00adci\u00adfix HWN 3<\/a>.<\/p>\n","protected":false},"excerpt":{"rendered":"<p>Le rocher de la gre\u00adnouille (545&nbsp;m&nbsp;d\u2019altitude) est un \u00e9norme mono\u00adlithe de gra\u00adnit et se trouve au-des\u00adsus de la val\u00adl\u00e9e de l\u2019Ilse sur le Mei\u00adne\u00adberg. Il doit son nom \u00e0&nbsp;sa forme inha\u00adbi\u00adtuelle, car vu de la bonne direc\u00adtion et avec un peu d\u2019i\u00adma\u00adgi\u00adna\u00adtion, il res\u00adsemble \u00e0&nbsp;une gre\u00adnouille assise sur\u00addi\u00admen\u00adsion\u00adn\u00e9e. Le point de poin\u00adtage se trouve dans&nbsp;[\u2026]<\/p>\n","protected":false},"author":11,"featured_media":18254,"parent":17801,"menu_order":10005,"comment_status":"closed","ping_status":"closed","template":"","meta":{"_seopress_robots_primary_cat":"","_seopress_titles_title":"","_seopress_titles_desc":"D\u00e9couvre le rocher de la grenouille pr\u00e8s d'Ilsetal - un monolithe de granit \u00e0 la forme unique, id\u00e9al pour les randonn\u00e9es vers le Taubenklippe et le Kruzifix.","_seopress_robots_index":"","wp_typography_post_enhancements_disabled":false,"iawp_total_views":1,"footnotes":""},"hf_cat_page":[120],"class_list":["post-18252","page","type-page","status-publish","has-post-thumbnail"],"blocksy_meta":[],"_links":{"self":[{"href":"https:\/\/www.harzer-wandernadel.de\/fr\/wp-json\/wp\/v2\/pages\/18252","targetHints":{"allow":["GET"]}}],"collection":[{"href":"https:\/\/www.harzer-wandernadel.de\/fr\/wp-json\/wp\/v2\/pages"}],"about":[{"href":"https:\/\/www.harzer-wandernadel.de\/fr\/wp-json\/wp\/v2\/types\/page"}],"author":[{"embeddable":true,"href":"https:\/\/www.harzer-wandernadel.de\/fr\/wp-json\/wp\/v2\/users\/11"}],"replies":[{"embeddable":true,"href":"https:\/\/www.harzer-wandernadel.de\/fr\/wp-json\/wp\/v2\/comments?post=18252"}],"version-history":[{"count":3,"href":"https:\/\/www.harzer-wandernadel.de\/fr\/wp-json\/wp\/v2\/pages\/18252\/revisions"}],"predecessor-version":[{"id":24987,"href":"https:\/\/www.harzer-wandernadel.de\/fr\/wp-json\/wp\/v2\/pages\/18252\/revisions\/24987"}],"up":[{"embeddable":true,"href":"https:\/\/www.harzer-wandernadel.de\/fr\/wp-json\/wp\/v2\/pages\/17801"}],"wp:featuredmedia":[{"embeddable":true,"href":"https:\/\/www.harzer-wandernadel.de\/fr\/wp-json\/wp\/v2\/media\/18254"}],"wp:attachment":[{"href":"https:\/\/www.harzer-wandernadel.de\/fr\/wp-json\/wp\/v2\/media?parent=18252"}],"wp:term":[{"taxonomy":"hf_cat_page","embeddable":true,"href":"https:\/\/www.harzer-wandernadel.de\/fr\/wp-json\/wp\/v2\/hf_cat_page?post=18252"}],"curies":[{"name":"wp","href":"https:\/\/api.w.org\/{rel}","templated":true}]}}