{"id":18249,"date":"2016-02-18T09:57:57","date_gmt":"2016-02-18T08:57:57","guid":{"rendered":"https:\/\/www.harzer-wandernadel.de\/pointage\/carte-generale\/pointage-57-echowiese-allrode\/"},"modified":"2026-02-28T14:42:29","modified_gmt":"2026-02-28T13:42:29","slug":"pointage-57-echowiese-allrode","status":"publish","type":"page","link":"https:\/\/www.harzer-wandernadel.de\/fr\/pointage\/carte-generale\/pointage-57-echowiese-allrode\/","title":{"rendered":"Pointage 57 \/ Echowiese Allrode"},"content":{"rendered":"\n<h2 class=\"wp-block-heading\">L\u2019Echowiese est une grande clairi\u00e8re situ\u00e9e entre Allrode et Friedrichsbrunn.<\/h2>\n\n<div class=\"wp-block-stackable-image alignwide stk-block-image stk-block stk-89e1006\" data-block-id=\"89e1006\"><style>.stk-89e1006 {margin-top:3% !important;margin-bottom:3% !important;}<\/style><figure><span class=\"stk-img-wrapper stk-image--shape-stretch stk--has-lightbox\"><img decoding=\"async\" width=\"825\" height=\"550\" src=\"https:\/\/www.harzer-wandernadel.de\/wp-content\/uploads\/2016\/02\/Echowiese.jpg\" class=\"attachment-full size-full wp-post-image\" alt srcset=\"https:\/\/www.harzer-wandernadel.de\/wp-content\/uploads\/2016\/02\/Echowiese.jpg 825w, https:\/\/www.harzer-wandernadel.de\/wp-content\/uploads\/2016\/02\/Echowiese-300x200.jpg 300w, https:\/\/www.harzer-wandernadel.de\/wp-content\/uploads\/2016\/02\/Echowiese-768x512.jpg 768w, https:\/\/www.harzer-wandernadel.de\/wp-content\/uploads\/2016\/02\/Echowiese-624x416.jpg 624w\" sizes=\"(max-width: 825px) 100vw, 825px\"><\/span><\/figure><\/div>\n\n<p>\u00ab&nbsp;Comme on crie dans la for\u00eat, on en entend les \u00e9chos&nbsp;\u00bb dit le pro\u00adverbe, qui est confir\u00adm\u00e9 de mani\u00e8re impres\u00adsion\u00adnante dans la prai\u00adrie de l\u2019\u00e9cho.<\/p>\n\n<p>Le meilleur point de d\u00e9part d\u2019une ran\u00addon\u00adn\u00e9e vers Echo\u00adwiese se trouve \u00e0&nbsp;la sor\u00adtie d\u2019All\u00adrode en direc\u00adtion de Tre\u00adse\u00adburg. Tu suis d\u2019a\u00adbord le che\u00admin fores\u00adtier bali\u00ads\u00e9 jus\u00adqu\u2019au monu\u00adment natu\u00adrel Hohle Eiche. Mal\u00adheu\u00adreu\u00adse\u00adment, cet arbre autre\u00adfois si impo\u00adsant s\u2019est com\u00adpl\u00e8\u00adte\u00adment effon\u00addr\u00e9. Tu conti\u00adnues \u00e0&nbsp;mar\u00adcher sur le che\u00admin fores\u00adtier jus\u00adqu\u2019\u00e0 Echo\u00adwiese, o\u00f9 se trouve la bo\u00eete \u00e0&nbsp;tam\u00adpons dans le refuge.&nbsp;<\/p>\n\n<div class=\"wp-block-buttons is-layout-flex wp-block-buttons-is-layout-flex\">\n<div class=\"wp-block-button\"><a class=\"wp-block-button__link wp-element-button\" href=\"https:\/\/harzer-bergwald.de\/index.php\/wandertouren\/abenteuertouren\/20-mystisches-tiefenbachtal\" target=\"_blank\" rel=\"noreferrer noopener\">Sug\u00adges\u00adtion de cir\u00adcuit For\u00eat de mon\u00adtagne du&nbsp;Harz&nbsp;\u00bb<\/a><\/div>\n<\/div>\n\n<div class=\"wp-block-buttons is-layout-flex wp-block-buttons-is-layout-flex\">\n<div class=\"wp-block-button\"><a class=\"wp-block-button__link wp-element-button\" href=\"https:\/\/harzer-bergwald.de\/index.php\/wandertouren\/abenteuertouren\/31-zwischen-tiefenbach-und-luppbode\" target=\"_blank\" rel=\"noreferrer noopener\">Sug\u00adges\u00adtion de cir\u00adcuit For\u00eat de mon\u00adtagne du&nbsp;Harz&nbsp;\u00bb<\/a><\/div>\n<\/div>\n","protected":false},"excerpt":{"rendered":"<p>L\u2019Echowiese est une grande clai\u00adri\u00e8re situ\u00e9e entre All\u00adrode et Frie\u00addrichs\u00adbrunn. \u00ab&nbsp;Comme on crie dans la for\u00eat, on en entend les \u00e9chos&nbsp;\u00bb dit le pro\u00adverbe, qui est confir\u00adm\u00e9 de mani\u00e8re impres\u00adsion\u00adnante dans la prai\u00adrie de l\u2019\u00e9cho. Le meilleur point de d\u00e9part d\u2019une ran\u00addon\u00adn\u00e9e vers Echo\u00adwiese se trouve \u00e0&nbsp;la sor\u00adtie d\u2019All\u00adrode en direc\u00adtion de Tre\u00adse\u00adburg. Tu&nbsp;suis&nbsp;[\u2026]<\/p>\n","protected":false},"author":11,"featured_media":18250,"parent":17801,"menu_order":10057,"comment_status":"closed","ping_status":"closed","template":"","meta":{"_seopress_robots_primary_cat":"","_seopress_titles_title":"","_seopress_titles_desc":"","_seopress_robots_index":"","wp_typography_post_enhancements_disabled":false,"iawp_total_views":0,"footnotes":""},"hf_cat_page":[120],"class_list":["post-18249","page","type-page","status-publish","has-post-thumbnail"],"blocksy_meta":[],"_links":{"self":[{"href":"https:\/\/www.harzer-wandernadel.de\/fr\/wp-json\/wp\/v2\/pages\/18249","targetHints":{"allow":["GET"]}}],"collection":[{"href":"https:\/\/www.harzer-wandernadel.de\/fr\/wp-json\/wp\/v2\/pages"}],"about":[{"href":"https:\/\/www.harzer-wandernadel.de\/fr\/wp-json\/wp\/v2\/types\/page"}],"author":[{"embeddable":true,"href":"https:\/\/www.harzer-wandernadel.de\/fr\/wp-json\/wp\/v2\/users\/11"}],"replies":[{"embeddable":true,"href":"https:\/\/www.harzer-wandernadel.de\/fr\/wp-json\/wp\/v2\/comments?post=18249"}],"version-history":[{"count":1,"href":"https:\/\/www.harzer-wandernadel.de\/fr\/wp-json\/wp\/v2\/pages\/18249\/revisions"}],"predecessor-version":[{"id":18251,"href":"https:\/\/www.harzer-wandernadel.de\/fr\/wp-json\/wp\/v2\/pages\/18249\/revisions\/18251"}],"up":[{"embeddable":true,"href":"https:\/\/www.harzer-wandernadel.de\/fr\/wp-json\/wp\/v2\/pages\/17801"}],"wp:featuredmedia":[{"embeddable":true,"href":"https:\/\/www.harzer-wandernadel.de\/fr\/wp-json\/wp\/v2\/media\/18250"}],"wp:attachment":[{"href":"https:\/\/www.harzer-wandernadel.de\/fr\/wp-json\/wp\/v2\/media?parent=18249"}],"wp:term":[{"taxonomy":"hf_cat_page","embeddable":true,"href":"https:\/\/www.harzer-wandernadel.de\/fr\/wp-json\/wp\/v2\/hf_cat_page?post=18249"}],"curies":[{"name":"wp","href":"https:\/\/api.w.org\/{rel}","templated":true}]}}