{"id":18244,"date":"2016-02-18T10:09:26","date_gmt":"2016-02-18T09:09:26","guid":{"rendered":"https:\/\/www.harzer-wandernadel.de\/pointage\/carte-generale\/poinconnage-220-refuge-phillippsgruss\/"},"modified":"2026-01-29T12:48:41","modified_gmt":"2026-01-29T11:48:41","slug":"poinconnage-220-refuge-phillippsgruss","status":"publish","type":"page","link":"https:\/\/www.harzer-wandernadel.de\/fr\/pointage\/carte-generale\/poinconnage-220-refuge-phillippsgruss\/","title":{"rendered":"Poin\u00e7onnage 220 \/ refuge Phillippsgru\u00df"},"content":{"rendered":"\n<h2 class=\"wp-block-heading\">Le pavillon \u00ab&nbsp;Phillippsgru\u00df&nbsp;\u00bb se trouve au nord-ouest de Bad Sachsa, sur le Katzenstein, \u00e0&nbsp;proximit\u00e9 du Ravensberg (660&nbsp;m&nbsp;d\u2019altitude).<\/h2>\n\n<div class=\"wp-block-stackable-image alignwide stk-block-image stk-block stk-89e1006\" data-block-id=\"89e1006\"><style>.stk-89e1006 {margin-top:3% !important;margin-bottom:3% !important;}<\/style><figure><span class=\"stk-img-wrapper stk-image--shape-stretch stk--has-lightbox\"><img decoding=\"async\" width=\"960\" height=\"540\" src=\"https:\/\/www.harzer-wandernadel.de\/wp-content\/uploads\/2016\/02\/Philipsgru\u00df.jpg\" class=\"attachment-full size-full wp-post-image\" alt srcset=\"https:\/\/www.harzer-wandernadel.de\/wp-content\/uploads\/2016\/02\/Philipsgru\u00df.jpg 960w, https:\/\/www.harzer-wandernadel.de\/wp-content\/uploads\/2016\/02\/Philipsgru\u00df-300x169.jpg 300w, https:\/\/www.harzer-wandernadel.de\/wp-content\/uploads\/2016\/02\/Philipsgru\u00df-768x432.jpg 768w, https:\/\/www.harzer-wandernadel.de\/wp-content\/uploads\/2016\/02\/Philipsgru\u00df-250x141.jpg 250w, https:\/\/www.harzer-wandernadel.de\/wp-content\/uploads\/2016\/02\/Philipsgru\u00df-624x351.jpg 624w\" sizes=\"(max-width: 960px) 100vw, 960px\"><\/span><\/figure><\/div>\n\n<p>Un habi\u00adtu\u00e9 de la sta\u00adtion ther\u00admale ther\u00admale a&nbsp;fait construire le pavillon \u00e0&nbsp;cet endroit, car il appr\u00e9\u00adciait par\u00adti\u00adcu\u00adli\u00e8\u00adre\u00adment la vue depuis cet endroit, bien au-del\u00e0 de Bad Sach\u00adsa, jus\u00adqu\u2019au Kyffh\u00e4user.<\/p>\n\n<p>En des\u00adsous de Phil\u00adlipps\u00adgru\u00df se trouve le plus ancien parc de contes de f\u00e9es d\u2019Al\u00adle\u00admagne, qui a&nbsp;\u00e9t\u00e9 cr\u00e9\u00e9 en 1910. Aujourd\u2019\u00adhui encore, on renonce d\u00e9li\u00adb\u00e9\u00adr\u00e9\u00adment aux per\u00adson\u00adnages en plas\u00adtique et aux auto\u00admates \u00e0&nbsp;voix et on recr\u00e9e dif\u00adf\u00e9\u00adrentes sc\u00e8nes de contes de f\u00e9es avec des mat\u00e9\u00adriaux naturels.&nbsp;<\/p>\n\n<p>C\u2019est tout pr\u00e8s du M\u00e4r\u00adchen\u00adgrund que se trouve le \u00ab&nbsp;Harz\u00adfal\u00adken\u00adhof Bad Sach\u00adsa&nbsp;\u00bb, fon\u00add\u00e9 en 1964. Depuis cette \u00e9poque, le Harz\u00adfal\u00adken\u00adhof pro\u00adt\u00e8ge les oiseaux de proie, \u00e9l\u00e8ve des oiseaux de proie et effec\u00adtue des recherches sur les oiseaux de proie. Il abrite envi\u00adron 80 rapaces, par exemple des aigles, des vau\u00adtours, des fau\u00adcons, des hiboux et d\u2019autres esp\u00e8ces. Les d\u00e9mons\u00adtra\u00adtions de vol de fau\u00adcons, d\u2019aigles et d\u2019autres rapaces sont uniques, mais les suc\u00adc\u00e8s d\u2019\u00e9\u00adle\u00advage des oiseaux d\u00e9te\u00adnus par paires dans des voli\u00e8res res\u00adpec\u00adtueuses du bien-\u00eatre des ani\u00admaux sont \u00e9ga\u00adle\u00adment remarquables.&nbsp;<\/p>\n\n<p>L\u2019ac\u00adc\u00e8s le plus rapide au Phil\u00adlipps\u00adgru\u00df se fait depuis Bad Sach\u00adsa en pas\u00adsant par le Vital\u00adpark et le che\u00admin Ede-Bal\u00adler. Direc\u00adte\u00adment depuis le som\u00admet du Ravens\u00adberg, un char\u00admant sen\u00adtier de ran\u00addon\u00adn\u00e9e m\u00e8ne au Phil\u00adlipps\u00adgru\u00df en pas\u00adsant par le refuge K\u00e4the Schul\u00adken et le che\u00admin Ede-Baller.&nbsp;<\/p>\n","protected":false},"excerpt":{"rendered":"<p>Le pavillon \u00ab&nbsp;Phil\u00adlipps\u00adgru\u00df&nbsp;\u00bb se trouve au nord-ouest de Bad Sach\u00adsa, sur le Kat\u00adzen\u00adstein, \u00e0&nbsp;proxi\u00admi\u00adt\u00e9 du Ravens\u00adberg (660&nbsp;m&nbsp;d\u2019altitude). Un habi\u00adtu\u00e9 de la sta\u00adtion ther\u00admale ther\u00admale a&nbsp;fait construire le pavillon \u00e0&nbsp;cet endroit, car il appr\u00e9\u00adciait par\u00adti\u00adcu\u00adli\u00e8\u00adre\u00adment la vue depuis cet endroit, bien au-del\u00e0 de Bad Sach\u00adsa, jus\u00adqu\u2019au Kyffh\u00e4u\u00adser. En des\u00adsous de Phil\u00adlipps\u00adgru\u00df se trouve le plus ancien&nbsp;[\u2026]<\/p>\n","protected":false},"author":11,"featured_media":18245,"parent":17801,"menu_order":10220,"comment_status":"closed","ping_status":"closed","template":"","meta":{"_seopress_robots_primary_cat":"","_seopress_titles_title":"","_seopress_titles_desc":"","_seopress_robots_index":"","wp_typography_post_enhancements_disabled":false,"iawp_total_views":1,"footnotes":""},"hf_cat_page":[120],"class_list":["post-18244","page","type-page","status-publish","has-post-thumbnail"],"blocksy_meta":[],"_links":{"self":[{"href":"https:\/\/www.harzer-wandernadel.de\/fr\/wp-json\/wp\/v2\/pages\/18244","targetHints":{"allow":["GET"]}}],"collection":[{"href":"https:\/\/www.harzer-wandernadel.de\/fr\/wp-json\/wp\/v2\/pages"}],"about":[{"href":"https:\/\/www.harzer-wandernadel.de\/fr\/wp-json\/wp\/v2\/types\/page"}],"author":[{"embeddable":true,"href":"https:\/\/www.harzer-wandernadel.de\/fr\/wp-json\/wp\/v2\/users\/11"}],"replies":[{"embeddable":true,"href":"https:\/\/www.harzer-wandernadel.de\/fr\/wp-json\/wp\/v2\/comments?post=18244"}],"version-history":[{"count":1,"href":"https:\/\/www.harzer-wandernadel.de\/fr\/wp-json\/wp\/v2\/pages\/18244\/revisions"}],"predecessor-version":[{"id":18246,"href":"https:\/\/www.harzer-wandernadel.de\/fr\/wp-json\/wp\/v2\/pages\/18244\/revisions\/18246"}],"up":[{"embeddable":true,"href":"https:\/\/www.harzer-wandernadel.de\/fr\/wp-json\/wp\/v2\/pages\/17801"}],"wp:featuredmedia":[{"embeddable":true,"href":"https:\/\/www.harzer-wandernadel.de\/fr\/wp-json\/wp\/v2\/media\/18245"}],"wp:attachment":[{"href":"https:\/\/www.harzer-wandernadel.de\/fr\/wp-json\/wp\/v2\/media?parent=18244"}],"wp:term":[{"taxonomy":"hf_cat_page","embeddable":true,"href":"https:\/\/www.harzer-wandernadel.de\/fr\/wp-json\/wp\/v2\/hf_cat_page?post=18244"}],"curies":[{"name":"wp","href":"https:\/\/api.w.org\/{rel}","templated":true}]}}