{"id":18231,"date":"2016-02-18T10:13:24","date_gmt":"2016-02-18T09:13:24","guid":{"rendered":"https:\/\/www.harzer-wandernadel.de\/pointage\/carte-generale\/poinconnage-61-harzer-grauwacke-rieder\/"},"modified":"2026-02-28T14:42:32","modified_gmt":"2026-02-28T13:42:32","slug":"poinconnage-61-harzer-grauwacke-rieder","status":"publish","type":"page","link":"https:\/\/www.harzer-wandernadel.de\/fr\/pointage\/carte-generale\/poinconnage-61-harzer-grauwacke-rieder\/","title":{"rendered":"Poin\u00e7onnage 61 \/ Harzer Grauwacke Rieder"},"content":{"rendered":"\n<h2 class=\"wp-block-heading has-text-align-left\">La carri\u00e8re de grauwacke de Rieder se trouve entre Gernrode et Ballenstedt, au-dessus du village de Rieder.<\/h2>\n\n<div class=\"wp-block-stackable-image alignwide stk-block-image stk-block stk-89e1006\" data-block-id=\"89e1006\"><style>.stk-89e1006 {margin-top:3% !important;margin-bottom:3% !important;}<\/style><figure><span class=\"stk-img-wrapper stk-image--shape-stretch stk--has-lightbox\"><img decoding=\"async\" width=\"2592\" height=\"1944\" src=\"https:\/\/www.harzer-wandernadel.de\/wp-content\/uploads\/2016\/02\/harzer-Grauwacke.jpg\" class=\"attachment-full size-full wp-post-image\" alt srcset=\"https:\/\/www.harzer-wandernadel.de\/wp-content\/uploads\/2016\/02\/harzer-Grauwacke.jpg 2592w, https:\/\/www.harzer-wandernadel.de\/wp-content\/uploads\/2016\/02\/harzer-Grauwacke-300x225.jpg 300w, https:\/\/www.harzer-wandernadel.de\/wp-content\/uploads\/2016\/02\/harzer-Grauwacke-768x576.jpg 768w, https:\/\/www.harzer-wandernadel.de\/wp-content\/uploads\/2016\/02\/harzer-Grauwacke-1024x768.jpg 1024w, https:\/\/www.harzer-wandernadel.de\/wp-content\/uploads\/2016\/02\/harzer-Grauwacke-624x468.jpg 624w\" sizes=\"(max-width: 2592px) 100vw, 2592px\"><\/span><\/figure><\/div>\n\n<p class=\"has-text-align-left\">L\u2019ex\u00adploi\u00adta\u00adtion de la grau\u00adwacke dans la val\u00adl\u00e9e de l\u2019Eu\u00adlen\u00adbach pr\u00e8s de Rie\u00adder remonte \u00e0&nbsp;une petite car\u00adri\u00e8re du Reich\u00adsar\u00adbeits\u00addienst en 1935. \u00c0&nbsp;la fin des ann\u00e9es 1960, le VEB Natur\u00adstein-kom\u00adbi\u00adnat Halle-Sen\u00adne\u00adwitz a&nbsp;d\u00e9pla\u00adc\u00e9 ici son site de pro\u00adduc\u00adtion de Teich\u00adgrund pr\u00e8s de Ballenstedt.&nbsp;<\/p>\n\n<p class=\"has-text-align-left\">L\u2019ex\u00adploi\u00adtant actuel de l\u2019u\u00adsine de gra\u00advillons nobles, Mit\u00adtel\u00addeutsche Baus\u00adtoffe GmbH, a&nbsp;construit l\u2019ins\u00adtal\u00adla\u00adtion moderne de concas\u00adsage et de clas\u00adsi\u00adfi\u00adca\u00adtion en 1992. La majeure par\u00adtie de la pro\u00adduc\u00adtion est \u00e9cou\u00adl\u00e9e dans un rayon allant jus\u00adqu\u2019\u00e0 40&nbsp;km.&nbsp;<\/p>\n\n<p class=\"has-text-align-left\">Comme 800 000 tonnes quittent l\u2019u\u00adsine chaque ann\u00e9e, les r\u00e9serves de grau\u00adwacke de haute qua\u00adli\u00adt\u00e9 dans le gise\u00adment de la val\u00adl\u00e9e d\u2019Eu\u00adlen\u00adbach seront bien\u00adt\u00f4t \u00e9pui\u00ads\u00e9es. Un plan d\u2019ex\u00adploi\u00adta\u00adtion final r\u00e9git la rena\u00adtu\u00adra\u00adtion ult\u00e9\u00adrieure. Cepen\u00addant, l\u2019u\u00adsine de concas\u00adsage et de clas\u00adsi\u00adfi\u00adca\u00adtion conti\u00adnue\u00adra \u00e0&nbsp;fonc\u00adtion\u00adner et sera appro\u00advi\u00adsion\u00adn\u00e9e en mati\u00e8re pre\u00admi\u00e8re par un autre gise\u00adment au moyen d\u2019un convoyeur.&nbsp;<\/p>\n\n<p class=\"has-text-align-left\">Aujourd\u2019\u00adhui d\u00e9j\u00e0, de nom\u00adbreuses esp\u00e8ces ani\u00admales rares et par\u00adti\u00adcu\u00adli\u00e8\u00adre\u00adment dignes de pro\u00adtec\u00adtion vivent dans la car\u00adri\u00e8re, dont la plus grande chouette locale, le grand-duc. Comme le prouvent les enre\u00adgis\u00adtre\u00adments vid\u00e9o, le lynx timide par\u00adcourt depuis long\u00adtemps le ter\u00adrain de l\u2019en\u00adtre\u00adprise la&nbsp;nuit.&nbsp;<\/p>\n\n<p class=\"has-text-align-left\">L\u2019as\u00adso\u00adcia\u00adtion r\u00e9gio\u00adnale du Harz, en col\u00adla\u00adbo\u00adra\u00adtion avec l\u2019ex\u00adploi\u00adtant de la car\u00adri\u00e8re, le Harzk\u00adlub Zweig\u00adve\u00adrein Bal\u00adlens\u00adtedt et l\u2019AFG Harz, a&nbsp;mis en place une pla\u00adte\u00adforme d\u2019ob\u00adser\u00adva\u00adtion avec un pan\u00adneau d\u2019affichage.<\/p>\n\n<p class=\"has-text-align-left\">Le che\u00admin d\u2019ac\u00adc\u00e8s le plus court com\u00admence pr\u00e8s de la tombe de But\u00adtlar, au par\u00adking avec la cui\u00adsine de cam\u00adpagne sur la B&nbsp;185 Bal\u00adlens\u00adtedt \u2013 M\u00e4g\u00addes\u00adprung. Depuis le par\u00adking, tu tra\u00adverses la route natio\u00adnale et tu suis le che\u00admin en direc\u00adtion de Huber\u00adtu\u00adsh\u00f6he. Tu des\u00adcends par un \u00e9troit sen\u00adtier en zig\u00adzag jus\u00adqu\u2019au petit \u00e9tang de Sie\u00adber\u00adstein, tu tra\u00adverses le bar\u00adrage, tu montes une courte c\u00f4te jus\u00adqu\u2019\u00e0 un large che\u00admin fores\u00adtier qui monte de la mon\u00adt\u00e9e de la val\u00adl\u00e9e de la Selke et qui monte l\u00e9g\u00e8\u00adre\u00adment jus\u00adqu\u2019\u00e0 la bo\u00eete \u00e0&nbsp;poin\u00ad\u00e7ons avec le point de&nbsp;vue.&nbsp;<\/p>\n\n<div class=\"wp-block-buttons is-layout-flex wp-block-buttons-is-layout-flex\">\n<div class=\"wp-block-button\"><a class=\"wp-block-button__link wp-element-button\" href=\"https:\/\/www.harzer-bergwald.de\/index.php\/wandertouren\/abenteuertouren\/28-auf-tour-im-ostharz\" target=\"_blank\" rel=\"noreferrer noopener\">Sug\u00adges\u00adtion de cir\u00adcuit For\u00eat de mon\u00adtagne du&nbsp;Harz&nbsp;\u00bb<\/a><\/div>\n<\/div>\n\n<p class=\"has-text-align-left\"><\/p>\n","protected":false},"excerpt":{"rendered":"<p>La car\u00adri\u00e8re de grau\u00adwacke de Rie\u00adder se trouve entre Gern\u00adrode et Bal\u00adlens\u00adtedt, au-des\u00adsus du vil\u00adlage de Rie\u00adder. L\u2019ex\u00adploi\u00adta\u00adtion de la grau\u00adwacke dans la val\u00adl\u00e9e de l\u2019Eu\u00adlen\u00adbach pr\u00e8s de Rie\u00adder remonte \u00e0&nbsp;une petite car\u00adri\u00e8re du Reich\u00adsar\u00adbeits\u00addienst en 1935. \u00c0&nbsp;la fin des ann\u00e9es 1960, le VEB Natur\u00ad\u00adstein-kom\u00ad\u00adbi\u00ad\u00adnat Halle-Sen\u00ad\u00adne\u00ad\u00adwitz a&nbsp;d\u00e9pla\u00adc\u00e9 ici son site de pro\u00adduc\u00adtion de Teich\u00adgrund&nbsp;pr\u00e8s&nbsp;[\u2026]<\/p>\n","protected":false},"author":11,"featured_media":18232,"parent":17801,"menu_order":10061,"comment_status":"closed","ping_status":"closed","template":"","meta":{"_seopress_robots_primary_cat":"","_seopress_titles_title":"","_seopress_titles_desc":"","_seopress_robots_index":"","wp_typography_post_enhancements_disabled":false,"iawp_total_views":0,"footnotes":""},"hf_cat_page":[120],"class_list":["post-18231","page","type-page","status-publish","has-post-thumbnail"],"blocksy_meta":[],"_links":{"self":[{"href":"https:\/\/www.harzer-wandernadel.de\/fr\/wp-json\/wp\/v2\/pages\/18231","targetHints":{"allow":["GET"]}}],"collection":[{"href":"https:\/\/www.harzer-wandernadel.de\/fr\/wp-json\/wp\/v2\/pages"}],"about":[{"href":"https:\/\/www.harzer-wandernadel.de\/fr\/wp-json\/wp\/v2\/types\/page"}],"author":[{"embeddable":true,"href":"https:\/\/www.harzer-wandernadel.de\/fr\/wp-json\/wp\/v2\/users\/11"}],"replies":[{"embeddable":true,"href":"https:\/\/www.harzer-wandernadel.de\/fr\/wp-json\/wp\/v2\/comments?post=18231"}],"version-history":[{"count":1,"href":"https:\/\/www.harzer-wandernadel.de\/fr\/wp-json\/wp\/v2\/pages\/18231\/revisions"}],"predecessor-version":[{"id":18233,"href":"https:\/\/www.harzer-wandernadel.de\/fr\/wp-json\/wp\/v2\/pages\/18231\/revisions\/18233"}],"up":[{"embeddable":true,"href":"https:\/\/www.harzer-wandernadel.de\/fr\/wp-json\/wp\/v2\/pages\/17801"}],"wp:featuredmedia":[{"embeddable":true,"href":"https:\/\/www.harzer-wandernadel.de\/fr\/wp-json\/wp\/v2\/media\/18232"}],"wp:attachment":[{"href":"https:\/\/www.harzer-wandernadel.de\/fr\/wp-json\/wp\/v2\/media?parent=18231"}],"wp:term":[{"taxonomy":"hf_cat_page","embeddable":true,"href":"https:\/\/www.harzer-wandernadel.de\/fr\/wp-json\/wp\/v2\/hf_cat_page?post=18231"}],"curies":[{"name":"wp","href":"https:\/\/api.w.org\/{rel}","templated":true}]}}