{"id":18220,"date":"2016-02-18T10:51:56","date_gmt":"2016-02-18T09:51:56","guid":{"rendered":"https:\/\/www.harzer-wandernadel.de\/pointage\/carte-generale\/poinconnage-214-reesbergdoline\/"},"modified":"2026-01-29T12:48:34","modified_gmt":"2026-01-29T11:48:34","slug":"poinconnage-214-reesbergdoline","status":"publish","type":"page","link":"https:\/\/www.harzer-wandernadel.de\/fr\/pointage\/carte-generale\/poinconnage-214-reesbergdoline\/","title":{"rendered":"Poin\u00e7onnage 214 \/ Reesbergdoline"},"content":{"rendered":"\n<h2 class=\"wp-block-heading\">La doline de Reesberg se trouve entre la grotte karstique de Heimkehle pr\u00e8s d\u2019Uftrungen et le Reesberg (325&nbsp;m&nbsp;d\u2019altitude) dans la zone foresti\u00e8re du Vieux Stolberg.<\/h2>\n\n<div class=\"wp-block-stackable-image alignwide stk-block-image stk-block stk-89e1006\" data-block-id=\"89e1006\"><style>.stk-89e1006 {margin-top:3% !important;margin-bottom:3% !important;}<\/style><figure><span class=\"stk-img-wrapper stk-image--shape-stretch stk--has-lightbox\"><img decoding=\"async\" width=\"1280\" height=\"853\" src=\"https:\/\/www.harzer-wandernadel.de\/wp-content\/uploads\/2016\/02\/Reesbergdoline-1.jpg\" class=\"attachment-full size-full wp-post-image\" alt srcset=\"https:\/\/www.harzer-wandernadel.de\/wp-content\/uploads\/2016\/02\/Reesbergdoline-1.jpg 1280w, https:\/\/www.harzer-wandernadel.de\/wp-content\/uploads\/2016\/02\/Reesbergdoline-1-300x200.jpg 300w, https:\/\/www.harzer-wandernadel.de\/wp-content\/uploads\/2016\/02\/Reesbergdoline-1-768x512.jpg 768w, https:\/\/www.harzer-wandernadel.de\/wp-content\/uploads\/2016\/02\/Reesbergdoline-1-1024x682.jpg 1024w, https:\/\/www.harzer-wandernadel.de\/wp-content\/uploads\/2016\/02\/Reesbergdoline-1-250x167.jpg 250w, https:\/\/www.harzer-wandernadel.de\/wp-content\/uploads\/2016\/02\/Reesbergdoline-1-624x416.jpg 624w\" sizes=\"(max-width: 1280px) 100vw, 1280px\"><\/span><\/figure><\/div>\n\n<p>La cuvette de la doline a&nbsp;une pro\u00adfon\u00addeur de 22 m\u00e8tres et se trouve \u00e0&nbsp;la limite du gr\u00e8s bigar\u00adr\u00e9 et du z\u00e9ch\u00adstein. Des sources stra\u00adti\u00adfi\u00e9es pro\u00adve\u00adnant du gr\u00e8s bigar\u00adr\u00e9 s\u2019\u00e9\u00adchappent de la doline. L\u2019eau est donc non satu\u00adr\u00e9e et capable de dis\u00adsoudre le gypse tr\u00e8s rapi\u00adde\u00adment. L\u2019eau ne s\u2019\u00e9\u00adcoule que sur quelques m\u00e8tres en aval et dis\u00adpa\u00adra\u00eet ensuite dans l\u2019an\u00adhy\u00addrite prin\u00adci\u00adpale pl\u00e2\u00adtr\u00e9e. Au cours de quelques si\u00e8cles, une pro\u00adfonde doline de dis\u00adso\u00adlu\u00adtion s\u2019est ain\u00adsi form\u00e9e.&nbsp;<\/p>\n\n<p>D\u00e8s le mois de mars, la doline se trans\u00adforme en un tapis vert gr\u00e2ce \u00e0&nbsp;l\u2019ail des ours qui y&nbsp;pousse. D\u2019autres fleurs prin\u00adta\u00adni\u00e8res la d\u00e9corent jus\u00adqu\u2019\u00e0 ce que la for\u00eat dense de feuillus limite for\u00adte\u00adment la crois\u00adsance des plantes ter\u00adrestres. En \u00e9t\u00e9, les sources se tarissent, la crois\u00adsance du sol se des\u00ads\u00e8che et on ne peut plus que devi\u00adner l\u2019ac\u00adti\u00advi\u00adt\u00e9 de l\u2019eau qui dis\u00adpa\u00adra\u00eet dans les rigoles ass\u00e9ch\u00e9es.&nbsp;<\/p>\n\n<p>Les colo\u00adra\u00adtions de l\u2019eau ont mon\u00adtr\u00e9 qu\u2019il devait y&nbsp;avoir un lien entre l\u2019eau qui dis\u00adpa\u00adra\u00eet et le lac de Heim dans la grotte kars\u00adtique de Heim\u00adkehle. Le lac d\u2019o\u00adri\u00adgine dans la grotte se trouve \u00e0&nbsp;seule\u00adment 170 m\u00e8tres de la doline de Rees\u00adberg. L\u2019eau colo\u00adr\u00e9e du ruis\u00adseau n\u2019a pu \u00eatre retrou\u00adv\u00e9e dans le lac d\u2019o\u00adri\u00adgine que trois semaines plus tard. Ce long laps de temps parle en faveur d\u2019une vitesse d\u2019\u00e9\u00adcou\u00adle\u00adment tr\u00e8s&nbsp;lente.&nbsp;<\/p>\n\n<p>La grotte de Heim\u00adkehle se trouve encore sur le ter\u00adri\u00adtoire du dis\u00adtrict de Mans\u00adfeld-S\u00fcd\u00adharz, bien que ses zones nord-ouest s\u2019\u00e9\u00adtendent jus\u00adqu\u2019au dis\u00adtrict de Nord\u00adhau\u00adsen. La grande entr\u00e9e natu\u00adrelle de la grotte se trouve d\u00e9j\u00e0 sur le ter\u00adri\u00adtoire de la Thu\u00adringe. Elle a&nbsp;\u00e9t\u00e9 men\u00adtion\u00adn\u00e9e pour la pre\u00admi\u00e8re fois dans le cadre d\u2019une d\u00e9li\u00admi\u00adta\u00adtion de fron\u00adti\u00e8re en&nbsp;1357.&nbsp;<\/p>\n\n<p>Un bon point de d\u00e9part pour la ran\u00addon\u00adn\u00e9e vers la doline de Rees\u00adberg est le par\u00adking de Heim\u00adkehle, d\u2019o\u00f9 l\u2019on acc\u00e8de \u00e0&nbsp;la doline par le sen\u00adtier de ran\u00addon\u00adn\u00e9e karstique.<\/p>\n\n<div class=\"wp-block-buttons is-layout-flex wp-block-buttons-is-layout-flex\">\n<div class=\"wp-block-button\"><a class=\"wp-block-button__link wp-element-button\" href=\"https:\/\/gemeinde-suedharz.de\/schauhoehle-heimkehle\/\">Grotte de Heimkehle<\/a><\/div>\n<\/div>\n","protected":false},"excerpt":{"rendered":"<p>La doline de Rees\u00adberg se trouve entre la grotte kars\u00adtique de Heim\u00adkehle pr\u00e8s d\u2019Uftrungen et le Rees\u00adberg (325&nbsp;m&nbsp;d\u2019altitude) dans la zone fores\u00adti\u00e8re du Vieux Stol\u00adberg. La cuvette de la doline a&nbsp;une pro\u00adfon\u00addeur de 22 m\u00e8tres et se trouve \u00e0&nbsp;la limite du gr\u00e8s bigar\u00adr\u00e9 et du z\u00e9ch\u00adstein. Des sources stra\u00adti\u00adfi\u00e9es pro\u00adve\u00adnant du gr\u00e8s bigar\u00adr\u00e9 s\u2019\u00e9\u00adchappent de&nbsp;[\u2026]<\/p>\n","protected":false},"author":11,"featured_media":18223,"parent":17801,"menu_order":10214,"comment_status":"closed","ping_status":"closed","template":"","meta":{"_seopress_robots_primary_cat":"","_seopress_titles_title":"","_seopress_titles_desc":"","_seopress_robots_index":"","wp_typography_post_enhancements_disabled":false,"iawp_total_views":0,"footnotes":""},"hf_cat_page":[120],"class_list":["post-18220","page","type-page","status-publish","has-post-thumbnail"],"blocksy_meta":[],"_links":{"self":[{"href":"https:\/\/www.harzer-wandernadel.de\/fr\/wp-json\/wp\/v2\/pages\/18220","targetHints":{"allow":["GET"]}}],"collection":[{"href":"https:\/\/www.harzer-wandernadel.de\/fr\/wp-json\/wp\/v2\/pages"}],"about":[{"href":"https:\/\/www.harzer-wandernadel.de\/fr\/wp-json\/wp\/v2\/types\/page"}],"author":[{"embeddable":true,"href":"https:\/\/www.harzer-wandernadel.de\/fr\/wp-json\/wp\/v2\/users\/11"}],"replies":[{"embeddable":true,"href":"https:\/\/www.harzer-wandernadel.de\/fr\/wp-json\/wp\/v2\/comments?post=18220"}],"version-history":[{"count":1,"href":"https:\/\/www.harzer-wandernadel.de\/fr\/wp-json\/wp\/v2\/pages\/18220\/revisions"}],"predecessor-version":[{"id":18224,"href":"https:\/\/www.harzer-wandernadel.de\/fr\/wp-json\/wp\/v2\/pages\/18220\/revisions\/18224"}],"up":[{"embeddable":true,"href":"https:\/\/www.harzer-wandernadel.de\/fr\/wp-json\/wp\/v2\/pages\/17801"}],"wp:featuredmedia":[{"embeddable":true,"href":"https:\/\/www.harzer-wandernadel.de\/fr\/wp-json\/wp\/v2\/media\/18223"}],"wp:attachment":[{"href":"https:\/\/www.harzer-wandernadel.de\/fr\/wp-json\/wp\/v2\/media?parent=18220"}],"wp:term":[{"taxonomy":"hf_cat_page","embeddable":true,"href":"https:\/\/www.harzer-wandernadel.de\/fr\/wp-json\/wp\/v2\/hf_cat_page?post=18220"}],"curies":[{"name":"wp","href":"https:\/\/api.w.org\/{rel}","templated":true}]}}