{"id":18215,"date":"2016-02-18T10:20:50","date_gmt":"2016-02-18T09:20:50","guid":{"rendered":"https:\/\/www.harzer-wandernadel.de\/pointage\/carte-generale\/pointage-218-barrage-de-neustadt\/"},"modified":"2026-01-29T12:48:34","modified_gmt":"2026-01-29T11:48:34","slug":"pointage-218-barrage-de-neustadt","status":"publish","type":"page","link":"https:\/\/www.harzer-wandernadel.de\/fr\/pointage\/carte-generale\/pointage-218-barrage-de-neustadt\/","title":{"rendered":"Pointage 218 \/ Barrage de Neustadt"},"content":{"rendered":"\n<h2 class=\"wp-block-heading\">Le barrage de Neustadt, parfois appel\u00e9 \u00ab&nbsp;barrage de Nordh\u00e4user&nbsp;\u00bb, se trouve au nord-est de Neustadt, dans la grande zone foresti\u00e8re entre Neustadt et Breitenstein.<\/h2>\n\n<div class=\"wp-block-stackable-image alignwide stk-block-image stk-block stk-89e1006\" data-block-id=\"89e1006\"><style>.stk-89e1006 {margin-top:3% !important;margin-bottom:3% !important;}<\/style><figure><span class=\"stk-img-wrapper stk-image--shape-stretch stk--has-lightbox\"><img decoding=\"async\" width=\"2048\" height=\"1365\" src=\"https:\/\/www.harzer-wandernadel.de\/wp-content\/uploads\/2016\/02\/Neust\u00e4dter-Talsperre.jpg\" class=\"attachment-full size-full wp-post-image\" alt srcset=\"https:\/\/www.harzer-wandernadel.de\/wp-content\/uploads\/2016\/02\/Neust\u00e4dter-Talsperre.jpg 2048w, https:\/\/www.harzer-wandernadel.de\/wp-content\/uploads\/2016\/02\/Neust\u00e4dter-Talsperre-300x200.jpg 300w, https:\/\/www.harzer-wandernadel.de\/wp-content\/uploads\/2016\/02\/Neust\u00e4dter-Talsperre-768x512.jpg 768w, https:\/\/www.harzer-wandernadel.de\/wp-content\/uploads\/2016\/02\/Neust\u00e4dter-Talsperre-1024x683.jpg 1024w, https:\/\/www.harzer-wandernadel.de\/wp-content\/uploads\/2016\/02\/Neust\u00e4dter-Talsperre-250x167.jpg 250w, https:\/\/www.harzer-wandernadel.de\/wp-content\/uploads\/2016\/02\/Neust\u00e4dter-Talsperre-624x416.jpg 624w\" sizes=\"(max-width: 2048px) 100vw, 2048px\"><\/span><\/figure><\/div>\n\n<p>Au 19\u00e8me si\u00e8cle, la ville de Nord\u00adhau\u00adsen a&nbsp;connu des p\u00e9nu\u00adries r\u00e9cur\u00adrentes d\u2019eau potable. Une exper\u00adtise a&nbsp;conclu que ce gou\u00adlot d\u2019\u00e9\u00adtran\u00adgle\u00adment ne pou\u00advait \u00eatre \u00e9li\u00admi\u00adn\u00e9 que par la construc\u00adtion d\u2019un bar\u00adrage dans une zone non peupl\u00e9e.&nbsp;<\/p>\n\n<p>En mars 1904, les tra\u00advaux ont com\u00admen\u00adc\u00e9 par des d\u00e9fri\u00adchages dans la zone du futur bas\u00adsin de rete\u00adnue. Pour les tra\u00advaux du bar\u00adrage qui retient le Krebs\u00adbach, on a&nbsp;sur\u00adtout fait appel \u00e0&nbsp;des sp\u00e9\u00adcia\u00adlistes ita\u00adliens. Le trans\u00adport des mat\u00e9\u00adriaux s\u2019ef\u00adfec\u00adtuait depuis Neus\u00adtadt par un che\u00admin de fer de cam\u00adpagne. Mal\u00adgr\u00e9 un manque tem\u00adpo\u00adraire de main-d\u2019\u0153uvre et de mat\u00e9\u00adriaux, le bar\u00adrage a&nbsp;\u00e9t\u00e9 ache\u00adv\u00e9 en octobre 1905.&nbsp;<\/p>\n\n<p>En 1922 et 1923, le bar\u00adrage a&nbsp;\u00e9t\u00e9 sur\u00ad\u00e9le\u00adv\u00e9 de 6,26&nbsp;m&nbsp;avec du b\u00e9ton et a&nbsp;\u00e9t\u00e9 enti\u00e8\u00adre\u00adment r\u00e9no\u00adv\u00e9 entre 1997 et 2001 selon des cri\u00adt\u00e8res de conser\u00adva\u00adtion des monu\u00adments. Entre autres, les deux tours de pr\u00e9\u00adl\u00e8\u00adve\u00adment ont \u00e9t\u00e9 recons\u00adtruites \u00e0&nbsp;l\u2019i\u00adden\u00adtique et d\u00e9pla\u00adc\u00e9es plus loin dans le bas\u00adsin de retenue.&nbsp;<\/p>\n\n<p>Comme le tam\u00adpon se trouve \u00e0&nbsp;l\u2019ex\u00adtr\u00e9\u00admi\u00adt\u00e9 ouest de ce qui est pro\u00adba\u00adble\u00adment le plus beau bar\u00adrage du Harz, nous recom\u00adman\u00addons de com\u00admen\u00adcer la ran\u00addon\u00adn\u00e9e vers le bar\u00adrage \u00e0&nbsp;la ruine Hohn\u00adstein HWN 98. De l\u00e0, le che\u00admin fl\u00e9\u00adch\u00e9 des empe\u00adreurs et rois alle\u00admands m\u00e8ne jus\u00adqu\u2019au bar\u00adrage et tra\u00adverse \u00e9ga\u00adle\u00adment la \u00ab&nbsp;route pos\u00adtale his\u00adto\u00adrique&nbsp;\u00bb. Le bar\u00adrage lui-m\u00eame n\u2019est pas acces\u00adsible, mais tu peux faire le tour du lac de bar\u00adrage sur un sen\u00adtier de ran\u00addon\u00adn\u00e9e de 3&nbsp;km.&nbsp;<\/p>\n","protected":false},"excerpt":{"rendered":"<p>Le bar\u00adrage de Neus\u00adtadt, par\u00adfois appe\u00adl\u00e9 \u00ab&nbsp;bar\u00adrage de Nordh\u00e4u\u00adser&nbsp;\u00bb, se trouve au nord-est de Neus\u00adtadt, dans la grande zone fores\u00adti\u00e8re entre Neus\u00adtadt et Brei\u00adten\u00adstein. Au 19\u00e8me si\u00e8cle, la ville de Nord\u00adhau\u00adsen a&nbsp;connu des p\u00e9nu\u00adries r\u00e9cur\u00adrentes d\u2019eau potable. Une exper\u00adtise a&nbsp;conclu que ce gou\u00adlot d\u2019\u00e9\u00adtran\u00adgle\u00adment ne pou\u00advait \u00eatre \u00e9li\u00admi\u00adn\u00e9 que par la construc\u00adtion d\u2019un bar\u00adrage&nbsp;dans&nbsp;[\u2026]<\/p>\n","protected":false},"author":11,"featured_media":18216,"parent":17801,"menu_order":10218,"comment_status":"closed","ping_status":"closed","template":"","meta":{"_seopress_robots_primary_cat":"","_seopress_titles_title":"","_seopress_titles_desc":"","_seopress_robots_index":"","wp_typography_post_enhancements_disabled":false,"iawp_total_views":1,"footnotes":""},"hf_cat_page":[120],"class_list":["post-18215","page","type-page","status-publish","has-post-thumbnail"],"blocksy_meta":[],"_links":{"self":[{"href":"https:\/\/www.harzer-wandernadel.de\/fr\/wp-json\/wp\/v2\/pages\/18215","targetHints":{"allow":["GET"]}}],"collection":[{"href":"https:\/\/www.harzer-wandernadel.de\/fr\/wp-json\/wp\/v2\/pages"}],"about":[{"href":"https:\/\/www.harzer-wandernadel.de\/fr\/wp-json\/wp\/v2\/types\/page"}],"author":[{"embeddable":true,"href":"https:\/\/www.harzer-wandernadel.de\/fr\/wp-json\/wp\/v2\/users\/11"}],"replies":[{"embeddable":true,"href":"https:\/\/www.harzer-wandernadel.de\/fr\/wp-json\/wp\/v2\/comments?post=18215"}],"version-history":[{"count":1,"href":"https:\/\/www.harzer-wandernadel.de\/fr\/wp-json\/wp\/v2\/pages\/18215\/revisions"}],"predecessor-version":[{"id":18217,"href":"https:\/\/www.harzer-wandernadel.de\/fr\/wp-json\/wp\/v2\/pages\/18215\/revisions\/18217"}],"up":[{"embeddable":true,"href":"https:\/\/www.harzer-wandernadel.de\/fr\/wp-json\/wp\/v2\/pages\/17801"}],"wp:featuredmedia":[{"embeddable":true,"href":"https:\/\/www.harzer-wandernadel.de\/fr\/wp-json\/wp\/v2\/media\/18216"}],"wp:attachment":[{"href":"https:\/\/www.harzer-wandernadel.de\/fr\/wp-json\/wp\/v2\/media?parent=18215"}],"wp:term":[{"taxonomy":"hf_cat_page","embeddable":true,"href":"https:\/\/www.harzer-wandernadel.de\/fr\/wp-json\/wp\/v2\/hf_cat_page?post=18215"}],"curies":[{"name":"wp","href":"https:\/\/api.w.org\/{rel}","templated":true}]}}