{"id":18205,"date":"2016-02-18T11:46:19","date_gmt":"2016-02-18T10:46:19","guid":{"rendered":"https:\/\/www.harzer-wandernadel.de\/pointage\/carte-generale\/pointage-196-etang-de-breme\/"},"modified":"2026-01-29T12:48:29","modified_gmt":"2026-01-29T11:48:29","slug":"pointage-196-etang-de-breme","status":"publish","type":"page","link":"https:\/\/www.harzer-wandernadel.de\/fr\/pointage\/carte-generale\/pointage-196-etang-de-breme\/","title":{"rendered":"Pointage 196 \/ \u00c9tang de&nbsp;Br\u00eame"},"content":{"rendered":"\n<h2 class=\"wp-block-heading\">L\u2019\u00e9tang de Br\u00eame se trouve au sud-ouest de Gernrode, entre le Sternhaus et le Viktorsh\u00f6he.<\/h2>\n\n<div class=\"wp-block-stackable-image alignwide stk-block-image stk-block stk-89e1006\" data-block-id=\"89e1006\"><style>.stk-89e1006 {margin-top:3% !important;margin-bottom:3% !important;}<\/style><figure><span class=\"stk-img-wrapper stk-image--shape-stretch stk--has-lightbox\"><img decoding=\"async\" width=\"2048\" height=\"1536\" src=\"https:\/\/www.harzer-wandernadel.de\/wp-content\/uploads\/2016\/02\/Bremer-Teich.jpg\" class=\"attachment-full size-full wp-post-image\" alt srcset=\"https:\/\/www.harzer-wandernadel.de\/wp-content\/uploads\/2016\/02\/Bremer-Teich.jpg 2048w, https:\/\/www.harzer-wandernadel.de\/wp-content\/uploads\/2016\/02\/Bremer-Teich-300x225.jpg 300w, https:\/\/www.harzer-wandernadel.de\/wp-content\/uploads\/2016\/02\/Bremer-Teich-768x576.jpg 768w, https:\/\/www.harzer-wandernadel.de\/wp-content\/uploads\/2016\/02\/Bremer-Teich-1024x768.jpg 1024w, https:\/\/www.harzer-wandernadel.de\/wp-content\/uploads\/2016\/02\/Bremer-Teich-250x188.jpg 250w, https:\/\/www.harzer-wandernadel.de\/wp-content\/uploads\/2016\/02\/Bremer-Teich-624x468.jpg 624w\" sizes=\"(max-width: 2048px) 100vw, 2048px\"><\/span><\/figure><\/div>\n\n<p>L\u2019\u00e9\u00adtang a&nbsp;\u00e9t\u00e9 construit par les comtes d\u2019An\u00adhalt qui, en 1796, ont deman\u00add\u00e9 \u00e0&nbsp;l\u2019in\u00adg\u00e9\u00adnieur Bre\u00admer de construire un \u00e9tang de rete\u00adnue. Cet \u00e9tang devait faci\u00adli\u00adter la chasse au cerf, c\u2019est pour\u00adquoi il a&nbsp;d\u2019a\u00adbord \u00e9t\u00e9 appe\u00adl\u00e9 \u00ab&nbsp;Hir\u00adsch\u00adteich&nbsp;\u00bb. Plus tard, l\u2019\u00e9\u00adtang et le ruis\u00adseau ont \u00e9t\u00e9 rebap\u00adti\u00ads\u00e9s \u00ab&nbsp;Bre\u00admer Teich&nbsp;\u00bb et \u00ab&nbsp;Bre\u00admer Gra\u00adben&nbsp;\u00bb en sou\u00adve\u00adnir du constructeur.&nbsp;<\/p>\n\n<p>L\u2019\u00e9\u00adtang de Br\u00eame est uti\u00adli\u00ads\u00e9 \u00e0&nbsp;des fins tou\u00adris\u00adtiques depuis 1956, date \u00e0&nbsp;laquelle une auberge de jeu\u00adnesse sous tente a&nbsp;\u00e9t\u00e9 construite. Depuis cette \u00e9poque, l\u2019\u00e9\u00adtang de Br\u00eame est deve\u00adnu un lieu de d\u00e9tente popu\u00adlaire.<br>Depuis 1990, l\u2019\u00e9\u00adtang de Br\u00eame est deve\u00adnu le cam\u00adping inter\u00adna\u00adtio\u00adnal \u00ab&nbsp;Harz-Camp&nbsp;\u00bb avec une capa\u00adci\u00adt\u00e9 de 160 cam\u00adpeurs, 15 mai\u00adsons de vacances \u00e0&nbsp;l\u2019a\u00adm\u00e9\u00adna\u00adge\u00adment rus\u00adtique et une zone de bai\u00adgnade sur\u00adveill\u00e9e de 4&nbsp;ha.&nbsp;<\/p>\n\n<div class=\"wp-block-buttons is-layout-flex wp-block-buttons-is-layout-flex\">\n<div class=\"wp-block-button\"><a class=\"wp-block-button__link wp-element-button\" href=\"https:\/\/www.harz-camp-gernrode.de\/\" target=\"_blank\" rel=\"noreferrer noopener\">Camp de l\u2019\u00e9\u00adtang de&nbsp;Br\u00eame<\/a><\/div>\n<\/div>\n\n<p>L\u2019ac\u00adc\u00e8s au cam\u00adping se fait depuis l\u2019an\u00adcienne mai\u00adson fores\u00adti\u00e8re Hafer\u00adfeld, qui se trouve sur la route d\u00e9par\u00adte\u00admen\u00adtale entre Gern\u00adrode et M\u00e4g\u00addes\u00adprung. Du point de poin\u00adtage au bar\u00adrage de l\u2019\u00e9\u00adtang de Br\u00eame, tu peux faire une belle ran\u00addon\u00adn\u00e9e cir\u00adcu\u00adlaire jus\u00adqu\u2019au <a href=\"https:\/\/www.harzer-wandernadel.de\/stempelstellen\/uebersichtskarte\/stempelstelle-184-baerendenkmal\/\" data-type=\"page\" data-id=\"915\">monu\u00adment de l\u2019ours HWN 184<\/a>, conti\u00adnuer sur le che\u00admin de l\u2019ours jus\u00adqu\u2019\u00e0 l\u2019<a href=\"https:\/\/www.harzer-wandernadel.de\/stempelstellen\/uebersichtskarte\/stempelstelle-190-bergrat-mueller-teich\/\" data-type=\"page\" data-id=\"891\">\u00e9tang Ber\u00adgrat-M\u00fcl\u00adler HWN 190<\/a> et de l\u00e0, reve\u00adnir \u00e0&nbsp;l\u2019\u00e9\u00adtang de Br\u00eame en pas\u00adsant par le <a href=\"https:\/\/www.harzer-wandernadel.de\/stempelstellen\/uebersichtskarte\/stempelstelle-189-grosse-teufelsmuehle\/\" data-type=\"page\" data-id=\"895\">grand mou\u00adlin du diable HWN 189<\/a>. <\/p>\n\n<div class=\"wp-block-buttons is-layout-flex wp-block-buttons-is-layout-flex\">\n<div class=\"wp-block-button\"><a class=\"wp-block-button__link wp-element-button\" href=\"http:\/\/harzer-bergwald.de\/index.php\/wandertouren\/romantiktouren\/16-einmal-um-den-bremer-teich\">Sug\u00adges\u00adtion de cir\u00adcuit For\u00eat de mon\u00adtagne du&nbsp;Harz<\/a><\/div>\n<\/div>\n","protected":false},"excerpt":{"rendered":"<p>L\u2019\u00e9tang de Br\u00eame se trouve au sud-ouest de Gern\u00adrode, entre le Stern\u00adhaus et le Vik\u00adtor\u00adsh\u00f6he. L\u2019\u00e9\u00adtang a&nbsp;\u00e9t\u00e9 construit par les comtes d\u2019An\u00adhalt qui, en 1796, ont deman\u00add\u00e9 \u00e0&nbsp;l\u2019in\u00adg\u00e9\u00adnieur Bre\u00admer de construire un \u00e9tang de rete\u00adnue. Cet \u00e9tang devait faci\u00adli\u00adter la chasse au cerf, c\u2019est pour\u00adquoi il a&nbsp;d\u2019a\u00adbord \u00e9t\u00e9 appe\u00adl\u00e9 \u00ab&nbsp;Hir\u00adsch\u00adteich&nbsp;\u00bb. Plus tard, l\u2019\u00e9\u00adtang et&nbsp;le&nbsp;[\u2026]<\/p>\n","protected":false},"author":11,"featured_media":18207,"parent":17801,"menu_order":10196,"comment_status":"closed","ping_status":"closed","template":"","meta":{"_seopress_robots_primary_cat":"","_seopress_titles_title":"","_seopress_titles_desc":"","_seopress_robots_index":"","wp_typography_post_enhancements_disabled":false,"iawp_total_views":0,"footnotes":""},"hf_cat_page":[120],"class_list":["post-18205","page","type-page","status-publish","has-post-thumbnail"],"blocksy_meta":[],"_links":{"self":[{"href":"https:\/\/www.harzer-wandernadel.de\/fr\/wp-json\/wp\/v2\/pages\/18205","targetHints":{"allow":["GET"]}}],"collection":[{"href":"https:\/\/www.harzer-wandernadel.de\/fr\/wp-json\/wp\/v2\/pages"}],"about":[{"href":"https:\/\/www.harzer-wandernadel.de\/fr\/wp-json\/wp\/v2\/types\/page"}],"author":[{"embeddable":true,"href":"https:\/\/www.harzer-wandernadel.de\/fr\/wp-json\/wp\/v2\/users\/11"}],"replies":[{"embeddable":true,"href":"https:\/\/www.harzer-wandernadel.de\/fr\/wp-json\/wp\/v2\/comments?post=18205"}],"version-history":[{"count":1,"href":"https:\/\/www.harzer-wandernadel.de\/fr\/wp-json\/wp\/v2\/pages\/18205\/revisions"}],"predecessor-version":[{"id":18209,"href":"https:\/\/www.harzer-wandernadel.de\/fr\/wp-json\/wp\/v2\/pages\/18205\/revisions\/18209"}],"up":[{"embeddable":true,"href":"https:\/\/www.harzer-wandernadel.de\/fr\/wp-json\/wp\/v2\/pages\/17801"}],"wp:featuredmedia":[{"embeddable":true,"href":"https:\/\/www.harzer-wandernadel.de\/fr\/wp-json\/wp\/v2\/media\/18207"}],"wp:attachment":[{"href":"https:\/\/www.harzer-wandernadel.de\/fr\/wp-json\/wp\/v2\/media?parent=18205"}],"wp:term":[{"taxonomy":"hf_cat_page","embeddable":true,"href":"https:\/\/www.harzer-wandernadel.de\/fr\/wp-json\/wp\/v2\/hf_cat_page?post=18205"}],"curies":[{"name":"wp","href":"https:\/\/api.w.org\/{rel}","templated":true}]}}