{"id":18203,"date":"2016-02-18T10:57:58","date_gmt":"2016-02-18T09:57:58","guid":{"rendered":"https:\/\/www.harzer-wandernadel.de\/pointage\/carte-generale\/poinconnage-212-an-der-queste\/"},"modified":"2026-01-29T12:48:29","modified_gmt":"2026-01-29T11:48:29","slug":"poinconnage-212-an-der-queste","status":"publish","type":"page","link":"https:\/\/www.harzer-wandernadel.de\/fr\/pointage\/carte-generale\/poinconnage-212-an-der-queste\/","title":{"rendered":"Poin\u00e7onnage 212 \/ An der Queste"},"content":{"rendered":"\n<h2 class=\"wp-block-heading\">La \u00ab&nbsp;Queste&nbsp;\u00bb, un ancien symbole solaire, se trouve sur une cr\u00eate au sud-ouest du petit village de Questenberg.<\/h2>\n\n<div class=\"wp-block-stackable-image alignwide stk-block-image stk-block stk-89e1006\" data-block-id=\"89e1006\"><style>.stk-89e1006 {margin-top:3% !important;margin-bottom:3% !important;}<\/style><figure><span class=\"stk-img-wrapper stk-image--shape-stretch stk--has-lightbox\"><img decoding=\"async\" width=\"960\" height=\"539\" src=\"https:\/\/www.harzer-wandernadel.de\/wp-content\/uploads\/2016\/02\/HWN-Queste-Stoof-3.jpg\" class=\"attachment-full size-full wp-post-image\" alt=\"Sculpture en bois sur une colline sous un ciel bleu\" srcset=\"https:\/\/www.harzer-wandernadel.de\/wp-content\/uploads\/2016\/02\/HWN-Queste-Stoof-3.jpg 960w, https:\/\/www.harzer-wandernadel.de\/wp-content\/uploads\/2016\/02\/HWN-Queste-Stoof-3-300x168.jpg 300w, https:\/\/www.harzer-wandernadel.de\/wp-content\/uploads\/2016\/02\/HWN-Queste-Stoof-3-768x431.jpg 768w, https:\/\/www.harzer-wandernadel.de\/wp-content\/uploads\/2016\/02\/HWN-Queste-Stoof-3-250x140.jpg 250w, https:\/\/www.harzer-wandernadel.de\/wp-content\/uploads\/2016\/02\/HWN-Queste-Stoof-3-624x350.jpg 624w\" sizes=\"(max-width: 960px) 100vw, 960px\"><\/span><\/figure><\/div>\n\n<p>Depuis le Ques\u00adten\u00adberg, qui a&nbsp;\u00e9t\u00e9 d\u00e9cla\u00adr\u00e9 site natu\u00adrel pro\u00adt\u00e9\u00adg\u00e9 d\u00e8s 1927, on a&nbsp;une vue fan\u00adtas\u00adtique sur le vil\u00adlage situ\u00e9 envi\u00adron 100 m\u00e8tres plus bas et sur les mon\u00adtagnes et les val\u00adl\u00e9es avoi\u00adsi\u00adnantes. Au som\u00admet de la mon\u00adtagne, un tronc a&nbsp;\u00e9t\u00e9 \u00e9ri\u00adg\u00e9, por\u00adtant une cou\u00adronne \u00e9tran\u00adge\u00adment tra\u00advaill\u00e9e. La Queste est au centre d\u2019une grande f\u00eate popu\u00adlaire qui est c\u00e9l\u00e9\u00adbr\u00e9e chaque ann\u00e9e \u00e0&nbsp;la Pen\u00adte\u00adc\u00f4te avec la par\u00adti\u00adci\u00adpa\u00adtion de tout le vil\u00adlage. La f\u00eate a&nbsp;pro\u00adba\u00adble\u00adment pour ori\u00adgine un rituel solaire pa\u00efen.&nbsp;<\/p>\n\n<p>Des sites pr\u00e9\u00adhis\u00adto\u00adriques et pro\u00adto\u00adhis\u00adto\u00adriques, un ch\u00e2\u00adteau f\u00e9o\u00addal m\u00e9di\u00e9\u00adval, une belle archi\u00adtec\u00adture \u00e0&nbsp;colom\u00adbages, des monu\u00adments de l\u2019his\u00adtoire du droit et l\u2019an\u00adcienne tra\u00addi\u00adtion de la f\u00eate de Ques\u00adten carac\u00adt\u00e9\u00adrisent ce lieu \u00e0&nbsp;bien des \u00e9gards. Ques\u00adten\u00adberg est situ\u00e9e de mani\u00e8re char\u00admante au milieu de la val\u00adl\u00e9e de la Nasse, qui a&nbsp;s\u00e9pa\u00adr\u00e9 les rochers qui se dressent \u00e0&nbsp;droite et \u00e0&nbsp;gauche du village.&nbsp;<\/p>\n\n<p>Le ch\u00e2\u00adteau de Ques\u00adten\u00adburg, datant du haut Moyen-\u00c2ge, se trouve juste au nord du vil\u00adlage, sur un \u00e9pe\u00adron de ter\u00adrain. La pre\u00admi\u00e8re men\u00adtion d\u2019un ch\u00e2\u00adte\u00adlain, l\u2019\u00e9\u00adcuyer Fri\u00adde\u00adri\u00adcus de Ques\u00adten\u00adberg, date de&nbsp;1275.&nbsp;<\/p>\n\n<p>En mon\u00adtant, tu trou\u00adve\u00adras les \u00ab&nbsp;mar\u00admites gla\u00adciaires&nbsp;\u00bb qui, contrai\u00adre\u00adment \u00e0&nbsp;ce que l\u2019on pen\u00adsait \u00e0&nbsp;l\u2019o\u00adri\u00adgine, ne sont pas des mar\u00admites gla\u00adciaires de l\u2019\u00e9\u00adpoque gla\u00adciaire, mais l\u2019an\u00adcien lit de la rivi\u00e8re Nasse, qui a&nbsp;chan\u00adg\u00e9 de cours pen\u00addant des cen\u00adtaines d\u2019an\u00adn\u00e9es. A&nbsp;par\u00adtir de cet endroit, le che\u00admin m\u00e8ne \u00e0&nbsp;la mon\u00adtagne par des marches et des mont\u00e9es.&nbsp;<\/p>\n\n<p>Un bon point de d\u00e9part est le par\u00adking de l\u2019au\u00adberge de la Queste, \u00e0&nbsp;par\u00adtir duquel il faut tou\u00adjours suivre le sym\u00adbole de la&nbsp;qu\u00eate.<\/p>\n\n<div class=\"wp-block-buttons is-layout-flex wp-block-buttons-is-layout-flex\">\n<div class=\"wp-block-button\"><a class=\"wp-block-button__link wp-element-button\" href=\"http:\/\/harzer-bergwald.de\/index.php\/wandertouren\/romantiktouren\/21-panoramawandern-auf-dem-karstwanderweg\">Sug\u00adges\u00adtion de cir\u00adcuit For\u00eat de mon\u00adtagne du&nbsp;Harz<\/a><\/div>\n<\/div>\n","protected":false},"excerpt":{"rendered":"<p>La \u00ab&nbsp;Queste&nbsp;\u00bb, un ancien sym\u00adbole solaire, se trouve sur une cr\u00eate au sud-ouest du petit vil\u00adlage de Ques\u00adten\u00adberg. Depuis le Ques\u00adten\u00adberg, qui a&nbsp;\u00e9t\u00e9 d\u00e9cla\u00adr\u00e9 site natu\u00adrel pro\u00adt\u00e9\u00adg\u00e9 d\u00e8s 1927, on a&nbsp;une vue fan\u00adtas\u00adtique sur le vil\u00adlage situ\u00e9 envi\u00adron 100 m\u00e8tres plus bas et sur les mon\u00adtagnes et les val\u00adl\u00e9es avoi\u00adsi\u00adnantes. Au som\u00admet de la montagne,&nbsp;[\u2026]<\/p>\n","protected":false},"author":11,"featured_media":18206,"parent":17801,"menu_order":10212,"comment_status":"closed","ping_status":"closed","template":"","meta":{"_seopress_robots_primary_cat":"","_seopress_titles_title":"","_seopress_titles_desc":"","_seopress_robots_index":"","wp_typography_post_enhancements_disabled":false,"iawp_total_views":0,"footnotes":""},"hf_cat_page":[120],"class_list":["post-18203","page","type-page","status-publish","has-post-thumbnail"],"blocksy_meta":[],"_links":{"self":[{"href":"https:\/\/www.harzer-wandernadel.de\/fr\/wp-json\/wp\/v2\/pages\/18203","targetHints":{"allow":["GET"]}}],"collection":[{"href":"https:\/\/www.harzer-wandernadel.de\/fr\/wp-json\/wp\/v2\/pages"}],"about":[{"href":"https:\/\/www.harzer-wandernadel.de\/fr\/wp-json\/wp\/v2\/types\/page"}],"author":[{"embeddable":true,"href":"https:\/\/www.harzer-wandernadel.de\/fr\/wp-json\/wp\/v2\/users\/11"}],"replies":[{"embeddable":true,"href":"https:\/\/www.harzer-wandernadel.de\/fr\/wp-json\/wp\/v2\/comments?post=18203"}],"version-history":[{"count":1,"href":"https:\/\/www.harzer-wandernadel.de\/fr\/wp-json\/wp\/v2\/pages\/18203\/revisions"}],"predecessor-version":[{"id":18208,"href":"https:\/\/www.harzer-wandernadel.de\/fr\/wp-json\/wp\/v2\/pages\/18203\/revisions\/18208"}],"up":[{"embeddable":true,"href":"https:\/\/www.harzer-wandernadel.de\/fr\/wp-json\/wp\/v2\/pages\/17801"}],"wp:featuredmedia":[{"embeddable":true,"href":"https:\/\/www.harzer-wandernadel.de\/fr\/wp-json\/wp\/v2\/media\/18206"}],"wp:attachment":[{"href":"https:\/\/www.harzer-wandernadel.de\/fr\/wp-json\/wp\/v2\/media?parent=18203"}],"wp:term":[{"taxonomy":"hf_cat_page","embeddable":true,"href":"https:\/\/www.harzer-wandernadel.de\/fr\/wp-json\/wp\/v2\/hf_cat_page?post=18203"}],"curies":[{"name":"wp","href":"https:\/\/api.w.org\/{rel}","templated":true}]}}