{"id":18195,"date":"2016-02-18T11:43:21","date_gmt":"2016-02-18T10:43:21","guid":{"rendered":"https:\/\/www.harzer-wandernadel.de\/pointage\/carte-generale\/pointage-197-ruines-du-chateau-danhalt\/"},"modified":"2026-01-29T12:48:29","modified_gmt":"2026-01-29T11:48:29","slug":"pointage-197-ruines-du-chateau-danhalt","status":"publish","type":"page","link":"https:\/\/www.harzer-wandernadel.de\/fr\/pointage\/carte-generale\/pointage-197-ruines-du-chateau-danhalt\/","title":{"rendered":"Pointage 197 \/ Ruines du ch\u00e2teau d\u2019Anhalt"},"content":{"rendered":"\n<h2 class=\"wp-block-heading\">Les ruines du ch\u00e2teau d\u2019Anhalt surplombent la vall\u00e9e de la Selke sur la Hausberg (397 m\u00e8tres au-dessus du niveau de la mer), entre M\u00e4gdesprung et le ch\u00e2teau de Falkenstein.<\/h2>\n\n<div class=\"wp-block-stackable-image alignwide stk-block-image stk-block stk-89e1006\" data-block-id=\"89e1006\"><style>.stk-89e1006 {margin-top:3% !important;margin-bottom:3% !important;}<\/style><figure><span class=\"stk-img-wrapper stk-image--shape-stretch stk--has-lightbox\"><img decoding=\"async\" width=\"960\" height=\"540\" src=\"https:\/\/www.harzer-wandernadel.de\/wp-content\/uploads\/2016\/02\/Burgruine-Anhalt.jpg\" class=\"attachment-full size-full wp-post-image\" alt srcset=\"https:\/\/www.harzer-wandernadel.de\/wp-content\/uploads\/2016\/02\/Burgruine-Anhalt.jpg 960w, https:\/\/www.harzer-wandernadel.de\/wp-content\/uploads\/2016\/02\/Burgruine-Anhalt-300x169.jpg 300w, https:\/\/www.harzer-wandernadel.de\/wp-content\/uploads\/2016\/02\/Burgruine-Anhalt-768x432.jpg 768w, https:\/\/www.harzer-wandernadel.de\/wp-content\/uploads\/2016\/02\/Burgruine-Anhalt-250x141.jpg 250w, https:\/\/www.harzer-wandernadel.de\/wp-content\/uploads\/2016\/02\/Burgruine-Anhalt-624x351.jpg 624w\" sizes=\"(max-width: 960px) 100vw, 960px\"><\/span><\/figure><\/div>\n\n<p>Le ch\u00e2\u00adteau d\u2019An\u00adhalt est men\u00adtion\u00adn\u00e9 pour la pre\u00admi\u00e8re fois lors\u00adqu\u2019il a&nbsp;\u00e9t\u00e9 d\u00e9truit vers 1140 lors d\u2019une que\u00adrelle entre l\u2019ar\u00adche\u00adv\u00eaque de Mag\u00adde\u00adbourg et le mar\u00adgrave Kon\u00adrad de Meis\u00adsen. L\u2019As\u00adca\u00adnien Albrecht Ier de Bran\u00adde\u00adbourg, plus connu sous le nom d\u201d&nbsp;&nbsp;\u00bbAlbrecht l\u2019Ours&nbsp;\u00bb, a&nbsp;fait recons\u00adtruire le ch\u00e2\u00adteau dans les ann\u00e9es qui ont sui\u00advi. Gr\u00e2ce \u00e0&nbsp;cette nou\u00advelle construc\u00adtion, le ch\u00e2\u00adteau est deve\u00adnu l\u2019une des plus grandes for\u00adti\u00adfi\u00adca\u00adtions de tout le&nbsp;Harz.&nbsp;<\/p>\n\n<p>Aujourd\u2019\u00adhui, il ne reste du ch\u00e2\u00adteau d\u2019An\u00adhalt que les ves\u00adtiges du don\u00adjon et des par\u00adties de la cha\u00adpelle du ch\u00e2\u00adteau, mais une maquette du ch\u00e2\u00adteau se trouve sur la place du ch\u00e2\u00adteau de Bal\u00adlens\u00adtedt. Comme le ch\u00e2\u00adteau a&nbsp;don\u00adn\u00e9 son nom au Land de Saxe-Anhalt, en 2012, \u00e0&nbsp;l\u2019oc\u00adca\u00adsion du 800e anni\u00adver\u00adsaire du Land, la zone du ch\u00e2\u00adteau a&nbsp;\u00e9t\u00e9 am\u00e9\u00adna\u00adg\u00e9e pour un public plus&nbsp;large.&nbsp;<\/p>\n\n<p>Le point de d\u00e9part le plus court pour une ran\u00addon\u00adn\u00e9e vers les ruines du ch\u00e2\u00adteau est le par\u00adking devant le Sel\u00adkem\u00fchle, acces\u00adsible depuis M\u00e4g\u00addes\u00adprung. A&nbsp;par\u00adtir de l\u2019an\u00adcienne auberge, tu tra\u00adverses la Selke et tu montes r\u00e9gu\u00adli\u00e8\u00adre\u00adment vers les ruines du ch\u00e2\u00adteau en emprun\u00adtant un che\u00admin creux balis\u00e9.&nbsp;<\/p>\n","protected":false},"excerpt":{"rendered":"<p>Les ruines du ch\u00e2\u00adteau d\u2019Anhalt sur\u00adplombent la val\u00adl\u00e9e de la Selke sur la Haus\u00adberg (397 m\u00e8tres au-des\u00adsus du niveau de la mer), entre M\u00e4g\u00addes\u00adprung et le ch\u00e2\u00adteau de Fal\u00adken\u00adstein. Le ch\u00e2\u00adteau d\u2019An\u00adhalt est men\u00adtion\u00adn\u00e9 pour la pre\u00admi\u00e8re fois lors\u00adqu\u2019il a&nbsp;\u00e9t\u00e9 d\u00e9truit vers 1140 lors d\u2019une que\u00adrelle entre l\u2019ar\u00adche\u00adv\u00eaque de Mag\u00adde\u00adbourg et le mar\u00adgrave Kon\u00adrad&nbsp;de&nbsp;[\u2026]<\/p>\n","protected":false},"author":11,"featured_media":18196,"parent":17801,"menu_order":10197,"comment_status":"closed","ping_status":"closed","template":"","meta":{"_seopress_robots_primary_cat":"","_seopress_titles_title":"","_seopress_titles_desc":"","_seopress_robots_index":"","wp_typography_post_enhancements_disabled":false,"iawp_total_views":0,"footnotes":""},"hf_cat_page":[120],"class_list":["post-18195","page","type-page","status-publish","has-post-thumbnail"],"blocksy_meta":[],"_links":{"self":[{"href":"https:\/\/www.harzer-wandernadel.de\/fr\/wp-json\/wp\/v2\/pages\/18195","targetHints":{"allow":["GET"]}}],"collection":[{"href":"https:\/\/www.harzer-wandernadel.de\/fr\/wp-json\/wp\/v2\/pages"}],"about":[{"href":"https:\/\/www.harzer-wandernadel.de\/fr\/wp-json\/wp\/v2\/types\/page"}],"author":[{"embeddable":true,"href":"https:\/\/www.harzer-wandernadel.de\/fr\/wp-json\/wp\/v2\/users\/11"}],"replies":[{"embeddable":true,"href":"https:\/\/www.harzer-wandernadel.de\/fr\/wp-json\/wp\/v2\/comments?post=18195"}],"version-history":[{"count":1,"href":"https:\/\/www.harzer-wandernadel.de\/fr\/wp-json\/wp\/v2\/pages\/18195\/revisions"}],"predecessor-version":[{"id":18198,"href":"https:\/\/www.harzer-wandernadel.de\/fr\/wp-json\/wp\/v2\/pages\/18195\/revisions\/18198"}],"up":[{"embeddable":true,"href":"https:\/\/www.harzer-wandernadel.de\/fr\/wp-json\/wp\/v2\/pages\/17801"}],"wp:featuredmedia":[{"embeddable":true,"href":"https:\/\/www.harzer-wandernadel.de\/fr\/wp-json\/wp\/v2\/media\/18196"}],"wp:attachment":[{"href":"https:\/\/www.harzer-wandernadel.de\/fr\/wp-json\/wp\/v2\/media?parent=18195"}],"wp:term":[{"taxonomy":"hf_cat_page","embeddable":true,"href":"https:\/\/www.harzer-wandernadel.de\/fr\/wp-json\/wp\/v2\/hf_cat_page?post=18195"}],"curies":[{"name":"wp","href":"https:\/\/api.w.org\/{rel}","templated":true}]}}