{"id":18168,"date":"2016-02-18T11:55:30","date_gmt":"2016-02-18T10:55:30","guid":{"rendered":"https:\/\/www.harzer-wandernadel.de\/pointage\/carte-generale\/timbre-68-fleche-monument\/"},"modified":"2026-02-28T14:42:36","modified_gmt":"2026-02-28T13:42:36","slug":"timbre-68-fleche-monument","status":"publish","type":"page","link":"https:\/\/www.harzer-wandernadel.de\/fr\/pointage\/carte-generale\/timbre-68-fleche-monument\/","title":{"rendered":"Timbre 68 \/ \u00ab&nbsp;Fl\u00e8che&nbsp;\u00bb \u2013 Monument"},"content":{"rendered":"\n<h2 class=\"wp-block-heading\">Le monument Pfeil (470&nbsp;m&nbsp;au-dessus du niveau de la mer) se trouve entre Thale et Friedrichsbrunn et est un m\u00e9morial \u00e0&nbsp;Friedrich Wilhelm Leopold Pfeil (1783 \u2013&nbsp;1853).<\/h2>\n\n<div class=\"wp-block-stackable-image alignwide stk-block-image stk-block stk-89e1006\" data-block-id=\"89e1006\"><style>.stk-89e1006 {margin-top:3% !important;margin-bottom:3% !important;}<\/style><figure><span class=\"stk-img-wrapper stk-image--shape-stretch stk--has-lightbox\"><img decoding=\"async\" width=\"733\" height=\"550\" src=\"https:\/\/www.harzer-wandernadel.de\/wp-content\/uploads\/2016\/02\/Pfeildenkmal.jpg\" class=\"attachment-full size-full wp-post-image\" alt srcset=\"https:\/\/www.harzer-wandernadel.de\/wp-content\/uploads\/2016\/02\/Pfeildenkmal.jpg 733w, https:\/\/www.harzer-wandernadel.de\/wp-content\/uploads\/2016\/02\/Pfeildenkmal-300x225.jpg 300w, https:\/\/www.harzer-wandernadel.de\/wp-content\/uploads\/2016\/02\/Pfeildenkmal-624x468.jpg 624w\" sizes=\"(max-width: 733px) 100vw, 733px\"><\/span><\/figure><\/div>\n\n<p>Wil\u00adhelm Pfeil \u00e9tait un pra\u00adti\u00adcien fores\u00adtier, un scien\u00adti\u00adfique fores\u00adtier et un \u00e9cri\u00advain. Il a&nbsp;diri\u00adg\u00e9 l\u2019\u00e9\u00adcole sup\u00e9\u00adrieure de fores\u00adte\u00adrie d\u2019E\u00adbers\u00adwalde \u00e0&nbsp;par\u00adtir de 1830 et a&nbsp;publi\u00e9 24 livres et 700 trai\u00adt\u00e9s forestiers.&nbsp;<\/p>\n\n<p>Mal\u00adgr\u00e9 ses nom\u00adbreuses publi\u00adca\u00adtions et sa connais\u00adsance de toute la lit\u00adt\u00e9\u00adra\u00adture fores\u00adti\u00e8re de l\u2019\u00e9\u00adpoque, Pfeil pla\u00ad\u00e7ait l\u2019ob\u00adser\u00adva\u00adtion poin\u00adtue de la \u00ab&nbsp;nature&nbsp;\u00bb et l\u2019ap\u00adpren\u00adtis\u00adsage de la vision au-des\u00adsus de toute connais\u00adsance th\u00e9o\u00adrique&nbsp;: \u00ab&nbsp;Le manque d\u2019ob\u00adser\u00adva\u00adtion ne peut jamais \u00eatre rem\u00adpla\u00adc\u00e9 par la simple sp\u00e9culation&nbsp;\u00bb.<\/p>\n\n<p>Cela l\u2019a conduit \u00e0&nbsp;sa fameuse maxime&nbsp;: \u00ab&nbsp;Deman\u00addez aux arbres com\u00adment ils veulent \u00eatre \u00e9du\u00adqu\u00e9s, ils vous l\u2019ap\u00adpren\u00addront mieux que les livres&nbsp;\u00bb.<\/p>\n\n<p>Non loin de l\u00e0 se trouve la mai\u00adson Damm\u00adbach, l\u2019an\u00adcienne r\u00e9si\u00addence de chasse du prince h\u00e9ri\u00adtier Wil\u00adhelm de Prusse. \u00c0&nbsp;l\u2019\u00e9\u00adpoque socia\u00adliste, le chef d\u2019\u00c9\u00adtat Erich Hone\u00adcker l\u2019u\u00adti\u00adli\u00adsait \u00e9ga\u00adle\u00adment comme r\u00e9si\u00addence de chasse. Aujourd\u2019\u00adhui, la mai\u00adson Damm\u00adbach a&nbsp;\u00e9t\u00e9 r\u00e9no\u00adv\u00e9e en pro\u00adfon\u00addeur et sert de mai\u00adson d\u2019h\u00f4tes dans la ver\u00addure avec une vue gran\u00addiose sur le Brocken.&nbsp;<\/p>\n\n<div class=\"wp-block-buttons is-layout-flex wp-block-buttons-is-layout-flex\">\n<div class=\"wp-block-button\"><a class=\"wp-block-button__link wp-element-button\" href=\"http:\/\/www.dambachhaus.de\/\" target=\"_blank\" rel=\"noreferrer noopener\">Mai\u00adson de Dammbach&nbsp;\u00bb<\/a><\/div>\n<\/div>\n\n<p>Un bon point de d\u00e9part est le par\u00adking de la place Hexen\u00adtanz \u00e0&nbsp;Thale. Tu suis le che\u00admin jus\u00adqu\u2019au parc ani\u00adma\u00adlier et tu marches ensuite sur un sen\u00adtier bali\u00ads\u00e9 pen\u00addant envi\u00adron 3&nbsp;km en direc\u00adtion de la mai\u00adson Damm\u00adbach et du monu\u00adment&nbsp;Pfeil.&nbsp;<\/p>\n","protected":false},"excerpt":{"rendered":"<p>Le monu\u00adment Pfeil (470&nbsp;m&nbsp;au-des\u00adsus du niveau de la mer) se trouve entre Thale et Frie\u00addrichs\u00adbrunn et est un m\u00e9mo\u00adrial \u00e0&nbsp;Frie\u00addrich Wil\u00adhelm Leo\u00adpold Pfeil (1783 \u2013&nbsp;1853). Wil\u00adhelm Pfeil \u00e9tait un pra\u00adti\u00adcien fores\u00adtier, un scien\u00adti\u00adfique fores\u00adtier et un \u00e9cri\u00advain. Il a&nbsp;diri\u00adg\u00e9 l\u2019\u00e9\u00adcole sup\u00e9\u00adrieure de fores\u00adte\u00adrie d\u2019E\u00adbers\u00adwalde \u00e0&nbsp;par\u00adtir de 1830 et a&nbsp;publi\u00e9 24 livres et 700 trai\u00adt\u00e9s forestiers.&nbsp;[\u2026]<\/p>\n","protected":false},"author":11,"featured_media":18170,"parent":17801,"menu_order":10068,"comment_status":"closed","ping_status":"closed","template":"","meta":{"_seopress_robots_primary_cat":"","_seopress_titles_title":"","_seopress_titles_desc":"","_seopress_robots_index":"","wp_typography_post_enhancements_disabled":false,"iawp_total_views":1,"footnotes":""},"hf_cat_page":[120],"class_list":["post-18168","page","type-page","status-publish","has-post-thumbnail"],"blocksy_meta":[],"_links":{"self":[{"href":"https:\/\/www.harzer-wandernadel.de\/fr\/wp-json\/wp\/v2\/pages\/18168","targetHints":{"allow":["GET"]}}],"collection":[{"href":"https:\/\/www.harzer-wandernadel.de\/fr\/wp-json\/wp\/v2\/pages"}],"about":[{"href":"https:\/\/www.harzer-wandernadel.de\/fr\/wp-json\/wp\/v2\/types\/page"}],"author":[{"embeddable":true,"href":"https:\/\/www.harzer-wandernadel.de\/fr\/wp-json\/wp\/v2\/users\/11"}],"replies":[{"embeddable":true,"href":"https:\/\/www.harzer-wandernadel.de\/fr\/wp-json\/wp\/v2\/comments?post=18168"}],"version-history":[{"count":1,"href":"https:\/\/www.harzer-wandernadel.de\/fr\/wp-json\/wp\/v2\/pages\/18168\/revisions"}],"predecessor-version":[{"id":18171,"href":"https:\/\/www.harzer-wandernadel.de\/fr\/wp-json\/wp\/v2\/pages\/18168\/revisions\/18171"}],"up":[{"embeddable":true,"href":"https:\/\/www.harzer-wandernadel.de\/fr\/wp-json\/wp\/v2\/pages\/17801"}],"wp:featuredmedia":[{"embeddable":true,"href":"https:\/\/www.harzer-wandernadel.de\/fr\/wp-json\/wp\/v2\/media\/18170"}],"wp:attachment":[{"href":"https:\/\/www.harzer-wandernadel.de\/fr\/wp-json\/wp\/v2\/media?parent=18168"}],"wp:term":[{"taxonomy":"hf_cat_page","embeddable":true,"href":"https:\/\/www.harzer-wandernadel.de\/fr\/wp-json\/wp\/v2\/hf_cat_page?post=18168"}],"curies":[{"name":"wp","href":"https:\/\/api.w.org\/{rel}","templated":true}]}}