{"id":18157,"date":"2016-02-18T11:55:27","date_gmt":"2016-02-18T10:55:27","guid":{"rendered":"https:\/\/www.harzer-wandernadel.de\/pointage\/carte-generale\/pointage-193-source-dacier\/"},"modified":"2026-01-29T12:48:17","modified_gmt":"2026-01-29T11:48:17","slug":"pointage-193-source-dacier","status":"publish","type":"page","link":"https:\/\/www.harzer-wandernadel.de\/fr\/pointage\/carte-generale\/pointage-193-source-dacier\/","title":{"rendered":"Pointage 193 \/ Source d\u2019acier"},"content":{"rendered":"\n<h2 class=\"wp-block-heading\">Cette source fortement ferrugineuse a&nbsp;\u00e9t\u00e9 d\u00e9couverte en 1926 par l\u2019alpiniste en chef W. Bock (1858\u20131933) et se trouve au-dessus de la vall\u00e9e de la \u00ab&nbsp;Schmalen Wipper&nbsp;\u00bb sur le Wipperberg.<\/h2>\n\n<div class=\"wp-block-stackable-image alignwide stk-block-image stk-block stk-89e1006\" data-block-id=\"89e1006\"><style>.stk-89e1006 {margin-top:3% !important;margin-bottom:3% !important;}<\/style><figure><span class=\"stk-img-wrapper stk-image--shape-stretch stk--has-lightbox\"><img decoding=\"async\" width=\"1440\" height=\"1080\" src=\"https:\/\/www.harzer-wandernadel.de\/wp-content\/uploads\/2016\/02\/HWN-Stahlquelle-Eileen.jpg\" class=\"attachment-full size-full wp-post-image\" alt=\"Vieille fontaine en pierre dans la for\u00eat avec de l'eau courante\" srcset=\"https:\/\/www.harzer-wandernadel.de\/wp-content\/uploads\/2016\/02\/HWN-Stahlquelle-Eileen.jpg 1440w, https:\/\/www.harzer-wandernadel.de\/wp-content\/uploads\/2016\/02\/HWN-Stahlquelle-Eileen-300x225.jpg 300w, https:\/\/www.harzer-wandernadel.de\/wp-content\/uploads\/2016\/02\/HWN-Stahlquelle-Eileen-768x576.jpg 768w, https:\/\/www.harzer-wandernadel.de\/wp-content\/uploads\/2016\/02\/HWN-Stahlquelle-Eileen-1024x768.jpg 1024w, https:\/\/www.harzer-wandernadel.de\/wp-content\/uploads\/2016\/02\/HWN-Stahlquelle-Eileen-250x188.jpg 250w, https:\/\/www.harzer-wandernadel.de\/wp-content\/uploads\/2016\/02\/HWN-Stahlquelle-Eileen-624x468.jpg 624w\" sizes=\"(max-width: 1440px) 100vw, 1440px\"><\/span><\/figure><\/div>\n\n<p>Depuis 1910, Neu\u00addorf est un lieu de vacances recon\u00adnu et appr\u00e9\u00adci\u00e9. Le vil\u00adlage est situ\u00e9 sur un haut pla\u00adteau \u00e0&nbsp;envi\u00adron 440 m\u00e8tres au-des\u00adsus du niveau de la mer, dans la zone de la source de la rivi\u00e8re Schma\u00adlen Wip\u00adper. La \u00ab&nbsp;source d\u2019a\u00adcier&nbsp;\u00bb a&nbsp;\u00e9t\u00e9 am\u00e9\u00adna\u00adg\u00e9e pour le tou\u00adrisme en 1931 et a&nbsp;contri\u00adbu\u00e9 \u00e0&nbsp;la bonne r\u00e9pu\u00adta\u00adtion de Neu\u00addorf en tant que lieu de vill\u00e9giature.&nbsp;<\/p>\n\n<p>Sur le cir\u00adcuit de ran\u00addon\u00adn\u00e9e mini\u00e8re de Neu\u00addorf, qui pr\u00e9\u00adsente sur envi\u00adron 15&nbsp;km l\u2019his\u00adtoire mini\u00e8re de plus de 600 ans dans la r\u00e9gion de Neu\u00addorf, on arrive \u00e0&nbsp;la source d\u2019a\u00adcier en pas\u00adsant par ce qu\u2019on appelle la \u00ab&nbsp;Men\u00adschen\u00adtrappe&nbsp;\u00bb. On dit que les femmes au beurre de Dan\u00adke\u00adrode emprun\u00adtaient ce che\u00admin creux escar\u00adp\u00e9 en reve\u00adnant du mar\u00adch\u00e9 de Quedlinburg.&nbsp;<\/p>\n\n<p>Le sen\u00adtier de d\u00e9cou\u00adverte de l\u2019ex\u00adploi\u00adta\u00adtion mini\u00e8re conti\u00adnue en pas\u00adsant par l\u2019\u00e9\u00adtang du diable, l\u2019u\u00adsine sid\u00e9\u00adrur\u00adgique F\u00fcrst-Vik\u00adtor, l\u2019\u00e9\u00adtang Birn\u00adbaum, l\u2019ins\u00adtal\u00adla\u00adtion d\u2019art aqua\u00adtique <a href=\"https:\/\/www.harzer-wandernadel.de\/stempelstellen\/uebersichtskarte\/stempelstelle-194-hellergrund\/\" data-type=\"page\" data-id=\"878\">Hel\u00adler\u00adgrund HWN 194<\/a>, jus\u00adqu\u2019\u00e0 la <a href=\"https:\/\/www.harzer-wandernadel.de\/stempelstellen\/uebersichtskarte\/stempelstelle-175-schaubergwerk-glasebach\/\" data-type=\"page\" data-id=\"1236\">mine de d\u00e9mons\u00adtra\u00adtion Gla\u00adse\u00adbach HWN 175<\/a>.<\/p>\n\n<p>Si tu ne veux faire que la ran\u00addon\u00adn\u00e9e de la source d\u2019a\u00adcier, tu peux com\u00admen\u00adcer le tour \u00e0&nbsp;par\u00adtir du petit par\u00adking sur la route de Neu\u00addorf \u00e0&nbsp;Dankerode.<\/p>\n","protected":false},"excerpt":{"rendered":"<p>Cette source for\u00adte\u00adment fer\u00adru\u00adgi\u00adneuse a&nbsp;\u00e9t\u00e9 d\u00e9cou\u00adverte en 1926 par l\u2019alpiniste en chef W. Bock (1858\u20131933) et se trouve au-des\u00adsus de la val\u00adl\u00e9e de la \u00ab&nbsp;Schma\u00adlen Wip\u00adper&nbsp;\u00bb sur le Wip\u00adper\u00adberg. Depuis 1910, Neu\u00addorf est un lieu de vacances recon\u00adnu et appr\u00e9\u00adci\u00e9. Le vil\u00adlage est situ\u00e9 sur un haut pla\u00adteau \u00e0&nbsp;envi\u00adron 440 m\u00e8tres au-des\u00ad\u00adsus du niveau de&nbsp;[\u2026]<\/p>\n","protected":false},"author":11,"featured_media":18161,"parent":17801,"menu_order":10193,"comment_status":"closed","ping_status":"closed","template":"","meta":{"_seopress_robots_primary_cat":"","_seopress_titles_title":"","_seopress_titles_desc":"","_seopress_robots_index":"","wp_typography_post_enhancements_disabled":false,"iawp_total_views":0,"footnotes":""},"hf_cat_page":[120],"class_list":["post-18157","page","type-page","status-publish","has-post-thumbnail"],"blocksy_meta":[],"_links":{"self":[{"href":"https:\/\/www.harzer-wandernadel.de\/fr\/wp-json\/wp\/v2\/pages\/18157","targetHints":{"allow":["GET"]}}],"collection":[{"href":"https:\/\/www.harzer-wandernadel.de\/fr\/wp-json\/wp\/v2\/pages"}],"about":[{"href":"https:\/\/www.harzer-wandernadel.de\/fr\/wp-json\/wp\/v2\/types\/page"}],"author":[{"embeddable":true,"href":"https:\/\/www.harzer-wandernadel.de\/fr\/wp-json\/wp\/v2\/users\/11"}],"replies":[{"embeddable":true,"href":"https:\/\/www.harzer-wandernadel.de\/fr\/wp-json\/wp\/v2\/comments?post=18157"}],"version-history":[{"count":1,"href":"https:\/\/www.harzer-wandernadel.de\/fr\/wp-json\/wp\/v2\/pages\/18157\/revisions"}],"predecessor-version":[{"id":18163,"href":"https:\/\/www.harzer-wandernadel.de\/fr\/wp-json\/wp\/v2\/pages\/18157\/revisions\/18163"}],"up":[{"embeddable":true,"href":"https:\/\/www.harzer-wandernadel.de\/fr\/wp-json\/wp\/v2\/pages\/17801"}],"wp:featuredmedia":[{"embeddable":true,"href":"https:\/\/www.harzer-wandernadel.de\/fr\/wp-json\/wp\/v2\/media\/18161"}],"wp:attachment":[{"href":"https:\/\/www.harzer-wandernadel.de\/fr\/wp-json\/wp\/v2\/media?parent=18157"}],"wp:term":[{"taxonomy":"hf_cat_page","embeddable":true,"href":"https:\/\/www.harzer-wandernadel.de\/fr\/wp-json\/wp\/v2\/hf_cat_page?post=18157"}],"curies":[{"name":"wp","href":"https:\/\/api.w.org\/{rel}","templated":true}]}}