{"id":18156,"date":"2016-02-18T11:57:23","date_gmt":"2016-02-18T10:57:23","guid":{"rendered":"https:\/\/www.harzer-wandernadel.de\/pointage\/carte-generale\/pointage-192-four-a-platre-historique\/"},"modified":"2026-01-29T12:48:18","modified_gmt":"2026-01-29T11:48:18","slug":"pointage-192-four-a-platre-historique","status":"publish","type":"page","link":"https:\/\/www.harzer-wandernadel.de\/fr\/pointage\/carte-generale\/pointage-192-four-a-platre-historique\/","title":{"rendered":"Pointage 192 \/ Four \u00e0&nbsp;pl\u00e2tre historique"},"content":{"rendered":"\n<h2 class=\"wp-block-heading\">Le four \u00e0&nbsp;pl\u00e2tre historique se trouve \u00e0&nbsp;l\u2019ouest de Neuhof sur le sentier \u00e9ducatif autour des ch\u00eanes de grue et a&nbsp;\u00e9t\u00e9 mis en service pour la premi\u00e8re fois le 21 octobre 2006.<\/h2>\n\n<div class=\"wp-block-stackable-image alignwide stk-block-image stk-block stk-89e1006\" data-block-id=\"89e1006\"><style>.stk-89e1006 {margin-top:3% !important;margin-bottom:3% !important;}<\/style><figure><span class=\"stk-img-wrapper stk-image--shape-stretch stk--has-lightbox\"><img decoding=\"async\" width=\"960\" height=\"540\" src=\"https:\/\/www.harzer-wandernadel.de\/wp-content\/uploads\/2016\/02\/Gipsbrennofen-2.jpg\" class=\"attachment-full size-full wp-post-image\" alt srcset=\"https:\/\/www.harzer-wandernadel.de\/wp-content\/uploads\/2016\/02\/Gipsbrennofen-2.jpg 960w, https:\/\/www.harzer-wandernadel.de\/wp-content\/uploads\/2016\/02\/Gipsbrennofen-2-300x169.jpg 300w, https:\/\/www.harzer-wandernadel.de\/wp-content\/uploads\/2016\/02\/Gipsbrennofen-2-768x432.jpg 768w, https:\/\/www.harzer-wandernadel.de\/wp-content\/uploads\/2016\/02\/Gipsbrennofen-2-250x141.jpg 250w, https:\/\/www.harzer-wandernadel.de\/wp-content\/uploads\/2016\/02\/Gipsbrennofen-2-624x351.jpg 624w\" sizes=\"(max-width: 960px) 100vw, 960px\"><\/span><\/figure><\/div>\n\n<p>Ces prai\u00adries, qui appar\u00adte\u00adnaient \u00e0&nbsp;l\u2019o\u00adri\u00adgine \u00e0&nbsp;Sach\u00adsa, ont \u00e9t\u00e9 ven\u00addues en 1238 au monas\u00adt\u00e8re de Wal\u00adken\u00adried situ\u00e9 \u00e0&nbsp;proximit\u00e9.<\/p>\n\n<p>Les moines du monas\u00adt\u00e8re y&nbsp;cr\u00e9aient des \u00e9tangs pour leur auto\u00adsuf\u00adfi\u00adsance en pois\u00adsons, car ils ne man\u00adgeaient pas de viande. Le monas\u00adt\u00e8re a&nbsp;recons\u00adtruit le vil\u00adlage de Neu\u00adhof, tom\u00adb\u00e9 en d\u00e9so\u00adla\u00adtion lors des luttes de pou\u00advoir entre les comtes de Klet\u00adten\u00adberg et de Hohn\u00adstein, pour en faire une exploi\u00adta\u00adtion \u00e9co\u00adno\u00admique juste devant les portes du monast\u00e8re.&nbsp;<\/p>\n\n<p>En rai\u00adson de la dimi\u00adnu\u00adtion de la popu\u00adla\u00adtion aux 13\u00e8me et 14\u00e8me si\u00e8cles, le nombre de fr\u00e8res la\u00efcs a&nbsp;\u00e9ga\u00adle\u00adment dimi\u00adnu\u00e9 et les terres agri\u00adcoles ont \u00e9t\u00e9 culti\u00adv\u00e9es par des pay\u00adsans qui payaient un loyer au monas\u00adt\u00e8re et vivaient \u00e0&nbsp;Neu\u00adhof.<br>Apr\u00e8s le d\u00e9part du monas\u00adt\u00e8re en 1668, le duc de Braun\u00adsch\u00adweig a&nbsp;h\u00e9ri\u00adt\u00e9 des biens du monas\u00adt\u00e8re et les a&nbsp;int\u00e9\u00adgr\u00e9s dans une fon\u00adda\u00adtion. Aujourd\u2019\u00adhui encore, de nom\u00adbreuses terres appar\u00adtiennent au monas\u00adt\u00e8re de Braunschweig.&nbsp;<\/p>\n\n<p>Le sen\u00adtier didac\u00adtique des \u00e9tangs de grues de 3&nbsp;km part de la mai\u00adson com\u00admu\u00adnale du vil\u00adlage et fait le tour des trois \u00e9tangs reli\u00e9s entre eux. Le monu\u00adment natu\u00adrel Pries\u00adter\u00adstein et le four \u00e0&nbsp;pl\u00e2tre his\u00adto\u00adrique se trouvent sur le chemin.&nbsp;<\/p>\n\n<div class=\"wp-block-buttons is-layout-flex wp-block-buttons-is-layout-flex\">\n<div class=\"wp-block-button\"><a class=\"wp-block-button__link wp-element-button\" href=\"http:\/\/harzer-bergwald.de\/index.php\/wandertouren\/romantiktouren\/47-das-chamaeleon-walkenried\">Sug\u00adges\u00adtion de cir\u00adcuit For\u00eat de mon\u00adtagne du&nbsp;Harz<\/a><\/div>\n<\/div>\n","protected":false},"excerpt":{"rendered":"<p>Le four \u00e0&nbsp;pl\u00e2tre his\u00adto\u00adrique se trouve \u00e0&nbsp;l\u2019ouest de Neu\u00adhof sur le sen\u00adtier \u00e9du\u00adca\u00adtif autour des ch\u00eanes de grue et a&nbsp;\u00e9t\u00e9 mis en ser\u00advice pour la pre\u00admi\u00e8re fois le 21 octobre 2006. Ces prai\u00adries, qui appar\u00adte\u00adnaient \u00e0&nbsp;l\u2019o\u00adri\u00adgine \u00e0&nbsp;Sach\u00adsa, ont \u00e9t\u00e9 ven\u00addues en 1238 au monas\u00adt\u00e8re de Wal\u00adken\u00adried situ\u00e9 \u00e0&nbsp;proxi\u00admi\u00adt\u00e9. Les moines du monas\u00adt\u00e8re y&nbsp;cr\u00e9aient des \u00e9tangs&nbsp;[\u2026]<\/p>\n","protected":false},"author":11,"featured_media":18159,"parent":17801,"menu_order":10192,"comment_status":"closed","ping_status":"closed","template":"","meta":{"_seopress_robots_primary_cat":"","_seopress_titles_title":"","_seopress_titles_desc":"","_seopress_robots_index":"","wp_typography_post_enhancements_disabled":false,"iawp_total_views":0,"footnotes":""},"hf_cat_page":[120],"class_list":["post-18156","page","type-page","status-publish","has-post-thumbnail"],"blocksy_meta":[],"_links":{"self":[{"href":"https:\/\/www.harzer-wandernadel.de\/fr\/wp-json\/wp\/v2\/pages\/18156","targetHints":{"allow":["GET"]}}],"collection":[{"href":"https:\/\/www.harzer-wandernadel.de\/fr\/wp-json\/wp\/v2\/pages"}],"about":[{"href":"https:\/\/www.harzer-wandernadel.de\/fr\/wp-json\/wp\/v2\/types\/page"}],"author":[{"embeddable":true,"href":"https:\/\/www.harzer-wandernadel.de\/fr\/wp-json\/wp\/v2\/users\/11"}],"replies":[{"embeddable":true,"href":"https:\/\/www.harzer-wandernadel.de\/fr\/wp-json\/wp\/v2\/comments?post=18156"}],"version-history":[{"count":1,"href":"https:\/\/www.harzer-wandernadel.de\/fr\/wp-json\/wp\/v2\/pages\/18156\/revisions"}],"predecessor-version":[{"id":18162,"href":"https:\/\/www.harzer-wandernadel.de\/fr\/wp-json\/wp\/v2\/pages\/18156\/revisions\/18162"}],"up":[{"embeddable":true,"href":"https:\/\/www.harzer-wandernadel.de\/fr\/wp-json\/wp\/v2\/pages\/17801"}],"wp:featuredmedia":[{"embeddable":true,"href":"https:\/\/www.harzer-wandernadel.de\/fr\/wp-json\/wp\/v2\/media\/18159"}],"wp:attachment":[{"href":"https:\/\/www.harzer-wandernadel.de\/fr\/wp-json\/wp\/v2\/media?parent=18156"}],"wp:term":[{"taxonomy":"hf_cat_page","embeddable":true,"href":"https:\/\/www.harzer-wandernadel.de\/fr\/wp-json\/wp\/v2\/hf_cat_page?post=18156"}],"curies":[{"name":"wp","href":"https:\/\/api.w.org\/{rel}","templated":true}]}}