{"id":18138,"date":"2016-02-11T09:49:29","date_gmt":"2016-02-11T08:49:29","guid":{"rendered":"https:\/\/www.harzer-wandernadel.de\/pointage\/carte-generale\/pointage-222-sentier-educatif-minier-de-wettelrode\/"},"modified":"2026-01-29T12:47:58","modified_gmt":"2026-01-29T11:47:58","slug":"pointage-222-sentier-educatif-minier-de-wettelrode","status":"publish","type":"page","link":"https:\/\/www.harzer-wandernadel.de\/fr\/pointage\/carte-generale\/pointage-222-sentier-educatif-minier-de-wettelrode\/","title":{"rendered":"Pointage 222 \/ Sentier \u00e9ducatif minier de Wettelrode"},"content":{"rendered":"\n<h2 class=\"wp-block-heading\">Le sentier \u00e9ducatif minier de Wettelrode se trouve directement \u00e0&nbsp;c\u00f4t\u00e9 du terrain en plein air de la mine de d\u00e9monstration R\u00f6hrigschacht.<\/h2>\n\n<div class=\"wp-block-stackable-image alignwide stk-block-image stk-block stk-89e1006\" data-block-id=\"89e1006\"><style>.stk-89e1006 {margin-top:3% !important;margin-bottom:3% !important;}<\/style><figure><span class=\"stk-img-wrapper stk-image--shape-stretch stk--has-lightbox\"><img decoding=\"async\" width=\"2048\" height=\"1152\" src=\"https:\/\/www.harzer-wandernadel.de\/wp-content\/uploads\/2016\/02\/HWN-Schaubergwerk-Wettelrode.jpg\" class=\"attachment-full size-full wp-post-image\" alt=\"Plateforme Holzplattte \u00dcberdachte im Wald mit Infotafel (en anglais)\" srcset=\"https:\/\/www.harzer-wandernadel.de\/wp-content\/uploads\/2016\/02\/HWN-Schaubergwerk-Wettelrode.jpg 2048w, https:\/\/www.harzer-wandernadel.de\/wp-content\/uploads\/2016\/02\/HWN-Schaubergwerk-Wettelrode-300x169.jpg 300w, https:\/\/www.harzer-wandernadel.de\/wp-content\/uploads\/2016\/02\/HWN-Schaubergwerk-Wettelrode-768x432.jpg 768w, https:\/\/www.harzer-wandernadel.de\/wp-content\/uploads\/2016\/02\/HWN-Schaubergwerk-Wettelrode-1024x576.jpg 1024w, https:\/\/www.harzer-wandernadel.de\/wp-content\/uploads\/2016\/02\/HWN-Schaubergwerk-Wettelrode-250x141.jpg 250w, https:\/\/www.harzer-wandernadel.de\/wp-content\/uploads\/2016\/02\/HWN-Schaubergwerk-Wettelrode-624x351.jpg 624w\" sizes=\"(max-width: 2048px) 100vw, 2048px\"><\/span><\/figure><\/div>\n\n<p>Le puits de R\u00f6h\u00adrig, avec son embl\u00e8me mar\u00adquant, l\u2019un des plus anciens che\u00adva\u00adlets de trans\u00adport de puits en acier d\u2019Eu\u00adrope, se trouve au milieu du pay\u00adsage minier his\u00adto\u00adrique de l\u2019a\u00advant-pays du Harz du sud-est. En 1991, la mine de d\u00e9mons\u00adtra\u00adtion a&nbsp;\u00e9t\u00e9 ouverte, o\u00f9 les visi\u00adteurs peuvent des\u00adcendre 283 m\u00e8tres dans le puits avec un convoyeur de puits ori\u00adgi\u00adnal. Un train de mine les emm\u00e8ne ensuite sur 1000 m\u00e8tres dans un champ d\u2019ex\u00adtrac\u00adtion du 19\u00e8me si\u00e8cle, o\u00f9 des objets d\u2019ex\u00adpo\u00adsi\u00adtion montrent et expliquent l\u2019\u00e9\u00advo\u00adlu\u00adtion de l\u2019ex\u00adtrac\u00adtion depuis les d\u00e9buts jus\u00adqu\u2019\u00e0 l\u2019\u00e9\u00adpoque moderne.&nbsp;<\/p>\n\n<div class=\"wp-block-buttons is-layout-flex wp-block-buttons-is-layout-flex\">\n<div class=\"wp-block-button\"><a class=\"wp-block-button__link wp-element-button\" href=\"http:\/\/roehrigschacht.de\">Puits de tuyaux<\/a><\/div>\n<\/div>\n\n<p>Le sen\u00adtier \u00e9du\u00adca\u00adtif minier d\u2019en\u00advi\u00adron 4&nbsp;km est con\u00e7u comme un cir\u00adcuit et donne un aper\u00ad\u00e7u unique de l\u2019\u00e9\u00advo\u00adlu\u00adtion de l\u2019ex\u00adploi\u00adta\u00adtion du schiste cui\u00advreux dans les anciennes mines de la r\u00e9gion de San\u00adge\u00adrhau\u00adsen. Il consti\u00adtue donc un com\u00adpl\u00e9\u00adment pr\u00e9\u00adcieux au mus\u00e9e de la mine R\u00f6hrigschacht.&nbsp;<\/p>\n\n<p>Le vil\u00adlage de Wet\u00adtel\u00adrode a&nbsp;\u00e9t\u00e9 men\u00adtion\u00adn\u00e9 pour la pre\u00admi\u00e8re fois dans un docu\u00adment au 9\u00e8me si\u00e8cle. Le vil\u00adlage se carac\u00adt\u00e9\u00adrise par une mul\u00adti\u00adtude de petites fermes avec mai\u00adson d\u2019ha\u00adbi\u00adta\u00adtion, \u00e9table et grange. En plus de leur tra\u00advail dans la mine, les mineurs pra\u00adti\u00adquaient une petite agri\u00adcul\u00adture pour leur propre subsistance.&nbsp;<\/p>\n\n<p>Le sen\u00adtier \u00e9du\u00adca\u00adtif minier signa\u00adli\u00ads\u00e9 com\u00admence au par\u00adking devant le puits de R\u00f6h\u00adrig, qui passe aus\u00adsi en par\u00adtie par le sen\u00adtier de ran\u00addon\u00adn\u00e9e kars\u00adtique. La bo\u00eete \u00e0&nbsp;poin\u00ad\u00e7ons se trouve \u00e0&nbsp;proxi\u00admi\u00adt\u00e9 de la recons\u00adti\u00adtu\u00adtion d\u2019une situa\u00adtion sou\u00adter\u00adraine de l\u2019an\u00adcienne exploi\u00adta\u00adtion mini\u00e8re dans le  14. \u2013 15\u00e8me si\u00e8cle.<\/p>\n\n<div class=\"wp-block-buttons is-layout-flex wp-block-buttons-is-layout-flex\">\n<div class=\"wp-block-button\"><a class=\"wp-block-button__link wp-element-button\" href=\"http:\/\/harzer-bergwald.de\/index.php\/wandertouren\/abenteuertouren\/11-als-koenig-unter-tage\">Sug\u00adges\u00adtion de cir\u00adcuit For\u00eat de mon\u00adtagne du&nbsp;Harz<\/a><\/div>\n<\/div>\n\n<p>&nbsp;<\/p>\n","protected":false},"excerpt":{"rendered":"<p>Le sen\u00adtier \u00e9du\u00adca\u00adtif minier de Wet\u00adtel\u00adrode se trouve direc\u00adte\u00adment \u00e0&nbsp;c\u00f4t\u00e9 du ter\u00adrain en plein air de la mine de d\u00e9mons\u00adtra\u00adtion R\u00f6h\u00adrig\u00adschacht. Le puits de R\u00f6h\u00adrig, avec son embl\u00e8me mar\u00adquant, l\u2019un des plus anciens che\u00adva\u00adlets de trans\u00adport de puits en acier d\u2019Eu\u00adrope, se trouve au milieu du pay\u00adsage minier his\u00adto\u00adrique de l\u2019a\u00advant-pays du Harz du sud-est.&nbsp;[\u2026]<\/p>\n","protected":false},"author":1,"featured_media":18140,"parent":17801,"menu_order":10222,"comment_status":"closed","ping_status":"closed","template":"","meta":{"_seopress_robots_primary_cat":"","_seopress_titles_title":"","_seopress_titles_desc":"","_seopress_robots_index":"","wp_typography_post_enhancements_disabled":false,"iawp_total_views":0,"footnotes":""},"hf_cat_page":[120],"class_list":["post-18138","page","type-page","status-publish","has-post-thumbnail"],"blocksy_meta":[],"_links":{"self":[{"href":"https:\/\/www.harzer-wandernadel.de\/fr\/wp-json\/wp\/v2\/pages\/18138","targetHints":{"allow":["GET"]}}],"collection":[{"href":"https:\/\/www.harzer-wandernadel.de\/fr\/wp-json\/wp\/v2\/pages"}],"about":[{"href":"https:\/\/www.harzer-wandernadel.de\/fr\/wp-json\/wp\/v2\/types\/page"}],"author":[{"embeddable":true,"href":"https:\/\/www.harzer-wandernadel.de\/fr\/wp-json\/wp\/v2\/users\/1"}],"replies":[{"embeddable":true,"href":"https:\/\/www.harzer-wandernadel.de\/fr\/wp-json\/wp\/v2\/comments?post=18138"}],"version-history":[{"count":1,"href":"https:\/\/www.harzer-wandernadel.de\/fr\/wp-json\/wp\/v2\/pages\/18138\/revisions"}],"predecessor-version":[{"id":18141,"href":"https:\/\/www.harzer-wandernadel.de\/fr\/wp-json\/wp\/v2\/pages\/18138\/revisions\/18141"}],"up":[{"embeddable":true,"href":"https:\/\/www.harzer-wandernadel.de\/fr\/wp-json\/wp\/v2\/pages\/17801"}],"wp:featuredmedia":[{"embeddable":true,"href":"https:\/\/www.harzer-wandernadel.de\/fr\/wp-json\/wp\/v2\/media\/18140"}],"wp:attachment":[{"href":"https:\/\/www.harzer-wandernadel.de\/fr\/wp-json\/wp\/v2\/media?parent=18138"}],"wp:term":[{"taxonomy":"hf_cat_page","embeddable":true,"href":"https:\/\/www.harzer-wandernadel.de\/fr\/wp-json\/wp\/v2\/hf_cat_page?post=18138"}],"curies":[{"name":"wp","href":"https:\/\/api.w.org\/{rel}","templated":true}]}}