{"id":18118,"date":"2016-02-18T09:57:03","date_gmt":"2016-02-18T08:57:03","guid":{"rendered":"https:\/\/www.harzer-wandernadel.de\/pointage\/carte-generale\/pointage-56-rappbodeblick-trautenstein\/"},"modified":"2026-02-28T14:42:28","modified_gmt":"2026-02-28T13:42:28","slug":"pointage-56-rappbodeblick-trautenstein","status":"publish","type":"page","link":"https:\/\/www.harzer-wandernadel.de\/fr\/pointage\/carte-generale\/pointage-56-rappbodeblick-trautenstein\/","title":{"rendered":"Pointage 56 \/ Rappbodeblick Trautenstein"},"content":{"rendered":"\n<h2 class=\"wp-block-heading\">Le lieu de timbrage se trouve sur une route foresti\u00e8re au-dessus du barrage de l\u2019avant-barrage de Rappbode, sur le sentier des sorci\u00e8res du Harz, de Trautenstein \u00e0&nbsp;K\u00f6nigsh\u00fctte.<\/h2>\n\n<div class=\"wp-block-stackable-image alignwide stk-block-image stk-block stk-89e1006\" data-block-id=\"89e1006\"><style>.stk-89e1006 {margin-top:3% !important;margin-bottom:3% !important;}<\/style><figure><span class=\"stk-img-wrapper stk-image--shape-stretch stk--has-lightbox\"><img decoding=\"async\" width=\"3264\" height=\"1840\" src=\"https:\/\/www.harzer-wandernadel.de\/wp-content\/uploads\/2016\/02\/WP_20160609_16_31_35_Pro.jpg\" class=\"attachment-full size-full wp-post-image\" alt=\"Barrage dans la for\u00eat avec les arbres environnants\" srcset=\"https:\/\/www.harzer-wandernadel.de\/wp-content\/uploads\/2016\/02\/WP_20160609_16_31_35_Pro.jpg 3264w, https:\/\/www.harzer-wandernadel.de\/wp-content\/uploads\/2016\/02\/WP_20160609_16_31_35_Pro-300x169.jpg 300w, https:\/\/www.harzer-wandernadel.de\/wp-content\/uploads\/2016\/02\/WP_20160609_16_31_35_Pro-768x433.jpg 768w, https:\/\/www.harzer-wandernadel.de\/wp-content\/uploads\/2016\/02\/WP_20160609_16_31_35_Pro-1024x577.jpg 1024w, https:\/\/www.harzer-wandernadel.de\/wp-content\/uploads\/2016\/02\/WP_20160609_16_31_35_Pro-250x141.jpg 250w, https:\/\/www.harzer-wandernadel.de\/wp-content\/uploads\/2016\/02\/WP_20160609_16_31_35_Pro-624x352.jpg 624w\" sizes=\"(max-width: 3264px) 100vw, 3264px\"><\/span><\/figure><\/div>\n\n<p>Devant la bo\u00eete \u00e0&nbsp;tam\u00adpons, le Harzk\u00adlub Zweig\u00adve\u00adrein Trau\u00adten\u00adstein a&nbsp;ins\u00adtal\u00adl\u00e9 un banc de repos. De l\u00e0, on a&nbsp;une vue magni\u00adfique sur le bar\u00adrage de 24 m\u00e8tres de haut et de 134 m\u00e8tres de long. Les pr\u00e9-bar\u00adrages servent \u00e0&nbsp;pr\u00e9-net\u00adtoyer l\u2019eau des d\u00e9bris et des mati\u00e8res troubles. L\u2019eau est accu\u00admu\u00adl\u00e9e dans les pr\u00e9-bar\u00adrages et s\u2019\u00e9\u00adcoule ensuite par les d\u00e9ver\u00adsoirs dans le cours d\u2019eau et plus loin dans le bar\u00adrage principal.&nbsp;<\/p>\n\n<p>Le meilleur point de d\u00e9part est le par\u00adking de ran\u00addon\u00adn\u00e9e au centre de Trau\u00adten\u00adstein. Tu suis les pan\u00adneaux du Harzk\u00adlub Zweig\u00adve\u00adrein le long de la rive droite de la Rapp\u00adbode et apr\u00e8s une courte mon\u00adt\u00e9e, tu atteins le <a href=\"https:\/\/www.harzer-wandernadel.de\/stempelstellen\/uebersichtskarte\/stempelstelle-52-trageburg-am-hexenstieg\/\" data-type=\"page\" data-id=\"742\">Tra\u00adge\u00adburg HWN 52<\/a>. De l\u00e0, tu marches sur le Har\u00adzer Hexens\u00adtieg en pas\u00adsant par le bar\u00adrage, tu suis \u00e0&nbsp;droite le large che\u00admin fores\u00adtier et apr\u00e8s une courte mon\u00adt\u00e9e, tu atteins le point de pointage.&nbsp;<\/p>\n","protected":false},"excerpt":{"rendered":"<p>Le lieu de tim\u00adbrage se trouve sur une route fores\u00adti\u00e8re au-des\u00adsus du bar\u00adrage de l\u2019avant-barrage de Rapp\u00adbode, sur le sen\u00adtier des sor\u00adci\u00e8res du Harz, de Trau\u00adten\u00adstein \u00e0&nbsp;K\u00f6nig\u00adsh\u00fctte. Devant la bo\u00eete \u00e0&nbsp;tam\u00adpons, le Harzk\u00adlub Zweig\u00adve\u00adrein Trau\u00adten\u00adstein a&nbsp;ins\u00adtal\u00adl\u00e9 un banc de repos. De l\u00e0, on a&nbsp;une vue magni\u00adfique sur le bar\u00adrage de 24 m\u00e8tres de haut&nbsp;et&nbsp;[\u2026]<\/p>\n","protected":false},"author":11,"featured_media":18121,"parent":17801,"menu_order":10056,"comment_status":"closed","ping_status":"closed","template":"","meta":{"_seopress_robots_primary_cat":"","_seopress_titles_title":"","_seopress_titles_desc":"","_seopress_robots_index":"","wp_typography_post_enhancements_disabled":false,"iawp_total_views":0,"footnotes":""},"hf_cat_page":[120],"class_list":["post-18118","page","type-page","status-publish","has-post-thumbnail"],"blocksy_meta":[],"_links":{"self":[{"href":"https:\/\/www.harzer-wandernadel.de\/fr\/wp-json\/wp\/v2\/pages\/18118","targetHints":{"allow":["GET"]}}],"collection":[{"href":"https:\/\/www.harzer-wandernadel.de\/fr\/wp-json\/wp\/v2\/pages"}],"about":[{"href":"https:\/\/www.harzer-wandernadel.de\/fr\/wp-json\/wp\/v2\/types\/page"}],"author":[{"embeddable":true,"href":"https:\/\/www.harzer-wandernadel.de\/fr\/wp-json\/wp\/v2\/users\/11"}],"replies":[{"embeddable":true,"href":"https:\/\/www.harzer-wandernadel.de\/fr\/wp-json\/wp\/v2\/comments?post=18118"}],"version-history":[{"count":2,"href":"https:\/\/www.harzer-wandernadel.de\/fr\/wp-json\/wp\/v2\/pages\/18118\/revisions"}],"predecessor-version":[{"id":24780,"href":"https:\/\/www.harzer-wandernadel.de\/fr\/wp-json\/wp\/v2\/pages\/18118\/revisions\/24780"}],"up":[{"embeddable":true,"href":"https:\/\/www.harzer-wandernadel.de\/fr\/wp-json\/wp\/v2\/pages\/17801"}],"wp:featuredmedia":[{"embeddable":true,"href":"https:\/\/www.harzer-wandernadel.de\/fr\/wp-json\/wp\/v2\/media\/18121"}],"wp:attachment":[{"href":"https:\/\/www.harzer-wandernadel.de\/fr\/wp-json\/wp\/v2\/media?parent=18118"}],"wp:term":[{"taxonomy":"hf_cat_page","embeddable":true,"href":"https:\/\/www.harzer-wandernadel.de\/fr\/wp-json\/wp\/v2\/hf_cat_page?post=18118"}],"curies":[{"name":"wp","href":"https:\/\/api.w.org\/{rel}","templated":true}]}}