{"id":18113,"date":"2016-02-11T12:27:33","date_gmt":"2016-02-11T11:27:33","guid":{"rendered":"https:\/\/www.harzer-wandernadel.de\/pointage\/carte-generale\/pointage-12-achtermannshoehe\/"},"modified":"2026-02-28T14:42:09","modified_gmt":"2026-02-28T13:42:09","slug":"pointage-12-achtermannshoehe","status":"publish","type":"page","link":"https:\/\/www.harzer-wandernadel.de\/fr\/pointage\/carte-generale\/pointage-12-achtermannshoehe\/","title":{"rendered":"Pointage 12 \/ Achtermannsh\u00f6he"},"content":{"rendered":"\n<h2 class=\"wp-block-heading\">L\u2019Achtermannsh\u00f6he (926&nbsp;m&nbsp;d\u2019altitude) se trouve au nord-ouest de Braunlage et est la troisi\u00e8me plus haute montagne de Basse-Saxe et la quatri\u00e8me plus haute montagne du&nbsp;Harz.<\/h2>\n\n<div class=\"wp-block-stackable-image alignwide stk-block-image stk-block stk-89e1006\" data-block-id=\"89e1006\"><style>.stk-89e1006 {margin-top:3% !important;margin-bottom:3% !important;}<\/style><figure><span class=\"stk-img-wrapper stk-image--shape-stretch stk--has-lightbox\"><img decoding=\"async\" width=\"500\" height=\"348\" src=\"https:\/\/www.harzer-wandernadel.de\/wp-content\/uploads\/2016\/02\/Achtermann.jpg\" class=\"attachment-full size-full wp-post-image\" alt srcset=\"https:\/\/www.harzer-wandernadel.de\/wp-content\/uploads\/2016\/02\/Achtermann.jpg 500w, https:\/\/www.harzer-wandernadel.de\/wp-content\/uploads\/2016\/02\/Achtermann-300x209.jpg 300w\" sizes=\"(max-width: 500px) 100vw, 500px\"><\/span><\/figure><\/div>\n\n<p>Du som\u00admet, tu as une belle vue sur les mon\u00adtagnes du Harz, en par\u00adti\u00adcu\u00adlier sur le Bro\u00adcken et le Wurm\u00adberg. Si la visi\u00adbi\u00adli\u00adt\u00e9 est bonne, on peut m\u00eame voir la for\u00eat de Thu\u00adringe avec l\u2019Inselberg.&nbsp;<\/p>\n\n<p>Depuis l\u2019au\u00adberge K\u00f6nig\u00adskrug et depuis Oder\u00adbr\u00fcck, des che\u00admins de ran\u00addon\u00adn\u00e9e bali\u00ads\u00e9s m\u00e8nent \u00e0&nbsp;Ach\u00adter\u00admann. Le plus court mais aus\u00adsi le plus raide et le plus caillou\u00adteux est le \u00ab&nbsp;sen\u00adtier des milliards&nbsp;\u00bb.&nbsp;<\/p>\n\n<p>&nbsp;<\/p>\n\n<div class=\"wp-block-buttons is-layout-flex wp-block-buttons-is-layout-flex\">\n<div class=\"wp-block-button\"><a class=\"wp-block-button__link wp-element-button\" href=\"https:\/\/harzer-bergwald.de\/index.php\/wandertouren\/romantiktouren\/50-gipfelsturm-im-nationalpark-harz\" target=\"_blank\" rel=\"noreferrer noopener\">Sug\u00adges\u00adtion de cir\u00adcuit For\u00eat de mon\u00adtagne du&nbsp;Harz&nbsp;\u00bb<\/a><\/div>\n<\/div>\n","protected":false},"excerpt":{"rendered":"<p>L\u2019Achtermannsh\u00f6he (926&nbsp;m&nbsp;d\u2019altitude) se trouve au nord-ouest de Braun\u00adlage et est la troi\u00adsi\u00e8me plus haute mon\u00adtagne de Basse-Saxe et la qua\u00adtri\u00e8me plus haute mon\u00adtagne du&nbsp;Harz. Du som\u00admet, tu as une belle vue sur les mon\u00adtagnes du Harz, en par\u00adti\u00adcu\u00adlier sur le Bro\u00adcken et le Wurm\u00adberg. Si la visi\u00adbi\u00adli\u00adt\u00e9 est bonne, on peut m\u00eame voir la&nbsp;for\u00eat&nbsp;[\u2026]<\/p>\n","protected":false},"author":11,"featured_media":18114,"parent":17801,"menu_order":10012,"comment_status":"closed","ping_status":"closed","template":"","meta":{"_seopress_robots_primary_cat":"","_seopress_titles_title":"","_seopress_titles_desc":"D\u00e9couvre Achtermannsh\u00f6he dans le Harz : randonn\u00e9e avec vue panoramique sur Brocken, Wurmberg et, par temps clair, jusqu'\u00e0 la for\u00eat de Thuringe.","_seopress_robots_index":"","wp_typography_post_enhancements_disabled":false,"iawp_total_views":0,"footnotes":""},"hf_cat_page":[120],"class_list":["post-18113","page","type-page","status-publish","has-post-thumbnail"],"blocksy_meta":[],"_links":{"self":[{"href":"https:\/\/www.harzer-wandernadel.de\/fr\/wp-json\/wp\/v2\/pages\/18113","targetHints":{"allow":["GET"]}}],"collection":[{"href":"https:\/\/www.harzer-wandernadel.de\/fr\/wp-json\/wp\/v2\/pages"}],"about":[{"href":"https:\/\/www.harzer-wandernadel.de\/fr\/wp-json\/wp\/v2\/types\/page"}],"author":[{"embeddable":true,"href":"https:\/\/www.harzer-wandernadel.de\/fr\/wp-json\/wp\/v2\/users\/11"}],"replies":[{"embeddable":true,"href":"https:\/\/www.harzer-wandernadel.de\/fr\/wp-json\/wp\/v2\/comments?post=18113"}],"version-history":[{"count":1,"href":"https:\/\/www.harzer-wandernadel.de\/fr\/wp-json\/wp\/v2\/pages\/18113\/revisions"}],"predecessor-version":[{"id":18115,"href":"https:\/\/www.harzer-wandernadel.de\/fr\/wp-json\/wp\/v2\/pages\/18113\/revisions\/18115"}],"up":[{"embeddable":true,"href":"https:\/\/www.harzer-wandernadel.de\/fr\/wp-json\/wp\/v2\/pages\/17801"}],"wp:featuredmedia":[{"embeddable":true,"href":"https:\/\/www.harzer-wandernadel.de\/fr\/wp-json\/wp\/v2\/media\/18114"}],"wp:attachment":[{"href":"https:\/\/www.harzer-wandernadel.de\/fr\/wp-json\/wp\/v2\/media?parent=18113"}],"wp:term":[{"taxonomy":"hf_cat_page","embeddable":true,"href":"https:\/\/www.harzer-wandernadel.de\/fr\/wp-json\/wp\/v2\/hf_cat_page?post=18113"}],"curies":[{"name":"wp","href":"https:\/\/api.w.org\/{rel}","templated":true}]}}