{"id":18110,"date":"2016-02-11T12:29:32","date_gmt":"2016-02-11T11:29:32","guid":{"rendered":"https:\/\/www.harzer-wandernadel.de\/pointage\/carte-generale\/pointage-13-ahrensklint\/"},"modified":"2026-02-28T14:42:09","modified_gmt":"2026-02-28T13:42:09","slug":"pointage-13-ahrensklint","status":"publish","type":"page","link":"https:\/\/www.harzer-wandernadel.de\/fr\/pointage\/carte-generale\/pointage-13-ahrensklint\/","title":{"rendered":"Pointage 13 \/ Ahrensklint"},"content":{"rendered":"\n<h2 class=\"wp-block-heading\">Le Ahrentsklint (822&nbsp;m&nbsp;d\u2019altitude) se trouve au-dessus de Schierke, sur le Glash\u00fcttenweg.<\/h2>\n\n<div class=\"wp-block-stackable-image alignwide stk-block-image stk-block stk-89e1006\" data-block-id=\"89e1006\"><style>.stk-89e1006 {margin-top:3% !important;margin-bottom:3% !important;}<\/style><figure><span class=\"stk-img-wrapper stk-image--shape-stretch stk--has-lightbox\"><img decoding=\"async\" width=\"500\" height=\"348\" src=\"https:\/\/www.harzer-wandernadel.de\/wp-content\/uploads\/2016\/02\/Ahrensklint.jpg\" class=\"attachment-full size-full wp-post-image\" alt srcset=\"https:\/\/www.harzer-wandernadel.de\/wp-content\/uploads\/2016\/02\/Ahrensklint.jpg 500w, https:\/\/www.harzer-wandernadel.de\/wp-content\/uploads\/2016\/02\/Ahrensklint-300x209.jpg 300w\" sizes=\"(max-width: 500px) 100vw, 500px\"><\/span><\/figure><\/div>\n\n<p>Du haut de la falaise, tu as une vue pano\u00adra\u00admique impres\u00adsion\u00adnante sur le Bro\u00adcken, le Wurm\u00adberg, les Leis\u00adtenk\u00adlip\u00adpen et sur Oberschierke.<\/p>\n\n<p>Sous le nom de \u00ab&nbsp;Arnek\u00adlint&nbsp;\u00bb (rocher de l\u2019aigle), le Ahrentsk\u00adlint \u00e9tait la plus ancienne d\u00e9si\u00adgna\u00adtion d\u2019un lieu fores\u00adtier dans la r\u00e9gion de Schier\u00adker. Il appar\u00adte\u00adnait \u00e0&nbsp;la bour\u00adgeoi\u00adsie de Wer\u00adni\u00adge\u00adrode avant l\u2019an\u00adn\u00e9e&nbsp;1411.&nbsp;<\/p>\n\n<p>Le 28 jan\u00advier 1411, le comte de Stol\u00adberg Wer\u00adni\u00adge\u00adrode l\u2019a ache\u00adt\u00e9 pour \u00e9tendre son ter\u00adri\u00adtoire de chasse et de for\u00eat. A&nbsp;par\u00adtir de ce moment-l\u00e0, l\u2019Ah\u00adrenstk\u00adlint a&nbsp;fait par\u00adtie de la for\u00eat du comte et a&nbsp;\u00e9t\u00e9 le th\u00e9\u00e2tre de chasses sociales repr\u00e9\u00adsen\u00adta\u00adtives des comtes f\u00e9o\u00addaux du&nbsp;Harz.&nbsp;<\/p>\n\n<p>Schierke ou Drei Annen Hohne conviennent comme point de d\u00e9part d\u2019une ran\u00addon\u00adn\u00e9e vers le Ahrensk\u00adlint via le <a href=\"https:\/\/www.harzer-wandernadel.de\/fr\/pointage\/carte-generale\/pointage-17-trudenstein\/\" data-type=\"page\" data-id=\"534\">Tru\u00adden\u00adstein HWN 17<\/a>.<\/p>\n\n<div class=\"wp-block-buttons is-layout-flex wp-block-buttons-is-layout-flex\">\n<div class=\"wp-block-button\"><a class=\"wp-block-button__link wp-element-button\" href=\"https:\/\/harzer-bergwald.de\/index.php\/wandertouren\/abenteuertouren\/56-schierkes-klippen\" target=\"_blank\" rel=\"noreferrer noopener\">Sug\u00adges\u00adtion de cir\u00adcuit For\u00eat de mon\u00adtagne du&nbsp;Harz&nbsp;\u00bb<\/a><\/div>\n<\/div>\n","protected":false},"excerpt":{"rendered":"<p>Le Ahrentsk\u00adlint (822&nbsp;m&nbsp;d\u2019altitude) se trouve au-des\u00adsus de Schierke, sur le Gla\u00adsh\u00fct\u00adten\u00adweg. Du haut de la falaise, tu as une vue pano\u00adra\u00admique impres\u00adsion\u00adnante sur le Bro\u00adcken, le Wurm\u00adberg, les Leis\u00adtenk\u00adlip\u00adpen et sur Ober\u00adschierke. Sous le nom de \u00ab&nbsp;Arnek\u00adlint&nbsp;\u00bb (rocher de l\u2019aigle), le Ahrentsk\u00adlint \u00e9tait la plus ancienne d\u00e9si\u00adgna\u00adtion d\u2019un lieu fores\u00adtier dans la r\u00e9gion de Schierker.&nbsp;[\u2026]<\/p>\n","protected":false},"author":11,"featured_media":18111,"parent":17801,"menu_order":10013,"comment_status":"closed","ping_status":"closed","template":"","meta":{"_seopress_robots_primary_cat":"","_seopress_titles_title":"","_seopress_titles_desc":"D\u00e9couvre le Ahrentsklint pr\u00e8s de Schierke dans le Harz avec une vue panoramique \u00e0 couper le souffle. Parfait pour les randonn\u00e9es et la d\u00e9couverte de la nature. ","_seopress_robots_index":"","wp_typography_post_enhancements_disabled":false,"iawp_total_views":1,"footnotes":""},"hf_cat_page":[120],"class_list":["post-18110","page","type-page","status-publish","has-post-thumbnail"],"blocksy_meta":[],"_links":{"self":[{"href":"https:\/\/www.harzer-wandernadel.de\/fr\/wp-json\/wp\/v2\/pages\/18110","targetHints":{"allow":["GET"]}}],"collection":[{"href":"https:\/\/www.harzer-wandernadel.de\/fr\/wp-json\/wp\/v2\/pages"}],"about":[{"href":"https:\/\/www.harzer-wandernadel.de\/fr\/wp-json\/wp\/v2\/types\/page"}],"author":[{"embeddable":true,"href":"https:\/\/www.harzer-wandernadel.de\/fr\/wp-json\/wp\/v2\/users\/11"}],"replies":[{"embeddable":true,"href":"https:\/\/www.harzer-wandernadel.de\/fr\/wp-json\/wp\/v2\/comments?post=18110"}],"version-history":[{"count":2,"href":"https:\/\/www.harzer-wandernadel.de\/fr\/wp-json\/wp\/v2\/pages\/18110\/revisions"}],"predecessor-version":[{"id":24687,"href":"https:\/\/www.harzer-wandernadel.de\/fr\/wp-json\/wp\/v2\/pages\/18110\/revisions\/24687"}],"up":[{"embeddable":true,"href":"https:\/\/www.harzer-wandernadel.de\/fr\/wp-json\/wp\/v2\/pages\/17801"}],"wp:featuredmedia":[{"embeddable":true,"href":"https:\/\/www.harzer-wandernadel.de\/fr\/wp-json\/wp\/v2\/media\/18111"}],"wp:attachment":[{"href":"https:\/\/www.harzer-wandernadel.de\/fr\/wp-json\/wp\/v2\/media?parent=18110"}],"wp:term":[{"taxonomy":"hf_cat_page","embeddable":true,"href":"https:\/\/www.harzer-wandernadel.de\/fr\/wp-json\/wp\/v2\/hf_cat_page?post=18110"}],"curies":[{"name":"wp","href":"https:\/\/api.w.org\/{rel}","templated":true}]}}