{"id":18102,"date":"2016-02-16T14:27:35","date_gmt":"2016-02-16T13:27:35","guid":{"rendered":"https:\/\/www.harzer-wandernadel.de\/pointage\/carte-generale\/pointage-35-gasthaus-armeleuteberg\/"},"modified":"2026-02-28T14:42:18","modified_gmt":"2026-02-28T13:42:18","slug":"pointage-35-gasthaus-armeleuteberg","status":"publish","type":"page","link":"https:\/\/www.harzer-wandernadel.de\/fr\/pointage\/carte-generale\/pointage-35-gasthaus-armeleuteberg\/","title":{"rendered":"Pointage 35 \/ Gasthaus Armeleuteberg"},"content":{"rendered":"\n<h2 class=\"wp-block-heading\">L\u2019auberge Armeleuteberg se trouve au-dessus de Wernigerode, accessible via la Salzbergstra\u00dfe et le parking de randonn\u00e9e F\u00f6rsterplatz.<\/h2>\n\n<div class=\"wp-block-stackable-image alignwide stk-block-image stk-block stk-89e1006\" data-block-id=\"89e1006\"><style>.stk-89e1006 {margin-top:3% !important;margin-bottom:3% !important;}<\/style><figure><span class=\"stk-img-wrapper stk-image--shape-stretch stk--has-lightbox\"><img decoding=\"async\" width=\"800\" height=\"600\" src=\"https:\/\/www.harzer-wandernadel.de\/wp-content\/uploads\/2016\/02\/Armeleuteberg1.jpg\" class=\"attachment-full size-full wp-post-image\" alt=\"Confortable jardin de bi\u00e8re avec des tables en bois et des parasols\" srcset=\"https:\/\/www.harzer-wandernadel.de\/wp-content\/uploads\/2016\/02\/Armeleuteberg1.jpg 800w, https:\/\/www.harzer-wandernadel.de\/wp-content\/uploads\/2016\/02\/Armeleuteberg1-300x225.jpg 300w, https:\/\/www.harzer-wandernadel.de\/wp-content\/uploads\/2016\/02\/Armeleuteberg1-768x576.jpg 768w, https:\/\/www.harzer-wandernadel.de\/wp-content\/uploads\/2016\/02\/Armeleuteberg1-250x188.jpg 250w, https:\/\/www.harzer-wandernadel.de\/wp-content\/uploads\/2016\/02\/Armeleuteberg1-624x468.jpg 624w\" sizes=\"(max-width: 800px) 100vw, 800px\"><\/span><\/figure><\/div>\n\n<p>Le 1er mai 1464, le comte Hein\u00adrich zu Stol\u00adberg et la ville de Wer\u00adni\u00adge\u00adrode ont fait don de la mon\u00adtagne Peters\u00adberg, haute de 478 m\u00e8tres, de leur pro\u00adpri\u00e9\u00adt\u00e9 fores\u00adti\u00e8re \u00e0&nbsp;l\u2019h\u00f4\u00adpi\u00adtal St. Geor\u00adgii de Wer\u00adni\u00adge\u00adrode. La nou\u00advelle pro\u00adpri\u00e9\u00adt\u00e9 de la mon\u00adtagne a&nbsp;pro\u00adfi\u00adt\u00e9 aux nom\u00adbreux malades pauvres, dont cer\u00adtains \u00e9taient \u00e9ga\u00adle\u00adment atteints de la l\u00e8pre. Tr\u00e8s vite, le nom de la mon\u00adtagne, aupa\u00adra\u00advant d\u00e9di\u00e9e \u00e0&nbsp;Saint Pierre, devint popu\u00adlai\u00adre\u00adment \u00ab&nbsp;der arme Lude holt&nbsp;\u00bb et, \u00e0&nbsp;par\u00adtir de 1671, \u00ab&nbsp;Armeleuteberg&nbsp;\u00bb.&nbsp;<\/p>\n\n<p>Apr\u00e8s l\u2019ins\u00adtal\u00adla\u00adtion de la fon\u00adtaine en 1905 sur la place F\u00f6rs\u00adter, o\u00f9 se trouve la mai\u00adson fores\u00adti\u00e8re depuis 1928, le fabri\u00adcant de fon\u00adtaines acides Karl Ermisch a&nbsp;fait construire une mai\u00adson qui a&nbsp;\u00e9t\u00e9 ouverte le 20 mai 1906 sous le nom de \u00ab&nbsp;Ber\u00adgho\u00adtel Arme\u00adleu\u00adte\u00adberg&nbsp;\u00bb avec un res\u00adtau\u00adrant et six chambres d\u2019h\u00f4tes.<\/p>\n\n<div class=\"wp-block-buttons is-layout-flex wp-block-buttons-is-layout-flex\">\n<div class=\"wp-block-button\"><a class=\"wp-block-button__link wp-element-button\" href=\"https:\/\/www.armeleuteberg.de\/\" target=\"_blank\" rel=\"noreferrer noopener\">La mon\u00adtagne des pauvres&nbsp;\u00bb<\/a><\/div>\n<\/div>\n\n<p>Depuis 1990, l\u2019au\u00adberge de mon\u00adtagne est une pro\u00adpri\u00e9\u00adt\u00e9 fami\u00adliale et pro\u00adpose des plats et des bois\u00adsons typiques du Harz dans une ambiance soi\u00adgn\u00e9e. A&nbsp;l\u2019i\u00adni\u00adtia\u00adtive de l\u2019au\u00adber\u00adgiste de Arme\u00adleu\u00adte\u00adberg, Chris Krebs, le \u00ab&nbsp;che\u00admin des contes de f\u00e9es de Wer\u00adni\u00adge\u00adrode&nbsp;\u00bb a&nbsp;\u00e9t\u00e9 cr\u00e9\u00e9.&nbsp;<\/p>\n\n<p>A huit sta\u00adtions, des pan\u00adneaux avec des ques\u00adtions mys\u00adt\u00e8res font r\u00e9f\u00e9\u00adrence \u00e0&nbsp;des l\u00e9gendes et des contes connus. Sur les traces de Rai\u00adponce, Han\u00adsel et Gre\u00adtel et com\u00adpa\u00adgnie, les enfants peuvent col\u00adlec\u00adter des infor\u00adma\u00adtions impor\u00adtantes sur la nature et la faune dans la for\u00eat de Wer\u00adni\u00adge\u00adrode, qui contri\u00adbuent cha\u00adcune \u00e0&nbsp;la r\u00e9so\u00adlu\u00adtion d\u2019une \u00e9nigme.&nbsp;<\/p>\n\n<p>Le sen\u00adtier des contes de f\u00e9es m\u00e8ne par monts et par vaux, en com\u00admen\u00ad\u00e7ant par le parc de vacances Has\u00adser\u00f6\u00adder, en tra\u00adver\u00adsant de mani\u00e8re roman\u00adtique la for\u00eat fer\u00adm\u00e9e, en lon\u00adgeant le cours d\u2019eau de la \u00ab&nbsp;Nes\u00adsel&nbsp;\u00bb, en mon\u00adtant jus\u00adqu\u2019\u00e0 la prai\u00adrie de la \u00ab&nbsp;Hosen\u00adbein&nbsp;\u00bb, typique du Harz. Il croise ensuite la place du garde fores\u00adtier en des\u00adsous de l\u2019au\u00adberge fores\u00adti\u00e8re \u00ab&nbsp;Arme\u00adleu\u00adte\u00adberg&nbsp;\u00bb et se ter\u00admine fina\u00adle\u00adment \u00e0&nbsp;la tour de l\u2019empereur \u2013 \u00e0&nbsp;478 m\u00e8tres d\u2019al\u00adti\u00adtude, le point le plus haut du sen\u00adtier des contes.&nbsp;<\/p>\n\n<p>En r\u00e9com\u00adpense, les enfants rece\u00advront une sur\u00adprise et un tam\u00adpon sp\u00e9\u00adcial de l\u2019ai\u00adguille de ran\u00addon\u00adn\u00e9e du Harz \u00e0&nbsp;l\u2019au\u00adberge fores\u00adti\u00e8re \u00ab&nbsp;Armeleuteberg&nbsp;\u00bb.<\/p>\n","protected":false},"excerpt":{"rendered":"<p>L\u2019auberge Arme\u00adleu\u00adte\u00adberg se trouve au-des\u00adsus de Wer\u00adni\u00adge\u00adrode, acces\u00adsible via la Salz\u00adberg\u00adstra\u00dfe et le par\u00adking de ran\u00addon\u00adn\u00e9e F\u00f6rs\u00adter\u00adplatz. Le 1er mai 1464, le comte Hein\u00adrich zu Stol\u00adberg et la ville de Wer\u00adni\u00adge\u00adrode ont fait don de la mon\u00adtagne Peters\u00adberg, haute de 478 m\u00e8tres, de leur pro\u00adpri\u00e9\u00adt\u00e9 fores\u00adti\u00e8re \u00e0&nbsp;l\u2019h\u00f4\u00adpi\u00adtal St. Geor\u00adgii de Wer\u00adni\u00adge\u00adrode. La nou\u00advelle pro\u00adpri\u00e9\u00adt\u00e9&nbsp;de&nbsp;[\u2026]<\/p>\n","protected":false},"author":11,"featured_media":18104,"parent":17801,"menu_order":10035,"comment_status":"closed","ping_status":"closed","template":"","meta":{"_seopress_robots_primary_cat":"","_seopress_titles_title":"","_seopress_titles_desc":"","_seopress_robots_index":"","wp_typography_post_enhancements_disabled":false,"iawp_total_views":1,"footnotes":""},"hf_cat_page":[120],"class_list":["post-18102","page","type-page","status-publish","has-post-thumbnail"],"blocksy_meta":[],"_links":{"self":[{"href":"https:\/\/www.harzer-wandernadel.de\/fr\/wp-json\/wp\/v2\/pages\/18102","targetHints":{"allow":["GET"]}}],"collection":[{"href":"https:\/\/www.harzer-wandernadel.de\/fr\/wp-json\/wp\/v2\/pages"}],"about":[{"href":"https:\/\/www.harzer-wandernadel.de\/fr\/wp-json\/wp\/v2\/types\/page"}],"author":[{"embeddable":true,"href":"https:\/\/www.harzer-wandernadel.de\/fr\/wp-json\/wp\/v2\/users\/11"}],"replies":[{"embeddable":true,"href":"https:\/\/www.harzer-wandernadel.de\/fr\/wp-json\/wp\/v2\/comments?post=18102"}],"version-history":[{"count":1,"href":"https:\/\/www.harzer-wandernadel.de\/fr\/wp-json\/wp\/v2\/pages\/18102\/revisions"}],"predecessor-version":[{"id":18106,"href":"https:\/\/www.harzer-wandernadel.de\/fr\/wp-json\/wp\/v2\/pages\/18102\/revisions\/18106"}],"up":[{"embeddable":true,"href":"https:\/\/www.harzer-wandernadel.de\/fr\/wp-json\/wp\/v2\/pages\/17801"}],"wp:featuredmedia":[{"embeddable":true,"href":"https:\/\/www.harzer-wandernadel.de\/fr\/wp-json\/wp\/v2\/media\/18104"}],"wp:attachment":[{"href":"https:\/\/www.harzer-wandernadel.de\/fr\/wp-json\/wp\/v2\/media?parent=18102"}],"wp:term":[{"taxonomy":"hf_cat_page","embeddable":true,"href":"https:\/\/www.harzer-wandernadel.de\/fr\/wp-json\/wp\/v2\/hf_cat_page?post=18102"}],"curies":[{"name":"wp","href":"https:\/\/api.w.org\/{rel}","templated":true}]}}