{"id":18092,"date":"2016-02-16T14:30:16","date_gmt":"2016-02-16T13:30:16","guid":{"rendered":"https:\/\/www.harzer-wandernadel.de\/pointage\/carte-generale\/pointage-36-peterstein\/"},"modified":"2026-02-28T14:42:19","modified_gmt":"2026-02-28T13:42:19","slug":"pointage-36-peterstein","status":"publish","type":"page","link":"https:\/\/www.harzer-wandernadel.de\/fr\/pointage\/carte-generale\/pointage-36-peterstein\/","title":{"rendered":"Pointage 36 \/ Peterstein"},"content":{"rendered":"\n<h2 class=\"wp-block-heading\">Le Peterstein (465 m\u00e8tres au-dessus du niveau de la mer) se trouve entre Wernigerode et Elbingerode, au-dessus du barrage de Zillierbach. Le Peterstein est un bon endroit pour se d\u00e9tendre en regardant le barrage.&nbsp;<\/h2>\n\n<div class=\"wp-block-stackable-image alignwide stk-block-image stk-block stk-89e1006\" data-block-id=\"89e1006\"><style>.stk-89e1006 {margin-top:3% !important;margin-bottom:3% !important;}<\/style><figure><span class=\"stk-img-wrapper stk-image--shape-stretch stk--has-lightbox\"><img decoding=\"async\" width=\"960\" height=\"640\" src=\"https:\/\/www.harzer-wandernadel.de\/wp-content\/uploads\/2016\/02\/HWN-Peterstein.jpg\" class=\"attachment-full size-full wp-post-image\" alt=\"Vue sur Waldsee avec le barrage\" srcset=\"https:\/\/www.harzer-wandernadel.de\/wp-content\/uploads\/2016\/02\/HWN-Peterstein.jpg 960w, https:\/\/www.harzer-wandernadel.de\/wp-content\/uploads\/2016\/02\/HWN-Peterstein-300x200.jpg 300w, https:\/\/www.harzer-wandernadel.de\/wp-content\/uploads\/2016\/02\/HWN-Peterstein-768x512.jpg 768w, https:\/\/www.harzer-wandernadel.de\/wp-content\/uploads\/2016\/02\/HWN-Peterstein-250x167.jpg 250w, https:\/\/www.harzer-wandernadel.de\/wp-content\/uploads\/2016\/02\/HWN-Peterstein-624x416.jpg 624w\" sizes=\"(max-width: 960px) 100vw, 960px\"><\/span><\/figure><\/div>\n\n<p>Dans le pas\u00ads\u00e9, le Zillier\u00adbach ali\u00admen\u00adtait de nom\u00adbreux mou\u00adlins jus\u00adqu\u2019\u00e0 Hal\u00adbers\u00adtadt , o\u00f9 il a&nbsp;chan\u00adg\u00e9 de nom pour deve\u00adnir Hol\u00adtemme. Cepen\u00addant, il \u00e9tait res\u00adpon\u00adsable de nom\u00adbreuses inon\u00adda\u00adtions \u00e0&nbsp;Wer\u00adni\u00adge\u00adrode, en par\u00adti\u00adcu\u00adlier au prin\u00adtemps, apr\u00e8s la fonte des neiges. C\u2019est pour\u00adquoi il a&nbsp;\u00e9t\u00e9 d\u00e9ci\u00add\u00e9 de construire un bar\u00adrage \u00e0&nbsp;cet endroit en 1931 pour la pro\u00adtec\u00adtion contre les inon\u00adda\u00adtions et l\u2019ap\u00adpro\u00advi\u00adsion\u00adne\u00adment en eau potable.&nbsp;<\/p>\n\n<p>Lors des tra\u00advaux de creu\u00adse\u00adment de ce bar\u00adrage, on a&nbsp;d\u00e9cou\u00advert un objet de cons\u00e9\u00adcra\u00adtion datant de l\u2019\u00e2ge de bronze, qui est expo\u00ads\u00e9 au mus\u00e9e local de la ville de Wernigerode.<\/p>\n\n<p>Le nom Peter\u00adstein fait r\u00e9f\u00e9\u00adrence au lieu fores\u00adtier qui se trouve der\u00adri\u00e8re, le \u00ab&nbsp;Pete\u00adrholz&nbsp;\u00bb. Cette par\u00adtie de la for\u00eat appar\u00adte\u00adnait autre\u00adfois au monas\u00adt\u00e8re b\u00e9n\u00e9\u00addic\u00adtin Saint-Pierre d\u2019Il\u00adsen\u00adburg, d\u2019o\u00f9 le nom actuel de la for\u00eat et du rocher.&nbsp;<\/p>\n\n<p>Un bon point de d\u00e9part pour une ran\u00addon\u00adn\u00e9e vers le Peter\u00adstein est le par\u00adking de ran\u00addon\u00adn\u00e9e \u00e0&nbsp;Drei Annen Hohne. De l\u00e0, il suf\u00adfit de suivre le ruis\u00adseau Zillier\u00adbach jus\u00adqu\u2019au bar\u00adrage et de conti\u00adnuer sur le che\u00admin bali\u00ads\u00e9 jus\u00adqu\u2019au Peterstein.&nbsp;<\/p>\n","protected":false},"excerpt":{"rendered":"<p>Le Peter\u00adstein (465 m\u00e8tres au-des\u00adsus du niveau de la mer) se trouve entre Wer\u00adni\u00adge\u00adrode et Elbin\u00adge\u00adrode, au-des\u00adsus du bar\u00adrage de Zillier\u00adbach. Le Peter\u00adstein est un bon endroit pour se d\u00e9tendre en regar\u00addant le bar\u00adrage.&nbsp; Dans le pas\u00ads\u00e9, le Zillier\u00adbach ali\u00admen\u00adtait de nom\u00adbreux mou\u00adlins jus\u00adqu\u2019\u00e0 Hal\u00adbers\u00adtadt , o\u00f9 il a&nbsp;chan\u00adg\u00e9 de nom pour deve\u00adnir Hol\u00adtemme. Cependant,&nbsp;[\u2026]<\/p>\n","protected":false},"author":11,"featured_media":18095,"parent":17801,"menu_order":10036,"comment_status":"closed","ping_status":"closed","template":"","meta":{"_seopress_robots_primary_cat":"","_seopress_titles_title":"","_seopress_titles_desc":"","_seopress_robots_index":"","wp_typography_post_enhancements_disabled":false,"iawp_total_views":1,"footnotes":""},"hf_cat_page":[120],"class_list":["post-18092","page","type-page","status-publish","has-post-thumbnail"],"blocksy_meta":[],"_links":{"self":[{"href":"https:\/\/www.harzer-wandernadel.de\/fr\/wp-json\/wp\/v2\/pages\/18092","targetHints":{"allow":["GET"]}}],"collection":[{"href":"https:\/\/www.harzer-wandernadel.de\/fr\/wp-json\/wp\/v2\/pages"}],"about":[{"href":"https:\/\/www.harzer-wandernadel.de\/fr\/wp-json\/wp\/v2\/types\/page"}],"author":[{"embeddable":true,"href":"https:\/\/www.harzer-wandernadel.de\/fr\/wp-json\/wp\/v2\/users\/11"}],"replies":[{"embeddable":true,"href":"https:\/\/www.harzer-wandernadel.de\/fr\/wp-json\/wp\/v2\/comments?post=18092"}],"version-history":[{"count":1,"href":"https:\/\/www.harzer-wandernadel.de\/fr\/wp-json\/wp\/v2\/pages\/18092\/revisions"}],"predecessor-version":[{"id":18096,"href":"https:\/\/www.harzer-wandernadel.de\/fr\/wp-json\/wp\/v2\/pages\/18092\/revisions\/18096"}],"up":[{"embeddable":true,"href":"https:\/\/www.harzer-wandernadel.de\/fr\/wp-json\/wp\/v2\/pages\/17801"}],"wp:featuredmedia":[{"embeddable":true,"href":"https:\/\/www.harzer-wandernadel.de\/fr\/wp-json\/wp\/v2\/media\/18095"}],"wp:attachment":[{"href":"https:\/\/www.harzer-wandernadel.de\/fr\/wp-json\/wp\/v2\/media?parent=18092"}],"wp:term":[{"taxonomy":"hf_cat_page","embeddable":true,"href":"https:\/\/www.harzer-wandernadel.de\/fr\/wp-json\/wp\/v2\/hf_cat_page?post=18092"}],"curies":[{"name":"wp","href":"https:\/\/api.w.org\/{rel}","templated":true}]}}