{"id":18076,"date":"2016-02-16T14:31:49","date_gmt":"2016-02-16T13:31:49","guid":{"rendered":"https:\/\/www.harzer-wandernadel.de\/pointage\/carte-generale\/pointage-37-buechenberg\/"},"modified":"2026-02-28T14:42:19","modified_gmt":"2026-02-28T13:42:19","slug":"pointage-37-buechenberg","status":"publish","type":"page","link":"https:\/\/www.harzer-wandernadel.de\/fr\/pointage\/carte-generale\/pointage-37-buechenberg\/","title":{"rendered":"Pointage 37 \/ B\u00fcchenberg"},"content":{"rendered":"\n<h2 class=\"wp-block-heading\">La mine de minerai de B\u00fcchenberg se trouve sur la route d\u2019Elbingerode \u00e0&nbsp;Heimburg, au-dessus de la vall\u00e9e de la&nbsp;Trek.<\/h2>\n\n<div class=\"wp-block-stackable-image alignwide stk-block-image stk-block stk-89e1006\" data-block-id=\"89e1006\"><style>.stk-89e1006 {margin-top:3% !important;margin-bottom:3% !important;}<\/style><figure><span class=\"stk-img-wrapper stk-image--shape-stretch stk--has-lightbox\"><img decoding=\"async\" width=\"3888\" height=\"2592\" src=\"https:\/\/www.harzer-wandernadel.de\/wp-content\/uploads\/2016\/02\/HWN-B\u00fcchenberg-Lader.jpg\" class=\"attachment-full size-full wp-post-image\" alt=\"Exploitation souterraine avec roche et machine mini\u00e8re\" srcset=\"https:\/\/www.harzer-wandernadel.de\/wp-content\/uploads\/2016\/02\/HWN-B\u00fcchenberg-Lader.jpg 3888w, https:\/\/www.harzer-wandernadel.de\/wp-content\/uploads\/2016\/02\/HWN-B\u00fcchenberg-Lader-300x200.jpg 300w, https:\/\/www.harzer-wandernadel.de\/wp-content\/uploads\/2016\/02\/HWN-B\u00fcchenberg-Lader-768x512.jpg 768w, https:\/\/www.harzer-wandernadel.de\/wp-content\/uploads\/2016\/02\/HWN-B\u00fcchenberg-Lader-1024x683.jpg 1024w, https:\/\/www.harzer-wandernadel.de\/wp-content\/uploads\/2016\/02\/HWN-B\u00fcchenberg-Lader-250x167.jpg 250w, https:\/\/www.harzer-wandernadel.de\/wp-content\/uploads\/2016\/02\/HWN-B\u00fcchenberg-Lader-624x416.jpg 624w\" sizes=\"(max-width: 3888px) 100vw, 3888px\"><\/span><\/figure><\/div>\n\n<p>En 75&nbsp;minutes envi\u00adron, tu d\u00e9cou\u00advri\u00adras de mani\u00e8re pro\u00adfes\u00adsion\u00adnelle et diver\u00adtis\u00adsante les condi\u00adtions dans les\u00adquelles les mineurs du Harz ont extrait le pr\u00e9\u00adcieux mine\u00adrai jus\u00adqu\u2019en 1970. En emprun\u00adtant un esca\u00adlier faci\u00adle\u00adment pra\u00adti\u00adcable, en pas\u00adsant devant les impo\u00adsantes struc\u00adtures de sou\u00adtien de ce qui \u00e9tait autre\u00adfois le plus long t\u00e9l\u00e9\u00adph\u00e9\u00adrique d\u2019Eu\u00adrope, tu arri\u00adve\u00adras au sys\u00adt\u00e8me d\u2019en\u00adtra\u00ee\u00adne\u00adment du t\u00e9l\u00e9\u00adph\u00e9\u00adrique, qui sera pr\u00e9\u00adsen\u00adt\u00e9 par des guides, tout comme les autres \u00e9qui\u00adpe\u00adments miniers qui se trouvent sous&nbsp;terre.&nbsp;<\/p>\n\n<p>Un affleu\u00adre\u00adment g\u00e9o\u00adlo\u00adgique unique en Europe, qui laisse appa\u00adra\u00eetre dif\u00adf\u00e9\u00adrents types de roches dans un espace tr\u00e8s r\u00e9duit, se pr\u00e9\u00adsente sous des cou\u00adleurs magni\u00adfiques. Un spec\u00adtacle qui ne fas\u00adcine pas seule\u00adment les visi\u00adteurs int\u00e9\u00adres\u00ads\u00e9s par la g\u00e9o\u00adlo\u00adgie. Dans la mine, tu d\u00e9cou\u00advri\u00adras d\u2019autres tech\u00adniques mini\u00e8res en pleine action. Les char\u00adgeurs a\u00e9riens, les mar\u00adteaux per\u00adfo\u00adra\u00adteurs ain\u00adsi que les grat\u00adteuses de mine\u00adrai impres\u00adsionnent non seule\u00adment par leur taille et leur poids, mais aus\u00adsi par le niveau de bruit que chaque visi\u00adteur peut exp\u00e9\u00adri\u00admen\u00adter per\u00adson\u00adnel\u00adle\u00adment ici. Toutes ces machines sont fid\u00e8les \u00e0&nbsp;l\u2019o\u00adri\u00adgi\u00adnal de B\u00fcchen\u00adberg. Immense et d\u2019un rouge pro\u00adfond, la mon\u00adtagne s\u2019ouvre et laisse entre\u00advoir ses tr\u00e9\u00adsors. Au milieu du mine\u00adrai, sur le champ d\u2019ex\u00adtrac\u00adtion, on peut admi\u00adrer les puis\u00adsants gise\u00adments de minerai.&nbsp;<\/p>\n\n<div class=\"wp-block-buttons is-layout-flex wp-block-buttons-is-layout-flex\">\n<div class=\"wp-block-button\"><a class=\"wp-block-button__link wp-element-button\" href=\"https:\/\/www.schaubergwerk-elbingerode.de\/\" target=\"_blank\" rel=\"noreferrer noopener\">Mine de d\u00e9mons\u00adtra\u00adtion d\u2019Elbingerode&nbsp;\u00bb<\/a><\/div>\n<\/div>\n\n<p>Depuis le par\u00adking des visi\u00adteurs, tu passes devant des \u00e9qui\u00adpe\u00adments miniers his\u00adto\u00adriques jus\u00adqu\u2019\u00e0 l\u2019en\u00adtr\u00e9e de la mine de d\u00e9mons\u00adtra\u00adtion. C\u2019est l\u00e0 que se trouve la bo\u00eete de tam\u00adpons sur le sen\u00adtier \u00e9du\u00adca\u00adtif de la&nbsp;mine.&nbsp;<\/p>\n","protected":false},"excerpt":{"rendered":"<p>La mine de mine\u00adrai de B\u00fcchen\u00adberg se trouve sur la route d\u2019Elbingerode \u00e0&nbsp;Heim\u00adburg, au-des\u00adsus de la val\u00adl\u00e9e de la&nbsp;Trek. En 75&nbsp;minutes envi\u00adron, tu d\u00e9cou\u00advri\u00adras de mani\u00e8re pro\u00adfes\u00adsion\u00adnelle et diver\u00adtis\u00adsante les condi\u00adtions dans les\u00adquelles les mineurs du Harz ont extrait le pr\u00e9\u00adcieux mine\u00adrai jus\u00adqu\u2019en 1970. En emprun\u00adtant un esca\u00adlier faci\u00adle\u00adment pra\u00adti\u00adcable, en pas\u00adsant devant les imposantes&nbsp;[\u2026]<\/p>\n","protected":false},"author":11,"featured_media":18078,"parent":17801,"menu_order":10037,"comment_status":"closed","ping_status":"closed","template":"","meta":{"_seopress_robots_primary_cat":"","_seopress_titles_title":"","_seopress_titles_desc":"","_seopress_robots_index":"","wp_typography_post_enhancements_disabled":false,"iawp_total_views":0,"footnotes":""},"hf_cat_page":[120],"class_list":["post-18076","page","type-page","status-publish","has-post-thumbnail"],"blocksy_meta":[],"_links":{"self":[{"href":"https:\/\/www.harzer-wandernadel.de\/fr\/wp-json\/wp\/v2\/pages\/18076","targetHints":{"allow":["GET"]}}],"collection":[{"href":"https:\/\/www.harzer-wandernadel.de\/fr\/wp-json\/wp\/v2\/pages"}],"about":[{"href":"https:\/\/www.harzer-wandernadel.de\/fr\/wp-json\/wp\/v2\/types\/page"}],"author":[{"embeddable":true,"href":"https:\/\/www.harzer-wandernadel.de\/fr\/wp-json\/wp\/v2\/users\/11"}],"replies":[{"embeddable":true,"href":"https:\/\/www.harzer-wandernadel.de\/fr\/wp-json\/wp\/v2\/comments?post=18076"}],"version-history":[{"count":1,"href":"https:\/\/www.harzer-wandernadel.de\/fr\/wp-json\/wp\/v2\/pages\/18076\/revisions"}],"predecessor-version":[{"id":18079,"href":"https:\/\/www.harzer-wandernadel.de\/fr\/wp-json\/wp\/v2\/pages\/18076\/revisions\/18079"}],"up":[{"embeddable":true,"href":"https:\/\/www.harzer-wandernadel.de\/fr\/wp-json\/wp\/v2\/pages\/17801"}],"wp:featuredmedia":[{"embeddable":true,"href":"https:\/\/www.harzer-wandernadel.de\/fr\/wp-json\/wp\/v2\/media\/18078"}],"wp:attachment":[{"href":"https:\/\/www.harzer-wandernadel.de\/fr\/wp-json\/wp\/v2\/media?parent=18076"}],"wp:term":[{"taxonomy":"hf_cat_page","embeddable":true,"href":"https:\/\/www.harzer-wandernadel.de\/fr\/wp-json\/wp\/v2\/hf_cat_page?post=18076"}],"curies":[{"name":"wp","href":"https:\/\/api.w.org\/{rel}","templated":true}]}}