{"id":18073,"date":"2016-02-17T12:55:33","date_gmt":"2016-02-17T11:55:33","guid":{"rendered":"https:\/\/www.harzer-wandernadel.de\/pointage\/carte-generale\/pointage-46-musee-de-la-frontiere-sur-lanneau-du-souvenir\/"},"modified":"2026-02-28T14:42:24","modified_gmt":"2026-02-28T13:42:24","slug":"pointage-46-musee-de-la-frontiere-sur-lanneau-du-souvenir","status":"publish","type":"page","link":"https:\/\/www.harzer-wandernadel.de\/fr\/pointage\/carte-generale\/pointage-46-musee-de-la-frontiere-sur-lanneau-du-souvenir\/","title":{"rendered":"Pointage 46 \/ Mus\u00e9e de la fronti\u00e8re sur l\u2019Anneau du souvenir"},"content":{"rendered":"\n<h2 class=\"wp-block-heading\">A la p\u00e9riph\u00e9rie de Sorge, l\u2019association \u00ab&nbsp;Grenzmuseum Sorge e.V.&nbsp;\u00bb a&nbsp;conserv\u00e9 un mus\u00e9e de la fronti\u00e8re avec un paysage frontalier. L\u2019objectif de l\u2019association est d\u2019entretenir le souvenir de la division de l\u2019Allemagne et de transmettre aux g\u00e9n\u00e9rations futures des connaissances sur cette partie de l\u2019histoire \u00e0&nbsp;l\u2019aide d\u2019objets originaux et de documents d\u2019\u00e9poque.&nbsp;<\/h2>\n\n<div class=\"wp-block-stackable-image alignwide stk-block-image stk-block stk-89e1006\" data-block-id=\"89e1006\"><style>.stk-89e1006 {margin-top:3% !important;margin-bottom:3% !important;}<\/style><figure><span class=\"stk-img-wrapper stk-image--shape-stretch stk--has-lightbox\"><img decoding=\"async\" width=\"700\" height=\"525\" src=\"https:\/\/www.harzer-wandernadel.de\/wp-content\/uploads\/2016\/02\/Grenzmuseum.jpg\" class=\"attachment-full size-full wp-post-image\" alt srcset=\"https:\/\/www.harzer-wandernadel.de\/wp-content\/uploads\/2016\/02\/Grenzmuseum.jpg 700w, https:\/\/www.harzer-wandernadel.de\/wp-content\/uploads\/2016\/02\/Grenzmuseum-300x225.jpg 300w, https:\/\/www.harzer-wandernadel.de\/wp-content\/uploads\/2016\/02\/Grenzmuseum-624x468.jpg 624w\" sizes=\"(max-width: 700px) 100vw, 700px\"><\/span><\/figure><\/div>\n\n<p>Le mus\u00e9e de la fron\u00adti\u00e8re en plein air abrite les restes de l\u2019ins\u00adtal\u00adla\u00adtion fron\u00adta\u00adli\u00e8re ori\u00adgi\u00adnale, pr\u00e9\u00adser\u00adv\u00e9e de la des\u00adtruc\u00adtion par la com\u00admune de Sorge. Un sen\u00adtier his\u00adto\u00adrique avec des pan\u00adneaux d\u2019in\u00adfor\u00adma\u00adtion, des restes des cl\u00f4\u00adtures fron\u00adta\u00adli\u00e8res I&nbsp;et II, une colonne fron\u00adta\u00adli\u00e8re, une tour d\u2019ob\u00adser\u00adva\u00adtion, un bar\u00adrage de cours d\u2019eau et un bun\u00adker en terre illus\u00adtrent le sys\u00adt\u00e8me de pro\u00adtec\u00adtion de la fronti\u00e8re.&nbsp;<\/p>\n\n<div class=\"wp-block-buttons is-layout-flex wp-block-buttons-is-layout-flex\">\n<div class=\"wp-block-button\"><a class=\"wp-block-button__link wp-element-button\" href=\"https:\/\/grenzmuseum-sorge.de\/\" target=\"_blank\" rel=\"noreferrer noopener\">Mus\u00e9e de la fron\u00adti\u00e8re de&nbsp;Sorge&nbsp;\u00bb<\/a><\/div>\n<\/div>\n\n<p>L\u2019ar\u00adtiste pay\u00adsa\u00adgiste Her\u00admann Pri\u00adgann y&nbsp;a cr\u00e9\u00e9 \u00ab&nbsp;l\u2019an\u00adneau du sou\u00adve\u00adnir&nbsp;\u00bb. En se r\u00e9f\u00e9\u00adrant \u00e0&nbsp;l\u2019o\u00adpi\u00adnion r\u00e9pan\u00addue dans la croyance popu\u00adlaire du Harz sur les \u00ab&nbsp;cercles de sor\u00adci\u00e8res&nbsp;\u00bb, l\u2019ar\u00adtiste a&nbsp;cr\u00e9\u00e9 un grand anneau en bois mort qui s\u2019ef\u00adfondre avec le&nbsp;temps.&nbsp;<\/p>\n\n<p>Comme l\u2019an\u00adneau est un bon refuge pour les oiseaux et que de nom\u00adbreuses esp\u00e8ces favo\u00adrisent la pro\u00adpa\u00adga\u00adtion des arbres et des plantes de la haie avec leurs excr\u00e9\u00adments, avec le temps, en com\u00adbi\u00adnai\u00adson avec l\u2019in\u00ads\u00e9\u00admi\u00adna\u00adtion \u00e0&nbsp;l\u2019ap\u00adproche, une nou\u00advelle vie se for\u00adme\u00adra dans cette ins\u00adtal\u00adla\u00adtion. Les sp\u00e9\u00adcia\u00adlistes appellent ce type d\u2019ins\u00adtal\u00adla\u00adtion la \u00ab&nbsp;haie de Benjes&nbsp;\u00bb, du nom de son inven\u00adteur Her\u00admann Benjes.&nbsp;<\/p>\n\n<p>Le point de poin\u00adtage se trouve sur l\u2019An\u00adneau du sou\u00adve\u00adnir et est acces\u00adsible depuis le par\u00adking au bout de la rue Eberbachstra\u00dfe.<\/p>\n","protected":false},"excerpt":{"rendered":"<p>A la p\u00e9ri\u00adph\u00e9\u00adrie de Sorge, l\u2019association \u00ab&nbsp;Grenz\u00admu\u00adseum Sorge e.V.&nbsp;\u00bb a&nbsp;conser\u00adv\u00e9 un mus\u00e9e de la fron\u00adti\u00e8re avec un pay\u00adsage fron\u00adta\u00adlier. L\u2019objectif de l\u2019association est d\u2019entretenir le sou\u00adve\u00adnir de la divi\u00adsion de l\u2019Allemagne et de trans\u00admettre aux g\u00e9n\u00e9\u00adra\u00adtions futures des connais\u00adsances sur cette par\u00adtie de l\u2019histoire \u00e0&nbsp;l\u2019aide d\u2019objets ori\u00adgi\u00adnaux et de docu\u00adments d\u2019\u00e9poque.&nbsp; Le mus\u00e9e de&nbsp;la&nbsp;[\u2026]<\/p>\n","protected":false},"author":11,"featured_media":18074,"parent":17801,"menu_order":10046,"comment_status":"closed","ping_status":"closed","template":"","meta":{"_seopress_robots_primary_cat":"","_seopress_titles_title":"","_seopress_titles_desc":"","_seopress_robots_index":"","wp_typography_post_enhancements_disabled":false,"iawp_total_views":0,"footnotes":""},"hf_cat_page":[120],"class_list":["post-18073","page","type-page","status-publish","has-post-thumbnail"],"blocksy_meta":[],"_links":{"self":[{"href":"https:\/\/www.harzer-wandernadel.de\/fr\/wp-json\/wp\/v2\/pages\/18073","targetHints":{"allow":["GET"]}}],"collection":[{"href":"https:\/\/www.harzer-wandernadel.de\/fr\/wp-json\/wp\/v2\/pages"}],"about":[{"href":"https:\/\/www.harzer-wandernadel.de\/fr\/wp-json\/wp\/v2\/types\/page"}],"author":[{"embeddable":true,"href":"https:\/\/www.harzer-wandernadel.de\/fr\/wp-json\/wp\/v2\/users\/11"}],"replies":[{"embeddable":true,"href":"https:\/\/www.harzer-wandernadel.de\/fr\/wp-json\/wp\/v2\/comments?post=18073"}],"version-history":[{"count":1,"href":"https:\/\/www.harzer-wandernadel.de\/fr\/wp-json\/wp\/v2\/pages\/18073\/revisions"}],"predecessor-version":[{"id":18075,"href":"https:\/\/www.harzer-wandernadel.de\/fr\/wp-json\/wp\/v2\/pages\/18073\/revisions\/18075"}],"up":[{"embeddable":true,"href":"https:\/\/www.harzer-wandernadel.de\/fr\/wp-json\/wp\/v2\/pages\/17801"}],"wp:featuredmedia":[{"embeddable":true,"href":"https:\/\/www.harzer-wandernadel.de\/fr\/wp-json\/wp\/v2\/media\/18074"}],"wp:attachment":[{"href":"https:\/\/www.harzer-wandernadel.de\/fr\/wp-json\/wp\/v2\/media?parent=18073"}],"wp:term":[{"taxonomy":"hf_cat_page","embeddable":true,"href":"https:\/\/www.harzer-wandernadel.de\/fr\/wp-json\/wp\/v2\/hf_cat_page?post=18073"}],"curies":[{"name":"wp","href":"https:\/\/api.w.org\/{rel}","templated":true}]}}