{"id":18066,"date":"2016-02-11T12:21:08","date_gmt":"2016-02-11T11:21:08","guid":{"rendered":"https:\/\/www.harzer-wandernadel.de\/pointage\/carte-generale\/pointage-9-brockenhaus\/"},"modified":"2026-02-28T14:42:07","modified_gmt":"2026-02-28T13:42:07","slug":"pointage-9-brockenhaus","status":"publish","type":"page","link":"https:\/\/www.harzer-wandernadel.de\/fr\/pointage\/carte-generale\/pointage-9-brockenhaus\/","title":{"rendered":"Pointage 9 \/ Brockenhaus"},"content":{"rendered":"\n<h2 class=\"wp-block-heading\">Avec ses 1&nbsp;141 m\u00e8tres d\u2019altitude, le Brocken est le plus haut sommet du Harz et se trouve sur le territoire de Schierke, dans la zone centrale du parc national du&nbsp;Harz.<\/h2>\n\n<div class=\"wp-block-stackable-image alignwide stk-block-image stk-block stk-89e1006\" data-block-id=\"89e1006\"><style>.stk-89e1006 {margin-top:3% !important;margin-bottom:3% !important;}<\/style><figure><span class=\"stk-img-wrapper stk-image--shape-stretch stk--has-lightbox\"><img decoding=\"async\" width=\"900\" height=\"600\" src=\"https:\/\/www.harzer-wandernadel.de\/wp-content\/uploads\/2016\/02\/Brockenhaus.jpg\" class=\"attachment-full size-full wp-post-image\" alt srcset=\"https:\/\/www.harzer-wandernadel.de\/wp-content\/uploads\/2016\/02\/Brockenhaus.jpg 900w, https:\/\/www.harzer-wandernadel.de\/wp-content\/uploads\/2016\/02\/Brockenhaus-300x200.jpg 300w, https:\/\/www.harzer-wandernadel.de\/wp-content\/uploads\/2016\/02\/Brockenhaus-768x512.jpg 768w, https:\/\/www.harzer-wandernadel.de\/wp-content\/uploads\/2016\/02\/Brockenhaus-624x416.jpg 624w\" sizes=\"(max-width: 900px) 100vw, 900px\"><\/span><\/figure><\/div>\n\n<p>G\u00e9o\u00adgra\u00adphi\u00adque\u00adment, il est situ\u00e9 sur l\u2019an\u00adcienne fron\u00adti\u00e8re inter\u00adal\u00adle\u00admande et a&nbsp;\u00e9t\u00e9 une zone inter\u00addite de 1961 \u00e0&nbsp;1989. D\u2019un point de vue cli\u00adma\u00adtique, sa posi\u00adtion avan\u00adc\u00e9e dans le nord de l\u2019Al\u00adle\u00admagne pro\u00advoque des vents rudes et des tem\u00adp\u00e9\u00adra\u00adtures froides, com\u00adpa\u00adrables \u00e0&nbsp;celles des mon\u00adtagnes d\u2019Islande.&nbsp;<\/p>\n\n<p>Dans la <a href=\"http:\/\/www.nationalpark-brockenhaus.de\/de\/brockenhaus\/ausstellung\/\">Bro\u00adcken\u00adhaus<\/a>, tu trou\u00adve\u00adras une expo\u00adsi\u00adtion riche en exp\u00e9\u00adriences sur l\u2019his\u00adtoire et la nature de cette mon\u00adtagne fascinante.<\/p>\n\n<p>L\u2019his\u00adtoire du <a href=\"http:\/\/www.nationalpark-harz.de\/de\/naturerleben\/brockengarten\/\">jar\u00addin du Bro\u00adcken <\/a>est aus\u00adsi int\u00e9\u00adres\u00adsante que ses plantes sont excep\u00adtion\u00adnelles. Le jar\u00addin bota\u00adnique sur le som\u00admet sans for\u00eat du Bro\u00adcken existe depuis 1890 et abrite aujourd\u2019\u00adhui envi\u00adron 1500 esp\u00e8ces de plantes de toutes les hautes mon\u00adtagnes du monde. Il pro\u00adt\u00e8ge et pr\u00e9\u00adserve les plantes rares et mena\u00adc\u00e9es d\u2019ex\u00adtinc\u00adtion, tout en mon\u00adtrant aux visi\u00adteurs du monde entier ce qui pousse et fleu\u00adrit tout en&nbsp;haut.&nbsp;<\/p>\n\n<p>Au milieu des blocs de gra\u00adnit, des plantes du grand nord poussent sur la cr\u00eate du Bro\u00adcken. Un che\u00admin de ran\u00addon\u00adn\u00e9e cir\u00adcu\u00adlaire (1,6&nbsp;km) fait le tour de la cr\u00eate \u2013 le long de l\u2019en\u00addroit o\u00f9 se trou\u00advait autre\u00adfois le mur du Bro\u00adcken. Prends le temps de par\u00adcou\u00adrir le cir\u00adcuit du Bro\u00adcken avec la Chaire du Diable et l\u2019Au\u00adtel des Sor\u00adci\u00e8res. Ces deux falaises de gra\u00adnit au som\u00admet du Bro\u00adcken ont d\u00e9j\u00e0 impres\u00adsion\u00adn\u00e9 Goethe. C\u2019est \u00e0&nbsp;cet endroit que les sor\u00adci\u00e8res et les diables se ren\u00adcontrent la nuit de Walpurgis.&nbsp;<\/p>\n\n<p>Depuis juillet 1992, les pas\u00adsa\u00adgers du che\u00admin de fer du Bro\u00adcken peuvent \u00e0&nbsp;nou\u00adveau esca\u00adla\u00adder le plus haut som\u00admet du nord de l\u2019Al\u00adle\u00admagne avec des che\u00advaux \u00e0&nbsp;vapeur d\u2019en\u00advi\u00adron 700 CV. La par\u00adtie la plus raide du tra\u00adjet jus\u00adqu\u2019au Bro\u00adcken se fait en 50&nbsp;minutes envi\u00adron \u00e0&nbsp;par\u00adtir de la gare de Drei-Annen-Hohne.&nbsp;<\/p>\n\n<h2 class=\"wp-block-heading\"><strong>Sentiers de randonn\u00e9e sur le Brocken<\/strong><\/h2>\n\n<h3 class=\"wp-block-heading\">Randonn\u00e9e sur les traces de Heinrich Heine d\u2019Ilsenburg au Brocken.<\/h3>\n\n<p>Cette ascen\u00adsion vers le Bro\u00adcken com\u00admence \u00e0&nbsp;Ilsen\u00adburg et suit les traces de Hein\u00adrich Heine le long du ruis\u00adseau de mon\u00adtagne Ilse. Sur des che\u00admins fores\u00adtiers sinueux, tu tra\u00adverses la val\u00adl\u00e9e encais\u00ads\u00e9e de l\u2019Ilse en pas\u00adsant par le rocher de l\u2019Ilse jus\u00adqu\u2019aux impres\u00adsion\u00adnantes chutes de l\u2019Ilse. Des for\u00eats de h\u00eatres pri\u00admi\u00adtives et des for\u00adma\u00adtions rocheuses abruptes bordent le che\u00admin. Le monu\u00adment de Heine rap\u00adpelle l\u2019as\u00adcen\u00adsion du Bro\u00adcken par le po\u00e8te en 1824. Bien\u00adt\u00f4t, le che\u00admin se tourne vers l\u2019ouest et rejoint le Har\u00adzer Grenz\u00adweg \u00e0&nbsp;la Her\u00admannsk\u00adlippe. Celui-ci m\u00e8ne sur l\u2019an\u00adcien che\u00admin des colonnes \u2013 en pas\u00adsant par la Bis\u00admar\u00adckk\u00adlippe et le Kleines Bro\u00adcken (1 019&nbsp;m) \u2013 et monte en pente raide jus\u00adqu\u2019au som\u00admet du Bro\u00adcken sans for\u00eat. Cette par\u00adtie du che\u00admin offre une vue magni\u00adfique sur le bar\u00adrage Ecker\u00adtals\u00adperre et la bor\u00addure nord du&nbsp;Harz.&nbsp;<\/p>\n\n<h3 class=\"wp-block-heading\">La mont\u00e9e la plus courte vers le Brocken, convient aux randonneurs exp\u00e9riment\u00e9s.<\/h3>\n\n<p>Pour les ran\u00addon\u00adneurs exp\u00e9\u00adri\u00admen\u00adt\u00e9s et bien \u00e9qui\u00adp\u00e9s, nous recom\u00adman\u00addons la char\u00admante mon\u00adt\u00e9e de Schierke au Bro\u00adcken en pas\u00adsant par le Ecker\u00adloch. Le che\u00admin de ran\u00addon\u00adn\u00e9e rus\u00adtique com\u00admence quelques m\u00e8tres apr\u00e8s la mai\u00adson du parc natio\u00adnal, pr\u00e8s de la cen\u00adtrale hydrau\u00adlique. Avec de bonnes chaus\u00adsures, cet iti\u00adn\u00e9\u00adraire est un vrai plai\u00adsir \u00e0&nbsp;tra\u00advers des racines, des roches gra\u00adni\u00adtiques rocheuses et des pas\u00adse\u00adrelles en planches. Il tra\u00adverse une for\u00eat d\u2019\u00e9\u00adpi\u00adc\u00e9as enchan\u00adte\u00adresse et longe les rapides de la rivi\u00e8re Schwarze Schluft\u00adwas\u00adser jus\u00adqu\u2019\u00e0 la zone humide Ecker\u00adloch. Le sen\u00adtier Ecker\u00adloch d\u00e9bouche sur la route du Bro\u00adcken, qui m\u00e8ne ensuite le ran\u00addon\u00adneur au sommet.&nbsp;<\/p>\n\n<h3 class=\"wp-block-heading\">De Torfhaus au Brocken via le sentier Goethe<\/h3>\n\n<p>C\u2019est de l\u2019ouest, \u00e0&nbsp;par\u00adtir de Torf\u00adhaus, que Goethe s\u2019est ren\u00addu au Bro\u00adcken. A&nbsp;la B4, il y&nbsp;a d\u00e9j\u00e0 une belle vue sur le Bro\u00adcken. Le che\u00admin de Goethe suit le Abbe\u00adgra\u00adben. Goethe ne connais\u00adsait pas encore ce cours d\u2019eau \u2013 il a&nbsp;\u00e9t\u00e9 construit en 1827 et fait aujourd\u2019\u00adhui par\u00adtie du nou\u00adveau patri\u00admoine cultu\u00adrel mon\u00addial Obe\u00adrhar\u00adzer Was\u00adser\u00adwirt\u00adschaft. Une pas\u00adse\u00adrelle en bois m\u00e8ne \u00e0&nbsp;tra\u00advers la grande tour\u00adbi\u00e8re de Torf\u00adhaus. Autre\u00adfois, on y&nbsp;exploi\u00adtait la tourbe, mais aujourd\u2019\u00adhui, les pr\u00e9\u00adcieuses tour\u00adbi\u00e8res du Harz sont stric\u00adte\u00adment pro\u00adt\u00e9\u00adg\u00e9es. Le che\u00admin m\u00e8ne au pied du Quit\u00adschen\u00adberg jus\u00adqu\u2019au Eckers\u00adprung. Main\u00adte\u00adnant, le ran\u00addon\u00adneur tra\u00adverse l\u2019an\u00adcienne fron\u00adti\u00e8re inter\u00adal\u00adle\u00admande. Le Goe\u00adthe\u00adweg longe le che\u00admin de fer du Bro\u00adcken au Goe\u00adthe\u00admoor. La for\u00eat s\u2019\u00e9\u00adclair\u00adcit, on voit de plus en plus de bruy\u00e8res. Pour la der\u00adni\u00e8re par\u00adtie, le ran\u00addon\u00adneur doit emprun\u00adter la route du Bro\u00adcken. Le Goe\u00adthe\u00adweg fait par\u00adtie du Harzer-Hexen-Stieg.&nbsp;<\/p>\n\n<p>La bo\u00eete \u00e0&nbsp;tam\u00adpons se trouve \u00e0&nbsp;l\u2019en\u00adtr\u00e9e de la brocante&nbsp;!<\/p>\n\n<div class=\"wp-block-buttons is-layout-flex wp-block-buttons-is-layout-flex\">\n<div class=\"wp-block-button\"><a class=\"wp-block-button__link wp-element-button\" href=\"https:\/\/harzer-bergwald.de\/index.php\/wandertouren\/romantiktouren\/55-zum-hoechsten-aussichtspunkt-im-harz\">Sug\u00adges\u00adtion de cir\u00adcuit For\u00eat de mon\u00adtagne du&nbsp;Harz&nbsp;\u00bb<\/a><\/div>\n<\/div>\n","protected":false},"excerpt":{"rendered":"<p>Avec ses 1&nbsp;141 m\u00e8tres d\u2019altitude, le Bro\u00adcken est le plus haut som\u00admet du Harz et se trouve sur le ter\u00adri\u00adtoire de Schierke, dans la zone cen\u00adtrale du parc natio\u00adnal du&nbsp;Harz. G\u00e9o\u00adgra\u00adphi\u00adque\u00adment, il est situ\u00e9 sur l\u2019an\u00adcienne fron\u00adti\u00e8re inter\u00adal\u00adle\u00admande et a&nbsp;\u00e9t\u00e9 une zone inter\u00addite de 1961 \u00e0&nbsp;1989. D\u2019un point de vue cli\u00adma\u00adtique, sa posi\u00adtion avan\u00adc\u00e9e&nbsp;dans&nbsp;[\u2026]<\/p>\n","protected":false},"author":11,"featured_media":18068,"parent":17801,"menu_order":10009,"comment_status":"closed","ping_status":"closed","template":"","meta":{"_seopress_robots_primary_cat":"","_seopress_titles_title":"","_seopress_titles_desc":"Fais l'exp\u00e9rience du Brocken : le plus haut sommet du Harz avec son train Brocken, ses sentiers de randonn\u00e9e, sa diversit\u00e9 naturelle et son histoire fascinante.","_seopress_robots_index":"","wp_typography_post_enhancements_disabled":false,"iawp_total_views":0,"footnotes":""},"hf_cat_page":[120],"class_list":["post-18066","page","type-page","status-publish","has-post-thumbnail"],"blocksy_meta":[],"_links":{"self":[{"href":"https:\/\/www.harzer-wandernadel.de\/fr\/wp-json\/wp\/v2\/pages\/18066","targetHints":{"allow":["GET"]}}],"collection":[{"href":"https:\/\/www.harzer-wandernadel.de\/fr\/wp-json\/wp\/v2\/pages"}],"about":[{"href":"https:\/\/www.harzer-wandernadel.de\/fr\/wp-json\/wp\/v2\/types\/page"}],"author":[{"embeddable":true,"href":"https:\/\/www.harzer-wandernadel.de\/fr\/wp-json\/wp\/v2\/users\/11"}],"replies":[{"embeddable":true,"href":"https:\/\/www.harzer-wandernadel.de\/fr\/wp-json\/wp\/v2\/comments?post=18066"}],"version-history":[{"count":1,"href":"https:\/\/www.harzer-wandernadel.de\/fr\/wp-json\/wp\/v2\/pages\/18066\/revisions"}],"predecessor-version":[{"id":18070,"href":"https:\/\/www.harzer-wandernadel.de\/fr\/wp-json\/wp\/v2\/pages\/18066\/revisions\/18070"}],"up":[{"embeddable":true,"href":"https:\/\/www.harzer-wandernadel.de\/fr\/wp-json\/wp\/v2\/pages\/17801"}],"wp:featuredmedia":[{"embeddable":true,"href":"https:\/\/www.harzer-wandernadel.de\/fr\/wp-json\/wp\/v2\/media\/18068"}],"wp:attachment":[{"href":"https:\/\/www.harzer-wandernadel.de\/fr\/wp-json\/wp\/v2\/media?parent=18066"}],"wp:term":[{"taxonomy":"hf_cat_page","embeddable":true,"href":"https:\/\/www.harzer-wandernadel.de\/fr\/wp-json\/wp\/v2\/hf_cat_page?post=18066"}],"curies":[{"name":"wp","href":"https:\/\/api.w.org\/{rel}","templated":true}]}}