{"id":18056,"date":"2016-02-11T13:23:37","date_gmt":"2016-02-11T12:23:37","guid":{"rendered":"https:\/\/www.harzer-wandernadel.de\/pointage\/carte-generale\/pointage-17-trudenstein\/"},"modified":"2026-02-28T14:42:10","modified_gmt":"2026-02-28T13:42:10","slug":"pointage-17-trudenstein","status":"publish","type":"page","link":"https:\/\/www.harzer-wandernadel.de\/fr\/pointage\/carte-generale\/pointage-17-trudenstein\/","title":{"rendered":"Pointage 17 \/ Trudenstein"},"content":{"rendered":"\n<h2 class=\"wp-block-heading\">Entre Drei-Annen-Hohne et Schierke se trouve la falaise de granit Trudenstein (736 m\u00e8tres au-dessus du niveau de la&nbsp;mer).<\/h2>\n\n<div class=\"wp-block-stackable-image alignwide stk-block-image stk-block stk-89e1006\" data-block-id=\"89e1006\"><style>.stk-89e1006 {margin-top:3% !important;margin-bottom:3% !important;}<\/style><figure><span class=\"stk-img-wrapper stk-image--shape-stretch stk--has-lightbox\"><img decoding=\"async\" width=\"787\" height=\"525\" src=\"https:\/\/www.harzer-wandernadel.de\/wp-content\/uploads\/2016\/02\/Trudenstein.jpg\" class=\"attachment-full size-full wp-post-image\" alt srcset=\"https:\/\/www.harzer-wandernadel.de\/wp-content\/uploads\/2016\/02\/Trudenstein.jpg 787w, https:\/\/www.harzer-wandernadel.de\/wp-content\/uploads\/2016\/02\/Trudenstein-300x200.jpg 300w, https:\/\/www.harzer-wandernadel.de\/wp-content\/uploads\/2016\/02\/Trudenstein-768x512.jpg 768w, https:\/\/www.harzer-wandernadel.de\/wp-content\/uploads\/2016\/02\/Trudenstein-624x416.jpg 624w\" sizes=\"(max-width: 787px) 100vw, 787px\"><\/span><\/figure><\/div>\n\n<p>Le nom vient de \u00ab&nbsp;Trute&nbsp;\u00bb, qui signi\u00adfie sor\u00adci\u00e8re ou magi\u00adcienne. D\u00e8s le 1er juillet 1894, le Harzk\u00adlub a&nbsp;ren\u00addu le rocher acces\u00adsible gr\u00e2ce \u00e0&nbsp;des \u00e9chelles en fer, per\u00admet\u00adtant ain\u00adsi d\u2019a\u00advoir une vue magni\u00adfique sur les mon\u00adtagnes du&nbsp;Harz.&nbsp;<\/p>\n\n<p>Les meilleurs points de d\u00e9part pour une ran\u00addon\u00adn\u00e9e jus\u00adqu\u2019au Tru\u00adden\u00adstein sont de Schierke via le Que\u00adsen\u00adbank ou de Drei Annen Hohne via le Gla\u00adsh\u00fct\u00adten\u00adweg. Tu peux aus\u00adsi conti\u00adnuer la ran\u00addon\u00adn\u00e9e jus\u00adqu\u2019au <a href=\"https:\/\/www.harzer-wandernadel.de\/stempelstellen\/uebersichtskarte\/stempelstelle-13-ahrensklint\/\" data-type=\"page\" data-id=\"518\">Ahrensk\u00adlint HWN 13<\/a> et conti\u00adnuer jus\u00adqu\u2019au <a href=\"https:\/\/www.harzer-wandernadel.de\/fr\/pointage\/carte-generale\/pointage-22-gelber-brink\/\" data-type=\"page\" data-id=\"566\">Gelbe Brink HWN 22<\/a> sur la route du Brocken.&nbsp;<\/p>\n","protected":false},"excerpt":{"rendered":"<p>Entre Drei-Annen-Hohne et Schierke se trouve la falaise de gra\u00adnit Tru\u00adden\u00adstein (736 m\u00e8tres au-des\u00adsus du niveau de la&nbsp;mer). Le nom vient de \u00ab&nbsp;Trute&nbsp;\u00bb, qui signi\u00adfie sor\u00adci\u00e8re ou magi\u00adcienne. D\u00e8s le 1er juillet 1894, le Harzk\u00adlub a&nbsp;ren\u00addu le rocher acces\u00adsible gr\u00e2ce \u00e0&nbsp;des \u00e9chelles en fer, per\u00admet\u00adtant ain\u00adsi d\u2019a\u00advoir une vue magni\u00adfique sur les mon\u00adtagnes du&nbsp;Harz.&nbsp; Les&nbsp;[\u2026]<\/p>\n","protected":false},"author":11,"featured_media":18057,"parent":17801,"menu_order":10017,"comment_status":"closed","ping_status":"closed","template":"","meta":{"_seopress_robots_primary_cat":"","_seopress_titles_title":"","_seopress_titles_desc":"Fais l'exp\u00e9rience de la randonn\u00e9e au Trudenstein pr\u00e8s de Schierke avec une vue grandiose sur les montagnes du Harz et d\u00e9couvre d'autres destinations de randonn\u00e9e populaires.","_seopress_robots_index":"","wp_typography_post_enhancements_disabled":false,"iawp_total_views":0,"footnotes":""},"hf_cat_page":[120],"class_list":["post-18056","page","type-page","status-publish","has-post-thumbnail"],"blocksy_meta":[],"_links":{"self":[{"href":"https:\/\/www.harzer-wandernadel.de\/fr\/wp-json\/wp\/v2\/pages\/18056","targetHints":{"allow":["GET"]}}],"collection":[{"href":"https:\/\/www.harzer-wandernadel.de\/fr\/wp-json\/wp\/v2\/pages"}],"about":[{"href":"https:\/\/www.harzer-wandernadel.de\/fr\/wp-json\/wp\/v2\/types\/page"}],"author":[{"embeddable":true,"href":"https:\/\/www.harzer-wandernadel.de\/fr\/wp-json\/wp\/v2\/users\/11"}],"replies":[{"embeddable":true,"href":"https:\/\/www.harzer-wandernadel.de\/fr\/wp-json\/wp\/v2\/comments?post=18056"}],"version-history":[{"count":2,"href":"https:\/\/www.harzer-wandernadel.de\/fr\/wp-json\/wp\/v2\/pages\/18056\/revisions"}],"predecessor-version":[{"id":24691,"href":"https:\/\/www.harzer-wandernadel.de\/fr\/wp-json\/wp\/v2\/pages\/18056\/revisions\/24691"}],"up":[{"embeddable":true,"href":"https:\/\/www.harzer-wandernadel.de\/fr\/wp-json\/wp\/v2\/pages\/17801"}],"wp:featuredmedia":[{"embeddable":true,"href":"https:\/\/www.harzer-wandernadel.de\/fr\/wp-json\/wp\/v2\/media\/18057"}],"wp:attachment":[{"href":"https:\/\/www.harzer-wandernadel.de\/fr\/wp-json\/wp\/v2\/media?parent=18056"}],"wp:term":[{"taxonomy":"hf_cat_page","embeddable":true,"href":"https:\/\/www.harzer-wandernadel.de\/fr\/wp-json\/wp\/v2\/hf_cat_page?post=18056"}],"curies":[{"name":"wp","href":"https:\/\/api.w.org\/{rel}","templated":true}]}}