{"id":18048,"date":"2016-02-11T12:42:54","date_gmt":"2016-02-11T11:42:54","guid":{"rendered":"https:\/\/www.harzer-wandernadel.de\/pointage\/carte-generale\/pointage-16-pierre-de-ferdinand\/"},"modified":"2026-02-28T21:07:08","modified_gmt":"2026-02-28T20:07:08","slug":"pointage-16-pierre-de-ferdinand","status":"publish","type":"page","link":"https:\/\/www.harzer-wandernadel.de\/fr\/pointage\/carte-generale\/pointage-16-pierre-de-ferdinand\/","title":{"rendered":"Pointage 16 \/ Pierre de Ferdinand"},"content":{"rendered":"\n<h2 class=\"wp-block-heading\">La pierre de Ferdinand comm\u00e9more le dernier loup en libert\u00e9 abattu par le comte Ferdinand zu Stolberg-Wernigerode et se trouve sur la Schindelstieg au-dessus d\u2019Ilsenburg.<\/h2>\n\n<div class=\"wp-block-stackable-image alignwide stk-block-image stk-block stk-89e1006\" data-block-id=\"89e1006\"><style>.stk-89e1006 {margin-top:3% !important;margin-bottom:3% !important;}<\/style><figure><span class=\"stk-img-wrapper stk-image--shape-stretch stk--has-lightbox\"><img decoding=\"async\" width=\"1600\" height=\"1200\" src=\"https:\/\/www.harzer-wandernadel.de\/wp-content\/uploads\/2016\/02\/HWN-Ferdinandsstein-Ellen.jpg\" class=\"attachment-full size-full wp-post-image\" alt=\"Rocher dans la for\u00eat avec inscription Pierre de Ferdinand\" srcset=\"https:\/\/www.harzer-wandernadel.de\/wp-content\/uploads\/2016\/02\/HWN-Ferdinandsstein-Ellen.jpg 1600w, https:\/\/www.harzer-wandernadel.de\/wp-content\/uploads\/2016\/02\/HWN-Ferdinandsstein-Ellen-300x225.jpg 300w, https:\/\/www.harzer-wandernadel.de\/wp-content\/uploads\/2016\/02\/HWN-Ferdinandsstein-Ellen-768x576.jpg 768w, https:\/\/www.harzer-wandernadel.de\/wp-content\/uploads\/2016\/02\/HWN-Ferdinandsstein-Ellen-1024x768.jpg 1024w, https:\/\/www.harzer-wandernadel.de\/wp-content\/uploads\/2016\/02\/HWN-Ferdinandsstein-Ellen-250x188.jpg 250w, https:\/\/www.harzer-wandernadel.de\/wp-content\/uploads\/2016\/02\/HWN-Ferdinandsstein-Ellen-624x468.jpg 624w\" sizes=\"(max-width: 1600px) 100vw, 1600px\"><\/span><\/figure><\/div>\n\n<p class=\"pda-abody-p\">La chasse au loup et la f\u00eate qui s\u2019en est sui\u00advie le 29 mars 1798 semblent s\u2019\u00eatre d\u00e9rou\u00adl\u00e9es de mani\u00e8re \u00e9trange. Le comte Fer\u00addi\u00adnand a&nbsp;invi\u00adt\u00e9 toute la soci\u00e9\u00adt\u00e9 de chasse \u00e0&nbsp;une f\u00eate, \u00e0&nbsp;laquelle elle a&nbsp;volon\u00adtiers r\u00e9pon\u00addu. Les chas\u00adseurs et les tireurs sont arri\u00adv\u00e9s en groupe \u00e0&nbsp;la mai\u00adson de f\u00eate, accom\u00adpa\u00adgn\u00e9s de 16 jeunes filles qui, en guise de remer\u00adcie\u00adment, ont appor\u00adt\u00e9 un agneau de chaque bergerie.&nbsp;<\/p>\n\n<blockquote class=\"wp-block-stackable-blockquote stk-block-blockquote stk-block stk-0f11ecd is-style-simple\" data-v=\"2\" data-block-id=\"0f11ecd\"><style>.stk-0f11ecd {margin-top:3% !important;margin-bottom:3% !important;}<\/style><div class=\"has-text-align-left stk-block-blockquote__content stk-container stk-0f11ecd-container stk--no-background stk--no-padding\"><div class=\"stk-block-content stk-inner-blocks\">\n<div class=\"wp-block-stackable-icon stk-block-icon stk-block stk-37f868f\" data-block-id=\"37f868f\"><style>.stk-37f868f {top:-50px !important;left:-50px !important;position:absolute !important;opacity:0.2 !important;}.stk-37f868f .stk--svg-wrapper .stk--inner-svg svg:last-child{height:200px !important;width:200px !important;}.stk-37f868f .stk--svg-wrapper .stk--inner-svg svg:last-child, .stk-37f868f .stk--svg-wrapper .stk--inner-svg svg:last-child :is(g, path, rect, polygon, ellipse){fill:var(--theme-palette-color-5, #AF9E7E) !important;}<\/style><span class=\"stk--svg-wrapper\"><div class=\"stk--inner-svg\"><svg style=\"height:0;width:0\"><defs><linearGradient id=\"linear-gradient-37f868f\" x1=\"0\" x2=\"100%\" y1=\"0\" y2=\"0\"><stop offset=\"0%\" style=\"stop-opacity:1;stop-color:var(--linear-gradient-37-f-868-f-color-1)\" \/><stop offset=\"100%\" style=\"stop-opacity:1;stop-color:var(--linear-gradient-37-f-868-f-color-2)\" \/><\/linearGradient><\/defs><\/svg><svg viewBox=\"0 0 50 50\" aria-hidden=\"true\" width=\"32\" height=\"32\"><path d=\"M22.6 12.8c-1.9.5-3.7 1.2-5.3 2.1-1.6.9-3.1 1.9-4.3 3-1.2 1.1-2.2 2.4-2.9 3.7-.7 1.3-1.1 2.7-1.1 4 0 1.2.1 1.8.3 1.8.8 0 1.5-.3 2.4-.9.8-.6 1.9-.9 3.3-.9 2.1 0 3.9.8 5.4 2.4 1.5 1.6 2.3 3.7 2.3 6.2s-1 4.6-2.9 6.4c-1.9 1.8-4.3 2.6-7.3 2.6-1.8 0-3.4-.4-4.9-1.1-1.5-.8-2.8-1.8-3.9-3.1s-2-2.8-2.6-4.6C.3 32.5 0 30.6 0 28.6c0-3 .6-5.8 1.8-8.3 1.2-2.5 2.8-4.8 4.9-6.7 2-1.9 4.4-3.5 7.2-4.6 2.8-1.2 5.6-1.8 8.6-2v5.8zm27.4 0c-1.9.5-3.7 1.2-5.4 2.1-1.7.9-3.1 1.9-4.3 3-1.2 1.1-2.2 2.4-2.9 3.7-.7 1.3-1.1 2.7-1.1 4 0 1.2.1 1.8.4 1.8.8 0 1.5-.3 2.3-.9.8-.6 1.9-.9 3.3-.9 2 0 3.8.8 5.3 2.4 1.5 1.6 2.3 3.7 2.3 6.2s-1 4.6-2.9 6.4c-2 1.8-4.4 2.6-7.3 2.6-1.7 0-3.3-.4-4.8-1.1-1.5-.8-2.8-1.8-3.9-3.1s-2-2.8-2.7-4.6c-.7-1.8-1-3.7-1-5.7 0-3 .6-5.8 1.8-8.3 1.2-2.5 2.8-4.8 4.9-6.7 2-1.9 4.4-3.5 7.2-4.6 2.8-1.2 5.7-1.8 8.8-2v5.7z\" \/><\/svg><\/div><\/span><\/div>\n\n\n\n<div class=\"wp-block-stackable-text stk-block-text stk-block stk-a630a5a\" data-block-id=\"a630a5a\"><p class=\"stk-block-text__text\"><span style=\"color: var(--theme-palette-color-2, #1b5700);\" class=\"stk-highlight\"><strong>Un chas\u00adseur offrit au comte le souf\u00adflet du loup, accom\u00adpa\u00adgn\u00e9 du vers sui\u00advant&nbsp;:<\/strong><\/span><br><br><em>Voi\u00adci le souf\u00adflet du monstre que Fer\u00addi\u00adnand a&nbsp;tu\u00e9, le chas\u00adseur lui rend gr\u00e2ce, le cerf en train de pa\u00eetre en toute s\u00e9cu\u00adri\u00adt\u00e9 et la troupe de ber\u00adgers offre un petit agneau en signe de reconnaissance.<\/em><\/p><\/div>\n<\/div><\/div><\/blockquote>\n\n<p class=\"pda-abody-p\">C. G. Frie\u00addrich Bre\u00adder\u00adlow rap\u00adporte dans son guide du Harz de 1846 qu\u2019une griffe a&nbsp;\u00e9t\u00e9 clou\u00e9e au-des\u00adsus de la porte de l\u2019au\u00adberge construite en 1776&nbsp;en l\u2019hon\u00adneur du parent prin\u00adcier Frie\u00addrich Erd\u00admann von K\u00f6then-Pless, avec une men\u00adtion en des\u00adsous indi\u00adquant que le comte Fer\u00addi\u00adnand avait tu\u00e9 un loup \u00e0&nbsp;proxi\u00admi\u00adt\u00e9 en&nbsp;1798.<\/p>\n\n<p class=\"pda-abody-p\">Tu peux atteindre le Fer\u00addi\u00adnand\u00adstein en pas\u00adsant par l\u2019au\u00adberge <a href=\"https:\/\/www.harzer-wandernadel.de\/fr\/pointage\/carte-generale\/pointage-7-auberge-plessenburg\/\" data-type=\"page\" data-id=\"499\">Ples\u00adsen\u00adburg HWN 7<\/a> et en sui\u00advant le che\u00admin bali\u00ads\u00e9 vers la Schin\u00addel\u00adstieg. Depuis le Fer\u00addi\u00adnand\u00adstein, tu peux reve\u00adnir \u00e0&nbsp;Ilsen\u00adburg en pas\u00adsant par le <a href=\"https:\/\/www.harzer-wandernadel.de\/fr\/pointage\/carte-generale\/poinconnage-6-bremer-huette-obere-ilsefaelle\/\" data-type=\"page\" data-id=\"492\">refuge Bre\u00admer HWN 6<\/a>. <\/p>\n","protected":false},"excerpt":{"rendered":"<p>La pierre de Fer\u00addi\u00adnand com\u00adm\u00e9\u00admore le der\u00adnier loup en liber\u00adt\u00e9 abat\u00adtu par le comte Fer\u00addi\u00adnand zu Stol\u00adberg-Wer\u00adni\u00adge\u00adrode et se trouve sur la Schin\u00addel\u00adstieg au-des\u00adsus d\u2019Ilsenburg. La chasse au loup et la f\u00eate qui s\u2019en est sui\u00advie le 29 mars 1798 semblent s\u2019\u00eatre d\u00e9rou\u00adl\u00e9es de mani\u00e8re \u00e9trange. Le comte Fer\u00addi\u00adnand a&nbsp;invi\u00adt\u00e9 toute la soci\u00e9\u00adt\u00e9 de chasse&nbsp;[\u2026]<\/p>\n","protected":false},"author":11,"featured_media":18051,"parent":17801,"menu_order":10016,"comment_status":"closed","ping_status":"closed","template":"","meta":{"_seopress_robots_primary_cat":"","_seopress_titles_title":"","_seopress_titles_desc":"D\u00e9couvre l'histoire \u00e0 la pierre de Ferdinand \u00e0 Ilsenburg, o\u00f9 le comte Ferdinand a tu\u00e9 le dernier loup en 1798 - une destination passionnante pour ta randonn\u00e9e dans le Harz.","_seopress_robots_index":"","wp_typography_post_enhancements_disabled":false,"iawp_total_views":0,"footnotes":""},"hf_cat_page":[120],"class_list":["post-18048","page","type-page","status-publish","has-post-thumbnail"],"blocksy_meta":[],"_links":{"self":[{"href":"https:\/\/www.harzer-wandernadel.de\/fr\/wp-json\/wp\/v2\/pages\/18048","targetHints":{"allow":["GET"]}}],"collection":[{"href":"https:\/\/www.harzer-wandernadel.de\/fr\/wp-json\/wp\/v2\/pages"}],"about":[{"href":"https:\/\/www.harzer-wandernadel.de\/fr\/wp-json\/wp\/v2\/types\/page"}],"author":[{"embeddable":true,"href":"https:\/\/www.harzer-wandernadel.de\/fr\/wp-json\/wp\/v2\/users\/11"}],"replies":[{"embeddable":true,"href":"https:\/\/www.harzer-wandernadel.de\/fr\/wp-json\/wp\/v2\/comments?post=18048"}],"version-history":[{"count":4,"href":"https:\/\/www.harzer-wandernadel.de\/fr\/wp-json\/wp\/v2\/pages\/18048\/revisions"}],"predecessor-version":[{"id":25045,"href":"https:\/\/www.harzer-wandernadel.de\/fr\/wp-json\/wp\/v2\/pages\/18048\/revisions\/25045"}],"up":[{"embeddable":true,"href":"https:\/\/www.harzer-wandernadel.de\/fr\/wp-json\/wp\/v2\/pages\/17801"}],"wp:featuredmedia":[{"embeddable":true,"href":"https:\/\/www.harzer-wandernadel.de\/fr\/wp-json\/wp\/v2\/media\/18051"}],"wp:attachment":[{"href":"https:\/\/www.harzer-wandernadel.de\/fr\/wp-json\/wp\/v2\/media?parent=18048"}],"wp:term":[{"taxonomy":"hf_cat_page","embeddable":true,"href":"https:\/\/www.harzer-wandernadel.de\/fr\/wp-json\/wp\/v2\/hf_cat_page?post=18048"}],"curies":[{"name":"wp","href":"https:\/\/api.w.org\/{rel}","templated":true}]}}