{"id":18042,"date":"2016-02-11T13:40:16","date_gmt":"2016-02-11T12:40:16","guid":{"rendered":"https:\/\/www.harzer-wandernadel.de\/pointage\/carte-generale\/pointage-18-chemin-de-la-frontiere-au-kaffeehorst\/"},"modified":"2026-02-28T14:42:11","modified_gmt":"2026-02-28T13:42:11","slug":"pointage-18-chemin-de-la-frontiere-au-kaffeehorst","status":"publish","type":"page","link":"https:\/\/www.harzer-wandernadel.de\/fr\/pointage\/carte-generale\/pointage-18-chemin-de-la-frontiere-au-kaffeehorst\/","title":{"rendered":"Pointage 18 \/ chemin de la fronti\u00e8re au Kaffeehorst"},"content":{"rendered":"\n<h2 class=\"wp-block-heading\">L\u2019aire de repos de Kaffehorst (735&nbsp;m) se trouve juste \u00e0&nbsp;c\u00f4t\u00e9 de l\u2019ancienne fronti\u00e8re interallemande, au-dessus de la Bremke.<\/h2>\n\n<div class=\"wp-block-stackable-image alignwide stk-block-image stk-block stk-89e1006\" data-block-id=\"89e1006\"><style>.stk-89e1006 {margin-top:3% !important;margin-bottom:3% !important;}<\/style><figure><span class=\"stk-img-wrapper stk-image--shape-stretch stk--has-lightbox\"><img decoding=\"async\" width=\"788\" height=\"525\" src=\"https:\/\/www.harzer-wandernadel.de\/wp-content\/uploads\/2016\/02\/Grenzweg-am-Kaffeehorst.jpg\" class=\"attachment-full size-full wp-post-image\" alt srcset=\"https:\/\/www.harzer-wandernadel.de\/wp-content\/uploads\/2016\/02\/Grenzweg-am-Kaffeehorst.jpg 788w, https:\/\/www.harzer-wandernadel.de\/wp-content\/uploads\/2016\/02\/Grenzweg-am-Kaffeehorst-300x200.jpg 300w, https:\/\/www.harzer-wandernadel.de\/wp-content\/uploads\/2016\/02\/Grenzweg-am-Kaffeehorst-768x512.jpg 768w, https:\/\/www.harzer-wandernadel.de\/wp-content\/uploads\/2016\/02\/Grenzweg-am-Kaffeehorst-624x416.jpg 624w\" sizes=\"(max-width: 788px) 100vw, 788px\"><\/span><\/figure><\/div>\n\n<p>La Bremke fait 4,7&nbsp;km de long et sur\u00admonte une pente de 290&nbsp;m&nbsp;jus\u00adqu\u2019\u00e0 son embou\u00adchure dans la Warme Bode. Sur tout son par\u00adcours, elle mar\u00adquait autre\u00adfois la fron\u00adti\u00e8re avec la RDA et aujourd\u2019\u00adhui, elle marque la fron\u00adti\u00e8re avec la Saxe-Anhalt.&nbsp;<\/p>\n\n<p>Dans les pre\u00admi\u00e8res ann\u00e9es d\u2019a\u00adpr\u00e8s-guerre, ce che\u00admin \u00e9tait aus\u00adsi connu sous le nom de che\u00admin de l\u2019al\u00adcool. Le silex de Schierke \u00e9tait pas\u00ads\u00e9 en contre\u00adbande \u00e0&nbsp;Braun\u00adlage et, en \u00e9change, des harengs \u00e9taient envoy\u00e9s \u00e0&nbsp;Schierke. Apr\u00e8s la r\u00e9uni\u00adfi\u00adca\u00adtion et la d\u00e9mo\u00adli\u00adtion de la tour de guet qui se trou\u00advait ici, cette aire de repos pour les ran\u00addon\u00adneurs a&nbsp;\u00e9t\u00e9 cr\u00e9\u00e9e en 1995 \u00e0&nbsp;l\u2019i\u00adni\u00adtia\u00adtive du Harzklub.&nbsp;<\/p>\n\n<p>Entre 2012 et 2013, tout l\u2019a\u00adr\u00e9al du Kaf\u00adfee\u00adhorst a&nbsp;\u00e9t\u00e9 r\u00e9am\u00e9\u00adna\u00adg\u00e9. Un t\u00e9l\u00e9\u00adsi\u00e8ge quatre places a&nbsp;\u00e9t\u00e9 cr\u00e9\u00e9 pour les sports d\u2019hi\u00adver, de Kaf\u00adfee\u00adhorst au som\u00admet du Wurm\u00adberg, avec une lon\u00adgueur de 960&nbsp;m, une dif\u00adf\u00e9\u00adrence de hau\u00adteur de 250&nbsp;m&nbsp;et une capa\u00adci\u00adt\u00e9 de trans\u00adport de 1&nbsp;800 pers\/heure. De plus, de nou\u00advelles pistes de ski et un grand par\u00adking pour 600 v\u00e9hi\u00adcules ont \u00e9t\u00e9 construits.<\/p>\n\n<p>Tu peux atteindre le point de poin\u00adtage depuis le par\u00adking \u00ab&nbsp;Kaf\u00adfee\u00adhorst&nbsp;\u00bb en emprun\u00adtant le sen\u00adtier de ran\u00addon\u00adn\u00e9e bali\u00ads\u00e9. Il est int\u00e9\u00adres\u00adsant de conti\u00adnuer la ran\u00addon\u00adn\u00e9e jus\u00adqu\u2019au Wurm\u00adberg HWN 156, situ\u00e9 \u00e0&nbsp;envi\u00adron 2&nbsp;km.&nbsp;<\/p>\n\n<div class=\"wp-block-buttons is-layout-flex wp-block-buttons-is-layout-flex\">\n<div class=\"wp-block-button\"><a class=\"wp-block-button__link wp-element-button\" href=\"https:\/\/harzer-bergwald.de\/index.php\/wandertouren\/romantiktouren\/50-gipfelsturm-im-nationalpark-harz\" target=\"_blank\" rel=\"noreferrer noopener\">Sug\u00adges\u00adtion de cir\u00adcuit For\u00eat de mon\u00adtagne du&nbsp;Harz&nbsp;\u00bb<\/a><\/div>\n<\/div>\n","protected":false},"excerpt":{"rendered":"<p>L\u2019aire de repos de Kaf\u00adfe\u00adhorst (735&nbsp;m) se trouve juste \u00e0&nbsp;c\u00f4t\u00e9 de l\u2019ancienne fron\u00adti\u00e8re inter\u00adal\u00adle\u00admande, au-des\u00adsus de la Bremke. La Bremke fait 4,7&nbsp;km de long et sur\u00admonte une pente de 290&nbsp;m&nbsp;jus\u00adqu\u2019\u00e0 son embou\u00adchure dans la Warme Bode. Sur tout son par\u00adcours, elle mar\u00adquait autre\u00adfois la fron\u00adti\u00e8re avec la RDA et aujourd\u2019\u00adhui, elle marque la fron\u00adti\u00e8re&nbsp;avec&nbsp;[\u2026]<\/p>\n","protected":false},"author":11,"featured_media":18044,"parent":17801,"menu_order":10018,"comment_status":"closed","ping_status":"closed","template":"","meta":{"_seopress_robots_primary_cat":"","_seopress_titles_title":"","_seopress_titles_desc":"D\u00e9couvre l'aire de repos de Kaffeehorst avec son histoire passionnante, ses sentiers de randonn\u00e9e et son t\u00e9l\u00e9si\u00e8ge moderne pr\u00e8s de l'ancienne fronti\u00e8re.","_seopress_robots_index":"","wp_typography_post_enhancements_disabled":false,"iawp_total_views":0,"footnotes":""},"hf_cat_page":[120],"class_list":["post-18042","page","type-page","status-publish","has-post-thumbnail"],"blocksy_meta":[],"_links":{"self":[{"href":"https:\/\/www.harzer-wandernadel.de\/fr\/wp-json\/wp\/v2\/pages\/18042","targetHints":{"allow":["GET"]}}],"collection":[{"href":"https:\/\/www.harzer-wandernadel.de\/fr\/wp-json\/wp\/v2\/pages"}],"about":[{"href":"https:\/\/www.harzer-wandernadel.de\/fr\/wp-json\/wp\/v2\/types\/page"}],"author":[{"embeddable":true,"href":"https:\/\/www.harzer-wandernadel.de\/fr\/wp-json\/wp\/v2\/users\/11"}],"replies":[{"embeddable":true,"href":"https:\/\/www.harzer-wandernadel.de\/fr\/wp-json\/wp\/v2\/comments?post=18042"}],"version-history":[{"count":1,"href":"https:\/\/www.harzer-wandernadel.de\/fr\/wp-json\/wp\/v2\/pages\/18042\/revisions"}],"predecessor-version":[{"id":18045,"href":"https:\/\/www.harzer-wandernadel.de\/fr\/wp-json\/wp\/v2\/pages\/18042\/revisions\/18045"}],"up":[{"embeddable":true,"href":"https:\/\/www.harzer-wandernadel.de\/fr\/wp-json\/wp\/v2\/pages\/17801"}],"wp:featuredmedia":[{"embeddable":true,"href":"https:\/\/www.harzer-wandernadel.de\/fr\/wp-json\/wp\/v2\/media\/18044"}],"wp:attachment":[{"href":"https:\/\/www.harzer-wandernadel.de\/fr\/wp-json\/wp\/v2\/media?parent=18042"}],"wp:term":[{"taxonomy":"hf_cat_page","embeddable":true,"href":"https:\/\/www.harzer-wandernadel.de\/fr\/wp-json\/wp\/v2\/hf_cat_page?post=18042"}],"curies":[{"name":"wp","href":"https:\/\/api.w.org\/{rel}","templated":true}]}}