{"id":18034,"date":"2016-02-16T12:58:45","date_gmt":"2016-02-16T11:58:45","guid":{"rendered":"https:\/\/www.harzer-wandernadel.de\/pointage\/carte-generale\/pointage-22-gelber-brink\/"},"modified":"2026-02-28T14:42:12","modified_gmt":"2026-02-28T13:42:12","slug":"pointage-22-gelber-brink","status":"publish","type":"page","link":"https:\/\/www.harzer-wandernadel.de\/fr\/pointage\/carte-generale\/pointage-22-gelber-brink\/","title":{"rendered":"Pointage 22 \/ Gelber Brink"},"content":{"rendered":"\n<h2 class=\"wp-block-heading\">Sur le chemin du Brocken, fix\u00e9 \u00e0&nbsp;un panneau d\u2019information, tu trouveras la bo\u00eete \u00e0&nbsp;tampons \u00ab&nbsp;Gelber Brink&nbsp;\u00bb (888&nbsp;m&nbsp;d\u2019altitude). A&nbsp;droite, l\u2019Ilse cach\u00e9e se jette dans la vall\u00e9e.&nbsp;<\/h2>\n\n<div class=\"wp-block-stackable-image alignwide stk-block-image stk-block stk-89e1006\" data-block-id=\"89e1006\"><style>.stk-89e1006 {margin-top:3% !important;margin-bottom:3% !important;}<\/style><figure><span class=\"stk-img-wrapper stk-image--shape-stretch stk--has-lightbox\"><img decoding=\"async\" width=\"760\" height=\"507\" src=\"https:\/\/www.harzer-wandernadel.de\/wp-content\/uploads\/2016\/02\/Urwaldstieg-Bernd-Wolff.jpg\" class=\"attachment-full size-full wp-post-image\" alt=\"Tableau en pierre avec b\u00e9n\u00e9diction des randonneurs dans la for\u00eat\" srcset=\"https:\/\/www.harzer-wandernadel.de\/wp-content\/uploads\/2016\/02\/Urwaldstieg-Bernd-Wolff.jpg 760w, https:\/\/www.harzer-wandernadel.de\/wp-content\/uploads\/2016\/02\/Urwaldstieg-Bernd-Wolff-300x200.jpg 300w, https:\/\/www.harzer-wandernadel.de\/wp-content\/uploads\/2016\/02\/Urwaldstieg-Bernd-Wolff-624x416.jpg 624w\" sizes=\"(max-width: 760px) 100vw, 760px\"><\/span><\/figure><\/div>\n\n<p>On entend le mur\u00admure de la rivi\u00e8re et on dis\u00adtingue aus\u00adsi le lit de la rivi\u00e8re, mais le cours d\u2019eau se cache sous d\u2019\u00e9\u00adnormes rochers de gra\u00adnit. La petite aire de repos incite \u00e0&nbsp;faire une petite pause.&nbsp;<\/p>\n\n<p>Le poteau indi\u00adca\u00adteur en fer indique dif\u00adf\u00e9\u00adrentes direc\u00adtions. Le Bro\u00adcken n\u2019est plus qu\u2019\u00e0 4&nbsp;km. Pr\u00e8s du tam\u00adpon, le <a href=\"http:\/\/www.nationalpark-harz.de\/de\/natur-erleben\/natur-erlebnispfade\/urwaldstieg\/\">sen\u00adtier de la for\u00eat vierge<\/a> part de la route du Bro\u00adcken et tra\u00adverse direc\u00adte\u00adment la zone cen\u00adtrale du parc natio\u00adnal sur une lon\u00adgueur d\u2019en\u00advi\u00adron 200 m\u00e8tres. Sur des pan\u00adneaux le long de ce sen\u00adtier, on peut lire des po\u00e8mes de l\u2019\u00e9\u00adcri\u00advain de Blan\u00adken\u00adburg Bernd&nbsp;Wolff.&nbsp;<\/p>\n\n<div class=\"wp-block-buttons is-layout-flex wp-block-buttons-is-layout-flex\">\n<div class=\"wp-block-button\"><a class=\"wp-block-button__link wp-element-button\" href=\"https:\/\/harzer-bergwald.de\/index.php\/wandertouren\/abenteuertouren\/56-schierkes-klippen\" target=\"_blank\" rel=\"noreferrer noopener\">Sug\u00adges\u00adtion de cir\u00adcuit For\u00eat de mon\u00adtagne du&nbsp;Harz&nbsp;\u00bb<\/a><\/div>\n<\/div>\n","protected":false},"excerpt":{"rendered":"<p>Sur le che\u00admin du Bro\u00adcken, fix\u00e9 \u00e0&nbsp;un pan\u00adneau d\u2019information, tu trou\u00adve\u00adras la bo\u00eete \u00e0&nbsp;tam\u00adpons \u00ab&nbsp;Gel\u00adber Brink&nbsp;\u00bb (888&nbsp;m&nbsp;d\u2019altitude). A&nbsp;droite, l\u2019Ilse cach\u00e9e se jette dans la val\u00adl\u00e9e.&nbsp; On entend le mur\u00admure de la rivi\u00e8re et on dis\u00adtingue aus\u00adsi le lit de la rivi\u00e8re, mais le cours d\u2019eau se cache sous d\u2019\u00e9\u00adnormes rochers de gra\u00adnit. La petite aire&nbsp;[\u2026]<\/p>\n","protected":false},"author":11,"featured_media":15136,"parent":17801,"menu_order":10022,"comment_status":"closed","ping_status":"closed","template":"","meta":{"_seopress_robots_primary_cat":"","_seopress_titles_title":"","_seopress_titles_desc":"","_seopress_robots_index":"","wp_typography_post_enhancements_disabled":false,"iawp_total_views":0,"footnotes":""},"hf_cat_page":[120],"class_list":["post-18034","page","type-page","status-publish","has-post-thumbnail"],"blocksy_meta":[],"_links":{"self":[{"href":"https:\/\/www.harzer-wandernadel.de\/fr\/wp-json\/wp\/v2\/pages\/18034","targetHints":{"allow":["GET"]}}],"collection":[{"href":"https:\/\/www.harzer-wandernadel.de\/fr\/wp-json\/wp\/v2\/pages"}],"about":[{"href":"https:\/\/www.harzer-wandernadel.de\/fr\/wp-json\/wp\/v2\/types\/page"}],"author":[{"embeddable":true,"href":"https:\/\/www.harzer-wandernadel.de\/fr\/wp-json\/wp\/v2\/users\/11"}],"replies":[{"embeddable":true,"href":"https:\/\/www.harzer-wandernadel.de\/fr\/wp-json\/wp\/v2\/comments?post=18034"}],"version-history":[{"count":1,"href":"https:\/\/www.harzer-wandernadel.de\/fr\/wp-json\/wp\/v2\/pages\/18034\/revisions"}],"predecessor-version":[{"id":18037,"href":"https:\/\/www.harzer-wandernadel.de\/fr\/wp-json\/wp\/v2\/pages\/18034\/revisions\/18037"}],"up":[{"embeddable":true,"href":"https:\/\/www.harzer-wandernadel.de\/fr\/wp-json\/wp\/v2\/pages\/17801"}],"wp:featuredmedia":[{"embeddable":true,"href":"https:\/\/www.harzer-wandernadel.de\/fr\/wp-json\/wp\/v2\/media\/15136"}],"wp:attachment":[{"href":"https:\/\/www.harzer-wandernadel.de\/fr\/wp-json\/wp\/v2\/media?parent=18034"}],"wp:term":[{"taxonomy":"hf_cat_page","embeddable":true,"href":"https:\/\/www.harzer-wandernadel.de\/fr\/wp-json\/wp\/v2\/hf_cat_page?post=18034"}],"curies":[{"name":"wp","href":"https:\/\/api.w.org\/{rel}","templated":true}]}}