{"id":18028,"date":"2016-02-11T12:38:13","date_gmt":"2016-02-11T11:38:13","guid":{"rendered":"https:\/\/www.harzer-wandernadel.de\/pointage\/carte-generale\/poinconnage-15-leistenklippe\/"},"modified":"2026-02-28T14:42:10","modified_gmt":"2026-02-28T13:42:10","slug":"poinconnage-15-leistenklippe","status":"publish","type":"page","link":"https:\/\/www.harzer-wandernadel.de\/fr\/pointage\/carte-generale\/poinconnage-15-leistenklippe\/","title":{"rendered":"Poin\u00e7onnage 15 \/ Leistenklippe"},"content":{"rendered":"\n<h2 class=\"wp-block-heading\">La Leistenklippe (901&nbsp;m&nbsp;d\u2019altitude) fait partie de la cr\u00eate de Hohne, une longue cha\u00eene de montagnes entre Schierke, Drei Annen Hohne et Wernigerode.<\/h2>\n\n<div class=\"wp-block-stackable-image alignwide stk-block-image stk-block stk-89e1006\" data-block-id=\"89e1006\"><style>.stk-89e1006 {margin-top:3% !important;margin-bottom:3% !important;}<\/style><figure><span class=\"stk-img-wrapper stk-image--shape-stretch stk--has-lightbox\"><img decoding=\"async\" width=\"1591\" height=\"1193\" src=\"https:\/\/www.harzer-wandernadel.de\/wp-content\/uploads\/2016\/02\/HWN-Leistenklippe-Linke.jpg\" class=\"attachment-full size-full wp-post-image\" alt=\"Aussicht vom Brocken \u00fcber den Harz Wald\" srcset=\"https:\/\/www.harzer-wandernadel.de\/wp-content\/uploads\/2016\/02\/HWN-Leistenklippe-Linke.jpg 1591w, https:\/\/www.harzer-wandernadel.de\/wp-content\/uploads\/2016\/02\/HWN-Leistenklippe-Linke-300x225.jpg 300w, https:\/\/www.harzer-wandernadel.de\/wp-content\/uploads\/2016\/02\/HWN-Leistenklippe-Linke-768x576.jpg 768w, https:\/\/www.harzer-wandernadel.de\/wp-content\/uploads\/2016\/02\/HWN-Leistenklippe-Linke-1024x768.jpg 1024w, https:\/\/www.harzer-wandernadel.de\/wp-content\/uploads\/2016\/02\/HWN-Leistenklippe-Linke-250x187.jpg 250w, https:\/\/www.harzer-wandernadel.de\/wp-content\/uploads\/2016\/02\/HWN-Leistenklippe-Linke-624x468.jpg 624w\" sizes=\"(max-width: 1591px) 100vw, 1591px\"><\/span><\/figure><\/div>\n\n<p>Sur la cr\u00eate de Hohne se trouvent d\u2019autres \u00e9l\u00e9\u00adva\u00adtions rocheuses, comme la Landmann\u2011, H\u00f6llen\u2011, Grenz\u2011, et B\u00e4renk\u00adlippe. La Leis\u00adtenk\u00adlippe est acces\u00adsible en tant que point de vue et peut \u00eatre esca\u00adla\u00add\u00e9e par un esca\u00adlier en fer. La vue sur le Bro\u00adcken, le Wurm\u00adberg et Wer\u00adni\u00adge\u00adrode est unique.&nbsp;<\/p>\n\n<p>De nom\u00adbreux sen\u00adtiers de ran\u00addon\u00adn\u00e9e bali\u00ads\u00e9s mais aus\u00adsi escar\u00adp\u00e9s m\u00e8nent sur 360 m\u00e8tres de d\u00e9ni\u00adve\u00adl\u00e9 de Schierke ou de Drei Annen Hohne \u00e0&nbsp;la cr\u00eate de&nbsp;Hohne.<\/p>\n","protected":false},"excerpt":{"rendered":"<p>La Leis\u00adtenk\u00adlippe (901&nbsp;m&nbsp;d\u2019altitude) fait par\u00adtie de la cr\u00eate de Hohne, une longue cha\u00eene de mon\u00adtagnes entre Schierke, Drei Annen Hohne et Wer\u00adni\u00adge\u00adrode. Sur la cr\u00eate de Hohne se trouvent d\u2019autres \u00e9l\u00e9\u00adva\u00adtions rocheuses, comme la Landmann\u2011, H\u00f6llen\u2011, Grenz\u2011, et B\u00e4renk\u00adlippe. La Leis\u00adtenk\u00adlippe est acces\u00adsible en tant que point de vue et peut \u00eatre esca\u00adla\u00add\u00e9e par&nbsp;un&nbsp;[\u2026]<\/p>\n","protected":false},"author":11,"featured_media":18030,"parent":17801,"menu_order":10015,"comment_status":"closed","ping_status":"closed","template":"","meta":{"_seopress_robots_primary_cat":"","_seopress_titles_title":"","_seopress_titles_desc":"D\u00e9couvre la Leistenklippe dans le Harz avec une vue unique sur Brocken et Wernigerode. Des sentiers de randonn\u00e9e m\u00e8nent de Schierke \u00e0 la cr\u00eate de Hohne. ","_seopress_robots_index":"","wp_typography_post_enhancements_disabled":false,"iawp_total_views":1,"footnotes":""},"hf_cat_page":[120],"class_list":["post-18028","page","type-page","status-publish","has-post-thumbnail"],"blocksy_meta":[],"_links":{"self":[{"href":"https:\/\/www.harzer-wandernadel.de\/fr\/wp-json\/wp\/v2\/pages\/18028","targetHints":{"allow":["GET"]}}],"collection":[{"href":"https:\/\/www.harzer-wandernadel.de\/fr\/wp-json\/wp\/v2\/pages"}],"about":[{"href":"https:\/\/www.harzer-wandernadel.de\/fr\/wp-json\/wp\/v2\/types\/page"}],"author":[{"embeddable":true,"href":"https:\/\/www.harzer-wandernadel.de\/fr\/wp-json\/wp\/v2\/users\/11"}],"replies":[{"embeddable":true,"href":"https:\/\/www.harzer-wandernadel.de\/fr\/wp-json\/wp\/v2\/comments?post=18028"}],"version-history":[{"count":1,"href":"https:\/\/www.harzer-wandernadel.de\/fr\/wp-json\/wp\/v2\/pages\/18028\/revisions"}],"predecessor-version":[{"id":18031,"href":"https:\/\/www.harzer-wandernadel.de\/fr\/wp-json\/wp\/v2\/pages\/18028\/revisions\/18031"}],"up":[{"embeddable":true,"href":"https:\/\/www.harzer-wandernadel.de\/fr\/wp-json\/wp\/v2\/pages\/17801"}],"wp:featuredmedia":[{"embeddable":true,"href":"https:\/\/www.harzer-wandernadel.de\/fr\/wp-json\/wp\/v2\/media\/18030"}],"wp:attachment":[{"href":"https:\/\/www.harzer-wandernadel.de\/fr\/wp-json\/wp\/v2\/media?parent=18028"}],"wp:term":[{"taxonomy":"hf_cat_page","embeddable":true,"href":"https:\/\/www.harzer-wandernadel.de\/fr\/wp-json\/wp\/v2\/hf_cat_page?post=18028"}],"curies":[{"name":"wp","href":"https:\/\/api.w.org\/{rel}","templated":true}]}}