{"id":18013,"date":"2016-02-10T11:27:49","date_gmt":"2016-02-10T10:27:49","guid":{"rendered":"https:\/\/www.harzer-wandernadel.de\/pointage\/carte-generale\/pointage-219-barrage-de-wippertal\/"},"modified":"2026-01-29T12:38:53","modified_gmt":"2026-01-29T11:38:53","slug":"pointage-219-barrage-de-wippertal","status":"publish","type":"page","link":"https:\/\/www.harzer-wandernadel.de\/fr\/pointage\/carte-generale\/pointage-219-barrage-de-wippertal\/","title":{"rendered":"Pointage 219 \/ Barrage de Wippertal"},"content":{"rendered":"\n<h2 class=\"wp-block-heading\">Le barrage de Wippertal est situ\u00e9 au milieu de la grande zone foresti\u00e8re entre Wippra, K\u00f6nigerode, Dankerode, Horla et&nbsp;Rotha.<\/h2>\n\n<div class=\"wp-block-stackable-image alignwide stk-block-image stk-block stk-89e1006\" data-block-id=\"89e1006\"><style>.stk-89e1006 {margin-top:3% !important;margin-bottom:3% !important;}<\/style><figure><span class=\"stk-img-wrapper stk-image--shape-stretch stk--has-lightbox\"><img decoding=\"async\" width=\"2378\" height=\"1782\" src=\"https:\/\/www.harzer-wandernadel.de\/wp-content\/uploads\/2016\/02\/HWN-Wippertalsperrre-Helmut-2.jpg\" class=\"attachment-full size-full wp-post-image\" alt=\"Lac tranquille entour\u00e9 d'une for\u00eat verte\" srcset=\"https:\/\/www.harzer-wandernadel.de\/wp-content\/uploads\/2016\/02\/HWN-Wippertalsperrre-Helmut-2.jpg 2378w, https:\/\/www.harzer-wandernadel.de\/wp-content\/uploads\/2016\/02\/HWN-Wippertalsperrre-Helmut-2-300x225.jpg 300w, https:\/\/www.harzer-wandernadel.de\/wp-content\/uploads\/2016\/02\/HWN-Wippertalsperrre-Helmut-2-768x576.jpg 768w, https:\/\/www.harzer-wandernadel.de\/wp-content\/uploads\/2016\/02\/HWN-Wippertalsperrre-Helmut-2-1024x767.jpg 1024w, https:\/\/www.harzer-wandernadel.de\/wp-content\/uploads\/2016\/02\/HWN-Wippertalsperrre-Helmut-2-250x187.jpg 250w, https:\/\/www.harzer-wandernadel.de\/wp-content\/uploads\/2016\/02\/HWN-Wippertalsperrre-Helmut-2-624x468.jpg 624w\" sizes=\"(max-width: 2378px) 100vw, 2378px\"><\/span><\/figure><\/div>\n\n<p>Le bar\u00adrage de Wip\u00adper\u00adtals\u00adperre est la seule construc\u00adtion de bar\u00adrage dans la zone de la rivi\u00e8re Wip\u00adper. Il a&nbsp;\u00e9t\u00e9 construit en 1951\/52 comme pr\u00e9-bar\u00adrage. Il a&nbsp;ser\u00advi \u00e0&nbsp;l\u2019ap\u00adpro\u00advi\u00adsion\u00adne\u00adment en eau indus\u00adtrielle, notam\u00adment pour four\u00adnir suf\u00adfi\u00adsam\u00adment d\u2019eau \u00e0&nbsp;l\u2019ex\u00adploi\u00adta\u00adtion mini\u00e8re de cuivre dans la r\u00e9gion. La cen\u00adtrale hydro\u00ad\u00e9lec\u00adtrique int\u00e9\u00adgr\u00e9e dans le bar\u00adrage pro\u00adduit de l\u2019\u00e9lec\u00adtri\u00adci\u00adt\u00e9 \u00e0&nbsp;par\u00adtir de l\u2019\u00e9ner\u00adgie hydrau\u00adlique et les loi\u00adsirs de proxi\u00admi\u00adt\u00e9 jouent d\u00e9sor\u00admais un r\u00f4le impor\u00adtant dans le bar\u00adrage de 2,2&nbsp;km de long et 190&nbsp;m&nbsp;de large. La construc\u00adtion d\u2019un bar\u00adrage prin\u00adci\u00adpal a&nbsp;\u00e9t\u00e9 envi\u00adsa\u00adg\u00e9e, mais elle n\u2019a pas \u00e9t\u00e9 r\u00e9alis\u00e9e.&nbsp;<\/p>\n\n<p>La Wip\u00adper prend sa source pr\u00e8s de l\u2019Auer\u00adberg pr\u00e8s de Stol\u00adberg dans le Harz. Elle ser\u00adpente sur envi\u00adron 85 kilo\u00adm\u00e8tres jus\u00adqu\u2019\u00e0 Bern\u00adburg, o\u00f9 elle se jette dans la Saale. La capa\u00adci\u00adt\u00e9 d\u2019\u00e9\u00adcou\u00adle\u00adment de la Wip\u00adper est faible, de sorte qu\u2019en l\u2019\u00e9\u00adtat actuel, des d\u00e9bor\u00adde\u00adments se pro\u00adduisent m\u00eame en cas de petites crues. Le bar\u00adrage de la Wip\u00adper n\u2019a qu\u2019un faible effet de pro\u00adtec\u00adtion contre les inondations.&nbsp;<\/p>\n\n<p>Apr\u00e8s les inon\u00adda\u00adtions de 1994, dont le mon\u00adtant des dom\u00admages s\u2019\u00e9\u00adle\u00advait \u00e0&nbsp;plus de 17 mil\u00adlions d\u2019eu\u00adros, la construc\u00adtion d\u2019un \u00ab&nbsp;bas\u00adsin de r\u00e9ten\u00adtion vert&nbsp;\u00bb sup\u00adpl\u00e9\u00admen\u00adtaire en amont de Wip\u00adpra a&nbsp;\u00e9t\u00e9 \u00e9vo\u00adqu\u00e9e dans le cadre de l\u2019\u00e9\u00adla\u00adbo\u00adra\u00adtion d\u2019un concept de pro\u00adtec\u00adtion contre les inon\u00adda\u00adtions en Saxe-Anhalt. La construc\u00adtion du bas\u00adsin sec, qui sera construit \u00e0&nbsp;la place du bar\u00adrage prin\u00adci\u00adpal pr\u00e9\u00advu \u00e0&nbsp;l\u2019\u00e9\u00adpoque, a&nbsp;com\u00admen\u00adc\u00e9 en juillet 2014.&nbsp;<\/p>\n\n<p>Le point de poin\u00adtage se trouve sur le cir\u00adcuit de 5,8&nbsp;km autour du bar\u00adrage de Wip\u00adper\u00adtals\u00adperre , qui est indi\u00adqu\u00e9 depuis le bar\u00adrage. Depuis K\u00f6ni\u00adge\u00adrode, tu peux \u00e9ga\u00adle\u00adment rejoindre le cir\u00adcuit du bar\u00adrage en pas\u00adsant par la mai\u00adson fores\u00adti\u00e8re Schie\u00adfer\u00adgra\u00adben et les par\u00adkings fores\u00adtiers situ\u00e9s \u00e0&nbsp;proximit\u00e9.&nbsp;<\/p>\n\n<div class=\"wp-block-buttons is-layout-flex wp-block-buttons-is-layout-flex\">\n<div class=\"wp-block-button\"><a class=\"wp-block-button__link wp-element-button\" href=\"http:\/\/harzer-bergwald.de\/index.php\/wandertouren\/abenteuertouren\/10-der-verborgene-schatz-im-ostharz\">Sug\u00adges\u00adtion de cir\u00adcuit For\u00eat de mon\u00adtagne du&nbsp;Harz<\/a><\/div>\n<\/div>\n\n<p>&nbsp;<\/p>\n","protected":false},"excerpt":{"rendered":"<p>Le bar\u00adrage de Wip\u00adper\u00adtal est situ\u00e9 au milieu de la grande zone fores\u00adti\u00e8re entre Wip\u00adpra, K\u00f6ni\u00adge\u00adrode, Dan\u00adke\u00adrode, Hor\u00adla et&nbsp;Rotha. Le bar\u00adrage de Wip\u00adper\u00adtals\u00adperre est la seule construc\u00adtion de bar\u00adrage dans la zone de la rivi\u00e8re Wip\u00adper. Il a&nbsp;\u00e9t\u00e9 construit en 1951\/52 comme pr\u00e9-bar\u00ad\u00adrage. Il a&nbsp;ser\u00advi \u00e0&nbsp;l\u2019ap\u00adpro\u00advi\u00adsion\u00adne\u00adment en eau indus\u00adtrielle, notam\u00adment pour four\u00adnir suf\u00adfi\u00adsam\u00adment d\u2019eau \u00e0&nbsp;l\u2019ex\u00adploi\u00adta\u00adtion [\u2026]<\/p>\n","protected":false},"author":1,"featured_media":18015,"parent":17801,"menu_order":10219,"comment_status":"closed","ping_status":"closed","template":"","meta":{"_seopress_robots_primary_cat":"","_seopress_titles_title":"","_seopress_titles_desc":"","_seopress_robots_index":"","wp_typography_post_enhancements_disabled":false,"iawp_total_views":0,"footnotes":""},"hf_cat_page":[120],"class_list":["post-18013","page","type-page","status-publish","has-post-thumbnail"],"blocksy_meta":[],"_links":{"self":[{"href":"https:\/\/www.harzer-wandernadel.de\/fr\/wp-json\/wp\/v2\/pages\/18013","targetHints":{"allow":["GET"]}}],"collection":[{"href":"https:\/\/www.harzer-wandernadel.de\/fr\/wp-json\/wp\/v2\/pages"}],"about":[{"href":"https:\/\/www.harzer-wandernadel.de\/fr\/wp-json\/wp\/v2\/types\/page"}],"author":[{"embeddable":true,"href":"https:\/\/www.harzer-wandernadel.de\/fr\/wp-json\/wp\/v2\/users\/1"}],"replies":[{"embeddable":true,"href":"https:\/\/www.harzer-wandernadel.de\/fr\/wp-json\/wp\/v2\/comments?post=18013"}],"version-history":[{"count":2,"href":"https:\/\/www.harzer-wandernadel.de\/fr\/wp-json\/wp\/v2\/pages\/18013\/revisions"}],"predecessor-version":[{"id":18019,"href":"https:\/\/www.harzer-wandernadel.de\/fr\/wp-json\/wp\/v2\/pages\/18013\/revisions\/18019"}],"up":[{"embeddable":true,"href":"https:\/\/www.harzer-wandernadel.de\/fr\/wp-json\/wp\/v2\/pages\/17801"}],"wp:featuredmedia":[{"embeddable":true,"href":"https:\/\/www.harzer-wandernadel.de\/fr\/wp-json\/wp\/v2\/media\/18015"}],"wp:attachment":[{"href":"https:\/\/www.harzer-wandernadel.de\/fr\/wp-json\/wp\/v2\/media?parent=18013"}],"wp:term":[{"taxonomy":"hf_cat_page","embeddable":true,"href":"https:\/\/www.harzer-wandernadel.de\/fr\/wp-json\/wp\/v2\/hf_cat_page?post=18013"}],"curies":[{"name":"wp","href":"https:\/\/api.w.org\/{rel}","templated":true}]}}