{"id":17990,"date":"2016-02-11T12:34:15","date_gmt":"2016-02-11T11:34:15","guid":{"rendered":"https:\/\/www.harzer-wandernadel.de\/pointage\/carte-generale\/pointage-14-schnarcherklippe-refuge\/"},"modified":"2026-02-28T14:42:09","modified_gmt":"2026-02-28T13:42:09","slug":"pointage-14-schnarcherklippe-refuge","status":"publish","type":"page","link":"https:\/\/www.harzer-wandernadel.de\/fr\/pointage\/carte-generale\/pointage-14-schnarcherklippe-refuge\/","title":{"rendered":"Pointage 14 \/ Schnarcherklippe (refuge)"},"content":{"rendered":"\n<h2 class=\"wp-block-heading\">Les Schnarcherklippen (671&nbsp;m&nbsp;d\u2019altitude) sont deux c\u00e9l\u00e8bres \u00ab&nbsp;tours de granit&nbsp;\u00bb de 28&nbsp;m&nbsp;de haut, qui se trouvent au sud de Schierke.<\/h2>\n\n<div class=\"wp-block-stackable-image alignwide stk-block-image stk-block stk-89e1006\" data-block-id=\"89e1006\"><style>.stk-89e1006 {margin-top:3% !important;margin-bottom:3% !important;}<\/style><figure><span class=\"stk-img-wrapper stk-image--shape-stretch stk--has-lightbox\"><img decoding=\"async\" width=\"2048\" height=\"1359\" src=\"https:\/\/www.harzer-wandernadel.de\/wp-content\/uploads\/2016\/02\/HWN-Schnarcherklippen-Th\u00f6rmer.jpg\" class=\"attachment-full size-full wp-post-image\" alt=\"Felsentreppe im Wald mit Moos und Gel\u00e4nder\" srcset=\"https:\/\/www.harzer-wandernadel.de\/wp-content\/uploads\/2016\/02\/HWN-Schnarcherklippen-Th\u00f6rmer.jpg 2048w, https:\/\/www.harzer-wandernadel.de\/wp-content\/uploads\/2016\/02\/HWN-Schnarcherklippen-Th\u00f6rmer-300x199.jpg 300w, https:\/\/www.harzer-wandernadel.de\/wp-content\/uploads\/2016\/02\/HWN-Schnarcherklippen-Th\u00f6rmer-768x510.jpg 768w, https:\/\/www.harzer-wandernadel.de\/wp-content\/uploads\/2016\/02\/HWN-Schnarcherklippen-Th\u00f6rmer-1024x680.jpg 1024w, https:\/\/www.harzer-wandernadel.de\/wp-content\/uploads\/2016\/02\/HWN-Schnarcherklippen-Th\u00f6rmer-250x166.jpg 250w, https:\/\/www.harzer-wandernadel.de\/wp-content\/uploads\/2016\/02\/HWN-Schnarcherklippen-Th\u00f6rmer-624x414.jpg 624w\" sizes=\"(max-width: 2048px) 100vw, 2048px\"><\/span><\/figure><\/div>\n\n<p>Par vent de sud-est, les falaises pro\u00adduisent des sons qui res\u00adsemblent \u00e0&nbsp;des ron\u00adfle\u00adments. Du point le plus \u00e9le\u00adv\u00e9 de la falaise, que l\u2019on peut gra\u00advir par une \u00e9chelle en fer, on a&nbsp;une vue magni\u00adfique sur Schierke jus\u00adqu\u2019au Hoh\u00adne\u00adkamm et au Erdbeerkopf.&nbsp;<\/p>\n\n<p>La forte struc\u00adture ver\u00adti\u00adcale et hori\u00adzon\u00adtale typique de cette r\u00e9gion, appe\u00adl\u00e9e \u00ab&nbsp;sac de laine&nbsp;\u00bb, est par\u00adti\u00adcu\u00adli\u00e8\u00adre\u00adment visible sur les rochers.<\/p>\n\n<p>Depuis le sen\u00adtier de ran\u00addon\u00adn\u00e9e dans la val\u00adl\u00e9e d\u2019E\u00adlend, entre Schierke et Elend, un che\u00admin m\u00e8ne aux falaises du Schnar\u00adcher en pas\u00adsant par la Mau\u00adsek\u00adlippe. La bo\u00eete \u00e0&nbsp;tam\u00adpons se trouve dans le refuge tout proche.&nbsp;<\/p>\n\n<p>Le che\u00admin entre Baren\u00adberg et Schnar\u00adcherk\u00adlip\u00adpen est dif\u00adfi\u00adcile \u00e0&nbsp;par\u00adcou\u00adrir \u00e0&nbsp;cause des d\u00e9g\u00e2ts cau\u00ads\u00e9s par la tem\u00adp\u00eate. Sur une lon\u00adgueur d\u2019en\u00advi\u00adron 200&nbsp;m, le v\u00e9ri\u00adtable che\u00admin n\u2019est plus reconnaissable.&nbsp;<\/p>\n","protected":false},"excerpt":{"rendered":"<p>Les Schnar\u00adcherk\u00adlip\u00adpen (671&nbsp;m&nbsp;d\u2019altitude) sont deux c\u00e9l\u00e8bres \u00ab&nbsp;tours de gra\u00adnit&nbsp;\u00bb de 28&nbsp;m&nbsp;de haut, qui se trouvent au sud de Schierke. Par vent de sud-est, les falaises pro\u00adduisent des sons qui res\u00adsemblent \u00e0&nbsp;des ron\u00adfle\u00adments. Du point le plus \u00e9le\u00adv\u00e9 de la falaise, que l\u2019on peut gra\u00advir par une \u00e9chelle en fer, on a&nbsp;une vue magni\u00adfique sur Schierke&nbsp;[\u2026]<\/p>\n","protected":false},"author":11,"featured_media":17993,"parent":17801,"menu_order":10014,"comment_status":"closed","ping_status":"closed","template":"","meta":{"_seopress_robots_primary_cat":"","_seopress_titles_title":"","_seopress_titles_desc":"D\u00e9couvre les falaises de Schnarcher pr\u00e8s de Schierke : des tours de granit impressionnantes avec une vue unique, une structure de sac de laine passionnante et des sentiers de randonn\u00e9e.","_seopress_robots_index":"","wp_typography_post_enhancements_disabled":false,"iawp_total_views":1,"footnotes":""},"hf_cat_page":[120],"class_list":["post-17990","page","type-page","status-publish","has-post-thumbnail"],"blocksy_meta":[],"_links":{"self":[{"href":"https:\/\/www.harzer-wandernadel.de\/fr\/wp-json\/wp\/v2\/pages\/17990","targetHints":{"allow":["GET"]}}],"collection":[{"href":"https:\/\/www.harzer-wandernadel.de\/fr\/wp-json\/wp\/v2\/pages"}],"about":[{"href":"https:\/\/www.harzer-wandernadel.de\/fr\/wp-json\/wp\/v2\/types\/page"}],"author":[{"embeddable":true,"href":"https:\/\/www.harzer-wandernadel.de\/fr\/wp-json\/wp\/v2\/users\/11"}],"replies":[{"embeddable":true,"href":"https:\/\/www.harzer-wandernadel.de\/fr\/wp-json\/wp\/v2\/comments?post=17990"}],"version-history":[{"count":1,"href":"https:\/\/www.harzer-wandernadel.de\/fr\/wp-json\/wp\/v2\/pages\/17990\/revisions"}],"predecessor-version":[{"id":17994,"href":"https:\/\/www.harzer-wandernadel.de\/fr\/wp-json\/wp\/v2\/pages\/17990\/revisions\/17994"}],"up":[{"embeddable":true,"href":"https:\/\/www.harzer-wandernadel.de\/fr\/wp-json\/wp\/v2\/pages\/17801"}],"wp:featuredmedia":[{"embeddable":true,"href":"https:\/\/www.harzer-wandernadel.de\/fr\/wp-json\/wp\/v2\/media\/17993"}],"wp:attachment":[{"href":"https:\/\/www.harzer-wandernadel.de\/fr\/wp-json\/wp\/v2\/media?parent=17990"}],"wp:term":[{"taxonomy":"hf_cat_page","embeddable":true,"href":"https:\/\/www.harzer-wandernadel.de\/fr\/wp-json\/wp\/v2\/hf_cat_page?post=17990"}],"curies":[{"name":"wp","href":"https:\/\/api.w.org\/{rel}","templated":true}]}}