{"id":17975,"date":"2016-02-11T11:44:54","date_gmt":"2016-02-11T10:44:54","guid":{"rendered":"https:\/\/www.harzer-wandernadel.de\/pointage\/carte-generale\/poinconnage-6-bremer-huette-obere-ilsefaelle\/"},"modified":"2026-02-28T21:06:08","modified_gmt":"2026-02-28T20:06:08","slug":"poinconnage-6-bremer-huette-obere-ilsefaelle","status":"publish","type":"page","link":"https:\/\/www.harzer-wandernadel.de\/fr\/pointage\/carte-generale\/poinconnage-6-bremer-huette-obere-ilsefaelle\/","title":{"rendered":"Poin\u00e7onnage 6 \/ Bremer H\u00fctte (Obere Ilsef\u00e4lle)"},"content":{"rendered":"\n<h2 class=\"wp-block-heading\">Le point de pointage Bremer H\u00fctte se trouve dans la vall\u00e9e de l\u2019Ilse, au-dessus des chutes de l\u2019Ilse, directement sur le sentier Heinrich Heine.<\/h2>\n\n<figure class=\"wp-block-image alignwide size-large\" style=\"margin-top:3%;margin-bottom:3%\"><a href=\"https:\/\/www.harzer-wandernadel.de\/wp-content\/uploads\/2016\/02\/HWN-Bremer-H\u00fctte-01.07.16.jpg\"><img decoding=\"async\" src=\"https:\/\/www.harzer-wandernadel.de\/wp-content\/uploads\/2016\/02\/HWN-Bremer-H\u00fctte-01.07.16-1024x577.jpg\" alt=\"Cabane en bois dans la verdure avec vue sur les montagnes\" class=\"wp-image-4222\"><\/a><\/figure>\n\n<p>Des amis du Harz de Br\u00eame avaient ins\u00adtal\u00adl\u00e9 la pre\u00admi\u00e8re cabane de Br\u00eame, mais elle a&nbsp;\u00e9t\u00e9 vic\u00adtime d\u2019une tem\u00adp\u00eate en 2008 et a&nbsp;\u00e9t\u00e9 recons\u00adtruite par le parc natio\u00adnal \u00e0&nbsp;envi\u00adron 50 m\u00e8tres de l\u00e0. De la cabane s\u2019ouvre une belle vue sur le Brocken.&nbsp;<\/p>\n\n<p>Depuis le par\u00adking de ran\u00addon\u00adn\u00e9e \u00ab&nbsp;Blo\u00adchauer&nbsp;\u00bb dans la val\u00adl\u00e9e de l\u2019Ilse, tu suis le Bre\u00admer Weg en pas\u00adsant par le Hei\u00adne\u00adstein et les chutes de l\u2019Ilse jus\u00adqu\u2019au Bre\u00admer H\u00fctte. Le sen\u00adtier Hein\u00adrich-Heine conti\u00adnue \u00e0&nbsp;mon\u00adter en pas\u00adsant par le <a href=\"https:\/\/www.harzer-wandernadel.de\/fr\/pointage\/carte-generale\/poinconnage-8-buche-a-poinconner\/\" data-type=\"page\" data-id=\"502\">Stem\u00adpels\u00adbuche HWN 8<\/a>, la route Her\u00admann, la Her\u00admannsk\u00adlippe et la Hir\u00adtens\u00adtieg en pas\u00adsant par la Bis\u00admar\u00adckk\u00adlippe jus\u00adqu\u2019\u00e0 la <a href=\"https:\/\/www.harzer-wandernadel.de\/fr\/pointage\/carte-generale\/pointage-9-brockenhaus\/\" data-type=\"page\" data-id=\"507\">Bro\u00adcken\u00adhaus HWN 9<\/a>. <\/p>\n","protected":false},"excerpt":{"rendered":"<p>Le point de poin\u00adtage Bre\u00admer H\u00fctte se trouve dans la val\u00adl\u00e9e de l\u2019Ilse, au-des\u00adsus des chutes de l\u2019Ilse, direc\u00adte\u00adment sur le sen\u00adtier Hein\u00adrich Heine. Des amis du Harz de Br\u00eame avaient ins\u00adtal\u00adl\u00e9 la pre\u00admi\u00e8re cabane de Br\u00eame, mais elle a&nbsp;\u00e9t\u00e9 vic\u00adtime d\u2019une tem\u00adp\u00eate en 2008 et a&nbsp;\u00e9t\u00e9 recons\u00adtruite par le parc natio\u00adnal \u00e0&nbsp;envi\u00adron 50 m\u00e8tres&nbsp;[\u2026]<\/p>\n","protected":false},"author":11,"featured_media":17980,"parent":17801,"menu_order":10006,"comment_status":"closed","ping_status":"closed","template":"","meta":{"_seopress_robots_primary_cat":"","_seopress_titles_title":"","_seopress_titles_desc":"D\u00e9couvrez le refuge de Br\u00eame dans la vall\u00e9e de l'Ilse, sur le sentier Heinrich Heine, avec vue sur le Brocken, en passant par les chutes de l'Ilse et les points de pointage.","_seopress_robots_index":"","wp_typography_post_enhancements_disabled":false,"iawp_total_views":0,"footnotes":""},"hf_cat_page":[120],"class_list":["post-17975","page","type-page","status-publish","has-post-thumbnail"],"blocksy_meta":[],"_links":{"self":[{"href":"https:\/\/www.harzer-wandernadel.de\/fr\/wp-json\/wp\/v2\/pages\/17975","targetHints":{"allow":["GET"]}}],"collection":[{"href":"https:\/\/www.harzer-wandernadel.de\/fr\/wp-json\/wp\/v2\/pages"}],"about":[{"href":"https:\/\/www.harzer-wandernadel.de\/fr\/wp-json\/wp\/v2\/types\/page"}],"author":[{"embeddable":true,"href":"https:\/\/www.harzer-wandernadel.de\/fr\/wp-json\/wp\/v2\/users\/11"}],"replies":[{"embeddable":true,"href":"https:\/\/www.harzer-wandernadel.de\/fr\/wp-json\/wp\/v2\/comments?post=17975"}],"version-history":[{"count":4,"href":"https:\/\/www.harzer-wandernadel.de\/fr\/wp-json\/wp\/v2\/pages\/17975\/revisions"}],"predecessor-version":[{"id":25000,"href":"https:\/\/www.harzer-wandernadel.de\/fr\/wp-json\/wp\/v2\/pages\/17975\/revisions\/25000"}],"up":[{"embeddable":true,"href":"https:\/\/www.harzer-wandernadel.de\/fr\/wp-json\/wp\/v2\/pages\/17801"}],"wp:featuredmedia":[{"embeddable":true,"href":"https:\/\/www.harzer-wandernadel.de\/fr\/wp-json\/wp\/v2\/media\/17980"}],"wp:attachment":[{"href":"https:\/\/www.harzer-wandernadel.de\/fr\/wp-json\/wp\/v2\/media?parent=17975"}],"wp:term":[{"taxonomy":"hf_cat_page","embeddable":true,"href":"https:\/\/www.harzer-wandernadel.de\/fr\/wp-json\/wp\/v2\/hf_cat_page?post=17975"}],"curies":[{"name":"wp","href":"https:\/\/api.w.org\/{rel}","templated":true}]}}