{"id":17974,"date":"2016-02-11T12:17:40","date_gmt":"2016-02-11T11:17:40","guid":{"rendered":"https:\/\/www.harzer-wandernadel.de\/pointage\/carte-generale\/poinconnage-8-buche-a-poinconner\/"},"modified":"2026-02-28T21:07:08","modified_gmt":"2026-02-28T20:07:08","slug":"poinconnage-8-buche-a-poinconner","status":"publish","type":"page","link":"https:\/\/www.harzer-wandernadel.de\/fr\/pointage\/carte-generale\/poinconnage-8-buche-a-poinconner\/","title":{"rendered":"Poin\u00e7onnage 8 \/ Buche \u00e0&nbsp;poin\u00e7onner"},"content":{"rendered":"\n<h2 class=\"wp-block-heading\">Le carrefour de Stempelsbuche (671&nbsp;m&nbsp;d\u2019altitude) se trouve sur le sentier Heinrich Heine, qui m\u00e8ne d\u2019Ilsenburg au Brocken.<\/h2>\n\n<figure class=\"wp-block-image alignwide size-large\" style=\"margin-top:3%;margin-bottom:3%\"><a href=\"https:\/\/www.harzer-wandernadel.de\/wp-content\/uploads\/2016\/02\/HWN-Stempelsbuche-01.07.16-1024x578.jpg\"><img decoding=\"async\" width=\"1024\" height=\"578\" src=\"https:\/\/www.harzer-wandernadel.de\/wp-content\/uploads\/2016\/02\/HWN-Stempelsbuche-01.07.16-1024x578.jpg\" alt=\"For\u00eat morte avec de jeunes \u00e9pic\u00e9as verts\" class=\"wp-image-4224\" srcset=\"https:\/\/www.harzer-wandernadel.de\/wp-content\/uploads\/2016\/02\/HWN-Stempelsbuche-01.07.16-1024x578.jpg 1024w, https:\/\/www.harzer-wandernadel.de\/wp-content\/uploads\/2016\/02\/HWN-Stempelsbuche-01.07.16-300x169.jpg 300w, https:\/\/www.harzer-wandernadel.de\/wp-content\/uploads\/2016\/02\/HWN-Stempelsbuche-01.07.16-768x433.jpg 768w, https:\/\/www.harzer-wandernadel.de\/wp-content\/uploads\/2016\/02\/HWN-Stempelsbuche-01.07.16-250x141.jpg 250w, https:\/\/www.harzer-wandernadel.de\/wp-content\/uploads\/2016\/02\/HWN-Stempelsbuche-01.07.16-624x352.jpg 624w\" sizes=\"(max-width: 1024px) 100vw, 1024px\"><\/a><\/figure>\n\n<p>Dans le refuge qui se trouve ici se trouve aus\u00adsi le point de poin\u00adtage. Son nom vient pro\u00adba\u00adble\u00adment du h\u00eatre autre\u00adfois magni\u00adfique qui n\u2019est plus qu\u2019une souche.&nbsp;<\/p>\n\n<p>Depuis le Stem\u00adpels\u00adbuche, tu peux conti\u00adnuer le <a href=\"https:\/\/www.harzer-wandernadel.de\/fr\/pointage\/carte-generale\/pointage-9-brockenhaus\/\" data-type=\"page\" data-id=\"507\">cir\u00adcuit<\/a>jus\u00adqu\u2019au <a href=\"https:\/\/www.harzer-wandernadel.de\/fr\/pointage\/carte-generale\/pointage-9-brockenhaus\/\" data-type=\"page\" data-id=\"507\">Bro\u00adcken\u00adhaus HWN 9<\/a>, au <a href=\"https:\/\/www.harzer-wandernadel.de\/fr\/pointage\/carte-generale\/pointage-22-gelber-brink\/\" data-type=\"page\" data-id=\"566\">Gelbe Brink HWN 22<\/a>, au <a href=\"https:\/\/www.harzer-wandernadel.de\/fr\/pointage\/carte-generale\/pointage-16-pierre-de-ferdinand\/\" data-type=\"page\" data-id=\"528\">Fer\u00addi\u00adnand\u00adsstein HWN 16<\/a> ou \u00e0&nbsp;la <a href=\"https:\/\/www.harzer-wandernadel.de\/fr\/pointage\/carte-generale\/poinconnage-2-scharfenstein-station-de-garde-forestier\/\" data-type=\"page\" data-id=\"353\">sta\u00adtion Ran\u00adger Schar\u00adfen\u00adstein HWN 2<\/a>.<\/p>\n\n<p>Entre la falaise de Br\u00eame et le <a href=\"https:\/\/www.harzer-wandernadel.de\/fr\/pointage\/carte-generale\/poinconnage-8-buche-a-poinconner\/\" data-type=\"page\" data-id=\"502\">Stem\u00adpels\u00adbuche HWN 8<\/a>, on se pro\u00adm\u00e8ne dans des for\u00eats d\u2019\u00e9\u00adpi\u00adc\u00e9as morts. Cela peut effrayer le ran\u00addon\u00adneur, mais le parc natio\u00adnal a&nbsp;la stra\u00adt\u00e9\u00adgie sui\u00advante pour g\u00e9rer ce probl\u00e8me&nbsp;:&nbsp;<\/p>\n\n<h4 class=\"wp-block-heading\"><a href=\"http:\/\/www.nationalpark-harz.de\/de\/naturschuetzen\/waldentwicklung\/?refTID=499&amp;refDID=3019\"><span style=\"color: var(--theme-palette-color-2, #1b5700);\" class=\"stk-highlight\">Citation Parc national du Harz<\/span><\/a>&nbsp;:<\/h4>\n\n<blockquote class=\"wp-block-stackable-blockquote stk-block-blockquote stk-block stk-0f11ecd is-style-simple\" data-v=\"2\" data-block-id=\"0f11ecd\"><style>.stk-0f11ecd {margin-top:3% !important;margin-bottom:3% !important;}<\/style><div class=\"has-text-align-left stk-block-blockquote__content stk-container stk-0f11ecd-container stk--no-background stk--no-padding\"><div class=\"stk-block-content stk-inner-blocks\">\n<div class=\"wp-block-stackable-icon stk-block-icon stk-block stk-37f868f\" data-block-id=\"37f868f\"><style>.stk-37f868f {top:-50px !important;left:-50px !important;position:absolute !important;opacity:0.2 !important;}.stk-37f868f .stk--svg-wrapper .stk--inner-svg svg:last-child{height:200px !important;width:200px !important;}.stk-37f868f .stk--svg-wrapper .stk--inner-svg svg:last-child, .stk-37f868f .stk--svg-wrapper .stk--inner-svg svg:last-child :is(g, path, rect, polygon, ellipse){fill:var(--theme-palette-color-5, #AF9E7E) !important;}<\/style><span class=\"stk--svg-wrapper\"><div class=\"stk--inner-svg\"><svg style=\"height:0;width:0\"><defs><linearGradient id=\"linear-gradient-37f868f\" x1=\"0\" x2=\"100%\" y1=\"0\" y2=\"0\"><stop offset=\"0%\" style=\"stop-opacity:1;stop-color:var(--linear-gradient-37-f-868-f-color-1)\" \/><stop offset=\"100%\" style=\"stop-opacity:1;stop-color:var(--linear-gradient-37-f-868-f-color-2)\" \/><\/linearGradient><\/defs><\/svg><svg viewBox=\"0 0 50 50\" aria-hidden=\"true\" width=\"32\" height=\"32\"><path d=\"M22.6 12.8c-1.9.5-3.7 1.2-5.3 2.1-1.6.9-3.1 1.9-4.3 3-1.2 1.1-2.2 2.4-2.9 3.7-.7 1.3-1.1 2.7-1.1 4 0 1.2.1 1.8.3 1.8.8 0 1.5-.3 2.4-.9.8-.6 1.9-.9 3.3-.9 2.1 0 3.9.8 5.4 2.4 1.5 1.6 2.3 3.7 2.3 6.2s-1 4.6-2.9 6.4c-1.9 1.8-4.3 2.6-7.3 2.6-1.8 0-3.4-.4-4.9-1.1-1.5-.8-2.8-1.8-3.9-3.1s-2-2.8-2.6-4.6C.3 32.5 0 30.6 0 28.6c0-3 .6-5.8 1.8-8.3 1.2-2.5 2.8-4.8 4.9-6.7 2-1.9 4.4-3.5 7.2-4.6 2.8-1.2 5.6-1.8 8.6-2v5.8zm27.4 0c-1.9.5-3.7 1.2-5.4 2.1-1.7.9-3.1 1.9-4.3 3-1.2 1.1-2.2 2.4-2.9 3.7-.7 1.3-1.1 2.7-1.1 4 0 1.2.1 1.8.4 1.8.8 0 1.5-.3 2.3-.9.8-.6 1.9-.9 3.3-.9 2 0 3.8.8 5.3 2.4 1.5 1.6 2.3 3.7 2.3 6.2s-1 4.6-2.9 6.4c-2 1.8-4.4 2.6-7.3 2.6-1.7 0-3.3-.4-4.8-1.1-1.5-.8-2.8-1.8-3.9-3.1s-2-2.8-2.7-4.6c-.7-1.8-1-3.7-1-5.7 0-3 .6-5.8 1.8-8.3 1.2-2.5 2.8-4.8 4.9-6.7 2-1.9 4.4-3.5 7.2-4.6 2.8-1.2 5.7-1.8 8.8-2v5.7z\" \/><\/svg><\/div><\/span><\/div>\n\n\n\n<div class=\"wp-block-stackable-text stk-block-text stk-block stk-a630a5a\" data-block-id=\"a630a5a\"><p class=\"stk-block-text__text\"><span style=\"color: var(--theme-palette-color-2, #1b5700);\" class=\"stk-highlight\"><strong>Vers la nature sau\u00advage de demain gr\u00e2ce \u00e0&nbsp;des inter\u00adven\u00adtions cibl\u00e9es<\/strong><\/span><br><br>Les for\u00eats sont en mou\u00adve\u00adment. Si l\u2019homme n\u2019in\u00adter\u00advient pas, elles suivent leurs propres lois fores\u00adti\u00e8res. Mais comme l\u2019homme a&nbsp;trop uti\u00adli\u00ads\u00e9 la for\u00eat au cours des si\u00e8cles pas\u00ads\u00e9s, nous devons aider la for\u00eat culti\u00adv\u00e9e \u00e0&nbsp;rede\u00adve\u00adnir une for\u00eat natu\u00adrelle. Dans le parc natio\u00adnal, nous lais\u00adsons la for\u00eat se d\u00e9brouiller toute seule dans les zones d\u00e9j\u00e0 natu\u00adrelles et nous fai\u00adsons confiance \u00e0&nbsp;ses forces (zone de dytique natu\u00adrelle). Dans d\u2019autres zones, nous l\u2019ai\u00addons \u00e0&nbsp;prendre son envol, nous tenons les sco\u00adlytes \u00e0&nbsp;l\u2019\u00e9\u00adcart ou nous encou\u00adra\u00adgeons le cycle de vie du deve\u00adnir et de la dis\u00adpa\u00adri\u00adtion (zone de d\u00e9ve\u00adlop\u00adpe\u00adment naturel).&nbsp;<\/p><\/div>\n<\/div><\/div><\/blockquote>\n\n<h3 class=\"wp-block-heading\">Zone de dynamique naturelle<\/h3>\n\n<p>La for\u00eat dans la zone de dyna\u00admique natu\u00adrelle est lais\u00ads\u00e9e \u00e0&nbsp;elle-m\u00eame. Ici, aucune inter\u00adven\u00adtion humaine n\u2019a plus lieu. Les seules excep\u00adtions sont la lutte contre les sco\u00adlytes dans une bande de 500 m\u00e8tres de large aux limites ext\u00e9\u00adrieures du parc natio\u00adnal et la s\u00e9cu\u00adri\u00adt\u00e9 rou\u00adti\u00e8re sur les che\u00admins importants.&nbsp;<\/p>\n\n<h3 class=\"wp-block-heading\">Zone de d\u00e9veloppement de la nature<\/h3>\n\n<p>Dans les zones de d\u00e9ve\u00adlop\u00adpe\u00adment de la nature, le parc natio\u00adnal met encore en \u0153uvre des mesures visant \u00e0&nbsp;aug\u00admen\u00adter la proxi\u00admi\u00adt\u00e9 de la nature dans ces zones. La diver\u00adsi\u00adt\u00e9 des struc\u00adtures et la sta\u00adbi\u00adli\u00adt\u00e9 \u00e9co\u00adlo\u00adgique sont ain\u00adsi am\u00e9\u00adlio\u00adr\u00e9es et les arbres \u00e0&nbsp;feuilles caduques sont encou\u00adra\u00adg\u00e9s. Aucun objec\u00adtif \u00e9co\u00adno\u00admique n\u2019est pour\u00adsui\u00advi. Cepen\u00addant, le bois pro\u00adduit dans la for\u00eat peut \u00eatre utilis\u00e9.&nbsp;<\/p>\n\n<h3 class=\"wp-block-heading\">Lutte contre le bostryche<\/h3>\n\n<p>La lutte contre les sco\u00adlytes se fait selon les prin\u00adcipes suivants&nbsp;:<\/p>\n\n<ul class=\"wp-block-list\">\n<li>Lutte \u00e0&nbsp;la fron\u00adti\u00e8re ext\u00e9\u00adrieure pour pro\u00adt\u00e9\u00adger les popu\u00adla\u00adtions voi\u00adsines mena\u00adc\u00e9es (dans une bande d\u2019en\u00advi\u00adron 500&nbsp;m&nbsp;de large)<\/li>\n\n\n\n<li>Pro\u00adtec\u00adtion de grands com\u00adplexes d\u2019\u00e9\u00adpi\u00adc\u00e9as dans la zone de d\u00e9ve\u00adlop\u00adpe\u00adment naturel<\/li>\n\n\n\n<li>Pas de mesures dans la zone de dyna\u00admique natu\u00adrelle (\u00e0 l\u2019ex\u00adcep\u00adtion des sco\u00adlytes dans la zone frontali\u00e8re)<\/li>\n<\/ul>\n\n<p>Notre objec\u00adtif est que d\u2019i\u00adci 2022, au moins 75% de la sur\u00adface du parc natio\u00adnal soit lais\u00ads\u00e9e \u00e0&nbsp;elle-m\u00eame, c\u2019est-\u00e0-dire qu\u2019elle puisse \u00eatre consi\u00add\u00e9\u00adr\u00e9e comme une zone de dyna\u00admique naturelle.<\/p>\n","protected":false},"excerpt":{"rendered":"<p>Le car\u00adre\u00adfour de Stem\u00adpels\u00adbuche (671&nbsp;m&nbsp;d\u2019altitude) se trouve sur le sen\u00adtier Hein\u00adrich Heine, qui m\u00e8ne d\u2019Ilsenburg au Bro\u00adcken. Dans le refuge qui se trouve ici se trouve aus\u00adsi le point de poin\u00adtage. Son nom vient pro\u00adba\u00adble\u00adment du h\u00eatre autre\u00adfois magni\u00adfique qui n\u2019est plus qu\u2019une souche.&nbsp; Depuis le Stem\u00adpels\u00adbuche, tu peux conti\u00adnuer le cir\u00adcuitjus\u00adqu\u2019au Bro\u00adcken\u00adhaus HWN&nbsp;9,&nbsp;[\u2026]<\/p>\n","protected":false},"author":11,"featured_media":17977,"parent":17801,"menu_order":10008,"comment_status":"closed","ping_status":"closed","template":"","meta":{"_seopress_robots_primary_cat":"","_seopress_titles_title":"","_seopress_titles_desc":"Randonn\u00e9e vers la Stempelsbuche dans le Harz : refuge, point de pointage & point de d\u00e9part pour des randonn\u00e9es vers le Brocken et d'autres destinations HWN dans le parc national.","_seopress_robots_index":"","wp_typography_post_enhancements_disabled":false,"iawp_total_views":3,"footnotes":""},"hf_cat_page":[120],"class_list":["post-17974","page","type-page","status-publish","has-post-thumbnail"],"blocksy_meta":[],"_links":{"self":[{"href":"https:\/\/www.harzer-wandernadel.de\/fr\/wp-json\/wp\/v2\/pages\/17974","targetHints":{"allow":["GET"]}}],"collection":[{"href":"https:\/\/www.harzer-wandernadel.de\/fr\/wp-json\/wp\/v2\/pages"}],"about":[{"href":"https:\/\/www.harzer-wandernadel.de\/fr\/wp-json\/wp\/v2\/types\/page"}],"author":[{"embeddable":true,"href":"https:\/\/www.harzer-wandernadel.de\/fr\/wp-json\/wp\/v2\/users\/11"}],"replies":[{"embeddable":true,"href":"https:\/\/www.harzer-wandernadel.de\/fr\/wp-json\/wp\/v2\/comments?post=17974"}],"version-history":[{"count":7,"href":"https:\/\/www.harzer-wandernadel.de\/fr\/wp-json\/wp\/v2\/pages\/17974\/revisions"}],"predecessor-version":[{"id":25044,"href":"https:\/\/www.harzer-wandernadel.de\/fr\/wp-json\/wp\/v2\/pages\/17974\/revisions\/25044"}],"up":[{"embeddable":true,"href":"https:\/\/www.harzer-wandernadel.de\/fr\/wp-json\/wp\/v2\/pages\/17801"}],"wp:featuredmedia":[{"embeddable":true,"href":"https:\/\/www.harzer-wandernadel.de\/fr\/wp-json\/wp\/v2\/media\/17977"}],"wp:attachment":[{"href":"https:\/\/www.harzer-wandernadel.de\/fr\/wp-json\/wp\/v2\/media?parent=17974"}],"wp:term":[{"taxonomy":"hf_cat_page","embeddable":true,"href":"https:\/\/www.harzer-wandernadel.de\/fr\/wp-json\/wp\/v2\/hf_cat_page?post=17974"}],"curies":[{"name":"wp","href":"https:\/\/api.w.org\/{rel}","templated":true}]}}