{"id":17964,"date":"2016-02-11T12:08:24","date_gmt":"2016-02-11T11:08:24","guid":{"rendered":"https:\/\/www.harzer-wandernadel.de\/pointage\/carte-generale\/pointage-7-auberge-plessenburg\/"},"modified":"2026-02-28T21:07:08","modified_gmt":"2026-02-28T20:07:08","slug":"pointage-7-auberge-plessenburg","status":"publish","type":"page","link":"https:\/\/www.harzer-wandernadel.de\/fr\/pointage\/carte-generale\/pointage-7-auberge-plessenburg\/","title":{"rendered":"Pointage 7 \/ Auberge Plessenburg"},"content":{"rendered":"\n<h2 class=\"wp-block-heading\">Histoire et importance du Plessenburg dans le&nbsp;Harz<\/h2>\n\n<figure class=\"wp-block-image alignwide size-large\" style=\"margin-top:3%;margin-bottom:3%\"><a href=\"https:\/\/www.harzer-wandernadel.de\/wp-content\/uploads\/2016\/02\/HWN-Plessenburg-Langlott-1024x683.jpg\"><img decoding=\"async\" width=\"1024\" height=\"683\" src=\"https:\/\/www.harzer-wandernadel.de\/wp-content\/uploads\/2016\/02\/HWN-Plessenburg-Langlott-1024x683.jpg\" alt=\"Maison en briques avec toit rouge dans la verdure\" class=\"wp-image-3796\" srcset=\"https:\/\/www.harzer-wandernadel.de\/wp-content\/uploads\/2016\/02\/HWN-Plessenburg-Langlott-1024x683.jpg 1024w, https:\/\/www.harzer-wandernadel.de\/wp-content\/uploads\/2016\/02\/HWN-Plessenburg-Langlott-300x200.jpg 300w, https:\/\/www.harzer-wandernadel.de\/wp-content\/uploads\/2016\/02\/HWN-Plessenburg-Langlott-768x512.jpg 768w, https:\/\/www.harzer-wandernadel.de\/wp-content\/uploads\/2016\/02\/HWN-Plessenburg-Langlott-250x167.jpg 250w, https:\/\/www.harzer-wandernadel.de\/wp-content\/uploads\/2016\/02\/HWN-Plessenburg-Langlott-624x416.jpg 624w\" sizes=\"(max-width: 1024px) 100vw, 1024px\"><\/a><\/figure>\n\n<p>Selon l\u2019ordre ancien, le ch\u00e2\u00adteau de Ples\u00adsen\u00adburg, indi\u00adqu\u00e9 sur la carte du com\u00adt\u00e9 de Wer\u00adni\u00adge\u00adrode en 1768, se trouve sur le site fores\u00adtier de K\u00f6nig\u00adskoll. (Ce nom d\u00e9signe un site char\u00adbon\u00adnier o\u00f9 le bois de sapin \u00e9tait trans\u00adfor\u00adm\u00e9 en char\u00adbon de bois). Le 27 octobre 1775, la construc\u00adtion du pavillon de chasse de Ples\u00adsen\u00adburg a&nbsp;com\u00admen\u00adc\u00e9 et a&nbsp;\u00e9t\u00e9 ache\u00adv\u00e9e \u00e0&nbsp;temps pour la sai\u00adson de chasse en octobre 1776.&nbsp;<\/p>\n\n<p>Ple\u00df est une ville de Haute-Sil\u00e9\u00adsie qui est deve\u00adnue la pro\u00adpri\u00e9\u00adt\u00e9 des princes d\u2019An\u00adhalt K\u00f6then peu avant cette date. Le prince Frie\u00addrich Erd\u00admann zu Anhalt-K\u00f6then-Ple\u00df a&nbsp;\u00e9pou\u00ads\u00e9 la fille du comte Louise Fer\u00addi\u00adnande le 13 juin 1766. C\u2019est \u00e0&nbsp;ce gendre que se r\u00e9f\u00e8re le nom de Plessenburg.&nbsp;<\/p>\n\n<p>En 1880, la mai\u00adson de la cui\u00adsine et du per\u00adson\u00adnel a&nbsp;\u00e9t\u00e9 construite \u00e0&nbsp;c\u00f4t\u00e9 du pavillon de chasse dans le style de colom\u00adbage local. Le Ples\u00adsen\u00adburg est res\u00adt\u00e9 la pro\u00adpri\u00e9\u00adt\u00e9 du prince Chris\u00adtian Ernst zu Stol\u00adberg \u2013 Wer\u00adni\u00adge\u00adrode jus\u00adqu\u2019en 1945. En 1945, le prince a&nbsp;ven\u00addu les deux tiers de sa for\u00eat du Nord-Harz \u00e0&nbsp;l\u2019ad\u00admi\u00adnis\u00adtra\u00adtion fores\u00adti\u00e8re com\u00admu\u00adnale d\u2019Il\u00adsen\u00adburg. De 1967 \u00e0&nbsp;1973, le pavillon de chasse a&nbsp;ser\u00advi de lieu de d\u00e9tente.&nbsp;<\/p>\n\n<p>Le 25 juin 1973, le couple Bern\u00adhard et Ruth Krebs a&nbsp;ouvert un res\u00adtau\u00adrant dans l\u2019an\u00adcienne mai\u00adson de la cui\u00adsine et du per\u00adson\u00adnel. En 1980, le pavillon de chasse et l\u2019an\u00adcienne mai\u00adson du per\u00adson\u00adnel ont \u00e9t\u00e9 r\u00e9unis pour for\u00admer l\u2019ac\u00adtuelle auberge de for\u00eat \u00ab&nbsp;Ples\u00adsen\u00adburg&nbsp;\u00bb, situ\u00e9e au c\u0153ur du parc natio\u00adnal du Harz et diri\u00adg\u00e9e par la deuxi\u00e8me et la troi\u00adsi\u00e8me g\u00e9n\u00e9ration.&nbsp;<\/p>\n\n<p>Depuis Ilsen\u00adburg, tu suis les sen\u00adtiers de ran\u00addon\u00adn\u00e9e bali\u00ads\u00e9s \u00e0&nbsp;tra\u00advers la val\u00adl\u00e9e de l\u2019Ilse, mais depuis Dar\u00adlin\u00adge\u00adrode ou Dr\u00fc\u00adbeck, un beau sen\u00adtier de ran\u00addon\u00adn\u00e9e m\u00e8ne au Ples\u00adsen\u00adburg \u00e0&nbsp;tra\u00advers la val\u00adl\u00e9e de T\u00e4nntal.<\/p>\n\n<p>&nbsp;<\/p>\n","protected":false},"excerpt":{"rendered":"<p>His\u00adtoire et impor\u00adtance du Ples\u00adsen\u00adburg dans le&nbsp;Harz Selon l\u2019ordre ancien, le ch\u00e2\u00adteau de Ples\u00adsen\u00adburg, indi\u00adqu\u00e9 sur la carte du com\u00adt\u00e9 de Wer\u00adni\u00adge\u00adrode en 1768, se trouve sur le site fores\u00adtier de K\u00f6nig\u00adskoll. (Ce nom d\u00e9signe un site char\u00adbon\u00adnier o\u00f9 le bois de sapin \u00e9tait trans\u00adfor\u00adm\u00e9 en char\u00adbon de bois). Le 27 octobre 1775, la construction&nbsp;[\u2026]<\/p>\n","protected":false},"author":11,"featured_media":17965,"parent":17801,"menu_order":10007,"comment_status":"closed","ping_status":"closed","template":"","meta":{"_seopress_robots_primary_cat":"","_seopress_titles_title":"","_seopress_titles_desc":"D\u00e9couvre l'histoire du ch\u00e2teau de Plessenburg dans le Harz et fais des randonn\u00e9es dans la vall\u00e9e de l'Ilse jusqu'\u00e0 l'auberge foresti\u00e8re riche en traditions.","_seopress_robots_index":"","wp_typography_post_enhancements_disabled":false,"iawp_total_views":0,"footnotes":""},"hf_cat_page":[120],"class_list":["post-17964","page","type-page","status-publish","has-post-thumbnail"],"blocksy_meta":[],"_links":{"self":[{"href":"https:\/\/www.harzer-wandernadel.de\/fr\/wp-json\/wp\/v2\/pages\/17964","targetHints":{"allow":["GET"]}}],"collection":[{"href":"https:\/\/www.harzer-wandernadel.de\/fr\/wp-json\/wp\/v2\/pages"}],"about":[{"href":"https:\/\/www.harzer-wandernadel.de\/fr\/wp-json\/wp\/v2\/types\/page"}],"author":[{"embeddable":true,"href":"https:\/\/www.harzer-wandernadel.de\/fr\/wp-json\/wp\/v2\/users\/11"}],"replies":[{"embeddable":true,"href":"https:\/\/www.harzer-wandernadel.de\/fr\/wp-json\/wp\/v2\/comments?post=17964"}],"version-history":[{"count":4,"href":"https:\/\/www.harzer-wandernadel.de\/fr\/wp-json\/wp\/v2\/pages\/17964\/revisions"}],"predecessor-version":[{"id":25016,"href":"https:\/\/www.harzer-wandernadel.de\/fr\/wp-json\/wp\/v2\/pages\/17964\/revisions\/25016"}],"up":[{"embeddable":true,"href":"https:\/\/www.harzer-wandernadel.de\/fr\/wp-json\/wp\/v2\/pages\/17801"}],"wp:featuredmedia":[{"embeddable":true,"href":"https:\/\/www.harzer-wandernadel.de\/fr\/wp-json\/wp\/v2\/media\/17965"}],"wp:attachment":[{"href":"https:\/\/www.harzer-wandernadel.de\/fr\/wp-json\/wp\/v2\/media?parent=17964"}],"wp:term":[{"taxonomy":"hf_cat_page","embeddable":true,"href":"https:\/\/www.harzer-wandernadel.de\/fr\/wp-json\/wp\/v2\/hf_cat_page?post=17964"}],"curies":[{"name":"wp","href":"https:\/\/api.w.org\/{rel}","templated":true}]}}