{"id":17937,"date":"2016-01-25T00:45:46","date_gmt":"2016-01-24T23:45:46","guid":{"rendered":"https:\/\/www.harzer-wandernadel.de\/mentions-legales\/"},"modified":"2026-01-29T12:35:14","modified_gmt":"2026-01-29T11:35:14","slug":"mentions-legales","status":"publish","type":"page","link":"https:\/\/www.harzer-wandernadel.de\/fr\/mentions-legales\/","title":{"rendered":"Mentions l\u00e9gales"},"content":{"rendered":"\n<div class=\"wp-block-stackable-columns stk-block-columns stk-block stk-6f27ede\" data-block-id=\"6f27ede\"><style>.stk-6f27ede {margin-top:0px !important;margin-bottom:0px !important;}.stk-6f27ede-column{--stk-columns-spacing:0px !important;--stk-column-gap:200px !important;row-gap:40px !important;}@media screen and (max-width:689px){.stk-6f27ede {margin-top:8% !important;}}<\/style><div class=\"stk-row stk-inner-blocks stk-block-content stk-content-align stk-6f27ede-column\">\n<div class=\"wp-block-stackable-column stk-block-column stk-column stk-block stk-1dd06c6\" data-v=\"4\" data-block-id=\"1dd06c6\"><div class=\"stk-column-wrapper stk-block-column__content stk-container stk-1dd06c6-container stk--no-background stk--no-padding\"><div class=\"stk-block-content stk-inner-blocks stk-1dd06c6-inner-blocks\">\n<!-- Legal document generated by Complianz | GDPR\/CCPA Cookie Consent https:\/\/wordpress.org\/plugins\/complianz-gdpr -->\n<div id=\"cmplz-document\" class=\"cmplz-document impressum cmplz-document-all\"><p><i>Cette imprint a&nbsp;\u00e9t\u00e9 mise \u00e0&nbsp;jour pour la der\u00adni\u00e8re fois le 11 mars&nbsp;2026.<\/i><\/p><p class=\"cmplz-subtitle\">Le pro\u00adpri\u00e9\u00adtaire de ce site web&nbsp;est&nbsp;:<\/p><p>Har\u00adzer Wan\u00adder\u00adna\u00addel GmbH <br>Schnap\u00adpel\u00adberg&nbsp;6<br>\n38889 Blan\u00adken\u00adburg (Harz)<br>Alle\u00admagne<br>E\u2011mail&nbsp;:&nbsp;<span class=\"cmplz-obfuscate\">info@<span class=\"cmplz-fmail-domain\">ex.com<\/span>harzer-wandernadel.de<\/span><br>Num\u00e9\u00adro de t\u00e9l\u00e9\u00adphone&nbsp;: (03944) 95 47 148<br>ID TVA&nbsp;:&nbsp;DE338680059<\/p><p class=\"cmplz-subtitle\">Le(s) repr\u00e9sentant(s) l\u00e9gal(aux) de Har\u00adzer Wan\u00adder\u00adna\u00addel&nbsp;GmbH&nbsp;:<\/p><p>Ges\u00adch\u00e4ftsf\u00fch\u00adrer Klaus Dumeier<\/p><h2>1. G\u00e9n\u00e9ral<\/h2><p>Nous ne sommes ni dis\u00adpo\u00ads\u00e9s ni obli\u00adg\u00e9s de par\u00adti\u00adci\u00adper \u00e0&nbsp;des pro\u00adc\u00e9\u00addures de r\u00e8gle\u00adment des litiges devant une com\u00admis\u00adsion d\u2019arbitrage des consommateurs.<\/p><h2>2. Les informations suivantes sont obligatoires selon la loi allemande.<\/h2><p class=\"cmplz-subtitle\">2.1 Wir stel\u00adlen jour\u00adna\u00adlis\u00adtische und redak\u00adtio\u00adnell auf\u00adbe\u00adrei\u00adtete Inhalte zur Verf\u00fcgung.<\/p><p>Daher m\u00fcs\u00adsen wir den Namen und den Woh\u00adnort der Per\u00adson nen\u00adnen, die f\u00fcr den Inhalt die\u00adser Web\u00adsite verant\u00adwort\u00adlich ist&nbsp;:<br><br>Verant\u00adwort\u00adlich f\u00fcr den Inhalt nach \u00a7 18 Abs. 2&nbsp;MStV ist&nbsp;: Ges\u00adch\u00e4ftsf\u00fch\u00adrer Klaus Dumeier aus&nbsp;.<\/p><p class=\"cmplz-subtitle\">2.2 Unsere Beruf\u00adshaftp\u00adflicht\u00adver\u00adsi\u00adche\u00adrung lautet&nbsp;:<\/p><p>Allianz Ver\u00adsi\u00adche\u00adrungs&nbsp;AG<br>\nMer\u00adlitzs\u00adtra\u00dfe&nbsp;8<br>\n12489 Berlin<br>\nDeutschland<\/p><\/div><\/div><\/div><\/div>\n\n\n\n<div class=\"wp-block-stackable-column stk-block-column stk-column stk-block stk-9974f03\" data-v=\"4\" data-block-id=\"9974f03\"><style>.stk-9974f03 {align-self:flex-end !important;}.stk-9974f03-inner-blocks{align-items:flex-start !important;row-gap:48px !important;}.stk-9974f03-container{max-width:500px !important;min-width:auto !important;margin-right:0px !important;margin-left:auto !important;}<\/style><div class=\"stk-column-wrapper stk-block-column__content stk-container stk-9974f03-container stk--no-background stk--no-padding\"><div class=\"stk--column-flex stk-block-content stk-inner-blocks stk-9974f03-inner-blocks\">\n<div class=\"wp-block-group is-layout-constrained wp-block-group-is-layout-constrained\">\n<p><strong>T\u00e9l\u00e9\u00adphone de ser\u00advice&nbsp;:<\/strong><br><a href=\"tel:+4939449547148\">03944 \/ 954 71&nbsp;48<\/a><\/p>\n\n\n\n<p><strong>Contact&nbsp;:<\/strong><br>Mer\u00adci de nous envoyer tes ques\u00adtions, sug\u00adges\u00adtions, cri\u00adtiques via le <a href=\"https:\/\/www.harzer-wandernadel.de\/fr\/contact\/\" data-type=\"page\" data-id=\"83\">for\u00admu\u00adlaire de contact<\/a>.<\/p>\n\n\n\n<p><strong>Droit d\u2019au\u00adteur&nbsp;:<\/strong><br>Toutes les \u0153uvres publi\u00e9es sur le site Inter\u00adnet, comme les textes et les images, sont sou\u00admises \u2013 sauf men\u00adtion contraire \u2013 au droit d\u2019au\u00adteur de Har\u00adzer Wan\u00adder\u00adna\u00addel GmbH et du groupe Face\u00adbook \u00ab&nbsp;Har\u00adzer Wan\u00adder\u00adna\u00addel&nbsp;\u00bb, qui nous a&nbsp;four\u00adni gra\u00adtui\u00adte\u00adment une grande par\u00adtie des images lors du lan\u00adce\u00adment du nou\u00adveau site Inter\u00adnet le 14 avril 2016. Toute repro\u00adduc\u00adtion, dif\u00adfu\u00adsion, sto\u00adckage, trans\u00admis\u00adsion, envoi et retrans\u00admis\u00adsion du conte\u00adnu sans l\u2019au\u00adto\u00adri\u00adsa\u00adtion \u00e9crite de l\u2019un des deux titu\u00adlaires des droits est expres\u00ads\u00e9\u00adment interdite.&nbsp;<\/p>\n\n\n\n<p><strong>Cr\u00e9\u00addit pho\u00adto&nbsp;:<\/strong> Mer\u00adci de suivre <a href=\"https:\/\/www.harzer-wandernadel.de\/kontakt\/impressum\/bildnachweis\/\">ce lien<\/a>.<\/p>\n<\/div>\n\n\n\n<div class=\"wp-block-group is-layout-constrained wp-block-group-is-layout-constrained\">\n<h3 class=\"wp-block-heading\">Conception de sites&nbsp;web<\/h3>\n\n\n\n<figure class=\"wp-block-image\"><a href=\"https:\/\/www.wagnergraphics.de\/\"><img decoding=\"async\" src=\"https:\/\/www.wagnergraphics.de\/logo_wagnergraphics.png\" alt=\"wagnergraphics | webdesign + impression + communication\" title=\"wagnergraphics | webdesign + impression + communication\"><\/a><\/figure>\n\n\n\n<p><strong>wag\u00adner\u00adgra\u00adphics | Tors\u00adten Wag\u00adner<\/strong><br>Goe\u00adthes\u00adtra\u00dfe 1<br>38855 Wer\u00adni\u00adge\u00adrode<\/p>\n\n\n\n<p><a href=\"https:\/\/www.wagnergraphics.de\/\" target=\"_blank\" rel=\"noreferrer noopener\">www.wagnergraphics.de<\/a><\/p>\n<\/div>\n<\/div><\/div><\/div>\n<\/div><\/div>\n","protected":false},"excerpt":{"rendered":"<p>T\u00e9l\u00e9\u00adphone de ser\u00advice&nbsp;:03944 \/ 954 71&nbsp;48 Contact&nbsp;:Mer\u00adci de nous envoyer tes ques\u00adtions, sug\u00adges\u00adtions, cri\u00adtiques via le for\u00admu\u00adlaire de contact. Droit d\u2019au\u00adteur&nbsp;:Toutes les \u0153uvres publi\u00e9es sur le site Inter\u00adnet, comme les textes et les images, sont sou\u00admises \u2013 sauf men\u00adtion contraire \u2013 au droit d\u2019au\u00adteur de Har\u00adzer Wan\u00adder\u00adna\u00addel GmbH et du groupe Face\u00adbook \u00ab&nbsp;Har\u00adzer Wan\u00adder\u00adna\u00addel&nbsp;\u00bb,&nbsp;qui&nbsp;[\u2026]<\/p>\n","protected":false},"author":1,"featured_media":13747,"parent":0,"menu_order":6300,"comment_status":"closed","ping_status":"closed","template":"","meta":{"_seopress_robots_primary_cat":"","_seopress_titles_title":"","_seopress_titles_desc":"","_seopress_robots_index":"","wp_typography_post_enhancements_disabled":false,"iawp_total_views":1,"footnotes":""},"hf_cat_page":[],"class_list":["post-17937","page","type-page","status-publish","has-post-thumbnail"],"blocksy_meta":{"page_structure_type":"type-4","styles_descriptor":{"styles":{"desktop":"","tablet":"","mobile":""},"google_fonts":[],"version":6}},"_links":{"self":[{"href":"https:\/\/www.harzer-wandernadel.de\/fr\/wp-json\/wp\/v2\/pages\/17937","targetHints":{"allow":["GET"]}}],"collection":[{"href":"https:\/\/www.harzer-wandernadel.de\/fr\/wp-json\/wp\/v2\/pages"}],"about":[{"href":"https:\/\/www.harzer-wandernadel.de\/fr\/wp-json\/wp\/v2\/types\/page"}],"author":[{"embeddable":true,"href":"https:\/\/www.harzer-wandernadel.de\/fr\/wp-json\/wp\/v2\/users\/1"}],"replies":[{"embeddable":true,"href":"https:\/\/www.harzer-wandernadel.de\/fr\/wp-json\/wp\/v2\/comments?post=17937"}],"version-history":[{"count":1,"href":"https:\/\/www.harzer-wandernadel.de\/fr\/wp-json\/wp\/v2\/pages\/17937\/revisions"}],"predecessor-version":[{"id":17939,"href":"https:\/\/www.harzer-wandernadel.de\/fr\/wp-json\/wp\/v2\/pages\/17937\/revisions\/17939"}],"wp:featuredmedia":[{"embeddable":true,"href":"https:\/\/www.harzer-wandernadel.de\/fr\/wp-json\/wp\/v2\/media\/13747"}],"wp:attachment":[{"href":"https:\/\/www.harzer-wandernadel.de\/fr\/wp-json\/wp\/v2\/media?parent=17937"}],"wp:term":[{"taxonomy":"hf_cat_page","embeddable":true,"href":"https:\/\/www.harzer-wandernadel.de\/fr\/wp-json\/wp\/v2\/hf_cat_page?post=17937"}],"curies":[{"name":"wp","href":"https:\/\/api.w.org\/{rel}","templated":true}]}}