{"id":17931,"date":"2016-02-01T18:30:55","date_gmt":"2016-02-01T17:30:55","guid":{"rendered":"https:\/\/www.harzer-wandernadel.de\/pointage\/carte-generale\/pointage-1-barrage-deckertal-barrage\/"},"modified":"2026-02-28T14:42:06","modified_gmt":"2026-02-28T13:42:06","slug":"pointage-1-barrage-deckertal-barrage","status":"publish","type":"page","link":"https:\/\/www.harzer-wandernadel.de\/fr\/pointage\/carte-generale\/pointage-1-barrage-deckertal-barrage\/","title":{"rendered":"Pointage 1 \/ Barrage d\u2019Eckertal (barrage)"},"content":{"rendered":"\n<h2 class=\"wp-block-heading\">Le barrage d\u2019Eckertal est nich\u00e9 de mani\u00e8re idyllique dans le paysage du Harz, entre Bad Harzburg et le Brocken.<\/h2>\n\n<figure class=\"wp-block-image alignwide size-large\"><img decoding=\"async\" width=\"1024\" height=\"768\" src=\"https:\/\/www.harzer-wandernadel.de\/wp-content\/uploads\/2016\/02\/HWN-Eckertalsperre-Nehrkorn-1024x768.jpg\" alt=\"Lac de barrage dans la verdure avec for\u00eat environnante\" class=\"wp-image-4171\" srcset=\"https:\/\/www.harzer-wandernadel.de\/wp-content\/uploads\/2016\/02\/HWN-Eckertalsperre-Nehrkorn-1024x768.jpg 1024w, https:\/\/www.harzer-wandernadel.de\/wp-content\/uploads\/2016\/02\/HWN-Eckertalsperre-Nehrkorn-300x225.jpg 300w, https:\/\/www.harzer-wandernadel.de\/wp-content\/uploads\/2016\/02\/HWN-Eckertalsperre-Nehrkorn-768x576.jpg 768w, https:\/\/www.harzer-wandernadel.de\/wp-content\/uploads\/2016\/02\/HWN-Eckertalsperre-Nehrkorn-250x188.jpg 250w, https:\/\/www.harzer-wandernadel.de\/wp-content\/uploads\/2016\/02\/HWN-Eckertalsperre-Nehrkorn-624x468.jpg 624w, https:\/\/www.harzer-wandernadel.de\/wp-content\/uploads\/2016\/02\/HWN-Eckertalsperre-Nehrkorn.jpg 2048w\" sizes=\"(max-width: 1024px) 100vw, 1024px\"><\/figure>\n\n<p>Le lac de bar\u00adrage sert \u00e0&nbsp;l\u2019ap\u00adpro\u00advi\u00adsion\u00adne\u00adment en eau potable des villes de Braun\u00adsch\u00adweig, Wol\u00adfenb\u00fct\u00adtel et Wolf\u00adsburg. L\u2019eau est ache\u00admi\u00adn\u00e9e vers le r\u00e9ser\u00advoir sur\u00ad\u00e9le\u00adv\u00e9 de Lewer\u00adberg pr\u00e8s de Lie\u00adben\u00adburg, o\u00f9 arrive \u00e9ga\u00adle\u00adment l\u2019eau potable du Gra\u00adne\u00adtals\u00adperre. De l\u00e0, une conduite conti\u00adnue jus\u00adqu\u2019\u00e0 Thie\u00adder Lin\u00adden\u00adberg et ensuite jus\u00adqu\u2019aux grandes villes de Braun\u00adsch\u00adweig et Wolfsburg.&nbsp;<\/p>\n\n<p>A l\u2019\u00e9\u00adpoque de la divi\u00adsion de l\u2019Al\u00adle\u00admagne, la fron\u00adti\u00e8re inter\u00adal\u00adle\u00admande pas\u00adsait au milieu de la rete\u00adnue et du bar\u00adrage, qui n\u2019\u00e9\u00adtait acces\u00adsible au public que sur les deux tiers de son c\u00f4t\u00e9 ouest. La par\u00adtie est de la cr\u00eate du bar\u00adrage \u00e9tait s\u00e9pa\u00adr\u00e9e par un mur et du fil de fer bar\u00adbe\u00adl\u00e9. L\u2019an\u00adcienne colonne fron\u00adta\u00adli\u00e8re a&nbsp;\u00e9t\u00e9 conser\u00adv\u00e9e et com\u00adpl\u00e9\u00adt\u00e9e par plu\u00adsieurs pan\u00adneaux d\u2019information.&nbsp;<\/p>\n\n<h3 class=\"wp-block-heading\">Le barrage d\u2019Eckertal a&nbsp;\u00e9t\u00e9 \u00e9lu par nos amis randonneurs comme \u00e9tant le plus beau site \u00e0&nbsp;tamponner en&nbsp;2007.<\/h3>\n\n<p>Le che\u00admin d\u2019ac\u00adc\u00e8s le plus court com\u00admence au par\u00adking de Tatern\u00adbruch, juste apr\u00e8s la cas\u00adcade de Radau, \u00e0&nbsp;la sor\u00adtie de Bad Harz\u00adburg en direc\u00adtion de Torf\u00adhaus. Depuis le par\u00adking, il y&nbsp;a un sen\u00adtier de ran\u00addon\u00adn\u00e9e clai\u00adre\u00adment indi\u00adqu\u00e9 qui m\u00e8ne direc\u00adte\u00adment au barrage.&nbsp;<\/p>\n\n<p>Tu peux par\u00adfai\u00adte\u00adment com\u00adbi\u00adner cette ran\u00addon\u00adn\u00e9e avec d\u2019autres points de poin\u00adtage pour for\u00admer un cir\u00adcuit, par exemple <a href=\"https:\/\/www.harzer-wandernadel.de\/stempelstellen\/uebersichtskarte\/stempelstelle-19-skidenkmal-naehe-eckerstausee\/\" data-type=\"page\" data-id=\"540\">le Ski\u00addenk\u00admal HWN 19<\/a>, <a href=\"https:\/\/www.harzer-wandernadel.de\/stempelstellen\/uebersichtskarte\/stempelstelle-169-molkenhaus\/\" data-type=\"page\" data-id=\"1218\">Mol\u00adken\u00adhaus HWN 169<\/a>, <a href=\"https:\/\/www.harzer-wandernadel.de\/stempelstellen\/uebersichtskarte\/stempelstelle-170-rabenklippe\/\" data-type=\"page\" data-id=\"1220\">Rabenk\u00adlippe HWN 170<\/a>, <a href=\"https:\/\/www.harzer-wandernadel.de\/stempelstellen\/uebersichtskarte\/stempelstelle-122-kreuz-des-deutschen-ostens\/\" data-type=\"page\" data-id=\"1118\">Kreuz des deut\u00adschen Osts HWN 122<\/a>, ou <a href=\"https:\/\/www.harzer-wandernadel.de\/stempelstellen\/uebersichtskarte\/stempelstelle-121-aussichtsreich-burgberg\/\" data-type=\"page\" data-id=\"1116\">Aus\u00adsichts\u00adreich HWN 121<\/a>.<\/p>\n","protected":false},"excerpt":{"rendered":"<p>Le bar\u00adrage d\u2019Eckertal est nich\u00e9 de mani\u00e8re idyl\u00adlique dans le pay\u00adsage du Harz, entre Bad Harz\u00adburg et le Bro\u00adcken. Le lac de bar\u00adrage sert \u00e0&nbsp;l\u2019ap\u00adpro\u00advi\u00adsion\u00adne\u00adment en eau potable des villes de Braun\u00adsch\u00adweig, Wol\u00adfenb\u00fct\u00adtel et Wolf\u00adsburg. L\u2019eau est ache\u00admi\u00adn\u00e9e vers le r\u00e9ser\u00advoir sur\u00ad\u00e9le\u00adv\u00e9 de Lewer\u00adberg pr\u00e8s de Lie\u00adben\u00adburg, o\u00f9 arrive \u00e9ga\u00adle\u00adment l\u2019eau potable du Gra\u00adne\u00adtals\u00adperre. De&nbsp;[\u2026]<\/p>\n","protected":false},"author":1,"featured_media":17932,"parent":17801,"menu_order":10001,"comment_status":"closed","ping_status":"closed","template":"","meta":{"_seopress_robots_primary_cat":"","_seopress_titles_title":"","_seopress_titles_desc":"D\u00e9couvre le barrage Eckertalsperre dans le Harz pr\u00e8s de Bad Harzburg - un lac de barrage idyllique, une fronti\u00e8re historique et une destination de randonn\u00e9e populaire avec des points de pointage.","_seopress_robots_index":"","wp_typography_post_enhancements_disabled":false,"iawp_total_views":0,"footnotes":""},"hf_cat_page":[120],"class_list":["post-17931","page","type-page","status-publish","has-post-thumbnail"],"blocksy_meta":[],"_links":{"self":[{"href":"https:\/\/www.harzer-wandernadel.de\/fr\/wp-json\/wp\/v2\/pages\/17931","targetHints":{"allow":["GET"]}}],"collection":[{"href":"https:\/\/www.harzer-wandernadel.de\/fr\/wp-json\/wp\/v2\/pages"}],"about":[{"href":"https:\/\/www.harzer-wandernadel.de\/fr\/wp-json\/wp\/v2\/types\/page"}],"author":[{"embeddable":true,"href":"https:\/\/www.harzer-wandernadel.de\/fr\/wp-json\/wp\/v2\/users\/1"}],"replies":[{"embeddable":true,"href":"https:\/\/www.harzer-wandernadel.de\/fr\/wp-json\/wp\/v2\/comments?post=17931"}],"version-history":[{"count":2,"href":"https:\/\/www.harzer-wandernadel.de\/fr\/wp-json\/wp\/v2\/pages\/17931\/revisions"}],"predecessor-version":[{"id":24679,"href":"https:\/\/www.harzer-wandernadel.de\/fr\/wp-json\/wp\/v2\/pages\/17931\/revisions\/24679"}],"up":[{"embeddable":true,"href":"https:\/\/www.harzer-wandernadel.de\/fr\/wp-json\/wp\/v2\/pages\/17801"}],"wp:featuredmedia":[{"embeddable":true,"href":"https:\/\/www.harzer-wandernadel.de\/fr\/wp-json\/wp\/v2\/media\/17932"}],"wp:attachment":[{"href":"https:\/\/www.harzer-wandernadel.de\/fr\/wp-json\/wp\/v2\/media?parent=17931"}],"wp:term":[{"taxonomy":"hf_cat_page","embeddable":true,"href":"https:\/\/www.harzer-wandernadel.de\/fr\/wp-json\/wp\/v2\/hf_cat_page?post=17931"}],"curies":[{"name":"wp","href":"https:\/\/api.w.org\/{rel}","templated":true}]}}