{"id":17906,"date":"2016-01-25T00:43:54","date_gmt":"2016-01-24T23:43:54","guid":{"rendered":"https:\/\/www.harzer-wandernadel.de\/contact\/lequipe\/"},"modified":"2026-03-03T12:19:39","modified_gmt":"2026-03-03T11:19:39","slug":"lequipe","status":"publish","type":"page","link":"https:\/\/www.harzer-wandernadel.de\/fr\/contact\/lequipe\/","title":{"rendered":"L\u2019\u00e9quipe"},"content":{"rendered":"\n<div class=\"wp-block-stackable-columns alignwide stk-block-columns stk-block stk-937de98\" data-block-id=\"937de98\"><style>.stk-937de98 .stk--block-align-937de98{align-items:flex-start !important;}.stk-937de98 {margin-bottom:0px !important;}@media screen and (max-width:689px){.stk-937de98-column{row-gap:48px !important;}}<\/style><div class=\"stk-row stk-inner-blocks stk--block-align-937de98 stk-block-content stk-content-align stk-937de98-column alignwide\">\n<div class=\"wp-block-stackable-column stk-block-column stk-column stk-block stk-457fd12\" data-v=\"4\" data-block-id=\"457fd12\"><style>.stk-457fd12-inner-blocks{justify-content:flex-start !important;row-gap:48px !important;}.stk-457fd12 {overflow:visible !important;}.stk-457fd12 .stk-container{overflow:visible !important;}@media screen and (min-width:690px){.stk-457fd12 {flex:var(--stk-flex-grow, 1) 1 calc(70% - var(--stk-column-gap, 0px) * 1 \/ 2 ) !important;}}@media screen and (min-width:690px) and (max-width:999px){.stk-457fd12 {flex:var(--stk-flex-grow, 1) 1 calc(100% - var(--stk-column-gap, 0px) * 0 \/ 1 ) !important;}}<\/style><div class=\"stk-column-wrapper stk-block-column__content stk-container stk-457fd12-container stk--no-background stk--no-padding\"><div class=\"stk--column-flex stk-block-content stk-inner-blocks stk-457fd12-inner-blocks\">\n<div class=\"wp-block-group alignwide is-layout-constrained wp-block-group-is-layout-constrained\">\n<h2 class=\"wp-block-heading has-text-align-center\"><strong>L\u2019\u00e9quipe de l\u2019aiguille de randonn\u00e9e du&nbsp;Harz<\/strong><\/h2>\n\n\n\n<figure class=\"wp-block-image alignwide size-large\"><a href=\"https:\/\/www.harzer-wandernadel.de\/wp-content\/uploads\/2025\/07\/WEB-001-1024x683.jpg\"><img decoding=\"async\" width=\"1024\" height=\"683\" src=\"https:\/\/www.harzer-wandernadel.de\/wp-content\/uploads\/2025\/07\/WEB-001-1024x683.jpg\" alt=\"L'\u00e9quipe de l'aiguille de randonn\u00e9e du Harz \u00e0 Blankenburg, avec le ch\u00e2teau en arri\u00e8re-plan\" class=\"wp-image-11145\" srcset=\"https:\/\/www.harzer-wandernadel.de\/wp-content\/uploads\/2025\/07\/WEB-001-1024x683.jpg 1024w, https:\/\/www.harzer-wandernadel.de\/wp-content\/uploads\/2025\/07\/WEB-001-300x200.jpg 300w, https:\/\/www.harzer-wandernadel.de\/wp-content\/uploads\/2025\/07\/WEB-001-768x512.jpg 768w, https:\/\/www.harzer-wandernadel.de\/wp-content\/uploads\/2025\/07\/WEB-001-1536x1025.jpg 1536w, https:\/\/www.harzer-wandernadel.de\/wp-content\/uploads\/2025\/07\/WEB-001-250x167.jpg 250w, https:\/\/www.harzer-wandernadel.de\/wp-content\/uploads\/2025\/07\/WEB-001-624x416.jpg 624w, https:\/\/www.harzer-wandernadel.de\/wp-content\/uploads\/2025\/07\/WEB-001.jpg 2048w\" sizes=\"(max-width: 1024px) 100vw, 1024px\"><\/a><\/figure>\n\n\n\n<p class=\"has-text-align-center\"> <small>De gauche \u00e0&nbsp;droite<\/small><br>Ste\u00adven Engel, Tan\u00adja Tet\u00adzel, Char\u00adlotte Jacobs, Tina Reu\u00adschel <br>Tan\u00adja Grin\u00adder, Michelle Wei\u00adchler et Klaus Dumeier<\/p>\n\n\n\n<p class=\"has-text-align-center has-small-font-size\"><em>Pho\u00adto&nbsp;: Ben&nbsp;Kruse<\/em><\/p>\n<\/div>\n<\/div><\/div><\/div>\n\n\n\n<div class=\"wp-block-stackable-column stk-block-column stk-column stk-block stk-60c6a19 rechte-spalte-wanderkaiser\" data-v=\"4\" data-block-id=\"60c6a19\"><style>.stk-60c6a19-inner-blocks{row-gap:48px !important;}.stk-60c6a19 {margin-top:11% !important;top:6% !important;position:sticky !important;}@media screen and (min-width:690px){.stk-60c6a19 {flex:var(--stk-flex-grow, 1) 1 calc(30% - var(--stk-column-gap, 0px) * 1 \/ 2 ) !important;}}@media screen and (min-width:690px) and (max-width:999px){.stk-60c6a19 {flex:var(--stk-flex-grow, 1) 1 calc(100% - var(--stk-column-gap, 0px) * 0 \/ 1 ) !important;}}@media screen and (max-width:999px){.stk-60c6a19 {margin-top:0% !important;}}<\/style><div class=\"stk-column-wrapper stk-block-column__content stk-container stk-60c6a19-container stk--no-background stk--no-padding\"><div class=\"stk-block-content stk-inner-blocks stk-60c6a19-inner-blocks\"><div class=\"navigationsbutton-wrapper\"><div class=\"wp-block-button\"><a href=\"https:\/\/www.harzer-wandernadel.de\/kontakt\/\" class=\"navigationsbutton wp-block-button__link ct-button\">Kon\u00adtakt<\/a><\/div><div class=\"wp-block-button\"><a href=\"https:\/\/www.harzer-wandernadel.de\/fr\/contact\/lequipe\/\" class=\"navigationsbutton wp-block-button__link ct-button is-current\">L\u2019\u00e9quipe<\/a><\/div><div class=\"wp-block-button\"><a href=\"https:\/\/www.harzer-wandernadel.de\/fr\/contact\/bureau-de-service\/\" class=\"navigationsbutton wp-block-button__link ct-button\">Bureau de service<\/a><\/div><\/div>\n\n\n\n<div class=\"wp-block-group is-layout-constrained wp-block-group-is-layout-constrained\">\n<h3 class=\"wp-block-heading\">Messages<\/h3>\n\n\n\n<p>Tu peux signa\u00adler les d\u00e9fauts et <strong>les objets per\u00addus <\/strong>sur les pages pr\u00e9\u00advues \u00e0&nbsp;cet effet.<\/p>\n\n\n\n<div class=\"wp-block-stackable-button-group stk-block-button-group stk-block stk-c69edde\" data-block-id=\"c69edde\"><style>.stk-c69edde .stk-button-group{flex-wrap:wrap !important;flex-direction:column !important;align-items:flex-start !important;--stk-button-group-flex-wrap:auto !important;}.stk-c69edde .stk-block{flex-basis:auto !important;}.stk-c69edde .stk-button-group .stk-block-button{width:unset !important;}.stk-c69edde {overflow:hidden !important;margin-bottom:0px !important;}.stk-c69edde .stk-inner-blocks{row-gap:12px !important;}<\/style><div class=\"stk-row stk-inner-blocks stk-block-content stk-button-group\">\n<div class=\"wp-block-stackable-button stk-block-button stk-block stk-7f17663\" data-block-id=\"7f17663\"><style>.stk-7f17663 {border-top-left-radius:3px !important;border-top-right-radius:3px !important;border-bottom-right-radius:3px !important;border-bottom-left-radius:3px !important;overflow:hidden !important;border-color:var(--theme-palette-color-6, #F0EEE9) !important;}.stk-7f17663 .stk-button{background:var(--theme-palette-color-4, #7A1B11) !important;border-top-left-radius:6px !important;border-top-right-radius:6px !important;border-bottom-right-radius:6px !important;border-bottom-left-radius:6px !important;}.stk-7f17663 .stk-button:before{border-style:solid !important;border-color:var(--theme-palette-color-17, rgba(255, 255, 255, 0.5)) !important;}.stk-7f17663 .stk-button .stk--inner-svg svg:last-child{height:22px !important;width:22px !important;margin-inline-end:0px !important;}.stk-7f17663 .stk-button .stk--inner-svg svg:last-child, .stk-7f17663 .stk-button .stk--inner-svg svg:last-child :is(g, path, rect, polygon, ellipse){fill:var(--theme-palette-color-6, #F0EEE9) !important;}.stk-7f17663 .stk-button__inner-text{color:var(--theme-palette-color-6, #F0EEE9) !important;}<\/style><a class=\"stk-link stk-button stk--hover-effect-darken\" href=\"https:\/\/www.harzer-wandernadel.de\/defektmeldungen\/\"><span class=\"stk--svg-wrapper\"><div class=\"stk--inner-svg\"><svg class=\"ugb-custom-icon\" id=\"Ebene_2-67909\" viewBox=\"0 0 204 251.97\" aria-hidden=\"true\" width=\"32\" height=\"32\"><g id=\"Ebene_1-2-67909\"><path d=\"M101.44.02c-.64.06-1.28.21-1.88.47L3.56,42.3C1.38,43.27-.02,45.45,0,47.85,0,112.51,3.91,149.7,18.75,178.06c14.84,28.36,39.98,46.37,79.97,72.94,1.99,1.3,4.57,1.3,6.56,0,39.98-26.57,65.13-44.58,79.97-72.94,14.83-28.36,18.75-65.56,18.75-130.22.02-2.39-1.38-4.57-3.56-5.53L104.44.5c-.94-.41-1.98-.57-3-.47h0ZM102,12.49l89.91,39.19c-.19,61.48-4.34,96.14-17.25,120.84-12.81,24.49-35.05,41.1-72.66,66.19-37.6-25.09-59.85-41.69-72.66-66.19-12.91-24.7-17.06-59.37-17.25-120.84L102,12.5h0ZM81,57.02l6,90h30l6-90h-42ZM102,159.02c-8.29,0-15,6.71-15,15s6.71,15,15,15,15-6.71,15-15-6.71-15-15-15Z\" \/><\/g><\/svg><\/div><\/span><span class=\"has-text-color stk-button__inner-text\">Signa\u00adler un d\u00e9faut&nbsp;\u00bb<\/span><\/a><\/div>\n\n\n\n<div class=\"wp-block-stackable-button stk-block-button stk-block stk-84ecb58\" data-block-id=\"84ecb58\"><style>.stk-84ecb58 {border-top-left-radius:3px !important;border-top-right-radius:3px !important;border-bottom-right-radius:3px !important;border-bottom-left-radius:3px !important;overflow:hidden !important;border-color:var(--theme-palette-color-6, #F0EEE9) !important;border-top-width:0px !important;border-right-width:0px !important;border-bottom-width:0px !important;border-left-width:0px !important;}.stk-84ecb58 .stk-button{background:var(--theme-palette-color-8, #a18562) !important;border-top-left-radius:6px !important;border-top-right-radius:6px !important;border-bottom-right-radius:6px !important;border-bottom-left-radius:6px !important;}.stk-84ecb58 .stk-button:before{border-style:solid !important;border-color:var(--theme-palette-color-17, rgba(255, 255, 255, 0.5)) !important;border-top-width:1px !important;border-right-width:1px !important;border-bottom-width:1px !important;border-left-width:1px !important;}.stk-84ecb58 .stk-button .stk--inner-svg svg:last-child{height:22px !important;width:22px !important;margin-inline-end:0px !important;}.stk-84ecb58 .stk-button .stk--inner-svg svg:last-child, .stk-84ecb58 .stk-button .stk--inner-svg svg:last-child :is(g, path, rect, polygon, ellipse){fill:var(--theme-palette-color-6, #F0EEE9) !important;}.stk-84ecb58 .stk-button__inner-text{color:var(--theme-palette-color-6, #F0EEE9) !important;}<\/style><a class=\"stk-link stk-button stk--hover-effect-darken\" href=\"https:\/\/www.harzer-wandernadel.de\/fundsachen\/\"><span class=\"stk--svg-wrapper\"><div class=\"stk--inner-svg\"><svg class=\"ugb-custom-icon\" id=\"Ebene_2-47072\" viewBox=\"0 0 210.1 240\" aria-hidden=\"true\" width=\"32\" height=\"32\"><g id=\"Ebene_1-2-47072\"><path d=\"M201.55,164.05c-4.75-4.05-11-5.85-18.11-5.3-12.11.95-25.3,8.65-35.36,20.65-12.2,14.55-17.14,32.3-12.6,45.1,1.35,3.95,3.6,7.35,6.86,10.15,4.35,3.64,9.8,5.34,15.7,5.34s12.75-1.85,19.25-5.36c6.55-3.55,12.9-8.7,18.5-15.35,16.54-19.79,19.09-44.1,5.74-55.24h0Z\" \/><path d=\"M24.15,158.65h-.25c-5.95.05-11.25,1.9-15.35,5.36-13.35,11.2-10.8,35.5,5.75,55.3,11.2,13.3,25.5,20.7,37.75,20.7,5.89,0,11.36-1.75,15.75-5.4,2.75-2.3,4.9-5.36,6.4-8.89,0-.05.05-.11.05-.11,5.1-12.86.15-31.45-12.25-46.19-10.8-12.86-25.25-20.75-37.85-20.75h0Z\" \/><path d=\"M140.45,172.94c11.7-13.95,27.5-23,42.2-24.15,1.1-.11,2.2-.15,3.25-.15.2,0,.4.05.6.05-4.15-14.3-13.7-27.15-27.2-36.75-2.95,2.8-6.05,5.5-9.5,7.9-13.99,9.76-31.69,15.16-49.75,15.16-16.45,0-32.25-4.35-45.8-12.55-3.6-2.2-6.9-4.65-10-7.25-11.4,9.2-19.39,20.8-23.05,33.7.9-.11,1.7-.25,2.6-.25,16.05,0,33.05,9.11,45.85,24.3,14.4,17.14,20,38.35,14.55,54.55v.2s-.64,1.55-.64,1.61l-.75,1.9-.2.2c-.2.4-.5.75-.7,1.15,7.1,1.55,14.45,2.45,22,2.45,8.25,0,16.25-1.05,24-2.89-.75-1.39-1.35-2.85-1.85-4.35-5.71-16.02-.06-37.57,14.39-54.82h0Z\" \/><path d=\"M175.04,25c0-13.8-11.2-25-25-25-8.2,0-15.8,4.05-20.4,10.61-18.5-7.35-40.7-7.35-59.2,0C65.85,4.05,58.24,0,50.05,0c-13.8,0-25,11.2-25,25,0,7.61,3.45,14.65,9.3,19.35-2.86,6.61-4.31,13.56-4.31,20.66,0,19.39,11,37.65,29.4,48.9,10.61,6.4,22.75,10.15,35.6,10.9v-25.45c-8.65-2.2-15-10.05-15-19.35,0-9.95,6.75-15,20-15s20,5.05,20,15c0,9.3-6.35,17.14-15,19.35v25.5c14.25-.9,28-5.5,39.05-13.2,16.49-11.46,25.95-28.45,25.95-46.65,0-7.1-1.45-14.05-4.3-20.65,5.85-4.71,9.29-11.75,9.29-19.36h0ZM85.04,45c0,2.75-2.25,5-5,5s-5-2.25-5-5v-5c0-2.75,2.25-5,5-5s5,2.25,5,5v5ZM125.05,45c0,2.75-2.25,5-5,5s-5-2.25-5-5v-5c0-2.75,2.25-5,5-5s5,2.25,5,5v5Z\" \/><\/g><\/svg><\/div><\/span><span class=\"has-text-color stk-button__inner-text\">Objets trou\u00adv\u00e9s<\/span><\/a><\/div>\n<\/div><\/div>\n<\/div>\n<\/div><\/div><\/div>\n<\/div><\/div>\n","protected":false},"excerpt":{"rendered":"<p>L\u2019\u00e9quipe de l\u2019aiguille de ran\u00addon\u00adn\u00e9e du&nbsp;Harz De gauche \u00e0&nbsp;droiteSte\u00adven Engel, Tan\u00adja Tet\u00adzel, Char\u00adlotte Jacobs, Tina Reu\u00adschel Tan\u00adja Grin\u00adder, Michelle Wei\u00adchler et Klaus Dumeier Pho\u00adto&nbsp;: Ben&nbsp;Kruse Mes\u00adsages Tu peux signa\u00adler les d\u00e9fauts et les objets per\u00addus sur les pages pr\u00e9\u00advues \u00e0&nbsp;cet effet. Signa\u00adler un d\u00e9faut&nbsp;\u00bb Objets trouv\u00e9s<\/p>\n","protected":false},"author":1,"featured_media":13747,"parent":17894,"menu_order":6100,"comment_status":"closed","ping_status":"closed","template":"","meta":{"_seopress_robots_primary_cat":"","_seopress_titles_title":"","_seopress_titles_desc":"","_seopress_robots_index":"","wp_typography_post_enhancements_disabled":false,"iawp_total_views":31,"footnotes":""},"hf_cat_page":[],"class_list":["post-17906","page","type-page","status-publish","has-post-thumbnail"],"blocksy_meta":{"page_structure_type":"type-4","styles_descriptor":{"styles":{"desktop":"","tablet":"","mobile":""},"google_fonts":[],"version":6}},"_links":{"self":[{"href":"https:\/\/www.harzer-wandernadel.de\/fr\/wp-json\/wp\/v2\/pages\/17906","targetHints":{"allow":["GET"]}}],"collection":[{"href":"https:\/\/www.harzer-wandernadel.de\/fr\/wp-json\/wp\/v2\/pages"}],"about":[{"href":"https:\/\/www.harzer-wandernadel.de\/fr\/wp-json\/wp\/v2\/types\/page"}],"author":[{"embeddable":true,"href":"https:\/\/www.harzer-wandernadel.de\/fr\/wp-json\/wp\/v2\/users\/1"}],"replies":[{"embeddable":true,"href":"https:\/\/www.harzer-wandernadel.de\/fr\/wp-json\/wp\/v2\/comments?post=17906"}],"version-history":[{"count":3,"href":"https:\/\/www.harzer-wandernadel.de\/fr\/wp-json\/wp\/v2\/pages\/17906\/revisions"}],"predecessor-version":[{"id":25497,"href":"https:\/\/www.harzer-wandernadel.de\/fr\/wp-json\/wp\/v2\/pages\/17906\/revisions\/25497"}],"up":[{"embeddable":true,"href":"https:\/\/www.harzer-wandernadel.de\/fr\/wp-json\/wp\/v2\/pages\/17894"}],"wp:featuredmedia":[{"embeddable":true,"href":"https:\/\/www.harzer-wandernadel.de\/fr\/wp-json\/wp\/v2\/media\/13747"}],"wp:attachment":[{"href":"https:\/\/www.harzer-wandernadel.de\/fr\/wp-json\/wp\/v2\/media?parent=17906"}],"wp:term":[{"taxonomy":"hf_cat_page","embeddable":true,"href":"https:\/\/www.harzer-wandernadel.de\/fr\/wp-json\/wp\/v2\/hf_cat_page?post=17906"}],"curies":[{"name":"wp","href":"https:\/\/api.w.org\/{rel}","templated":true}]}}