{"id":17881,"date":"2016-01-24T22:40:40","date_gmt":"2016-01-24T21:40:40","guid":{"rendered":"https:\/\/www.harzer-wandernadel.de\/bulletin-dinformation\/"},"modified":"2026-01-29T12:34:54","modified_gmt":"2026-01-29T11:34:54","slug":"bulletin-dinformation","status":"publish","type":"page","link":"https:\/\/www.harzer-wandernadel.de\/fr\/bulletin-dinformation\/","title":{"rendered":"Bulletin d\u2019information"},"content":{"rendered":"\n<div class=\"wp-block-stackable-heading stk-block-heading stk-block-heading--v2 stk-block stk-3c07299\" id=\"sie-mochten-standig-auf-dem-laufenden-sein\" data-block-id=\"3c07299\"><h2 class=\"stk-block-heading__text\">Tu veux \u00eatre constamment \u00e0&nbsp;la page&nbsp;?&nbsp;<\/h2><\/div>\n\n<div class=\"wp-block-stackable-heading stk-block-heading stk-block-heading--v2 stk-block stk-2ca849b\" id=\"dann-haben-wir-hier-den-passenden-service\" data-block-id=\"2ca849b\"><style>.stk-2ca849b {margin-bottom:50px !important;}<\/style><h3 class=\"stk-block-heading__text\">Alors nous avons le service qu\u2019il te faut&nbsp;ici.&nbsp;<\/h3><\/div>\n\n<p><strong>Si tu laisses ton adresse e\u2011mail ici, nous t\u2019in\u00adfor\u00adme\u00adrons des \u00e9v\u00e9\u00adne\u00adments concer\u00adnant l\u2019ai\u00adguille de ran\u00addon\u00adn\u00e9e du Harz et des chan\u00adge\u00adments de points de pointage.&nbsp;<\/strong><\/p>\n\n<p>Imm\u00e9\u00addia\u00adte\u00adment apr\u00e8s l\u2019en\u00advoi de ce for\u00admu\u00adlaire, nous trans\u00admet\u00adtons une confir\u00adma\u00adtion par e\u2011mail. Si celle-ci n\u2019ar\u00adrive pas, cela peut \u00eatre d\u00fb \u00e0&nbsp;une erreur de sai\u00adsie de l\u2019a\u00addresse. Dans ce cas, r\u00e9p\u00e8te l\u2019ins\u00adcrip\u00adtion jus\u00adqu\u2019\u00e0 ce que tu re\u00e7oives la confirmation.&nbsp;<\/p>\n\n<p>Il est pos\u00adsible de se d\u00e9s\u00adins\u00adcrire \u00e0&nbsp;tout moment en cli\u00adquant sur le lien qui se trouve sur la der\u00adni\u00e8re ligne de la news\u00adlet\u00adter. L\u2019a\u00addresse e\u2011mail est uni\u00adque\u00adment trans\u00admise au pres\u00adta\u00adtaire de ser\u00advices de la news\u00adlet\u00adter, mais bien s\u00fbr pas \u00e0&nbsp;d\u2019autres tiers&nbsp;!&nbsp;<\/p>\n\n<div class=\"wp-block-stackable-columns stk-block-columns stk-block stk-b8137f3\" data-block-id=\"b8137f3\"><style>.stk-b8137f3 {margin-top:3% !important;}.stk-b8137f3-column{justify-content:flex-start !important;}<\/style><div class=\"stk-row stk-inner-blocks stk-block-content stk-content-align stk-b8137f3-column stk--flex\">\n<div class=\"wp-block-stackable-column stk-block-column stk-column stk-block stk-ba25ce3 stk-block-background\" data-v=\"4\" data-block-id=\"ba25ce3\"><style>.stk-ba25ce3-inner-blocks{align-items:flex-start !important;}.stk-ba25ce3 {background-color:var(--theme-palette-color-1, #277d00) !important;}.stk-ba25ce3:before{background-color:var(--theme-palette-color-1, #277d00) !important;}<\/style><style class=\"stk-custom-css\">.stk-ba25ce3.stk-block-column{width:500px !important}<\/style><div class=\"stk-column-wrapper stk-block-column__content stk-container stk-ba25ce3-container stk--no-background stk--no-padding\"><div class=\"stk--column-flex stk-block-content stk-inner-blocks stk-ba25ce3-inner-blocks\">\n<h3 class=\"wp-block-heading\"><span style=\"color: var(--theme-palette-color-6, #F0EEE9);\" class=\"stk-highlight\">Inscription<\/span><\/h3>\n\n\n\n<form action=\"https:\/\/seu2.cleverreach.com\/f\/326026-336125\/wcs\/\" method=\"post\" target=\"_blank\" class=\"newsletter-form\">\n    <label for=\"text7535672\" class=\"sr-only\">Ton adresse e\u2011mail \u2026<\/label>\n    <input type=\"email\" id=\"text7535672\" name=\"email\" placeholder=\"Ton adresse e-mail ...\" required>\n    <button type=\"submit\">S'inscrire<\/button>\n<\/form>\n<\/div><\/div><\/div>\n<\/div><\/div>\n\n<p><a href=\"https:\/\/www.harzer-wandernadel.de\/datenschutz\/\" data-type=\"page\" data-id=\"5889\">vers les infor\u00adma\u00adtions sur la pro\u00adtec\u00adtion des donn\u00e9es&nbsp;\u00bb<\/a><\/p>\n","protected":false},"excerpt":{"rendered":"<p>Tu veux \u00eatre constam\u00adment \u00e0&nbsp;la page&nbsp;?&nbsp; Alors nous avons le ser\u00advice qu\u2019il te faut&nbsp;ici.&nbsp; Si tu laisses ton adresse e\u2011mail ici, nous t\u2019in\u00adfor\u00adme\u00adrons des \u00e9v\u00e9\u00adne\u00adments concer\u00adnant l\u2019ai\u00adguille de ran\u00addon\u00adn\u00e9e du Harz et des chan\u00adge\u00adments de points de poin\u00adtage.&nbsp; Imm\u00e9\u00addia\u00adte\u00adment apr\u00e8s l\u2019en\u00advoi de ce for\u00admu\u00adlaire, nous trans\u00admet\u00adtons une confir\u00adma\u00adtion par e\u2011mail. Si celle-ci n\u2019ar\u00adrive pas,&nbsp;cela&nbsp;[\u2026]<\/p>\n","protected":false},"author":1,"featured_media":13747,"parent":0,"menu_order":3200,"comment_status":"closed","ping_status":"closed","template":"","meta":{"_seopress_robots_primary_cat":"","_seopress_titles_title":"","_seopress_titles_desc":"","_seopress_robots_index":"","wp_typography_post_enhancements_disabled":false,"iawp_total_views":0,"footnotes":""},"hf_cat_page":[],"class_list":["post-17881","page","type-page","status-publish","has-post-thumbnail"],"blocksy_meta":[],"_links":{"self":[{"href":"https:\/\/www.harzer-wandernadel.de\/fr\/wp-json\/wp\/v2\/pages\/17881","targetHints":{"allow":["GET"]}}],"collection":[{"href":"https:\/\/www.harzer-wandernadel.de\/fr\/wp-json\/wp\/v2\/pages"}],"about":[{"href":"https:\/\/www.harzer-wandernadel.de\/fr\/wp-json\/wp\/v2\/types\/page"}],"author":[{"embeddable":true,"href":"https:\/\/www.harzer-wandernadel.de\/fr\/wp-json\/wp\/v2\/users\/1"}],"replies":[{"embeddable":true,"href":"https:\/\/www.harzer-wandernadel.de\/fr\/wp-json\/wp\/v2\/comments?post=17881"}],"version-history":[{"count":1,"href":"https:\/\/www.harzer-wandernadel.de\/fr\/wp-json\/wp\/v2\/pages\/17881\/revisions"}],"predecessor-version":[{"id":17882,"href":"https:\/\/www.harzer-wandernadel.de\/fr\/wp-json\/wp\/v2\/pages\/17881\/revisions\/17882"}],"wp:featuredmedia":[{"embeddable":true,"href":"https:\/\/www.harzer-wandernadel.de\/fr\/wp-json\/wp\/v2\/media\/13747"}],"wp:attachment":[{"href":"https:\/\/www.harzer-wandernadel.de\/fr\/wp-json\/wp\/v2\/media?parent=17881"}],"wp:term":[{"taxonomy":"hf_cat_page","embeddable":true,"href":"https:\/\/www.harzer-wandernadel.de\/fr\/wp-json\/wp\/v2\/hf_cat_page?post=17881"}],"curies":[{"name":"wp","href":"https:\/\/api.w.org\/{rel}","templated":true}]}}