{"id":17857,"date":"2016-01-25T00:29:10","date_gmt":"2016-01-24T23:29:10","guid":{"rendered":"https:\/\/www.harzer-wandernadel.de\/majestes\/"},"modified":"2026-01-29T12:34:51","modified_gmt":"2026-01-29T11:34:51","slug":"majestes","status":"publish","type":"page","link":"https:\/\/www.harzer-wandernadel.de\/fr\/majestes\/","title":{"rendered":"Majest\u00e9s"},"content":{"rendered":"\n<div class=\"wp-block-stackable-columns stk-block-columns stk-block stk-c01f3b9 stackable-container-unten\" data-block-id=\"c01f3b9\"><style>.stk-c01f3b9 {margin-bottom:0px !important;}<\/style><div class=\"stk-row stk-inner-blocks stk-block-content stk-content-align stk-c01f3b9-column\">\n<div class=\"wp-block-stackable-column stk-block-column stk-column stk-block stk-a21ce85\" data-v=\"4\" data-block-id=\"a21ce85\"><style>.stk-a21ce85-inner-blocks{justify-content:space-between !important;}<\/style><div class=\"stk-column-wrapper stk-block-column__content stk-container stk-a21ce85-container stk--no-background stk--no-padding\"><div class=\"stk--column-flex stk-block-content stk-inner-blocks stk-a21ce85-inner-blocks\">\n<h2 class=\"wp-block-heading\">Les majest\u00e9s de l\u2019aiguille de randonn\u00e9e du&nbsp;Harz<\/h2>\n\n\n\n<p>Les per\u00adsonnes sui\u00advantes repr\u00e9\u00adsentent le som\u00admet de l\u2019ac\u00adti\u00advi\u00adt\u00e9 dans le cadre de l\u2019ai\u00adguille de ran\u00addon\u00adn\u00e9e du&nbsp;Harz.<\/p>\n\n\n\n<p>Le sta\u00adtut d <strong>\u2019empe\u00adreur de la ran\u00addon\u00adn\u00e9e<\/strong> est la plus haute r\u00e9com\u00adpense pour les tam\u00adpons col\u00adlec\u00adt\u00e9s. Les ran\u00addon\u00adneurs lis\u00adt\u00e9s ici ont atteint ce sta\u00adtut <strong>au moins dix fois<\/strong>. <br>En rai\u00adson de cette per\u00adfor\u00admance excep\u00adtion\u00adnelle et de longue date, ils sont appe\u00adl\u00e9s <strong>\u00ab&nbsp;majes\u00adt\u00e9s&nbsp;\u00bb<\/strong> et sont hono\u00adr\u00e9s s\u00e9pa\u00adr\u00e9\u00adment&nbsp;ici.&nbsp;<\/p>\n<\/div><\/div><\/div>\n\n\n\n<div class=\"wp-block-stackable-column stk-block-column stk-column stk-block stk-9a5b770\" data-v=\"4\" data-block-id=\"9a5b770\"><div class=\"stk-column-wrapper stk-block-column__content stk-container stk-9a5b770-container stk--no-background stk--no-padding\"><div class=\"stk-block-content stk-inner-blocks stk-9a5b770-inner-blocks\">\n<div class=\"wp-block-stackable-image stk-block-image stk-block stk-fad5a2b bild-gedreht-hintergrund\" data-block-id=\"fad5a2b\"><style>.stk-fad5a2b {margin-bottom:12px !important;transform:rotate(2deg) !important;}.stk-fad5a2b .stk-img-wrapper img{border-radius:6px !important;}<\/style><figure><span class=\"stk-img-wrapper stk-image--shape-stretch\"><img decoding=\"async\" class=\"stk-img wp-image-11297\" src=\"https:\/\/www.harzer-wandernadel.de\/wp-content\/uploads\/2025\/08\/harzer-wandernadel-eroeffnung-2024-10-1-scaled.jpg\" width=\"2560\" height=\"1706\" alt=\"Sac \u00e0 dos avec badges color\u00e9s de l'aiguille de randonn\u00e9e du Harz\" srcset=\"https:\/\/www.harzer-wandernadel.de\/wp-content\/uploads\/2025\/08\/harzer-wandernadel-eroeffnung-2024-10-1-scaled.jpg 2560w, https:\/\/www.harzer-wandernadel.de\/wp-content\/uploads\/2025\/08\/harzer-wandernadel-eroeffnung-2024-10-1-300x200.jpg 300w, https:\/\/www.harzer-wandernadel.de\/wp-content\/uploads\/2025\/08\/harzer-wandernadel-eroeffnung-2024-10-1-1024x683.jpg 1024w, https:\/\/www.harzer-wandernadel.de\/wp-content\/uploads\/2025\/08\/harzer-wandernadel-eroeffnung-2024-10-1-768x512.jpg 768w, https:\/\/www.harzer-wandernadel.de\/wp-content\/uploads\/2025\/08\/harzer-wandernadel-eroeffnung-2024-10-1-1536x1024.jpg 1536w, https:\/\/www.harzer-wandernadel.de\/wp-content\/uploads\/2025\/08\/harzer-wandernadel-eroeffnung-2024-10-1-2048x1365.jpg 2048w, https:\/\/www.harzer-wandernadel.de\/wp-content\/uploads\/2025\/08\/harzer-wandernadel-eroeffnung-2024-10-1-250x167.jpg 250w\" sizes=\"(max-width: 2560px) 100vw, 2560px\"><\/span><\/figure><\/div>\n<\/div><\/div><\/div>\n<\/div><\/div>\n\n<div class=\"wp-block-stackable-columns stk-block-columns stk-block stk-2eb2e1d\" id=\"aktive-kaiser\" data-block-id=\"2eb2e1d\"><style>.stk-2eb2e1d {padding-right:3% !important;padding-left:3% !important;}.stk-2eb2e1d-column{max-width:800px !important;min-width:auto !important;}@media screen and (max-width:999px){.stk-2eb2e1d {padding-right:0% !important;padding-left:0% !important;}}<\/style><div class=\"stk-row stk-inner-blocks stk-block-content stk-content-align stk-2eb2e1d-column\">\n<div class=\"wp-block-stackable-column stk-block-column stk-column stk-block stk-5f6ef63\" data-v=\"4\" data-block-id=\"5f6ef63\"><style>.stk-5f6ef63 {border-top-left-radius:6px !important;border-top-right-radius:6px !important;border-bottom-right-radius:6px !important;border-bottom-left-radius:6px !important;overflow:auto !important;}.stk-5f6ef63-container{max-width:800px !important;min-width:auto !important;}<\/style><div class=\"stk-column-wrapper stk-block-column__content stk-container stk-5f6ef63-container stk--no-background stk--no-padding\"><div class=\"stk-block-content stk-inner-blocks stk-5f6ef63-inner-blocks\"><figure class=\"wp-block-table\">\n\t     \t\t<table class=\"wanderliste wp-block-table\">\n\t\t\t\t\t<thead>\n\t\t\t\t\t\t<tr>\n\t\t\t\t\t\t\t<th scope=\"col\"><strong>Kai\u00adser\u00adti\u00adtel<\/strong><\/th>\n\t\t\t\t\t\t\t<th scope=\"col\"><strong>Name<\/strong><\/th>\n\t\t\t\t\t\t\t<th scope=\"col\"><strong>Adel\u00adsti\u00adtel<\/strong><\/th>\n\t\t\t\t\t\t\t<th scope=\"col\"><strong>Resi\u00addenz<\/strong><\/th>\n\t\t\t\t\t\t<\/tr> \n\t\t\t\t\t<\/thead><tbody>\n\t\t\t\t\t<tr><td>73 <\/td><td> Dr. Uwe Bartsch<\/td><td>Uwe VIII.<\/td><td>Hetts\u00adtedt<\/td><\/tr><tr><td>70 <\/td><td> Curt Hellmuth<\/td><td>Curt I.<\/td><td>Blan\u00adken\u00adburg<\/td><\/tr><tr><td>57 <\/td><td> J\u00fcr\u00adgen Th\u00e4sler<\/td><td>J\u00fcr\u00adgen&nbsp;XVII.<\/td><td>Len\u00adgede<\/td><\/tr><tr><td>44 <\/td><td> Hel\u00admut Engelmann<\/td><td>Hel\u00admut&nbsp;III.<\/td><td>Dah\u00adlen\u00adwars\u00adle\u00adben<\/td><\/tr><tr><td>37 <\/td><td> Ulrich Schramke<\/td><td>Ulrich II.<\/td><td>Herz\u00adberg<\/td><\/tr><tr><td>35 <\/td><td> Heike&nbsp;Busch<\/td><td>Heike I.<\/td><td>Wanz\u00adle\u00adben<\/td><\/tr><tr><td>35 <\/td><td> Stef\u00adfen&nbsp;Busch<\/td><td>Stef\u00adfen&nbsp;III.<\/td><td>Wanz\u00adle\u00adben<\/td><\/tr><tr><td>30 <\/td><td> Bet\u00adti\u00adna Schramke<\/td><td>Bet\u00adti\u00adna&nbsp;I.<\/td><td>Herz\u00adberg<\/td><\/tr><tr><td>30 <\/td><td> Hans-Joa\u00adchim&nbsp;Meyer<\/td><td>Hans-Joa\u00adchim&nbsp;II.<\/td><td>Elbin\u00adge\u00adrode<\/td><\/tr><tr><td>29 <\/td><td> Nor\u00adbert&nbsp;B\u00f6sel<\/td><td>Nor\u00adbert&nbsp;VI.<\/td><td>Qued\u00adlin\u00adburg<\/td><\/tr><tr><td>29 <\/td><td> Uta Noffke<\/td><td>Uta I.<\/td><td>Mag\u00adde\u00adburg<\/td><\/tr><tr><td>28 <\/td><td> Dierk Indorf<\/td><td>Dierk II.<\/td><td>Ein\u00adbeck<\/td><\/tr><tr><td>25 <\/td><td> Bernd Tetzel<\/td><td>Bernd XIV.<\/td><td>Qued\u00adlin\u00adburg<\/td><\/tr><tr><td>23 <\/td><td> Det\u00adlef Noffke<\/td><td>Det\u00adlef&nbsp;V.<\/td><td>Mag\u00adde\u00adburg<\/td><\/tr><tr><td>22 <\/td><td> Annette Brinkmann<\/td><td>Annette II.<\/td><td>Alfeld<\/td><\/tr><tr><td>21 <\/td><td> Alwin Hiller<\/td><td>Alwin I.<\/td><td>Adens\u00adtedt<\/td><\/tr><tr><td>21 <\/td><td> Doro\u00adthea Bellstedt<\/td><td>Doro\u00adthea&nbsp;I.<\/td><td>San\u00adge\u00adrhau\u00adsen<\/td><\/tr><tr><td>21 <\/td><td> Mar\u00adkus B\u00f6kelmann<\/td><td>Mar\u00adkus&nbsp;V.<\/td><td>Wolf\u00adsburg<\/td><\/tr><tr><td>21 <\/td><td> Uwe Bellstedt<\/td><td>Uwe III.<\/td><td>San\u00adge\u00adrhau\u00adsen<\/td><\/tr><tr><td>20 <\/td><td> Alexan\u00adder Wischrob<\/td><td>Alexan\u00adder&nbsp;II.<\/td><td>Plauen<\/td><\/tr><tr><td>20 <\/td><td> Andrea Reising<\/td><td>Andrea IV.<\/td><td>Blan\u00adken\u00adburg<\/td><\/tr><tr><td>20 <\/td><td> Astrid Brinkmann<\/td><td>Astrid I.<\/td><td>Len\u00adgede<\/td><\/tr><tr><td>20 <\/td><td> Peter Kruppki<\/td><td>Peter XIII.<\/td><td>Salz\u00adhem\u00admen\u00addorf<\/td><\/tr><tr><td>19 <\/td><td> Andreas Wilhelm<\/td><td>Andreas vS\u00fclz\u00adhayn&nbsp;I.<\/td><td>Ell\u00adrich<\/td><\/tr><tr><td>19 <\/td><td> Andreas Berndt<\/td><td>Andreas XVI.<\/td><td>Rheine<\/td><\/tr><tr><td>19 <\/td><td> Andreas Langer<\/td><td>Len\u00adnox&nbsp;I.<\/td><td>Marl<\/td><\/tr><tr><td>19 <\/td><td> Lutz Dahlke<\/td><td>Lutz XI.<\/td><td>Wolf\u00adsburg<\/td><\/tr><tr><td>19 <\/td><td> Man\u00adfred&nbsp;Glitz<\/td><td>Man\u00adfred&nbsp;V.<\/td><td>Nor\u00adtheim<\/td><\/tr><tr><td>18 <\/td><td> Edgar Feldberg<\/td><td>Edgar I.<\/td><td>Herz\u00adberg<\/td><\/tr><tr><td>18 <\/td><td> Uwe Josupeit<\/td><td>Erich-Otto I.<\/td><td>Qued\u00adlin\u00adburg<\/td><\/tr><tr><td>18 <\/td><td> Hei\u00adko Ruschau<\/td><td>Hei\u00adko&nbsp;VII.<\/td><td>Mag\u00adde\u00adburg<\/td><\/tr><tr><td>18 <\/td><td> Horst Eichelroth<\/td><td>Horst I.<\/td><td>Ben\u00adzin\u00adge\u00adrode<\/td><\/tr><tr><td>18 <\/td><td> Uwe Burgmann<\/td><td>Uwe X.<\/td><td>Peine<\/td><\/tr><tr><td>17 <\/td><td> Jochen Seifert-Kalwa<\/td><td>Jochen VII.<\/td><td>Alte\u00adnau<\/td><\/tr><tr><td>17 <\/td><td> Ronald Kovac<\/td><td>Ronald I.<\/td><td>Braun\u00adlage<\/td><\/tr><tr><td>17 <\/td><td> Susi Burgmann<\/td><td>Susi I.<\/td><td>Peine<\/td><\/tr><tr><td>16 <\/td><td> Andr\u00e9 Eichhardt<\/td><td>Andr\u00e9 I.<\/td><td>Wer\u00adni\u00adge\u00adrode<\/td><\/tr><tr><td>16 <\/td><td> Anne\u00adma\u00adrie Strohschneider<\/td><td>Anne\u00adma\u00adrie&nbsp;I.<\/td><td>Braun\u00adsch\u00adweig<\/td><\/tr><tr><td>16 <\/td><td> Chris\u00adta Sch\u00f6ne<\/td><td>Chris\u00adta&nbsp;IV.<\/td><td>Zerbst\/Anhalt<\/td><\/tr><tr><td>16 <\/td><td> Edith Winkler<\/td><td>Edith III.<\/td><td>Len\u00adgede<\/td><\/tr><tr><td>16 <\/td><td> C.Hans Wal\u00adter Hellmuth<\/td><td>Hans im Gl\u00fcck&nbsp;I.<\/td><td>Blan\u00adken\u00adburg<\/td><\/tr><tr><td>16 <\/td><td> Heinz Winkler<\/td><td>Heinz XIII.<\/td><td>Len\u00adgede<\/td><\/tr><tr><td>16 <\/td><td> Karl-Heinz Loges<\/td><td>Karl-Heinz II.<\/td><td>Gronau\/Leine<\/td><\/tr><tr><td>16 <\/td><td> Kers\u00adtin Lanuschny<\/td><td>Kers\u00adtin&nbsp;VI.<\/td><td>Son\u00adder\u00adshau\u00adsen<\/td><\/tr><tr><td>16 <\/td><td> Uwe Schmalfu\u00df<\/td><td>Uwe IX.<\/td><td>Gos\u00adlar<\/td><\/tr><tr><td>15 <\/td><td> Andreas Lanuschny<\/td><td>Andreas XIII.<\/td><td>Son\u00adder\u00adshau\u00adsen<\/td><\/tr><tr><td>15 <\/td><td> Arno Joppich<\/td><td>Arno I.<\/td><td>Zorge<\/td><\/tr><tr><td>15 <\/td><td> Diet\u00admar&nbsp;Wille<\/td><td>Diet\u00admar&nbsp;II.<\/td><td>Morin\u00adgen<\/td><\/tr><tr><td>15 <\/td><td> Ellen&nbsp;Linke<\/td><td>Ellen II.<\/td><td>Harz\u00adtor<\/td><\/tr><tr><td>15 <\/td><td> Eva Susann Mein\u00adshau\u00adsen&nbsp;Wille<\/td><td>Eva Susann I.<\/td><td>Morin\u00adgen<\/td><\/tr><tr><td>15 <\/td><td> Peter Michael<\/td><td>Peter IV.<\/td><td>Gos\u00adlar<\/td><\/tr><tr><td>15 <\/td><td> Win\u00adfried&nbsp;Rasp<\/td><td>Win\u00adfried&nbsp;I.<\/td><td>Wen\u00adde\u00adburg<\/td><\/tr><tr><td>14 <\/td><td> Brit\u00adta Fischer<\/td><td>Brit\u00adta von Sie\u00adber&nbsp;I.<\/td><td>Ell\u00adrich<\/td><\/tr><tr><td>14 <\/td><td> Caro&nbsp;Nell<\/td><td>Caro I.<\/td><td>Ilsen\u00adburg<\/td><\/tr><tr><td>14 <\/td><td> Ger\u00adtraud&nbsp;Latus<\/td><td>Ger\u00adtraud&nbsp;I.<\/td><td>Zorge<\/td><\/tr><tr><td>14 <\/td><td> Ron\u00adny Lindner<\/td><td>Ron\u00adny&nbsp;V.<\/td><td>Salz\u00adgit\u00adter<\/td><\/tr><tr><td>14 <\/td><td> Tobias Naumann<\/td><td>Tobias XI.<\/td><td>Aschers\u00adle\u00adben<\/td><\/tr><tr><td>13 <\/td><td> Bur\u00adkhard B\u00f6kelmann<\/td><td>Bur\u00adkhard&nbsp;I.<\/td><td>Fal\u00adlers\u00adle\u00adben<\/td><\/tr><tr><td>13 <\/td><td> Cars\u00adten&nbsp;Pilz<\/td><td>Cars\u00adten&nbsp;V.<\/td><td>Wien\u00adrode<\/td><\/tr><tr><td>13 <\/td><td> Dr. Tho\u00admas Naujoks<\/td><td>Dok\u00adtor Tho\u00admas&nbsp;I.<\/td><td>Salz\u00adgit\u00adter<\/td><\/tr><tr><td>13 <\/td><td> Edith Bormann<\/td><td>Edith I.<\/td><td>Hal\u00adbers\u00adtadt<\/td><\/tr><tr><td>13 <\/td><td> G\u00fcn\u00adther&nbsp;Gnad<\/td><td>Gon\u00addrow&nbsp;I.<\/td><td>Wol\u00adfenb\u00fct\u00adtel<\/td><\/tr><tr><td>13 <\/td><td> Hart\u00admut Kirchner<\/td><td>Hart\u00admut-Petrus I.<\/td><td>Her\u00adgis\u00addorf<\/td><\/tr><tr><td>13 <\/td><td> Heinz Hoffmann<\/td><td>Heinz XII.<\/td><td>Grim\u00adma<\/td><\/tr><tr><td>13 <\/td><td> Manue\u00adla Lindemann<\/td><td>Manue\u00adla&nbsp;III.<\/td><td>Wien\u00adrode<\/td><\/tr><tr><td>13 <\/td><td> Peter Bormann<\/td><td>Peter V.<\/td><td>Hal\u00adbers\u00adtadt<\/td><\/tr><tr><td>13 <\/td><td> Thors\u00adten&nbsp;Meier<\/td><td>Thors\u00adten&nbsp;V.<\/td><td>Ein\u00adbeck<\/td><\/tr><tr><td>12 <\/td><td> Andr\u00e9 Kutzsche<\/td><td>Andr\u00e9 IV.<\/td><td>Oste\u00adrode<\/td><\/tr><tr><td>12 <\/td><td> Andreas Hapke<\/td><td>Andreas VII.<\/td><td>Salz\u00adgit\u00adter<\/td><\/tr><tr><td>12 <\/td><td> Ange\u00adli\u00adka&nbsp;Knoop<\/td><td>Ange\u00adli\u00adka&nbsp;VII.<\/td><td>Vie\u00adnen\u00adburg<\/td><\/tr><tr><td>12 <\/td><td> Anja Kutzsche<\/td><td>Anja IV.<\/td><td>Oste\u00adrode<\/td><\/tr><tr><td>12 <\/td><td> Edgar H\u00fcbenthal<\/td><td>Edgar v. Tru\u00adden\u00adstein&nbsp;I.<\/td><td>Bil\u00adshau\u00adsen<\/td><\/tr><tr><td>12 <\/td><td> Eva-Maria Kelle<\/td><td>Eva-Maria I.<\/td><td>Nord\u00adhau\u00adsen<\/td><\/tr><tr><td>12 <\/td><td> Franz&nbsp;Knoop<\/td><td>Franz III.<\/td><td>Vie\u00adnen\u00adburg<\/td><\/tr><tr><td>12 <\/td><td> Gun\u00adter Stanislaus<\/td><td>Gun\u00adter&nbsp;I.<\/td><td>Wie\u00adren<\/td><\/tr><tr><td>12 <\/td><td> J\u00fcr\u00adgen&nbsp;Finke<\/td><td>J\u00fcr\u00adgen&nbsp;IV.<\/td><td>Blan\u00adken\u00adburg<\/td><\/tr><tr><td>12 <\/td><td> Klaus Schulze<\/td><td>Klaus XXIX.<\/td><td>Nor\u00adtheim<\/td><\/tr><tr><td>12 <\/td><td> Mario&nbsp;Lucas<\/td><td>Mario V.<\/td><td>Hal\u00adbers\u00adtadt<\/td><\/tr><tr><td>12 <\/td><td> Moni\u00adka Sastalla<\/td><td>Moni\u00adka&nbsp;II.<\/td><td>Tanne<\/td><\/tr><tr><td>12 <\/td><td> Sil\u00advia H\u00fcbenthal<\/td><td>Sil\u00advia v. Tru\u00adden\u00adstein&nbsp;I.<\/td><td>Bil\u00adshau\u00adsen<\/td><\/tr><tr><td>12 <\/td><td> Syl\u00advia&nbsp;Donth<\/td><td>Syl\u00advie&nbsp;I.<\/td><td>Hol\u00adzen<\/td><\/tr><tr><td>11 <\/td><td> Edgar Schmidtke<\/td><td>Edgar III.<\/td><td>Blan\u00adken\u00adburg<\/td><\/tr><tr><td>11 <\/td><td> Gerhard Stallmann<\/td><td>Gerhard II.<\/td><td>Verl<\/td><\/tr><tr><td>11 <\/td><td> G\u00fcn\u00adther&nbsp;Heine<\/td><td>G\u00fcn\u00adther&nbsp;IV.<\/td><td>Hat\u00adtorf<\/td><\/tr><tr><td>11 <\/td><td> Hel\u00admuth Meissner<\/td><td>Hel\u00admuth&nbsp;I.<\/td><td>Braun\u00adsch\u00adweig<\/td><\/tr><tr><td>11 <\/td><td> Hol\u00adger Steffmann<\/td><td>Hol\u00adger&nbsp;V.<\/td><td>Celle<\/td><\/tr><tr><td>11 <\/td><td> Jola Schmidtke<\/td><td>Jola I.<\/td><td>Blan\u00adken\u00adburg<\/td><\/tr><tr><td>11 <\/td><td> Kon\u00adrad&nbsp;Rasch<\/td><td>Kon\u00adrad&nbsp;III.<\/td><td>Seelze<\/td><\/tr><tr><td>11 <\/td><td> Kylie Wersinger<\/td><td>Kylie Isa\u00adbel&nbsp;I.<\/td><td>Kehm\u00adstedt<\/td><\/tr><tr><td>11 <\/td><td> Lud\u00adwig Fiedler<\/td><td>Lud\u00adwig&nbsp;I.<\/td><td>Hal\u00adbers\u00adtadt<\/td><\/tr><tr><td>11 <\/td><td> Dr. Man\u00adfred Steinfatt<\/td><td>Man\u00adfred&nbsp;VII.<\/td><td>Claus\u00adthal-Zel\u00adler\u00adfeld<\/td><\/tr><tr><td>11 <\/td><td> Undine Broschik<\/td><td>Undine I.<\/td><td>Wer\u00adni\u00adge\u00adrode<\/td><\/tr><tr><td>10 <\/td><td> Ernst Peter Schaerff<\/td><td>Ernst Peter&nbsp;I.<\/td><td>Halle<\/td><\/tr><tr><td>10 <\/td><td> Frank Fischer<\/td><td>Frank I.<\/td><td>G\u00fcs\u00adten<\/td><\/tr><tr><td>10 <\/td><td> Kai R\u00f6hrdanz<\/td><td>Grim\u00adbart&nbsp;I.<\/td><td>Mag\u00adde\u00adburg<\/td><\/tr><tr><td>10 <\/td><td> Har\u00adry Hausmann<\/td><td>Har\u00adry&nbsp;III.<\/td><td>Dann\u00adhau\u00adsen<\/td><\/tr><tr><td>10 <\/td><td> Andreas H\u00f6lzchen<\/td><td>Ilsen\u00adburg&nbsp;I.<\/td><td>Uslar<\/td><\/tr><tr><td>10 <\/td><td> J\u00f6rg Liehmann<\/td><td>J\u00f6rg XVI.<\/td><td>Herz\u00adberg<\/td><\/tr><tr><td>10 <\/td><td> Michael L\u00fctje<\/td><td>Michael II.<\/td><td>Wer\u00adni\u00adge\u00adrode<\/td><\/tr><tr><td>10 <\/td><td> Rai\u00adner&nbsp;Koch<\/td><td>Rai\u00adner Oli\u00adver&nbsp;I.<\/td><td>Nor\u00adtheim<\/td><\/tr><tr><td>10 <\/td><td> Rita Hoffmann<\/td><td>Rita III.<\/td><td>Grim\u00adma<\/td><\/tr><tr><td>10 <\/td><td> Ste\u00adfan Weishaupt<\/td><td>Ste\u00adfan&nbsp;XII.<\/td><td>L\u00f6der\u00adburg<\/td><\/tr><tr><td>10 <\/td><td> Vere\u00adna Huthmann<\/td><td>Vere\u00adna&nbsp;III.<\/td><td>Isern\u00adha\u00adgen<\/td><\/tr>\n\n\t\t      <\/tbody>\n\t    \t   <\/table>\n\t\t\t<\/figure>\n<\/div><\/div><\/div>\n<\/div><\/div>\n","protected":false},"excerpt":{"rendered":"<p>Les majes\u00adt\u00e9s de l\u2019aiguille de ran\u00addon\u00adn\u00e9e du&nbsp;Harz Les per\u00adsonnes sui\u00advantes repr\u00e9\u00adsentent le som\u00admet de l\u2019ac\u00adti\u00advi\u00adt\u00e9 dans le cadre de l\u2019ai\u00adguille de ran\u00addon\u00adn\u00e9e du&nbsp;Harz. Le sta\u00adtut d \u2019empe\u00adreur de la ran\u00addon\u00adn\u00e9e est la plus haute r\u00e9com\u00adpense pour les tam\u00adpons col\u00adlec\u00adt\u00e9s. Les ran\u00addon\u00adneurs lis\u00adt\u00e9s ici ont atteint ce sta\u00adtut au moins dix fois. En rai\u00adson de&nbsp;cette&nbsp;[\u2026]<\/p>\n","protected":false},"author":1,"featured_media":13747,"parent":0,"menu_order":4000,"comment_status":"closed","ping_status":"closed","template":"","meta":{"_seopress_robots_primary_cat":"","_seopress_titles_title":"Majest\u00e9s de l'aiguille de randonn\u00e9e du Harz","_seopress_titles_desc":"Les majest\u00e9s de l'aiguille de randonn\u00e9e du Harz - des empereurs de la randonn\u00e9e qui ont gravi d'innombrables sommets avec une endurance et une passion exceptionnelles.","_seopress_robots_index":"","wp_typography_post_enhancements_disabled":false,"iawp_total_views":2,"footnotes":""},"hf_cat_page":[],"class_list":["post-17857","page","type-page","status-publish","has-post-thumbnail"],"blocksy_meta":{"page_structure_type":"type-4","styles_descriptor":{"styles":{"desktop":"","tablet":"","mobile":""},"google_fonts":[],"version":6}},"_links":{"self":[{"href":"https:\/\/www.harzer-wandernadel.de\/fr\/wp-json\/wp\/v2\/pages\/17857","targetHints":{"allow":["GET"]}}],"collection":[{"href":"https:\/\/www.harzer-wandernadel.de\/fr\/wp-json\/wp\/v2\/pages"}],"about":[{"href":"https:\/\/www.harzer-wandernadel.de\/fr\/wp-json\/wp\/v2\/types\/page"}],"author":[{"embeddable":true,"href":"https:\/\/www.harzer-wandernadel.de\/fr\/wp-json\/wp\/v2\/users\/1"}],"replies":[{"embeddable":true,"href":"https:\/\/www.harzer-wandernadel.de\/fr\/wp-json\/wp\/v2\/comments?post=17857"}],"version-history":[{"count":1,"href":"https:\/\/www.harzer-wandernadel.de\/fr\/wp-json\/wp\/v2\/pages\/17857\/revisions"}],"predecessor-version":[{"id":17875,"href":"https:\/\/www.harzer-wandernadel.de\/fr\/wp-json\/wp\/v2\/pages\/17857\/revisions\/17875"}],"wp:featuredmedia":[{"embeddable":true,"href":"https:\/\/www.harzer-wandernadel.de\/fr\/wp-json\/wp\/v2\/media\/13747"}],"wp:attachment":[{"href":"https:\/\/www.harzer-wandernadel.de\/fr\/wp-json\/wp\/v2\/media?parent=17857"}],"wp:term":[{"taxonomy":"hf_cat_page","embeddable":true,"href":"https:\/\/www.harzer-wandernadel.de\/fr\/wp-json\/wp\/v2\/hf_cat_page?post=17857"}],"curies":[{"name":"wp","href":"https:\/\/api.w.org\/{rel}","templated":true}]}}