{"id":17846,"date":"2016-01-24T22:37:04","date_gmt":"2016-01-24T21:37:04","guid":{"rendered":"https:\/\/www.harzer-wandernadel.de\/pointage\/gps-telecharger\/"},"modified":"2026-01-29T12:34:46","modified_gmt":"2026-01-29T11:34:46","slug":"gps-telecharger","status":"publish","type":"page","link":"https:\/\/www.harzer-wandernadel.de\/fr\/pointage\/gps-telecharger\/","title":{"rendered":"GPS T\u00e9l\u00e9charger"},"content":{"rendered":"\n<p>De plus en plus de ran\u00addon\u00adneurs uti\u00adlisent, en plus de la carte de ran\u00addon\u00adn\u00e9e conven\u00adtion\u00adnelle, un appa\u00adreil GPS pour s\u2019o\u00adrien\u00adter sur le ter\u00adrain. Les enfants en par\u00adti\u00adcu\u00adlier se laissent plus faci\u00adle\u00adment enthou\u00adsias\u00admer par la ran\u00addon\u00adn\u00e9e gr\u00e2ce \u00e0&nbsp;l\u2019ap\u00adpa\u00adreil GPS, car la tech\u00adnique et l\u2019a\u00adven\u00adture occupent pour eux une place impor\u00adtante dans leurs loisirs.&nbsp;<\/p>\n\n<p>C\u2019est pour\u00adquoi nous vou\u00adlons suivre la ten\u00addance et r\u00e9pondre \u00e0&nbsp;la demande fr\u00e9\u00adquente des ran\u00addon\u00adneurs de dis\u00adpo\u00adser de don\u00adn\u00e9es GPS pour les points de poin\u00ad\u00e7on\u00adnage de l\u2019ai\u00adguille de ran\u00addon\u00adn\u00e9e du&nbsp;Harz.<\/p>\n\n<p>Nous te prions de com\u00adprendre que nous ne pou\u00advons pas col\u00adlec\u00adter nous-m\u00eames toutes les don\u00adn\u00e9es et qu\u2019il peut donc y&nbsp;avoir des erreurs de trans\u00admis\u00adsion. Il est donc pos\u00adsible que les don\u00adn\u00e9es indi\u00adqu\u00e9es dif\u00adf\u00e8rent de l\u2019emplacement r\u00e9el des tam\u00adpons. Toute remarque concer\u00adnant de telles diver\u00adgences ou la cor\u00adrec\u00adtion des don\u00adn\u00e9es de ces sites est la bienvenue.&nbsp;<\/p>\n\n<h2 class=\"wp-block-heading has-text-align-center\"><strong>T\u00e9l\u00e9chargements<\/strong><\/h2>\n\n<div class=\"wp-block-stackable-columns alignwide stk-block-columns stk-block stk-a626a64\" id=\"Feature-Boxen-3\" data-block-id=\"a626a64\"><style>.stk-a626a64 {margin-bottom:3% !important;}.stk-a626a64-column{--stk-columns-spacing:0px !important;--stk-column-gap:24px !important;}@media screen and (max-width:999px){.stk-a626a64-column{row-gap:24px !important;}}@media screen and (max-width:689px){.stk-a626a64 {margin-bottom:0px !important;}}<\/style><div class=\"stk-row stk-inner-blocks stk-block-content stk-content-align stk-a626a64-column alignwide\">\n<div class=\"wp-block-stackable-column stk-block-column stk-column stk-block stk-0a3161b stk-block-background feature-box\" data-v=\"4\" data-block-id=\"0a3161b\"><style>.stk-0a3161b-inner-blocks{justify-content:center !important;row-gap:0px !important;}.stk-0a3161b {background-color:var(--theme-palette-color-5, #AF9E7E) !important;border-top-left-radius:12px !important;border-top-right-radius:12px !important;border-bottom-right-radius:12px !important;border-bottom-left-radius:12px !important;overflow:hidden !important;}.stk-0a3161b:before{background-color:var(--theme-palette-color-5, #AF9E7E) !important;}.stk-0a3161b:hover{transform:scale(1.05) !important;}@media screen and (min-width:690px) and (max-width:999px){.stk-0a3161b {flex:var(--stk-flex-grow, 1) 1 calc(100% - var(--stk-column-gap, 0px) * 0 \/ 1 ) !important;}}@media screen and (max-width:689px){.stk-0a3161b {flex:var(--stk-flex-grow, 1) 1 calc(100% - var(--stk-column-gap, 0px) * 0 \/ 1 ) !important;}}<\/style><div class=\"stk-column-wrapper stk-block-column__content stk-container stk-0a3161b-container stk--no-background stk--no-padding\"><div class=\"has-text-align-center stk--column-flex stk-block-content stk-inner-blocks stk-0a3161b-inner-blocks\">\n<div class=\"wp-block-stackable-image stk-block-image stk-block stk-338e574\" data-block-id=\"338e574\"><style>.stk-338e574 .stk-img-wrapper{width:25% !important;}.stk-338e574 .stk-img-wrapper img{filter:opacity(0.8) !important;object-fit:contain !important;}<\/style><figure><span class=\"stk-img-wrapper stk-image--shape-stretch\"><img alt decoding=\"async\" class=\"stk-img wp-image-13779\" src=\"https:\/\/www.harzer-wandernadel.de\/wp-content\/uploads\/2025\/08\/gps-download_weiss.svg\" width=\"25\" height=\"300\"><\/span><\/figure><\/div>\n\n\n\n<div class=\"wp-block-stackable-heading stk-block-heading stk-block-heading--v2 stk-block stk-07e4ff6\" id=\"span-style-color-var-theme-palette-color-3-000000-class-stk-highlight-gpx-daten-stempelstellen-span\" data-block-id=\"07e4ff6\"><style>.stk-07e4ff6 .stk-block-heading__text{color:var(--theme-palette-color-7, #ffffff) !important;}<\/style><h4 class=\"stk-block-heading__text has-text-color has-text-align-center\"><span style=\"color: var(--theme-palette-color-3, #000000);\" class=\"stk-highlight\">Donn\u00e9es GPX Poin\u00e7ons&nbsp;<\/span><\/h4><\/div>\n\n\n\n<p>Archive ZIP com\u00adpres\u00ads\u00e9e<br>Date&nbsp;: 23.04.2025<\/p>\n<\/div><a class=\"stk-link stk-block-link stk--transparent-overlay\" href=\"https:\/\/www.harzer-wandernadel.de\/wp-content\/uploads\/2025\/05\/GPX-Daten-Stempelstellen-ZIP-Archiv-gepackt-Stand-23.04.2025.zip\" aria-hidden=\"true\" tabindex=\"-1\"><\/a><\/div><\/div>\n\n\n\n<div class=\"wp-block-stackable-column stk-block-column stk-column stk-block stk-eba419f stk-block-background feature-box\" data-v=\"4\" data-block-id=\"eba419f\"><style>.stk-eba419f-inner-blocks{justify-content:center !important;row-gap:0px !important;}.stk-eba419f {background-color:var(--theme-palette-color-8, #a18562) !important;border-top-left-radius:12px !important;border-top-right-radius:12px !important;border-bottom-right-radius:12px !important;border-bottom-left-radius:12px !important;overflow:hidden !important;}.stk-eba419f:before{background-color:var(--theme-palette-color-8, #a18562) !important;}.stk-eba419f:hover{transform:scale(1.05) !important;}@media screen and (min-width:690px) and (max-width:999px){.stk-eba419f {flex:var(--stk-flex-grow, 1) 1 calc(100% - var(--stk-column-gap, 0px) * 0 \/ 1 ) !important;}}@media screen and (max-width:689px){.stk-eba419f {flex:var(--stk-flex-grow, 1) 1 calc(100% - var(--stk-column-gap, 0px) * 0 \/ 1 ) !important;}}<\/style><style class=\"stk-custom-css\">.stk-eba419f.stk-block-column{aspect-ratio:2 \/ 1 !important}<\/style><div class=\"stk-column-wrapper stk-block-column__content stk-container stk-eba419f-container stk--no-background stk--no-padding\"><div class=\"has-text-align-center stk--column-flex stk-block-content stk-inner-blocks stk-eba419f-inner-blocks\">\n<div class=\"wp-block-stackable-image stk-block-image stk-block stk-989f80e\" data-block-id=\"989f80e\"><style>.stk-989f80e .stk-img-wrapper{width:25% !important;}.stk-989f80e .stk-img-wrapper img{filter:opacity(0.8) !important;object-fit:contain !important;}<\/style><figure><span class=\"stk-img-wrapper stk-image--shape-stretch\"><img alt decoding=\"async\" class=\"stk-img wp-image-13779\" src=\"https:\/\/www.harzer-wandernadel.de\/wp-content\/uploads\/2025\/08\/gps-download_weiss.svg\" width=\"25\" height=\"300\"><\/span><\/figure><\/div>\n\n\n\n<div class=\"wp-block-stackable-heading stk-block-heading stk-block-heading--v2 stk-block stk-0327c9a\" id=\"span-style-color-var-theme-palette-color-3-000000-class-stk-highlight-gpi-daten-stempelstellen-span\" data-block-id=\"0327c9a\"><style>.stk-0327c9a .stk-block-heading__text{color:var(--theme-palette-color-7, #ffffff) !important;}<\/style><h4 class=\"stk-block-heading__text has-text-color has-text-align-center\"><span style=\"color: var(--theme-palette-color-3, #000000);\" class=\"stk-highlight\">Donn\u00e9es GPI Poin\u00e7ons&nbsp;<\/span><\/h4><\/div>\n\n\n\n<p>Archive ZIP pour Gar\u00admin<br>Ver\u00adsion&nbsp;: 23.04.2025<\/p>\n<\/div><a class=\"stk-link stk-block-link stk--transparent-overlay\" href=\"https:\/\/www.harzer-wandernadel.de\/wp-content\/uploads\/2025\/05\/GPI-Daten-Stempelstellen-ZIP-Archiv-fuer-GARMIN-Stand-23.04.2025.zip\" aria-hidden=\"true\" tabindex=\"-1\"><\/a><\/div><\/div>\n<\/div><\/div>\n\n<div class=\"wp-block-stackable-text stk-block-text stk-block stk-ee39db8\" data-block-id=\"ee39db8\"><style>.stk-ee39db8 {max-width:500px !important;min-width:auto !important;margin-right:auto !important;margin-bottom:0px !important;margin-left:auto !important;}<\/style><p class=\"stk-block-text__text has-text-align-center\">Nous remer\u00adcions <a href=\"http:\/\/der-gruendel.de\/\" target=\"_blank\" rel=\"noopener\">Mar\u00adkus Gr\u00fcn\u00addel<\/a> de Hanovre pour l\u2019ai\u00admable pr\u00e9\u00adpa\u00adra\u00adtion et la mise \u00e0&nbsp;dis\u00adpo\u00adsi\u00adtion de ces donn\u00e9es&nbsp;!<\/p><\/div>\n\n<div style=\"height:6vh\" aria-hidden=\"true\" class=\"wp-block-spacer\"><\/div>\n\n<div class=\"wp-block-group is-layout-constrained wp-block-group-is-layout-constrained\">\n<h3 class=\"wp-block-heading\">Conditions d\u2019utilisation<\/h3>\n\n\n\n<p>L\u2019u\u00adti\u00adli\u00adsa\u00adtion des don\u00adn\u00e9es GPS mises \u00e0&nbsp;dis\u00adpo\u00adsi\u00adtion sur ce site est gra\u00adtuite pour les par\u00adti\u00adcu\u00adliers \u00e0&nbsp;des fins per\u00adson\u00adnelles. Une uti\u00adli\u00adsa\u00adtion com\u00admer\u00adciale n\u2019est pos\u00adsible qu\u2019a\u00adpr\u00e8s accord pr\u00e9a\u00adlable. Des dif\u00adf\u00e9\u00adrences entre les don\u00adn\u00e9es indi\u00adqu\u00e9es et les empla\u00adce\u00adments r\u00e9els des points de poin\u00adtage sont pos\u00adsibles. La com\u00admu\u00adnau\u00adt\u00e9 d\u2019ac\u00adtion Har\u00adzer Wan\u00adder\u00adna\u00addel exclut toute res\u00adpon\u00adsa\u00adbi\u00adli\u00adt\u00e9 de quelque nature que ce&nbsp;soit.&nbsp;<\/p>\n<\/div>\n\n<div style=\"height:6vh\" aria-hidden=\"true\" class=\"wp-block-spacer\"><\/div>\n\n<div class=\"wp-block-group is-layout-constrained wp-block-group-is-layout-constrained\">\n<h3 class=\"wp-block-heading\">Attention, s\u2019il te pla\u00eet&nbsp;: <br><span style=\"color: var(--theme-palette-color-4, #7A1B11);\" class=\"stk-highlight\">Risques li\u00e9s \u00e0&nbsp;la randonn\u00e9e avec&nbsp;GPS<\/span><\/h3>\n\n\n\n<p>Le grand dan\u00adger, c\u2019est de trop comp\u00adter sur l\u2019ou\u00adtil&nbsp;GPS.<\/p>\n\n\n\n<p>Lors de tes ran\u00addon\u00adn\u00e9es, n\u2019ou\u00adblie pas que la bat\u00adte\u00adrie peut s\u2019\u00e9\u00adpui\u00adser, que la r\u00e9cep\u00adtion peut \u00eatre impos\u00adsible en rai\u00adson de la topo\u00adgra\u00adphie ou que l\u2019ap\u00adpa\u00adreil peut tom\u00adber en panne \u00e0&nbsp;cause d\u2019un d\u00e9faut m\u00e9ca\u00adnique. Dans ce cas, il est impor\u00adtant d\u2019emporter une carte et une bous\u00adsole pour les longues randonn\u00e9es.&nbsp;<\/p>\n\n\n\n<p>La pr\u00e9\u00adci\u00adsion des appa\u00adreils GPS peut \u00eatre limi\u00adt\u00e9e, en par\u00adti\u00adcu\u00adlier dans la r\u00e9gion du Harz, par une mau\u00advaise r\u00e9cep\u00adtion cau\u00ads\u00e9e par une posi\u00adtion par\u00adti\u00adcu\u00adli\u00e8\u00adre\u00adment raide des satel\u00adlites cibl\u00e9s, par l\u2019ombre des falaises, des for\u00eats, des val\u00adl\u00e9es, etc. et par des signaux mul\u00adtiples dus \u00e0&nbsp;de pos\u00adsibles r\u00e9flexions, par exemple sur de grandes parois rocheuses abruptes. C\u2019est aus\u00adsi pour cette rai\u00adson qu\u2019il est recom\u00adman\u00add\u00e9 d\u2019emporter une carte pour s\u2019o\u00adrien\u00adter davantage.&nbsp;<\/p>\n<\/div>\n","protected":false},"excerpt":{"rendered":"<p>De plus en plus de ran\u00addon\u00adneurs uti\u00adlisent, en plus de la carte de ran\u00addon\u00adn\u00e9e conven\u00adtion\u00adnelle, un appa\u00adreil GPS pour s\u2019o\u00adrien\u00adter sur le ter\u00adrain. Les enfants en par\u00adti\u00adcu\u00adlier se laissent plus faci\u00adle\u00adment enthou\u00adsias\u00admer par la ran\u00addon\u00adn\u00e9e gr\u00e2ce \u00e0&nbsp;l\u2019ap\u00adpa\u00adreil GPS, car la tech\u00adnique et l\u2019a\u00adven\u00adture occupent pour eux une place impor\u00adtante dans leurs loi\u00adsirs.&nbsp; C\u2019est pour\u00adquoi&nbsp;nous&nbsp;[\u2026]<\/p>\n","protected":false},"author":1,"featured_media":13747,"parent":17790,"menu_order":2400,"comment_status":"closed","ping_status":"closed","template":"","meta":{"_seopress_robots_primary_cat":"","_seopress_titles_title":"","_seopress_titles_desc":"","_seopress_robots_index":"","wp_typography_post_enhancements_disabled":false,"iawp_total_views":2,"footnotes":""},"hf_cat_page":[],"class_list":["post-17846","page","type-page","status-publish","has-post-thumbnail"],"blocksy_meta":[],"_links":{"self":[{"href":"https:\/\/www.harzer-wandernadel.de\/fr\/wp-json\/wp\/v2\/pages\/17846","targetHints":{"allow":["GET"]}}],"collection":[{"href":"https:\/\/www.harzer-wandernadel.de\/fr\/wp-json\/wp\/v2\/pages"}],"about":[{"href":"https:\/\/www.harzer-wandernadel.de\/fr\/wp-json\/wp\/v2\/types\/page"}],"author":[{"embeddable":true,"href":"https:\/\/www.harzer-wandernadel.de\/fr\/wp-json\/wp\/v2\/users\/1"}],"replies":[{"embeddable":true,"href":"https:\/\/www.harzer-wandernadel.de\/fr\/wp-json\/wp\/v2\/comments?post=17846"}],"version-history":[{"count":1,"href":"https:\/\/www.harzer-wandernadel.de\/fr\/wp-json\/wp\/v2\/pages\/17846\/revisions"}],"predecessor-version":[{"id":17856,"href":"https:\/\/www.harzer-wandernadel.de\/fr\/wp-json\/wp\/v2\/pages\/17846\/revisions\/17856"}],"up":[{"embeddable":true,"href":"https:\/\/www.harzer-wandernadel.de\/fr\/wp-json\/wp\/v2\/pages\/17790"}],"wp:featuredmedia":[{"embeddable":true,"href":"https:\/\/www.harzer-wandernadel.de\/fr\/wp-json\/wp\/v2\/media\/13747"}],"wp:attachment":[{"href":"https:\/\/www.harzer-wandernadel.de\/fr\/wp-json\/wp\/v2\/media?parent=17846"}],"wp:term":[{"taxonomy":"hf_cat_page","embeddable":true,"href":"https:\/\/www.harzer-wandernadel.de\/fr\/wp-json\/wp\/v2\/hf_cat_page?post=17846"}],"curies":[{"name":"wp","href":"https:\/\/api.w.org\/{rel}","templated":true}]}}