{"id":17837,"date":"2016-01-24T21:34:47","date_gmt":"2016-01-24T20:34:47","guid":{"rendered":"https:\/\/www.harzer-wandernadel.de\/laiguille-de-randonnee\/regles-du-jeu\/"},"modified":"2026-01-29T12:34:45","modified_gmt":"2026-01-29T11:34:45","slug":"regles-du-jeu","status":"publish","type":"page","link":"https:\/\/www.harzer-wandernadel.de\/fr\/laiguille-de-randonnee\/regles-du-jeu\/","title":{"rendered":"R\u00e8gles du&nbsp;jeu"},"content":{"rendered":"\n<div class=\"wp-block-stackable-columns stk-block-columns stk-block stk-2ad27c8\" data-block-id=\"2ad27c8\"><style>.stk-2ad27c8 {margin-bottom:0px !important;}<\/style><div class=\"stk-row stk-inner-blocks stk-block-content stk-content-align stk-2ad27c8-column\">\n<div class=\"wp-block-stackable-column stk-block-column stk-column stk-block stk-126ae0c\" data-v=\"4\" data-block-id=\"126ae0c\"><div class=\"stk-column-wrapper stk-block-column__content stk-container stk-126ae0c-container stk--no-background stk--no-padding\"><div class=\"stk-block-content stk-inner-blocks stk-126ae0c-inner-blocks\">\n<div class=\"wp-block-stackable-notification stk-block-notification stk-block stk-229c8f5 is-style-large-icon\" data-v=\"2\" data-block-id=\"229c8f5\"><style>.stk-229c8f5 {margin-bottom:0px !important;overflow:hidden !important;}.stk-229c8f5-container{background-color:var(--theme-palette-color-2, #1b5700) !important;border-top-left-radius:6px !important;border-top-right-radius:6px !important;border-bottom-right-radius:6px !important;border-bottom-left-radius:6px !important;overflow:hidden !important;}.stk-229c8f5-container:before{background-color:var(--theme-palette-color-2, #1b5700) !important;}.stk-229c8f5 .stk-block-notification__content{padding-top:8% !important;padding-right:8% !important;padding-bottom:8% !important;padding-left:8% !important;}<\/style><div class=\"stk-block-notification__content stk-content-align stk-229c8f5-column stk-container stk-229c8f5-container stk-hover-parent\"><div class=\"stk-block-content stk-inner-blocks stk-229c8f5-inner-blocks\">\n<div class=\"wp-block-stackable-icon stk-block-icon stk-block stk-7365614\" data-block-id=\"7365614\"><style>.stk-7365614 {overflow:hidden !important;top:-72px !important;left:-72px !important;position:absolute !important;opacity:0.1 !important;}.stk-7365614 .stk--svg-wrapper .stk--inner-svg svg:last-child{height:200px !important;width:200px !important;transform:rotate(350deg) !important;}.stk-7365614 .stk--svg-wrapper .stk--inner-svg svg:last-child, .stk-7365614 .stk--svg-wrapper .stk--inner-svg svg:last-child :is(g, path, rect, polygon, ellipse){fill:#FFFFFF !important;}<\/style><span class=\"stk--svg-wrapper\"><div class=\"stk--inner-svg\"><svg style=\"height:0;width:0\"><defs><linearGradient id=\"linear-gradient-7365614\" x1=\"0\" x2=\"100%\" y1=\"0\" y2=\"0\"><stop offset=\"0%\" style=\"stop-opacity:1;stop-color:var(--linear-gradient-7365614-color-1)\" \/><stop offset=\"100%\" style=\"stop-opacity:1;stop-color:var(--linear-gradient-7365614-color-2)\" \/><\/linearGradient><\/defs><\/svg><svg viewBox=\"0 0 512 512\" aria-hidden=\"true\" width=\"32\" height=\"32\"><path d=\"M256 512A256 256 0 1 0 256 0a256 256 0 1 0 0 512zM216 336h24V272H216c-13.3 0-24-10.7-24-24s10.7-24 24-24h48c13.3 0 24 10.7 24 24v88h8c13.3 0 24 10.7 24 24s-10.7 24-24 24H216c-13.3 0-24-10.7-24-24s10.7-24 24-24zm40-208a32 32 0 1 1 0 64 32 32 0 1 1 0-64z\" \/><\/svg><\/div><\/span><\/div>\n\n\n\n<div class=\"wp-block-stackable-icon-list stk-block-icon-list stk-block stk-55b6d18\" data-block-id=\"55b6d18\"><style>.stk-55b6d18 {--stk-icon-list-row-gap:11px !important;--stk-icon-list-marker-color:var(--theme-palette-color-7, #ffffff) !important;}.stk-55b6d18 .stk-block-icon-list-item__content{align-items:baseline !important;}<\/style><svg style=\"display:none\"><defs><g id=\"stk-icon-list__icon-svg-def-55b6d18\"><svg viewBox=\"0 0 512 512\"><path d=\"M256 512A256 256 0 1 0 256 0a256 256 0 1 0 0 512zM216 336h24V272H216c-13.3 0-24-10.7-24-24s10.7-24 24-24h48c13.3 0 24 10.7 24 24v88h8c13.3 0 24 10.7 24 24s-10.7 24-24 24H216c-13.3 0-24-10.7-24-24s10.7-24 24-24zm40-208a32 32 0 1 1 0 64 32 32 0 1 1 0-64z\" \/><\/svg><\/g><\/defs><\/svg><ul class=\"stk-block-icon-list__ul stk-block-icon-list--column\">\n<li class=\"wp-block-stackable-icon-list-item stk-block-icon-list-item stk-block stk-7eb6087\" data-block-id=\"7eb6087\"><div class=\"stk-block-icon-list-item__content\"><span class=\"stk--svg-wrapper\"><div class=\"stk--inner-svg\"><svg aria-hidden=\"true\" width=\"32\" height=\"32\"><use xlink:href=\"#stk-icon-list__icon-svg-def-55b6d18\" xmlns:xlink=\"http:\/\/www.w3.org\/1999\/xlink\" \/><\/svg><\/div><\/span><span class=\"stk-block-icon-list-item__text\">Le pas\u00adse\u00adport de ran\u00addon\u00adn\u00e9e est \u00e9ta\u00adbli \u00e0&nbsp;ton nom et n\u2019est pas transmissible.&nbsp;<\/span><\/div><\/li>\n\n\n\n<li class=\"wp-block-stackable-icon-list-item stk-block-icon-list-item stk-block stk-68dd497\" data-block-id=\"68dd497\"><div class=\"stk-block-icon-list-item__content\"><span class=\"stk--svg-wrapper\"><div class=\"stk--inner-svg\"><svg aria-hidden=\"true\" width=\"32\" height=\"32\"><use xlink:href=\"#stk-icon-list__icon-svg-def-55b6d18\" xmlns:xlink=\"http:\/\/www.w3.org\/1999\/xlink\" \/><\/svg><\/div><\/span><span class=\"stk-block-icon-list-item__text\">Dans le pas\u00adse\u00adport, tu col\u00adlec\u00adtionnes les tam\u00adpons pour les badges de ran\u00addon\u00adn\u00e9e des dif\u00adf\u00e9\u00adrents niveaux de performance.&nbsp;<\/span><\/div><\/li>\n\n\n\n<li class=\"wp-block-stackable-icon-list-item stk-block-icon-list-item stk-block stk-8f96f9f\" data-block-id=\"8f96f9f\"><div class=\"stk-block-icon-list-item__content\"><span class=\"stk--svg-wrapper\"><div class=\"stk--inner-svg\"><svg aria-hidden=\"true\" width=\"32\" height=\"32\"><use xlink:href=\"#stk-icon-list__icon-svg-def-55b6d18\" xmlns:xlink=\"http:\/\/www.w3.org\/1999\/xlink\" \/><\/svg><\/div><\/span><span class=\"stk-block-icon-list-item__text\">L\u2019ob\u00adten\u00adtion des badges de ran\u00addon\u00adn\u00e9e n\u2019est pas limi\u00adt\u00e9e dans le temps, la col\u00adlecte des tam\u00adpons peut donc s\u2019\u00e9\u00adtendre sur plu\u00adsieurs ann\u00e9es \u2013 selon tes pos\u00adsi\u00adbi\u00adli\u00adt\u00e9s personnelles.<\/span><\/div><\/li>\n<\/ul><\/div>\n<\/div><\/div><\/div>\n\n\n\n<h2 class=\"wp-block-heading\">Collectionner les tampons<\/h2>\n\n\n\n<p>Tu trou\u00adve\u00adras des points de poin\u00adtage \u00e0&nbsp;222 endroits int\u00e9\u00adres\u00adsants dans le Harz. Ils se trouvent dans des res\u00adtau\u00adrants fores\u00adtiers, des refuges et des points de vue int\u00e9\u00adres\u00adsants, des par\u00adti\u00adcu\u00adla\u00adri\u00adt\u00e9s g\u00e9o\u00adlo\u00adgiques et des sites his\u00adto\u00adriques. Les tam\u00adpons se trouvent dans des bo\u00eetes \u00e0&nbsp;tam\u00adpons vert fon\u00adc\u00e9 r\u00e9sis\u00adtantes aux intem\u00adp\u00e9\u00adries, que tu recon\u00adna\u00ee\u00adtras rapi\u00adde\u00adment \u00e0&nbsp;leur aspect typique.&nbsp;<\/p>\n\n\n\n<figure class=\"wp-block-image alignwide size-large wp-image-3026 size-full\"><img decoding=\"async\" width=\"1024\" height=\"683\" src=\"https:\/\/www.harzer-wandernadel.de\/wp-content\/uploads\/2025\/10\/nr-5-1024x683.jpg\" alt=\"Une personne tamponne du papier sur un tampon vert\" class=\"wp-image-16090\" srcset=\"https:\/\/www.harzer-wandernadel.de\/wp-content\/uploads\/2025\/10\/nr-5-1024x683.jpg 1024w, https:\/\/www.harzer-wandernadel.de\/wp-content\/uploads\/2025\/10\/nr-5-300x200.jpg 300w, https:\/\/www.harzer-wandernadel.de\/wp-content\/uploads\/2025\/10\/nr-5-768x512.jpg 768w, https:\/\/www.harzer-wandernadel.de\/wp-content\/uploads\/2025\/10\/nr-5-1536x1024.jpg 1536w, https:\/\/www.harzer-wandernadel.de\/wp-content\/uploads\/2025\/10\/nr-5-2048x1365.jpg 2048w\" sizes=\"(max-width: 1024px) 100vw, 1024px\"><figcaption class=\"wp-element-caption\">Image&nbsp;: AchtPfotenPhotography<\/figcaption><\/figure>\n\n\n\n<p>Tu trou\u00adve\u00adras les empla\u00adce\u00adments des points de poin\u00adtage dans le pas\u00adse\u00adport et sur nos cartes de ran\u00addon\u00adn\u00e9e offi\u00adcielles de l\u2019ai\u00adguille de ran\u00addon\u00adn\u00e9e du&nbsp;Harz.<\/p>\n\n\n\n<p>L\u2019ob\u00adjec\u00adtif est de col\u00adlec\u00adter des tam\u00adpons de dif\u00adf\u00e9\u00adrents endroits. C\u2019est pour\u00adquoi chaque lieu de tim\u00adbrage ou l\u2019empreinte de timbre cor\u00adres\u00adpon\u00addante n\u2019est comp\u00adt\u00e9 qu\u2019une seule fois et n\u2019est \u00e9va\u00adlu\u00e9 qu\u2019une seule fois pour chaque insigne de per\u00adfor\u00admance. Cepen\u00addant, les tam\u00adpons d\u00e9j\u00e0 col\u00adlec\u00adt\u00e9s sont pris en compte pour l\u2019ob\u00adten\u00adtion de l\u2019in\u00adsigne suivant.&nbsp;<\/p>\n\n\n\n<p>Si, mal\u00adgr\u00e9 le meilleur entre\u00adtien, il arrive qu\u2019un tam\u00adpon ne soit pas dis\u00adpo\u00adnible ou qu\u2019il ne soit pas pos\u00adsible de tam\u00adpon\u00adner pour des rai\u00adsons m\u00e9t\u00e9o\u00adro\u00adlo\u00adgiques, il te suf\u00adfit de noter le num\u00e9\u00adro d\u2019i\u00adden\u00adti\u00adfi\u00adca\u00adtion de la bo\u00eete \u00e0&nbsp;tam\u00adpons (\u00e0 l\u2019in\u00adt\u00e9\u00adrieur du rabat avant) et le lieu dans un champ de tam\u00adpon. Cela sera \u00e9ga\u00adle\u00adment recon\u00adnu comme preuve.&nbsp;<\/p>\n\n\n\n<figure class=\"wp-block-image alignwide size-large wp-image-1914 size-full\"><img decoding=\"async\" width=\"1024\" height=\"760\" src=\"https:\/\/www.harzer-wandernadel.de\/wp-content\/uploads\/2025\/10\/4-april-hoher-kleef-anjau2-1024x760.jpg\" alt=\"Chapelle sur la montagne au coucher du soleil\" class=\"wp-image-16095\" srcset=\"https:\/\/www.harzer-wandernadel.de\/wp-content\/uploads\/2025\/10\/4-april-hoher-kleef-anjau2-1024x760.jpg 1024w, https:\/\/www.harzer-wandernadel.de\/wp-content\/uploads\/2025\/10\/4-april-hoher-kleef-anjau2-300x223.jpg 300w, https:\/\/www.harzer-wandernadel.de\/wp-content\/uploads\/2025\/10\/4-april-hoher-kleef-anjau2-768x570.jpg 768w, https:\/\/www.harzer-wandernadel.de\/wp-content\/uploads\/2025\/10\/4-april-hoher-kleef-anjau2-1536x1140.jpg 1536w, https:\/\/www.harzer-wandernadel.de\/wp-content\/uploads\/2025\/10\/4-april-hoher-kleef-anjau2-2048x1520.jpg 2048w\" sizes=\"(max-width: 1024px) 100vw, 1024px\"><figcaption class=\"wp-element-caption\">HWN 88 Haut Kleef \u2013 Anja Ulrich<\/figcaption><\/figure>\n\n\n\n<div class=\"wp-block-stackable-notification stk-block-notification stk-block stk-2ac3a1c is-style-large-icon\" data-v=\"2\" data-block-id=\"2ac3a1c\"><style>.stk-2ac3a1c {margin-bottom:0px !important;overflow:hidden !important;}.stk-2ac3a1c-container{background-color:var(--theme-palette-color-1, #277d00) !important;border-top-left-radius:6px !important;border-top-right-radius:6px !important;border-bottom-right-radius:6px !important;border-bottom-left-radius:6px !important;overflow:hidden !important;}.stk-2ac3a1c-container:before{background-color:var(--theme-palette-color-1, #277d00) !important;}.stk-2ac3a1c .stk-block-notification__content{padding-top:8% !important;padding-right:8% !important;padding-bottom:8% !important;padding-left:8% !important;}<\/style><div class=\"stk-block-notification__content stk-content-align stk-2ac3a1c-column stk-container stk-2ac3a1c-container stk-hover-parent\"><div class=\"stk-block-content stk-inner-blocks stk-2ac3a1c-inner-blocks\">\n<div class=\"wp-block-stackable-icon stk-block-icon stk-block stk-ff026fa\" data-block-id=\"ff026fa\"><style>.stk-ff026fa {overflow:hidden !important;top:-72px !important;left:-72px !important;position:absolute !important;opacity:0.2 !important;}.stk-ff026fa .stk--svg-wrapper .stk--inner-svg svg:last-child{height:200px !important;width:200px !important;transform:rotate(350deg) !important;}.stk-ff026fa .stk--svg-wrapper .stk--inner-svg svg:last-child, .stk-ff026fa .stk--svg-wrapper .stk--inner-svg svg:last-child :is(g, path, rect, polygon, ellipse){fill:#FFFFFF !important;}<\/style><span class=\"stk--svg-wrapper\"><div class=\"stk--inner-svg\"><svg style=\"height:0;width:0\"><defs><linearGradient id=\"linear-gradient-ff026fa\" x1=\"0\" x2=\"100%\" y1=\"0\" y2=\"0\"><stop offset=\"0%\" style=\"stop-opacity:1;stop-color:var(--linear-gradient-ff-026-fa-color-1)\" \/><stop offset=\"100%\" style=\"stop-opacity:1;stop-color:var(--linear-gradient-ff-026-fa-color-2)\" \/><\/linearGradient><\/defs><\/svg><svg viewBox=\"0 0 512 512\" aria-hidden=\"true\" width=\"32\" height=\"32\"><path d=\"M256 512A256 256 0 1 0 256 0a256 256 0 1 0 0 512zM216 336h24V272H216c-13.3 0-24-10.7-24-24s10.7-24 24-24h48c13.3 0 24 10.7 24 24v88h8c13.3 0 24 10.7 24 24s-10.7 24-24 24H216c-13.3 0-24-10.7-24-24s10.7-24 24-24zm40-208a32 32 0 1 1 0 64 32 32 0 1 1 0-64z\" \/><\/svg><\/div><\/span><\/div>\n\n\n\n<div class=\"wp-block-stackable-heading stk-block-heading stk-block-heading--v2 stk-block stk-aa4d53c\" id=\"span-style-color-var-theme-palette-color-7-ffffff-class-stk-highlight-tipp-span\" data-block-id=\"aa4d53c\"><h3 class=\"stk-block-heading__text\"><span style=\"color: var(--theme-palette-color-7, #ffffff);\" class=\"stk-highlight\">Conseil<\/span><\/h3><\/div>\n\n\n\n<div class=\"wp-block-stackable-text stk-block-text stk-block stk-fab2cd6\" data-block-id=\"fab2cd6\"><style>.stk-fab2cd6 .stk-block-text__text{color:var(--theme-palette-color-7, #ffffff) !important;}<\/style><p class=\"stk-block-text__text has-text-color\">Dans de tels cas, notre tam\u00adpon d\u2019ur\u00adgence vierge garan\u00adtit tout de m\u00eame une belle ins\u00adcrip\u00adtion dans le pas\u00adse\u00adport. Tu trou\u00adve\u00adras ton timbre unique fait \u00e0&nbsp;la main dans notre bou\u00adtique. <a href=\"https:\/\/www.harzer-wandernadel.de\/shop\/\" data-type=\"page\" data-id=\"95\"><span style=\"color: var(--theme-palette-color-7, #ffffff);\" class=\"stk-highlight\">Bou\u00adtique en ligne<\/span><\/a>. <\/p><\/div>\n<\/div><\/div><\/div>\n\n\n\n<h2 class=\"wp-block-heading\">Epingler l\u2019\u00e9pingle de randonn\u00e9e<\/h2>\n\n\n\n<p>Tu peux faire vali\u00adder le fait d\u2019a\u00advoir atteint un niveau de per\u00adfor\u00admance en ache\u00adtant l\u2019\u00e9\u00adpingle de ran\u00addon\u00adn\u00e9e cor\u00adres\u00adpon\u00addante.<br>Comme les par\u00adcours entre les dif\u00adf\u00e9\u00adrents points de poin\u00adtage dif\u00adf\u00e8rent en lon\u00adgueur et en dif\u00adfi\u00adcul\u00adt\u00e9, l\u201d&nbsp;&nbsp;\u00bb\u00e9pingle de ran\u00addon\u00adn\u00e9e du Harz&nbsp;\u00bb n\u2019est pas seule\u00adment une offre pour les ran\u00addon\u00adneurs ambi\u00adtieux, mais aus\u00adsi pour les familles ou les seniors.<\/p>\n\n\n\n<p>Les enfants se laissent rapi\u00adde\u00adment s\u00e9duire par la chasse aux tam\u00adpons et accom\u00adpagnent volon\u00adtiers leurs parents ou grands-parents lors de leurs excur\u00adsions de tam\u00adpon\u00adnage. Qu\u2019il s\u2019a\u00adgisse d\u2019une ran\u00addon\u00adn\u00e9e exi\u00adgeante en mon\u00adtagne ou d\u2019une pro\u00adme\u00adnade d\u00e9ten\u00addue en for\u00eat, avec l\u2019\u00e9\u00adpingle de ran\u00addon\u00adn\u00e9e du Harz, il y&nbsp;en a&nbsp;pour tous les go\u00fbts et tous les \u00e2ges. C\u2019est pour\u00adquoi nous avons d\u00e9ve\u00adlop\u00adp\u00e9 le prix \u00ab&nbsp;<a href=\"https:\/\/www.harzer-wandernadel.de\/auszeichnungen\/wanderprinzen\/\" data-type=\"page\" data-id=\"79\">Prince et Prin\u00adcesse de la ran\u00addon\u00adn\u00e9e<\/a>&nbsp;\u00bb, que l\u2019on obtient d\u00e9j\u00e0 pour 11 tam\u00adpons collect\u00e9s.&nbsp;<\/p>\n\n\n\n<figure class=\"wp-block-image size-large\"><img alt decoding=\"async\" width=\"1024\" height=\"683\" src=\"https:\/\/www.harzer-wandernadel.de\/wp-content\/uploads\/2025\/10\/nr-31-1024x683.jpg\" class=\"wp-image-16106\" srcset=\"https:\/\/www.harzer-wandernadel.de\/wp-content\/uploads\/2025\/10\/nr-31-1024x683.jpg 1024w, https:\/\/www.harzer-wandernadel.de\/wp-content\/uploads\/2025\/10\/nr-31-300x200.jpg 300w, https:\/\/www.harzer-wandernadel.de\/wp-content\/uploads\/2025\/10\/nr-31-768x512.jpg 768w, https:\/\/www.harzer-wandernadel.de\/wp-content\/uploads\/2025\/10\/nr-31-1536x1024.jpg 1536w, https:\/\/www.harzer-wandernadel.de\/wp-content\/uploads\/2025\/10\/nr-31-2048x1365.jpg 2048w\" sizes=\"(max-width: 1024px) 100vw, 1024px\"><figcaption class=\"wp-element-caption\">Badge \u2013 Prince &amp;&nbsp;Prin\u00adcesse de la ran\u00addon\u00adn\u00e9e \u2013 Image&nbsp;: AchtPfotenPhotography<\/figcaption><\/figure>\n<\/div><\/div><\/div>\n<\/div><\/div>\n","protected":false},"excerpt":{"rendered":"<p>Col\u00adlec\u00adtion\u00adner les tam\u00adpons Tu trou\u00adve\u00adras des points de poin\u00adtage \u00e0&nbsp;222 endroits int\u00e9\u00adres\u00adsants dans le Harz. Ils se trouvent dans des res\u00adtau\u00adrants fores\u00adtiers, des refuges et des points de vue int\u00e9\u00adres\u00adsants, des par\u00adti\u00adcu\u00adla\u00adri\u00adt\u00e9s g\u00e9o\u00adlo\u00adgiques et des sites his\u00adto\u00adriques. Les tam\u00adpons se trouvent dans des bo\u00eetes \u00e0&nbsp;tam\u00adpons vert fon\u00adc\u00e9 r\u00e9sis\u00adtantes aux intem\u00adp\u00e9\u00adries, que tu recon\u00adna\u00ee\u00adtras rapi\u00adde\u00adment \u00e0&nbsp;leur&nbsp;[\u2026]<\/p>\n","protected":false},"author":1,"featured_media":13747,"parent":17804,"menu_order":1000,"comment_status":"closed","ping_status":"closed","template":"","meta":{"_seopress_robots_primary_cat":"","_seopress_titles_title":"Aiguille de randonn\u00e9e du Harz - Collectionner les tampons dans le Harz","_seopress_titles_desc":"Collectionne les tampons dans le Harz et gagne l'\u00e9pingle de randonn\u00e9e du Harz - une aventure pour les familles, les enfants et les randonneurs ambitieux.","_seopress_robots_index":"","wp_typography_post_enhancements_disabled":false,"iawp_total_views":5,"footnotes":""},"hf_cat_page":[],"class_list":["post-17837","page","type-page","status-publish","has-post-thumbnail"],"blocksy_meta":{"page_structure_type":"type-3","styles_descriptor":{"styles":{"desktop":"","tablet":"","mobile":""},"google_fonts":[],"version":6}},"_links":{"self":[{"href":"https:\/\/www.harzer-wandernadel.de\/fr\/wp-json\/wp\/v2\/pages\/17837","targetHints":{"allow":["GET"]}}],"collection":[{"href":"https:\/\/www.harzer-wandernadel.de\/fr\/wp-json\/wp\/v2\/pages"}],"about":[{"href":"https:\/\/www.harzer-wandernadel.de\/fr\/wp-json\/wp\/v2\/types\/page"}],"author":[{"embeddable":true,"href":"https:\/\/www.harzer-wandernadel.de\/fr\/wp-json\/wp\/v2\/users\/1"}],"replies":[{"embeddable":true,"href":"https:\/\/www.harzer-wandernadel.de\/fr\/wp-json\/wp\/v2\/comments?post=17837"}],"version-history":[{"count":1,"href":"https:\/\/www.harzer-wandernadel.de\/fr\/wp-json\/wp\/v2\/pages\/17837\/revisions"}],"predecessor-version":[{"id":17845,"href":"https:\/\/www.harzer-wandernadel.de\/fr\/wp-json\/wp\/v2\/pages\/17837\/revisions\/17845"}],"up":[{"embeddable":true,"href":"https:\/\/www.harzer-wandernadel.de\/fr\/wp-json\/wp\/v2\/pages\/17804"}],"wp:featuredmedia":[{"embeddable":true,"href":"https:\/\/www.harzer-wandernadel.de\/fr\/wp-json\/wp\/v2\/media\/13747"}],"wp:attachment":[{"href":"https:\/\/www.harzer-wandernadel.de\/fr\/wp-json\/wp\/v2\/media?parent=17837"}],"wp:term":[{"taxonomy":"hf_cat_page","embeddable":true,"href":"https:\/\/www.harzer-wandernadel.de\/fr\/wp-json\/wp\/v2\/hf_cat_page?post=17837"}],"curies":[{"name":"wp","href":"https:\/\/api.w.org\/{rel}","templated":true}]}}