{"id":17804,"date":"2016-01-24T21:59:04","date_gmt":"2016-01-24T20:59:04","guid":{"rendered":"https:\/\/www.harzer-wandernadel.de\/laiguille-de-randonnee\/"},"modified":"2026-01-29T12:34:39","modified_gmt":"2026-01-29T11:34:39","slug":"laiguille-de-randonnee","status":"publish","type":"page","link":"https:\/\/www.harzer-wandernadel.de\/fr\/laiguille-de-randonnee\/","title":{"rendered":"L\u2019aiguille de randonn\u00e9e"},"content":{"rendered":"\n<h2 class=\"wp-block-heading\">Tu aimes faire de la randonn\u00e9e ou du v\u00e9lo et tu veux profiter de la nature et des montagnes pendant tes vacances&nbsp;?<\/h2>\n\n<p><strong>Alors d\u00e9couvre le Harz \u2013 la mon\u00adtagne moyenne la plus sep\u00adten\u00adtrio\u00adnale d\u2019Al\u00adle\u00admagne \u2013 et deviens le roi de la ran\u00addon\u00adn\u00e9e dans le Harz ou m\u00eame l\u2019empereur de la randonn\u00e9e.&nbsp;<\/strong><\/p>\n\n<p>Fais l\u2019ex\u00adp\u00e9\u00adrience de la d\u00e9tente dans une nature insou\u00adciante et acquiers ton \u00ab&nbsp;Har\u00adzer Wan\u00adder\u00adna\u00addel&nbsp;\u00bb personnel.<\/p>\n\n<figure class=\"wp-block-image alignwide size-large alignnone wp-image-2352\"><img decoding=\"async\" width=\"1024\" height=\"684\" src=\"https:\/\/www.harzer-wandernadel.de\/wp-content\/uploads\/2025\/10\/9-september-sonnenaufgang-an-der-wolfswarte-stefanie-asper-1024x684.jpg\" alt=\"Roches rocheuses au lever du soleil\" class=\"wp-image-16113\" srcset=\"https:\/\/www.harzer-wandernadel.de\/wp-content\/uploads\/2025\/10\/9-september-sonnenaufgang-an-der-wolfswarte-stefanie-asper-1024x684.jpg 1024w, https:\/\/www.harzer-wandernadel.de\/wp-content\/uploads\/2025\/10\/9-september-sonnenaufgang-an-der-wolfswarte-stefanie-asper-300x200.jpg 300w, https:\/\/www.harzer-wandernadel.de\/wp-content\/uploads\/2025\/10\/9-september-sonnenaufgang-an-der-wolfswarte-stefanie-asper-768x513.jpg 768w, https:\/\/www.harzer-wandernadel.de\/wp-content\/uploads\/2025\/10\/9-september-sonnenaufgang-an-der-wolfswarte-stefanie-asper-1536x1025.jpg 1536w, https:\/\/www.harzer-wandernadel.de\/wp-content\/uploads\/2025\/10\/9-september-sonnenaufgang-an-der-wolfswarte-stefanie-asper-2048x1367.jpg 2048w\" sizes=\"(max-width: 1024px) 100vw, 1024px\"><figcaption class=\"wp-element-caption\">HWN 135 Wols\u00adwarte \u2013 Ste\u00adfa\u00adnie&nbsp;Asper<\/figcaption><\/figure>\n\n<h2 class=\"wp-block-heading\">Pour les amoureux de la nature et de la randonn\u00e9e, la r\u00e9gion du Harz est faite pour les vacances.&nbsp;<\/h2>\n\n<p>Peu de r\u00e9gions peuvent se van\u00adter d\u2019a\u00advoir autant de pay\u00adsages et de formes cultu\u00adrelles int\u00e9\u00adres\u00adsantes. Le Harz s\u2019\u00e9\u00adtend sur les trois L\u00e4n\u00adder de Basse-Saxe, Saxe-Anhalt et Thu\u00adringe. Gr\u00e2ce au car\u00adnet de tam\u00adpons de l\u2019ai\u00adguille de ran\u00addon\u00adn\u00e9e du Harz, \u00e0&nbsp;notre jeu de cartes en trois par\u00adties et aux indi\u00adca\u00adtions de notre site web, tu seras gui\u00add\u00e9 en dou\u00adceur vers les endroits les plus beaux et les plus riches en exp\u00e9\u00adriences dans tout le&nbsp;Harz.&nbsp;<\/p>\n\n<p>Les cir\u00adcuits menant aux dif\u00adf\u00e9\u00adrents points de poin\u00adtage dif\u00adf\u00e8rent en termes de lon\u00adgueur, de dif\u00adfi\u00adcul\u00adt\u00e9 et d\u2019al\u00adti\u00adtude, de sorte que les familles avec enfants mais aus\u00adsi les seniors et les ran\u00addon\u00adneurs ambi\u00adtieux pour\u00adront bien\u00adt\u00f4t \u00e9pin\u00adgler une aiguille de ran\u00addon\u00adn\u00e9e du&nbsp;Harz.<\/p>\n\n<figure class=\"wp-block-image alignwide size-large alignnone wp-image-3024 size-full\"><img decoding=\"async\" width=\"1024\" height=\"683\" src=\"https:\/\/www.harzer-wandernadel.de\/wp-content\/uploads\/2025\/08\/bronze-silber-gold-1024x683.jpg\" alt=\"Trois aiguilles de randonn\u00e9e du Harz sur une surface en bois\" class=\"wp-image-14666\" srcset=\"https:\/\/www.harzer-wandernadel.de\/wp-content\/uploads\/2025\/08\/bronze-silber-gold-1024x683.jpg 1024w, https:\/\/www.harzer-wandernadel.de\/wp-content\/uploads\/2025\/08\/bronze-silber-gold-300x200.jpg 300w, https:\/\/www.harzer-wandernadel.de\/wp-content\/uploads\/2025\/08\/bronze-silber-gold-768x512.jpg 768w, https:\/\/www.harzer-wandernadel.de\/wp-content\/uploads\/2025\/08\/bronze-silber-gold-1536x1024.jpg 1536w, https:\/\/www.harzer-wandernadel.de\/wp-content\/uploads\/2025\/08\/bronze-silber-gold-2048x1365.jpg 2048w, https:\/\/www.harzer-wandernadel.de\/wp-content\/uploads\/2025\/08\/bronze-silber-gold-250x167.jpg 250w\" sizes=\"(max-width: 1024px) 100vw, 1024px\"><figcaption class=\"wp-element-caption\">Les pre\u00admi\u00e8res vic\u00adtoires bronze, argent et or \u2013 image&nbsp;: AchtPfotenPhotography<\/figcaption><\/figure>\n\n<p>Une r\u00e9com\u00adpense par\u00adti\u00adcu\u00adli\u00e8\u00adre\u00adment appr\u00e9\u00adci\u00e9e des jeunes et des moins jeunes est la <a href=\"https:\/\/www.harzer-wandernadel.de\/die-wandernadel\/leistungsabzeichen\/#wanderprinz\" data-type=\"page\" data-id=\"3672\">prin\u00adcesse<\/a> et le <a href=\"https:\/\/www.harzer-wandernadel.de\/die-wandernadel\/leistungsabzeichen\/#wanderprinz\">prince de la ran\u00addon\u00adn\u00e9e<\/a>. Il suf\u00adfit de 11 tam\u00adpons sur le pas\u00adse\u00adport de ran\u00addon\u00adn\u00e9e pour obte\u00adnir un badge et un certificat.&nbsp;<\/p>\n\n<p>Les points de poin\u00ad\u00e7on\u00adnage de l\u201d&nbsp;&nbsp;\u00bbaiguille de ran\u00addon\u00adn\u00e9e du Harz&nbsp;\u00bb sont \u00e0&nbsp;ta dis\u00adpo\u00adsi\u00adtion \u00e0&nbsp;un total de 222 endroits remar\u00adquables dans tout le Harz. Ils se trouvent \u00e0&nbsp;proxi\u00admi\u00adt\u00e9 d\u2019au\u00adberges fores\u00adti\u00e8res roman\u00adtiques, de refuges rus\u00adtiques et d\u2019une mul\u00adti\u00adtude de points de vue int\u00e9\u00adres\u00adsants. Les mines, les ruines de ch\u00e2\u00adteaux ou les monu\u00adments natu\u00adrels et bien s\u00fbr le majes\u00adtueux Bro\u00adcken attendent ta visite et te r\u00e9servent un tampon.&nbsp;<\/p>\n\n<p>Avec l\u2019ai\u00adguille de ran\u00addon\u00adn\u00e9e du Harz, tu peux par\u00adcou\u00adrir toute la r\u00e9gion du Harz et d\u00e9cou\u00advrir toute sa diver\u00adsi\u00adt\u00e9. Tu d\u00e9cou\u00advri\u00adras des attrac\u00adtions tou\u00adris\u00adtiques connues comme le Bro\u00adcken, le Ross\u00adtrappe \u00e0&nbsp;Thale ou le Ram\u00admels\u00adberg \u00e0&nbsp;Gos\u00adlar, clas\u00ads\u00e9 au patri\u00admoine mon\u00addial de l\u2019U\u00adNES\u00adCO, ain\u00adsi que des des\u00adti\u00adna\u00adtions peu connues mais tout aus\u00adsi int\u00e9ressantes.&nbsp;<\/p>\n\n<figure class=\"wp-block-image alignwide alignnone wp-image-1569 size-large\"><img alt decoding=\"async\" src=\"https:\/\/www.harzer-wandernadel.de\/wp-content\/uploads\/2016\/02\/Harzk\u00f6hlerei-1024x684.jpg\" class=\"wp-image-1569\"><figcaption class=\"wp-element-caption\">Char\u00adbon\u00adne\u00adrie de r\u00e9sine Stem\u00adber\u00adghaus HWN&nbsp;60<\/figcaption><\/figure>\n","protected":false},"excerpt":{"rendered":"<p>Tu aimes faire de la ran\u00addon\u00adn\u00e9e ou du v\u00e9lo et tu veux pro\u00adfi\u00adter de la nature et des mon\u00adtagnes pen\u00addant tes vacances&nbsp;? Alors d\u00e9couvre le Harz \u2013 la mon\u00adtagne moyenne la plus sep\u00adten\u00adtrio\u00adnale d\u2019Al\u00adle\u00admagne \u2013 et deviens le roi de la ran\u00addon\u00adn\u00e9e dans le Harz ou m\u00eame l\u2019empereur de la ran\u00addon\u00adn\u00e9e.&nbsp; Fais l\u2019ex\u00adp\u00e9\u00adrience de&nbsp;la&nbsp;[\u2026]<\/p>\n","protected":false},"author":1,"featured_media":13747,"parent":0,"menu_order":1000,"comment_status":"closed","ping_status":"closed","template":"","meta":{"_seopress_robots_primary_cat":"","_seopress_titles_title":"Aiguille de randonn\u00e9e du Harz - vivre des vacances de randonn\u00e9e dans le Harz","_seopress_titles_desc":"D\u00e9couvre activement le Harz : avec l'aiguille de randonn\u00e9e du Harz, profite de la nature, collectionne les tampons et atteint des destinations de randonn\u00e9e inoubliables.","_seopress_robots_index":"","wp_typography_post_enhancements_disabled":false,"iawp_total_views":4,"footnotes":""},"hf_cat_page":[],"class_list":["post-17804","page","type-page","status-publish","has-post-thumbnail"],"blocksy_meta":[],"_links":{"self":[{"href":"https:\/\/www.harzer-wandernadel.de\/fr\/wp-json\/wp\/v2\/pages\/17804","targetHints":{"allow":["GET"]}}],"collection":[{"href":"https:\/\/www.harzer-wandernadel.de\/fr\/wp-json\/wp\/v2\/pages"}],"about":[{"href":"https:\/\/www.harzer-wandernadel.de\/fr\/wp-json\/wp\/v2\/types\/page"}],"author":[{"embeddable":true,"href":"https:\/\/www.harzer-wandernadel.de\/fr\/wp-json\/wp\/v2\/users\/1"}],"replies":[{"embeddable":true,"href":"https:\/\/www.harzer-wandernadel.de\/fr\/wp-json\/wp\/v2\/comments?post=17804"}],"version-history":[{"count":3,"href":"https:\/\/www.harzer-wandernadel.de\/fr\/wp-json\/wp\/v2\/pages\/17804\/revisions"}],"predecessor-version":[{"id":17823,"href":"https:\/\/www.harzer-wandernadel.de\/fr\/wp-json\/wp\/v2\/pages\/17804\/revisions\/17823"}],"wp:featuredmedia":[{"embeddable":true,"href":"https:\/\/www.harzer-wandernadel.de\/fr\/wp-json\/wp\/v2\/media\/13747"}],"wp:attachment":[{"href":"https:\/\/www.harzer-wandernadel.de\/fr\/wp-json\/wp\/v2\/media?parent=17804"}],"wp:term":[{"taxonomy":"hf_cat_page","embeddable":true,"href":"https:\/\/www.harzer-wandernadel.de\/fr\/wp-json\/wp\/v2\/hf_cat_page?post=17804"}],"curies":[{"name":"wp","href":"https:\/\/api.w.org\/{rel}","templated":true}]}}