{"id":17790,"date":"2016-01-24T17:24:24","date_gmt":"2016-01-24T16:24:24","guid":{"rendered":"https:\/\/www.harzer-wandernadel.de\/pointage\/"},"modified":"2026-01-29T12:34:36","modified_gmt":"2026-01-29T11:34:36","slug":"pointage","status":"publish","type":"page","link":"https:\/\/www.harzer-wandernadel.de\/fr\/pointage\/","title":{"rendered":"Pointage"},"content":{"rendered":"\n<p>Ici, il y&nbsp;a seule\u00adment une redi\u00adrec\u00adtion vers la carte g\u00e9n\u00e9rale.<\/p>\n","protected":false},"excerpt":{"rendered":"<p>Ici, il y&nbsp;a&nbsp;seule\u00adment une redi\u00adrec\u00adtion vers la carte g\u00e9n\u00e9rale.<\/p>\n","protected":false},"author":1,"featured_media":13747,"parent":0,"menu_order":2000,"comment_status":"closed","ping_status":"open","template":"","meta":{"_seopress_robots_primary_cat":"","_seopress_titles_title":"Carte g\u00e9n\u00e9rale Redirection facile \u00e0 trouver","_seopress_titles_desc":"Rapidement redirig\u00e9 vers la carte g\u00e9n\u00e9rale et trouver toutes les informations importantes de mani\u00e8re claire en un coup d'\u0153il.","_seopress_robots_index":"","wp_typography_post_enhancements_disabled":false,"iawp_total_views":7,"footnotes":""},"hf_cat_page":[],"class_list":["post-17790","page","type-page","status-publish","has-post-thumbnail"],"blocksy_meta":[],"_links":{"self":[{"href":"https:\/\/www.harzer-wandernadel.de\/fr\/wp-json\/wp\/v2\/pages\/17790","targetHints":{"allow":["GET"]}}],"collection":[{"href":"https:\/\/www.harzer-wandernadel.de\/fr\/wp-json\/wp\/v2\/pages"}],"about":[{"href":"https:\/\/www.harzer-wandernadel.de\/fr\/wp-json\/wp\/v2\/types\/page"}],"author":[{"embeddable":true,"href":"https:\/\/www.harzer-wandernadel.de\/fr\/wp-json\/wp\/v2\/users\/1"}],"replies":[{"embeddable":true,"href":"https:\/\/www.harzer-wandernadel.de\/fr\/wp-json\/wp\/v2\/comments?post=17790"}],"version-history":[{"count":1,"href":"https:\/\/www.harzer-wandernadel.de\/fr\/wp-json\/wp\/v2\/pages\/17790\/revisions"}],"predecessor-version":[{"id":17798,"href":"https:\/\/www.harzer-wandernadel.de\/fr\/wp-json\/wp\/v2\/pages\/17790\/revisions\/17798"}],"wp:featuredmedia":[{"embeddable":true,"href":"https:\/\/www.harzer-wandernadel.de\/fr\/wp-json\/wp\/v2\/media\/13747"}],"wp:attachment":[{"href":"https:\/\/www.harzer-wandernadel.de\/fr\/wp-json\/wp\/v2\/media?parent=17790"}],"wp:term":[{"taxonomy":"hf_cat_page","embeddable":true,"href":"https:\/\/www.harzer-wandernadel.de\/fr\/wp-json\/wp\/v2\/hf_cat_page?post=17790"}],"curies":[{"name":"wp","href":"https:\/\/api.w.org\/{rel}","templated":true}]}}