{"id":16861,"date":"2016-02-19T11:11:47","date_gmt":"2016-02-19T10:11:47","guid":{"rendered":"https:\/\/www.harzer-wandernadel.de\/stamping-points\/overview-map\/stamp-point-96-former-stone-mill\/"},"modified":"2026-02-28T14:42:54","modified_gmt":"2026-02-28T13:42:54","slug":"stamp-point-96-former-stone-mill","status":"publish","type":"page","link":"https:\/\/www.harzer-wandernadel.de\/en\/stamping-points\/overview-map\/stamp-point-96-former-stone-mill\/","title":{"rendered":"Stamp point 96 \/ Former stone&nbsp;mill"},"content":{"rendered":"\n<h2 class=\"wp-block-heading\">Das romantische und mystische Steinm\u00fchlental befindet sich zwischen Netzkater, Rothes\u00fctte und S\u00fclzhayn.<\/h2>\n\n<div class=\"wp-block-stackable-image alignwide stk-block-image stk-block stk-89e1006\" data-block-id=\"89e1006\"><style>.stk-89e1006 {margin-top:3% !important;margin-bottom:3% !important;}<\/style><figure><span class=\"stk-img-wrapper stk-image--shape-stretch stk--has-lightbox\"><img decoding=\"async\" width=\"787\" height=\"525\" src=\"https:\/\/www.harzer-wandernadel.de\/wp-content\/uploads\/2016\/02\/Steinm\u00fchle.jpg\" class=\"attachment-full size-full wp-post-image\" alt srcset=\"https:\/\/www.harzer-wandernadel.de\/wp-content\/uploads\/2016\/02\/Steinm\u00fchle.jpg 787w, https:\/\/www.harzer-wandernadel.de\/wp-content\/uploads\/2016\/02\/Steinm\u00fchle-300x200.jpg 300w, https:\/\/www.harzer-wandernadel.de\/wp-content\/uploads\/2016\/02\/Steinm\u00fchle-768x512.jpg 768w, https:\/\/www.harzer-wandernadel.de\/wp-content\/uploads\/2016\/02\/Steinm\u00fchle-624x416.jpg 624w\" sizes=\"(max-width: 787px) 100vw, 787px\"><\/span><\/figure><\/div>\n\n<p>The val\u00adley takes its name from the stone mill that was built here in 1756. Only sparse ruins remain of this sawmill and grain&nbsp;mill.&nbsp;<\/p>\n\n<p>The rocks to the right and left of the val\u00adley have been giv\u00aden orig\u00adi\u00adnal names over the years, such as \u201cOwl\u2019s Head\u201d, \u201cHorse\u201d or \u201cHer\u00adcules\u201d.<\/p>\n\n<p>A good start\u00ading point is the hik\u00ading park\u00ading lot on the Honig\u00adberg between Net\u00adzkater and Rothes\u00fctte. From there, hike along sign\u00adpost\u00aded for\u00adest paths through the Stein\u00adm\u00fch\u00adlen\u00adtal val\u00adley to the stamp\u00ading point near the foun\u00adtain known as \u201cGold\u00adborn\u201d. <\/p>\n\n<div class=\"wp-block-buttons is-layout-flex wp-block-buttons-is-layout-flex\">\n<div class=\"wp-block-button\"><a class=\"wp-block-button__link wp-element-button\" href=\"https:\/\/harzer-bergwald.de\/index.php\/wandertouren\/romantiktouren\/17-entlang-des-wilden-fuhrbachs\" target=\"_blank\" rel=\"noreferrer noopener\">Tour tip Harz moun\u00adtain forest&nbsp;\u201d<\/a><\/div>\n<\/div>\n","protected":false},"excerpt":{"rendered":"<p>Das roman\u00adtis\u00adche und mys\u00adtis\u00adche Stein\u00adm\u00fch\u00adlen\u00adtal befind\u00adet sich zwis\u00adchen Net\u00adzkater, Rothes\u00fctte und S\u00fclzhayn. The val\u00adley takes its name from the stone mill that was built here in 1756. Only sparse ruins remain of this sawmill and grain&nbsp;mill.&nbsp; The rocks to the right and left of the val\u00adley have been giv\u00aden orig\u00adi\u00adnal names over the years, such&nbsp;[\u2026]<\/p>\n","protected":false},"author":11,"featured_media":11814,"parent":16744,"menu_order":10096,"comment_status":"closed","ping_status":"closed","template":"","meta":{"_seopress_robots_primary_cat":"","_seopress_titles_title":"","_seopress_titles_desc":"","_seopress_robots_index":"","wp_typography_post_enhancements_disabled":false,"iawp_total_views":0,"footnotes":""},"hf_cat_page":[120],"class_list":["post-16861","page","type-page","status-publish","has-post-thumbnail"],"blocksy_meta":[],"_links":{"self":[{"href":"https:\/\/www.harzer-wandernadel.de\/en\/wp-json\/wp\/v2\/pages\/16861","targetHints":{"allow":["GET"]}}],"collection":[{"href":"https:\/\/www.harzer-wandernadel.de\/en\/wp-json\/wp\/v2\/pages"}],"about":[{"href":"https:\/\/www.harzer-wandernadel.de\/en\/wp-json\/wp\/v2\/types\/page"}],"author":[{"embeddable":true,"href":"https:\/\/www.harzer-wandernadel.de\/en\/wp-json\/wp\/v2\/users\/11"}],"replies":[{"embeddable":true,"href":"https:\/\/www.harzer-wandernadel.de\/en\/wp-json\/wp\/v2\/comments?post=16861"}],"version-history":[{"count":3,"href":"https:\/\/www.harzer-wandernadel.de\/en\/wp-json\/wp\/v2\/pages\/16861\/revisions"}],"predecessor-version":[{"id":17345,"href":"https:\/\/www.harzer-wandernadel.de\/en\/wp-json\/wp\/v2\/pages\/16861\/revisions\/17345"}],"up":[{"embeddable":true,"href":"https:\/\/www.harzer-wandernadel.de\/en\/wp-json\/wp\/v2\/pages\/16744"}],"wp:featuredmedia":[{"embeddable":true,"href":"https:\/\/www.harzer-wandernadel.de\/en\/wp-json\/wp\/v2\/media\/11814"}],"wp:attachment":[{"href":"https:\/\/www.harzer-wandernadel.de\/en\/wp-json\/wp\/v2\/media?parent=16861"}],"wp:term":[{"taxonomy":"hf_cat_page","embeddable":true,"href":"https:\/\/www.harzer-wandernadel.de\/en\/wp-json\/wp\/v2\/hf_cat_page?post=16861"}],"curies":[{"name":"wp","href":"https:\/\/api.w.org\/{rel}","templated":true}]}}