{"id":16713,"date":"2016-02-17T12:36:50","date_gmt":"2016-02-17T11:36:50","guid":{"rendered":"https:\/\/www.harzer-wandernadel.de\/stamp-point-42-trogfurther-bridge\/"},"modified":"2026-02-28T14:42:21","modified_gmt":"2026-02-28T13:42:21","slug":"stamp-point-42-trogfurther-bridge","status":"publish","type":"page","link":"https:\/\/www.harzer-wandernadel.de\/en\/stamping-points\/overview-map\/stamp-point-42-trogfurther-bridge\/","title":{"rendered":"Stamp point 42 \/ Trogfurther Bridge"},"content":{"rendered":"\n<h2 class=\"wp-block-heading\">The Trogfurther Br\u00fccke stamping station (425&nbsp;m&nbsp;above sea level) is located at the dam wall of the K\u00f6nigsh\u00fctte transfer barrier.<\/h2>\n\n<div class=\"wp-block-stackable-image alignwide stk-block-image stk-block stk-89e1006\" data-block-id=\"89e1006\"><style>.stk-89e1006 {margin-top:3% !important;margin-bottom:3% !important;}<\/style><figure><span class=\"stk-img-wrapper stk-image--shape-stretch stk--has-lightbox\"><img decoding=\"async\" width=\"2048\" height=\"1536\" src=\"https:\/\/www.harzer-wandernadel.de\/wp-content\/uploads\/2016\/02\/HWN-42-Trogfurther-Br\u00fccke.jpg\" class=\"attachment-full size-full wp-post-image\" alt=\"Reservoir with forest and small building on the shore\" srcset=\"https:\/\/www.harzer-wandernadel.de\/wp-content\/uploads\/2016\/02\/HWN-42-Trogfurther-Br\u00fccke.jpg 2048w, https:\/\/www.harzer-wandernadel.de\/wp-content\/uploads\/2016\/02\/HWN-42-Trogfurther-Br\u00fccke-300x225.jpg 300w, https:\/\/www.harzer-wandernadel.de\/wp-content\/uploads\/2016\/02\/HWN-42-Trogfurther-Br\u00fccke-768x576.jpg 768w, https:\/\/www.harzer-wandernadel.de\/wp-content\/uploads\/2016\/02\/HWN-42-Trogfurther-Br\u00fccke-1024x768.jpg 1024w, https:\/\/www.harzer-wandernadel.de\/wp-content\/uploads\/2016\/02\/HWN-42-Trogfurther-Br\u00fccke-250x188.jpg 250w, https:\/\/www.harzer-wandernadel.de\/wp-content\/uploads\/2016\/02\/HWN-42-Trogfurther-Br\u00fccke-624x468.jpg 624w\" sizes=\"(max-width: 2048px) 100vw, 2048px\"><\/span><\/figure><\/div>\n\n<p>For many cen\u00adturies, the Trog\u00adfur\u00adther Bridge over the Riv\u00ader Bode was an impor\u00adtant part of the trade route from Italy via the Harz Moun\u00adtains to Scan\u00addi\u00adnavia. A&nbsp;ford was first men\u00adtioned here in 919 as the \u201cTrog\u00adweg\u201d. <\/p>\n\n<p>The Trog\u00adfur\u00adther Bridge was built around 1740 from quar\u00adry stones, which prob\u00ada\u00adbly came from a&nbsp;Susen\u00adburg fortress tow\u00ader. A&nbsp;few days before the end of the Sec\u00adond World War, this bridge was blown up by the SS on 14.04.1945. <\/p>\n\n<p>The suc\u00adces\u00adsor struc\u00adture, a&nbsp;bridge made of rein\u00adforced con\u00adcrete and wood, became super\u00adflu\u00adous after the con\u00adstruc\u00adtion of the spill\u00adway dam was com\u00adplet\u00aded on 24.08.1956. The dam, which is also used today to cross the Bode, is locat\u00aded a&nbsp;few meters east of the for\u00admer Trog\u00adfur\u00adther Bridge.&nbsp;<\/p>\n\n<p>From the hik\u00ading park\u00ading lot below the <a href=\"https:\/\/www.harzer-wandernadel.de\/en\/stamping-points\/overview-map\/stamp-point-41-koenigsburg-ruins\/\" data-type=\"page\" data-id=\"715\">K\u00f6nigs\u00adburg ruins HWN 41<\/a>, fol\u00adlow the north\u00adern route towards R\u00fcbe\u00adland and pass the con\u00adflu\u00adence of the Warm Bode and the Cold Bode to the Trog\u00adfur\u00adther Bridge.<\/p>\n\n<div class=\"wp-block-buttons is-layout-flex wp-block-buttons-is-layout-flex\">\n<div class=\"wp-block-button\"><a class=\"wp-block-button__link wp-element-button\" href=\"https:\/\/harzer-bergwald.de\/index.php\/wandertouren\/romantiktouren\/22-rund-um-koenigshuette\" target=\"_blank\" rel=\"noreferrer noopener\">Tour tip Harz moun\u00adtain forest&nbsp;\u201d<\/a><\/div>\n<\/div>\n","protected":false},"excerpt":{"rendered":"<p>The Trog\u00adfur\u00adther Br\u00fccke stamp\u00ading sta\u00adtion (425&nbsp;m&nbsp;above sea lev\u00adel) is locat\u00aded at the dam wall of the K\u00f6nigsh\u00fctte trans\u00adfer bar\u00adri\u00ader. For many cen\u00adturies, the Trog\u00adfur\u00adther Bridge over the Riv\u00ader Bode was an impor\u00adtant part of the trade route from Italy via the Harz Moun\u00adtains to Scan\u00addi\u00adnavia. A&nbsp;ford was first men\u00adtioned here in 919 as the \u201cTrog\u00adweg\u201d. [\u2026]<\/p>\n","protected":false},"author":11,"featured_media":12498,"parent":16744,"menu_order":10042,"comment_status":"closed","ping_status":"closed","template":"","meta":{"_seopress_robots_primary_cat":"","_seopress_titles_title":"","_seopress_titles_desc":"","_seopress_robots_index":"","wp_typography_post_enhancements_disabled":false,"iawp_total_views":0,"footnotes":""},"hf_cat_page":[120],"class_list":["post-16713","page","type-page","status-publish","has-post-thumbnail"],"blocksy_meta":[],"_links":{"self":[{"href":"https:\/\/www.harzer-wandernadel.de\/en\/wp-json\/wp\/v2\/pages\/16713","targetHints":{"allow":["GET"]}}],"collection":[{"href":"https:\/\/www.harzer-wandernadel.de\/en\/wp-json\/wp\/v2\/pages"}],"about":[{"href":"https:\/\/www.harzer-wandernadel.de\/en\/wp-json\/wp\/v2\/types\/page"}],"author":[{"embeddable":true,"href":"https:\/\/www.harzer-wandernadel.de\/en\/wp-json\/wp\/v2\/users\/11"}],"replies":[{"embeddable":true,"href":"https:\/\/www.harzer-wandernadel.de\/en\/wp-json\/wp\/v2\/comments?post=16713"}],"version-history":[{"count":3,"href":"https:\/\/www.harzer-wandernadel.de\/en\/wp-json\/wp\/v2\/pages\/16713\/revisions"}],"predecessor-version":[{"id":24749,"href":"https:\/\/www.harzer-wandernadel.de\/en\/wp-json\/wp\/v2\/pages\/16713\/revisions\/24749"}],"up":[{"embeddable":true,"href":"https:\/\/www.harzer-wandernadel.de\/en\/wp-json\/wp\/v2\/pages\/16744"}],"wp:featuredmedia":[{"embeddable":true,"href":"https:\/\/www.harzer-wandernadel.de\/en\/wp-json\/wp\/v2\/media\/12498"}],"wp:attachment":[{"href":"https:\/\/www.harzer-wandernadel.de\/en\/wp-json\/wp\/v2\/media?parent=16713"}],"wp:term":[{"taxonomy":"hf_cat_page","embeddable":true,"href":"https:\/\/www.harzer-wandernadel.de\/en\/wp-json\/wp\/v2\/hf_cat_page?post=16713"}],"curies":[{"name":"wp","href":"https:\/\/api.w.org\/{rel}","templated":true}]}}