{"id":16707,"date":"2016-02-17T12:34:43","date_gmt":"2016-02-17T11:34:43","guid":{"rendered":"https:\/\/www.harzer-wandernadel.de\/stamp-point-41-koenigsburg-ruins\/"},"modified":"2026-02-28T14:42:21","modified_gmt":"2026-02-28T13:42:21","slug":"stamp-point-41-koenigsburg-ruins","status":"publish","type":"page","link":"https:\/\/www.harzer-wandernadel.de\/en\/stamping-points\/overview-map\/stamp-point-41-koenigsburg-ruins\/","title":{"rendered":"Stamp point 41 \/ K\u00f6nigsburg ruins"},"content":{"rendered":"\n<h2 class=\"wp-block-heading\">K\u00f6nigsburg Castle (486&nbsp;m&nbsp;above sea level) is located on the outskirts of K\u00f6nigsh\u00fctte in the direction of Tanne, slightly elevated on a&nbsp;hill.<\/h2>\n\n<div class=\"wp-block-stackable-image alignwide stk-block-image stk-block stk-89e1006\" data-block-id=\"89e1006\"><style>.stk-89e1006 {margin-top:3% !important;margin-bottom:3% !important;}<\/style><figure><span class=\"stk-img-wrapper stk-image--shape-stretch stk--has-lightbox\"><img decoding=\"async\" width=\"2048\" height=\"1536\" src=\"https:\/\/www.harzer-wandernadel.de\/wp-content\/uploads\/2016\/02\/HWN-41-Ruine-K\u00f6nigsburg.jpg\" class=\"attachment-full size-full wp-post-image\" alt=\"Castle ruins in the forest with green nature\" srcset=\"https:\/\/www.harzer-wandernadel.de\/wp-content\/uploads\/2016\/02\/HWN-41-Ruine-K\u00f6nigsburg.jpg 2048w, https:\/\/www.harzer-wandernadel.de\/wp-content\/uploads\/2016\/02\/HWN-41-Ruine-K\u00f6nigsburg-300x225.jpg 300w, https:\/\/www.harzer-wandernadel.de\/wp-content\/uploads\/2016\/02\/HWN-41-Ruine-K\u00f6nigsburg-768x576.jpg 768w, https:\/\/www.harzer-wandernadel.de\/wp-content\/uploads\/2016\/02\/HWN-41-Ruine-K\u00f6nigsburg-1024x768.jpg 1024w, https:\/\/www.harzer-wandernadel.de\/wp-content\/uploads\/2016\/02\/HWN-41-Ruine-K\u00f6nigsburg-250x188.jpg 250w, https:\/\/www.harzer-wandernadel.de\/wp-content\/uploads\/2016\/02\/HWN-41-Ruine-K\u00f6nigsburg-624x468.jpg 624w\" sizes=\"(max-width: 2048px) 100vw, 2048px\"><\/span><\/figure><\/div>\n\n<p>It is a&nbsp;noble cas\u00adtle from the 13. \/ 14th cen\u00adtu\u00adry. Not only have parts of the keep been pre\u00adserved here, but the moats and ram\u00adparts of the cas\u00adtle are also clear\u00adly vis\u00adi\u00adble. The cas\u00adtle appears to have served to pro\u00adtect the bor\u00adder of the dio\u00adcese of Hal\u00adber\u00adstadt, which ran along the Riv\u00ader&nbsp;Bode.&nbsp;<\/p>\n\n<p>From the hik\u00ading park\u00ading lot below the ruins, cross the Warme Bode and fol\u00adlow the sign\u00adpost\u00aded paths to K\u00f6nigs\u00adburg Cas\u00adtle. You can con\u00adtin\u00adue the hike via the north\u00adern route of the Harz\u00ader Hex\u00aden\u00adstieg to <a href=\"https:\/\/www.harzer-wandernadel.de\/en\/stamping-points\/overview-map\/stamp-point-42-trogfurther-bridge\/\" data-type=\"page\" data-id=\"717\">Trog\u00adfur\u00adther Br\u00fccke HWN 42<\/a>. <\/p>\n\n<p>You can also con\u00adtin\u00adue along the south\u00adern route of the Harz\u00ader Hex\u00aden\u00adstieg to Rapp\u00adbode\u00adblick <a href=\"https:\/\/www.harzer-wandernadel.de\/en\/stamping-points\/overview-map\/stamping-point-56-rappbodeblick-trautenstein\/\" data-type=\"page\" data-id=\"792\">Traut\u00aden\u00adstein HWN 56<\/a> and <a href=\"https:\/\/www.harzer-wandernadel.de\/en\/stamping-points\/overview-map\/stamping-point-52-trageburg-am-hexenstieg\/\" data-type=\"page\" data-id=\"742\">Trage\u00adburg HWN 52<\/a>.<\/p>\n\n<div class=\"wp-block-buttons is-layout-flex wp-block-buttons-is-layout-flex\">\n<div class=\"wp-block-button\"><a class=\"wp-block-button__link wp-element-button\" href=\"https:\/\/harzer-bergwald.de\/index.php\/wandertouren\/romantiktouren\/22-rund-um-koenigshuette\" target=\"_blank\" rel=\"noreferrer noopener\">Tour tip Harz moun\u00adtain forest&nbsp;\u201d<\/a><\/div>\n<\/div>\n","protected":false},"excerpt":{"rendered":"<p>K\u00f6nigs\u00adburg Cas\u00adtle (486&nbsp;m&nbsp;above sea lev\u00adel) is locat\u00aded on the out\u00adskirts of K\u00f6nigsh\u00fctte in the direc\u00adtion of Tanne, slight\u00adly ele\u00advat\u00aded on a&nbsp;hill. It is a&nbsp;noble cas\u00adtle from the 13. \/ 14th cen\u00adtu\u00adry. Not only have parts of the keep been pre\u00adserved here, but the moats and ram\u00adparts of the cas\u00adtle are also clear\u00adly vis\u00adi\u00adble. The castle&nbsp;[\u2026]<\/p>\n","protected":false},"author":11,"featured_media":12495,"parent":16744,"menu_order":10041,"comment_status":"closed","ping_status":"closed","template":"","meta":{"_seopress_robots_primary_cat":"","_seopress_titles_title":"","_seopress_titles_desc":"","_seopress_robots_index":"","wp_typography_post_enhancements_disabled":false,"iawp_total_views":0,"footnotes":""},"hf_cat_page":[120],"class_list":["post-16707","page","type-page","status-publish","has-post-thumbnail"],"blocksy_meta":[],"_links":{"self":[{"href":"https:\/\/www.harzer-wandernadel.de\/en\/wp-json\/wp\/v2\/pages\/16707","targetHints":{"allow":["GET"]}}],"collection":[{"href":"https:\/\/www.harzer-wandernadel.de\/en\/wp-json\/wp\/v2\/pages"}],"about":[{"href":"https:\/\/www.harzer-wandernadel.de\/en\/wp-json\/wp\/v2\/types\/page"}],"author":[{"embeddable":true,"href":"https:\/\/www.harzer-wandernadel.de\/en\/wp-json\/wp\/v2\/users\/11"}],"replies":[{"embeddable":true,"href":"https:\/\/www.harzer-wandernadel.de\/en\/wp-json\/wp\/v2\/comments?post=16707"}],"version-history":[{"count":3,"href":"https:\/\/www.harzer-wandernadel.de\/en\/wp-json\/wp\/v2\/pages\/16707\/revisions"}],"predecessor-version":[{"id":24745,"href":"https:\/\/www.harzer-wandernadel.de\/en\/wp-json\/wp\/v2\/pages\/16707\/revisions\/24745"}],"up":[{"embeddable":true,"href":"https:\/\/www.harzer-wandernadel.de\/en\/wp-json\/wp\/v2\/pages\/16744"}],"wp:featuredmedia":[{"embeddable":true,"href":"https:\/\/www.harzer-wandernadel.de\/en\/wp-json\/wp\/v2\/media\/12495"}],"wp:attachment":[{"href":"https:\/\/www.harzer-wandernadel.de\/en\/wp-json\/wp\/v2\/media?parent=16707"}],"wp:term":[{"taxonomy":"hf_cat_page","embeddable":true,"href":"https:\/\/www.harzer-wandernadel.de\/en\/wp-json\/wp\/v2\/hf_cat_page?post=16707"}],"curies":[{"name":"wp","href":"https:\/\/api.w.org\/{rel}","templated":true}]}}