{"id":16703,"date":"2016-02-16T14:35:47","date_gmt":"2016-02-16T13:35:47","guid":{"rendered":"https:\/\/www.harzer-wandernadel.de\/stamp-point-40-koenigshuetter-waterfall\/"},"modified":"2026-02-28T14:42:20","modified_gmt":"2026-02-28T13:42:20","slug":"stamp-point-40-koenigshuetter-waterfall","status":"publish","type":"page","link":"https:\/\/www.harzer-wandernadel.de\/en\/stamping-points\/overview-map\/stamp-point-40-koenigshuetter-waterfall\/","title":{"rendered":"Stamp point 40 \/ K\u00f6nigsh\u00fctter waterfall"},"content":{"rendered":"\n<h2 class=\"wp-block-heading\">The K\u00f6nigsh\u00fctte waterfall (496&nbsp;m&nbsp;above sea level) is located near the B27 federal highway in the district of Rotheh\u00fctte, not far from the R\u00fcbelandbahn railroad bridge.<\/h2>\n\n<div class=\"wp-block-stackable-image alignwide stk-block-image stk-block stk-89e1006\" data-block-id=\"89e1006\"><style>.stk-89e1006 {margin-top:3% !important;margin-bottom:3% !important;}<\/style><figure><span class=\"stk-img-wrapper stk-image--shape-stretch stk--has-lightbox\"><img decoding=\"async\" width=\"900\" height=\"600\" src=\"https:\/\/www.harzer-wandernadel.de\/wp-content\/uploads\/2016\/02\/K\u00f6nigsh\u00fctter-Wasserfall-1.jpg\" class=\"attachment-full size-full wp-post-image\" alt srcset=\"https:\/\/www.harzer-wandernadel.de\/wp-content\/uploads\/2016\/02\/K\u00f6nigsh\u00fctter-Wasserfall-1.jpg 900w, https:\/\/www.harzer-wandernadel.de\/wp-content\/uploads\/2016\/02\/K\u00f6nigsh\u00fctter-Wasserfall-1-300x200.jpg 300w, https:\/\/www.harzer-wandernadel.de\/wp-content\/uploads\/2016\/02\/K\u00f6nigsh\u00fctter-Wasserfall-1-768x512.jpg 768w, https:\/\/www.harzer-wandernadel.de\/wp-content\/uploads\/2016\/02\/K\u00f6nigsh\u00fctter-Wasserfall-1-624x416.jpg 624w\" sizes=\"(max-width: 900px) 100vw, 900px\"><\/span><\/figure><\/div>\n\n<p>The arti\u00adfi\u00adcial water\u00adfall in an old quar\u00adry plunges some 20&nbsp;meters over a&nbsp;rock and can already be seen from the road. Fol\u00adlow the nar\u00adrow path to the left of the water\u00adfall and you will reach a&nbsp;rest area with a&nbsp;stamp.&nbsp;<\/p>\n\n<p>We rec\u00adom\u00admend con\u00adtin\u00adu\u00ading the hike to the <a href=\"https:\/\/www.harzer-wandernadel.de\/en\/stamping-points\/overview-map\/stamp-point-41-koenigsburg-ruins\/\" data-type=\"page\" data-id=\"715\">K\u00f6nigs\u00adburg ruins HWN 41<\/a> and the <a href=\"https:\/\/www.harzer-wandernadel.de\/en\/stamping-points\/overview-map\/stamp-point-42-trogfurther-bridge\/\" data-type=\"page\" data-id=\"717\">Trog\u00adfur\u00adther bridge HWN 42<\/a>.<b> <\/b><\/p>\n\n<div class=\"wp-block-buttons is-layout-flex wp-block-buttons-is-layout-flex\">\n<div class=\"wp-block-button\"><a class=\"wp-block-button__link wp-element-button\" href=\"https:\/\/harzer-bergwald.de\/index.php\/wandertouren\/romantiktouren\/22-rund-um-koenigshuette\" target=\"_blank\" rel=\"noreferrer noopener\">Tour tip Harz moun\u00adtain forest&nbsp;\u201d<\/a><\/div>\n<\/div>\n","protected":false},"excerpt":{"rendered":"<p>The K\u00f6nigsh\u00fctte water\u00adfall (496&nbsp;m&nbsp;above sea lev\u00adel) is locat\u00aded near the B27 fed\u00ader\u00adal high\u00adway in the dis\u00adtrict of Rothe\u00adh\u00fctte, not far from the R\u00fcbe\u00adland\u00adbahn rail\u00adroad bridge. The arti\u00adfi\u00adcial water\u00adfall in an old quar\u00adry plunges some 20&nbsp;meters over a&nbsp;rock and can already be seen from the road. Fol\u00adlow the nar\u00adrow path to the left of the waterfall&nbsp;[\u2026]<\/p>\n","protected":false},"author":11,"featured_media":11628,"parent":16744,"menu_order":10040,"comment_status":"closed","ping_status":"closed","template":"","meta":{"_seopress_robots_primary_cat":"","_seopress_titles_title":"","_seopress_titles_desc":"","_seopress_robots_index":"","wp_typography_post_enhancements_disabled":false,"iawp_total_views":1,"footnotes":""},"hf_cat_page":[120],"class_list":["post-16703","page","type-page","status-publish","has-post-thumbnail"],"blocksy_meta":[],"_links":{"self":[{"href":"https:\/\/www.harzer-wandernadel.de\/en\/wp-json\/wp\/v2\/pages\/16703","targetHints":{"allow":["GET"]}}],"collection":[{"href":"https:\/\/www.harzer-wandernadel.de\/en\/wp-json\/wp\/v2\/pages"}],"about":[{"href":"https:\/\/www.harzer-wandernadel.de\/en\/wp-json\/wp\/v2\/types\/page"}],"author":[{"embeddable":true,"href":"https:\/\/www.harzer-wandernadel.de\/en\/wp-json\/wp\/v2\/users\/11"}],"replies":[{"embeddable":true,"href":"https:\/\/www.harzer-wandernadel.de\/en\/wp-json\/wp\/v2\/comments?post=16703"}],"version-history":[{"count":3,"href":"https:\/\/www.harzer-wandernadel.de\/en\/wp-json\/wp\/v2\/pages\/16703\/revisions"}],"predecessor-version":[{"id":24741,"href":"https:\/\/www.harzer-wandernadel.de\/en\/wp-json\/wp\/v2\/pages\/16703\/revisions\/24741"}],"up":[{"embeddable":true,"href":"https:\/\/www.harzer-wandernadel.de\/en\/wp-json\/wp\/v2\/pages\/16744"}],"wp:featuredmedia":[{"embeddable":true,"href":"https:\/\/www.harzer-wandernadel.de\/en\/wp-json\/wp\/v2\/media\/11628"}],"wp:attachment":[{"href":"https:\/\/www.harzer-wandernadel.de\/en\/wp-json\/wp\/v2\/media?parent=16703"}],"wp:term":[{"taxonomy":"hf_cat_page","embeddable":true,"href":"https:\/\/www.harzer-wandernadel.de\/en\/wp-json\/wp\/v2\/hf_cat_page?post=16703"}],"curies":[{"name":"wp","href":"https:\/\/api.w.org\/{rel}","templated":true}]}}