{"id":16560,"date":"2016-02-19T14:40:46","date_gmt":"2016-02-19T13:40:46","guid":{"rendered":"https:\/\/www.harzer-wandernadel.de\/stamping-point-158-hassenstein\/"},"modified":"2025-11-17T14:00:17","modified_gmt":"2025-11-17T13:00:17","slug":"stamping-point-158-hassenstein","status":"publish","type":"page","link":"https:\/\/www.harzer-wandernadel.de\/en\/stamping-points\/overview-map\/stamping-point-158-hassenstein\/","title":{"rendered":"Stamping point 158 \/ Hassenstein"},"content":{"rendered":"\n<h2 class=\"wp-block-heading\">The Hassenstein (560&nbsp;m&nbsp;above sea level) is located above the Oder dam in Bad Lauterberg and is a&nbsp;vantage point with a&nbsp;refuge.<\/h2>\n\n<div class=\"wp-block-stackable-image alignwide stk-block-image stk-block stk-89e1006\" data-block-id=\"89e1006\"><style>.stk-89e1006 {margin-top:3% !important;margin-bottom:3% !important;}<\/style><figure><span class=\"stk-img-wrapper stk-image--shape-stretch stk--has-lightbox\"><img decoding=\"async\" width=\"2048\" height=\"1365\" src=\"https:\/\/www.harzer-wandernadel.de\/wp-content\/uploads\/2016\/02\/Hassenstein2.jpg\" class=\"attachment-full size-full wp-post-image\" alt srcset=\"https:\/\/www.harzer-wandernadel.de\/wp-content\/uploads\/2016\/02\/Hassenstein2.jpg 2048w, https:\/\/www.harzer-wandernadel.de\/wp-content\/uploads\/2016\/02\/Hassenstein2-300x200.jpg 300w, https:\/\/www.harzer-wandernadel.de\/wp-content\/uploads\/2016\/02\/Hassenstein2-768x512.jpg 768w, https:\/\/www.harzer-wandernadel.de\/wp-content\/uploads\/2016\/02\/Hassenstein2-1024x683.jpg 1024w, https:\/\/www.harzer-wandernadel.de\/wp-content\/uploads\/2016\/02\/Hassenstein2-250x167.jpg 250w, https:\/\/www.harzer-wandernadel.de\/wp-content\/uploads\/2016\/02\/Hassenstein2-624x416.jpg 624w\" sizes=\"(max-width: 2048px) 100vw, 2048px\"><\/span><\/figure><\/div>\n\n<p>Der beste Aus\u00adgangspunkt ist der Park\u00adplatz \u201cMeil\u00ader\u00adplatz\u201d am Ortrand von Bad Lauter\u00adberg unter\u00adhalb des Panoram\u00adic Hotels. Von dort gelangt man \u00fcber die Stra\u00dfe Diet\u00adrich\u00adstal zum Wal\u00addrand von wo aus die beschilderten Wan\u00adder\u00adwege stetig ansteigend zur Has\u00adsen\u00adstein\u00adh\u00fctte f\u00fchren. Von dort aus kann man \u00fcber beschilderte Wege weit\u00ader zum <a href=\"https:\/\/www.harzer-wandernadel.de\/stempelstellen\/uebersichtskarte\/stempelstelle-159-stoeberhai\/\" data-type=\"page\" data-id=\"1197\">St\u00f6ber\u00adhai HWN 159<\/a> wandern.<\/p>\n","protected":false},"excerpt":{"rendered":"<p>The Has\u00adsen\u00adstein (560&nbsp;m&nbsp;above sea lev\u00adel) is locat\u00aded above the Oder dam in Bad Lauter\u00adberg and is a&nbsp;van\u00adtage point with a&nbsp;refuge. Der beste Aus\u00adgangspunkt ist der Park\u00adplatz \u201cMeil\u00ader\u00adplatz\u201d am Ortrand von Bad Lauter\u00adberg unter\u00adhalb des Panoram\u00adic Hotels. Von dort gelangt man \u00fcber die Stra\u00dfe Diet\u00adrich\u00adstal zum Wal\u00addrand von wo aus die beschilderten Wan\u00adder\u00adwege stetig ansteigend zur&nbsp;[\u2026]<\/p>\n","protected":false},"author":11,"featured_media":12018,"parent":16744,"menu_order":10158,"comment_status":"closed","ping_status":"closed","template":"","meta":{"_seopress_robots_primary_cat":"","_seopress_titles_title":"","_seopress_titles_desc":"","_seopress_robots_index":"","wp_typography_post_enhancements_disabled":false,"iawp_total_views":0,"footnotes":""},"hf_cat_page":[120],"class_list":["post-16560","page","type-page","status-publish","has-post-thumbnail"],"blocksy_meta":[],"_links":{"self":[{"href":"https:\/\/www.harzer-wandernadel.de\/en\/wp-json\/wp\/v2\/pages\/16560","targetHints":{"allow":["GET"]}}],"collection":[{"href":"https:\/\/www.harzer-wandernadel.de\/en\/wp-json\/wp\/v2\/pages"}],"about":[{"href":"https:\/\/www.harzer-wandernadel.de\/en\/wp-json\/wp\/v2\/types\/page"}],"author":[{"embeddable":true,"href":"https:\/\/www.harzer-wandernadel.de\/en\/wp-json\/wp\/v2\/users\/11"}],"replies":[{"embeddable":true,"href":"https:\/\/www.harzer-wandernadel.de\/en\/wp-json\/wp\/v2\/comments?post=16560"}],"version-history":[{"count":3,"href":"https:\/\/www.harzer-wandernadel.de\/en\/wp-json\/wp\/v2\/pages\/16560\/revisions"}],"predecessor-version":[{"id":17560,"href":"https:\/\/www.harzer-wandernadel.de\/en\/wp-json\/wp\/v2\/pages\/16560\/revisions\/17560"}],"up":[{"embeddable":true,"href":"https:\/\/www.harzer-wandernadel.de\/en\/wp-json\/wp\/v2\/pages\/16744"}],"wp:featuredmedia":[{"embeddable":true,"href":"https:\/\/www.harzer-wandernadel.de\/en\/wp-json\/wp\/v2\/media\/12018"}],"wp:attachment":[{"href":"https:\/\/www.harzer-wandernadel.de\/en\/wp-json\/wp\/v2\/media?parent=16560"}],"wp:term":[{"taxonomy":"hf_cat_page","embeddable":true,"href":"https:\/\/www.harzer-wandernadel.de\/en\/wp-json\/wp\/v2\/hf_cat_page?post=16560"}],"curies":[{"name":"wp","href":"https:\/\/api.w.org\/{rel}","templated":true}]}}