{"id":16453,"date":"2022-05-18T13:45:51","date_gmt":"2022-05-18T11:45:51","guid":{"rendered":"https:\/\/www.harzer-wandernadel.de\/karst-hiking-trail-southern-harz\/"},"modified":"2025-10-21T11:46:47","modified_gmt":"2025-10-21T09:46:47","slug":"karst-hiking-trail-southern-harz","status":"publish","type":"page","link":"https:\/\/www.harzer-wandernadel.de\/en\/stamping-points\/karst-hiking-trail-southern-harz\/","title":{"rendered":"Karst hiking trail southern Harz"},"content":{"rendered":"\n<h3 class=\"wp-block-heading\">In co\u00f6peration with the \u201cDrei L\u00e4nder \u2014 Ein Weg\u201d karst hiking trail working group, you now have the opportunity to get to know the beauty of the karst region on your hikes to the stamp points on the karst hiking trail.<\/h3>\n\n<p>From Bad Grund in the west to P\u00f6ls\u00adfeld in the east of the south\u00adern Harz, you can expe\u00adri\u00adence caves, sink\u00adholes, karst springs, wind\u00ading streams, rocks, rare ani\u00admals and plants, mag\u00adnif\u00adi\u00adcent views and culi\u00adnary and cul\u00adtur\u00adal highlights.<\/p>\n\n<p>We hope you enjoy hik\u00ading in this unique nat\u00adur\u00adal area, whose mas\u00adcot is the bad\u00adger. Once you have vis\u00adit\u00aded all 24 stamp points, you will receive a&nbsp;bad\u00adger hik\u00ading&nbsp;pin.&nbsp;<\/p>\n\n<div class=\"wp-block-stackable-columns stk-block-columns stk-block stk-7c8cde7\" data-block-id=\"7c8cde7\"><style>.stk-7c8cde7 {margin-bottom:0px !important;}<\/style><div class=\"stk-row stk-inner-blocks stk-block-content stk-content-align stk-7c8cde7-column\">\n<div class=\"wp-block-stackable-column stk-block-column stk-column stk-block stk-cea6b52\" data-v=\"4\" data-block-id=\"cea6b52\"><style>.stk-cea6b52 {overflow:auto !important;}<\/style><div class=\"stk-column-wrapper stk-block-column__content stk-container stk-cea6b52-container stk--no-background stk--no-padding\"><div class=\"stk-block-content stk-inner-blocks stk-cea6b52-inner-blocks\">\n<figure style=\"margin-top:6vh\" class=\"wp-block-table\"><table><thead><tr><th scope=\"col\">Stamp\u00ading office<\/th><th scope=\"col\">  Coor\u00addi\u00adnates N<\/th><th scope=\"col\">  Coor\u00addi\u00adnates&nbsp;E<\/th><\/tr><\/thead><tbody><tr><td>Iberg\u00ader Albert Tow\u00ader, Bad Grund (HWN&nbsp;130)<\/td><td class=\"has-text-align-left\" data-align=\"left\">51\u00b049.192\u2032<\/td><td class=\"has-text-align-left\" data-align=\"left\">10\u00b014.712\u2032<\/td><\/tr><tr><td>Welt\u00adWald, Bad Grund (HWN&nbsp;129)<\/td><td class=\"has-text-align-left\" data-align=\"left\">51\u00b049.156\u2032<\/td><td class=\"has-text-align-left\" data-align=\"left\">10\u00b013.502\u2032<\/td><\/tr><tr><td>Baden\u00adh\u00e4user K\u00f6nigsstein, Oberh\u00fctte<\/td><td class=\"has-text-align-left\" data-align=\"left\">51\u00b045.468\u2032<\/td><td class=\"has-text-align-left\" data-align=\"left\">10\u00b011.868\u2032<\/td><\/tr><tr><td>Licht\u00aden\u00adstein cas\u00adtle ruins, Dorste<\/td><td class=\"has-text-align-left\" data-align=\"left\">51\u00b043.270\u2032<\/td><td class=\"has-text-align-left\" data-align=\"left\">10\u00b010.545\u2032<\/td><\/tr><tr><td>Osteroder Feld\u00adher\u00adren\u00adh\u00fcgel, Osterode<\/td><td class=\"has-text-align-left\" data-align=\"left\">51\u00b042.025\u2032<\/td><td class=\"has-text-align-left\" data-align=\"left\">10\u00b013.913\u2032<\/td><\/tr><tr><td>D\u00fcnaer R\u00f6tzelka\u00admm,&nbsp;D\u00fcna<\/td><td class=\"has-text-align-left\" data-align=\"left\">51\u00b041.819\u2032<\/td><td class=\"has-text-align-left\" data-align=\"left\">10\u00b015.820\u2032<\/td><\/tr><tr><td>Uni\u00adcorn cave, Scharzfeld (HWN&nbsp;101)<\/td><td class=\"has-text-align-left\" data-align=\"left\">51\u00b038.101\u2032<\/td><td class=\"has-text-align-left\" data-align=\"left\">10\u00b024.264\u2032<\/td><\/tr><tr><td>Scharzfeld cas\u00adtle ruins (HWN&nbsp;151)<\/td><td class=\"has-text-align-left\" data-align=\"left\">51\u00b037.731\u2032<\/td><td class=\"has-text-align-left\" data-align=\"left\">10\u00b024.536\u2032<\/td><\/tr><tr><td>West\u00ader\u00adsteine, Bartolfelde<\/td><td class=\"has-text-align-left\" data-align=\"left\">51\u00b036.024\u2032<\/td><td class=\"has-text-align-left\" data-align=\"left\">10\u00b026.640\u2032<\/td><\/tr><tr><td>His\u00adtoric plas\u00adter kiln, Neuhof (HWN&nbsp;192)<\/td><td class=\"has-text-align-left\" data-align=\"left\">51\u00b034.613\u2032<\/td><td class=\"has-text-align-left\" data-align=\"left\">10\u00b034.514\u2032<\/td><\/tr><tr><td>Sach\u00adsen\u00adstein\u00adh\u00fctte, Neuhof (HWN&nbsp;166)<\/td><td class=\"has-text-align-left\" data-align=\"left\">51\u00b034.844\u2032<\/td><td class=\"has-text-align-left\" data-align=\"left\">10\u00b035.031\u2032<\/td><\/tr><tr><td>Hex\u00aden\u00adtanz\u00adplatz, Ell\u00adrich (HWN&nbsp;167)<\/td><td class=\"has-text-align-left\" data-align=\"left\">51\u00b034,863\u2032<\/td><td class=\"has-text-align-left\" data-align=\"left\">10\u00b038.754\u2032<\/td><\/tr><tr><td>Guard\u00adhouse on the M\u00fchlberg, Niedersachswerfen<\/td><td class=\"has-text-align-left\" data-align=\"left\">51\u00b033.316\u2032<\/td><td class=\"has-text-align-left\" data-align=\"left\">10\u00b045.653\u2032<\/td><\/tr><tr><td>Trow\u00adel, Appenrode<\/td><td class=\"has-text-align-left\" data-align=\"left\">51\u00b034.028\u2032<\/td><td class=\"has-text-align-left\" data-align=\"left\">10\u00b043.082\u2032<\/td><\/tr><tr><td>Salza\u00adspring, Nordhausen<\/td><td class=\"has-text-align-left\" data-align=\"left\">51\u00b031.828\u2032<\/td><td class=\"has-text-align-left\" data-align=\"left\">10\u00b045.700\u2032<\/td><\/tr><tr><td>Harz wood\u00aden steam loco\u00admo\u00adtive, Neustadt (HWN&nbsp;99)<\/td><td class=\"has-text-align-left\" data-align=\"left\">51\u00b033.396\u2032<\/td><td class=\"has-text-align-left\" data-align=\"left\">  10\u00b049.528\u2032<\/td><\/tr><tr><td>Glock\u00aden\u00adsteine, Steigerthal (HWN&nbsp;198)<\/td><td class=\"has-text-align-left\" data-align=\"left\">51\u00b031.061\u2032<\/td><td class=\"has-text-align-left\" data-align=\"left\">10\u00b051.483\u2032<\/td><\/tr><tr><td>Rees\u00adbergdo\u00adline at the Heimkehle (HWN&nbsp;214)<\/td><td class=\"has-text-align-left\" data-align=\"left\">51\u00b029.867\u2032<\/td><td class=\"has-text-align-left\" data-align=\"left\">10\u00b056.866\u2032<\/td><\/tr><tr><td>Bauern\u00adgraben, Agnes\u00addorf (HWN&nbsp;213)<\/td><td class=\"has-text-align-left\" data-align=\"left\">51\u00b029.338\u2032<\/td><td class=\"has-text-align-left\" data-align=\"left\">11\u00b004.676\u2032<\/td><\/tr><tr><td>Queste, Questen\u00adberg (HWN&nbsp;212)<\/td><td class=\"has-text-align-left\" data-align=\"left\">51\u00b029.596<\/td><td class=\"has-text-align-left\" data-align=\"left\">11\u00b007.032\u2032<\/td><\/tr><tr><td>Beau\u00adti\u00adful view, Hain\u00adrode (HWN&nbsp;210)<\/td><td class=\"has-text-align-left\" data-align=\"left\">51\u00b030.080\u2032<\/td><td class=\"has-text-align-left\" data-align=\"left\">11\u00b008.510\u2032<\/td><\/tr><tr><td>Anken\u00adberg, Gro\u00dfleinungen<\/td><td class=\"has-text-align-left\" data-align=\"left\">51\u00b029.737\u2032<\/td><td class=\"has-text-align-left\" data-align=\"left\">11\u00b011.086\u2032<\/td><\/tr><tr><td>Min\u00ading nature trail, Wet\u00adtel\u00adrode (HWN&nbsp;222)<\/td><td class=\"has-text-align-left\" data-align=\"left\">51\u00b032.223\u2032<\/td><td class=\"has-text-align-left\" data-align=\"left\">11\u00b016.616\u2032<\/td><\/tr><tr><td>Grits field<\/td><td class=\"has-text-align-left\" data-align=\"left\">51\u00b031.529\u2032<\/td><td class=\"has-text-align-left\" data-align=\"left\">11\u00b021.518\u2032<\/td><\/tr><\/tbody><\/table><\/figure>\n<\/div><\/div><\/div>\n<\/div><\/div>\n","protected":false},"excerpt":{"rendered":"<p>In co\u00f6per\u00ada\u00adtion with the \u201cDrei L\u00e4n\u00adder \u2014 Ein Weg\u201d karst hik\u00ading trail work\u00ading group, you now have the oppor\u00adtu\u00adni\u00adty to get to know the beau\u00adty of the karst region on your hikes to the stamp points on the karst hik\u00ading trail. From Bad Grund in the west to P\u00f6ls\u00adfeld in the east of the southern&nbsp;[\u2026]<\/p>\n","protected":false},"author":1,"featured_media":13747,"parent":16731,"menu_order":2730,"comment_status":"closed","ping_status":"closed","template":"","meta":{"_seopress_robots_primary_cat":"","_seopress_titles_title":"","_seopress_titles_desc":"","_seopress_robots_index":"","wp_typography_post_enhancements_disabled":false,"iawp_total_views":2,"footnotes":""},"hf_cat_page":[],"class_list":["post-16453","page","type-page","status-publish","has-post-thumbnail"],"blocksy_meta":[],"_links":{"self":[{"href":"https:\/\/www.harzer-wandernadel.de\/en\/wp-json\/wp\/v2\/pages\/16453","targetHints":{"allow":["GET"]}}],"collection":[{"href":"https:\/\/www.harzer-wandernadel.de\/en\/wp-json\/wp\/v2\/pages"}],"about":[{"href":"https:\/\/www.harzer-wandernadel.de\/en\/wp-json\/wp\/v2\/types\/page"}],"author":[{"embeddable":true,"href":"https:\/\/www.harzer-wandernadel.de\/en\/wp-json\/wp\/v2\/users\/1"}],"replies":[{"embeddable":true,"href":"https:\/\/www.harzer-wandernadel.de\/en\/wp-json\/wp\/v2\/comments?post=16453"}],"version-history":[{"count":1,"href":"https:\/\/www.harzer-wandernadel.de\/en\/wp-json\/wp\/v2\/pages\/16453\/revisions"}],"predecessor-version":[{"id":16454,"href":"https:\/\/www.harzer-wandernadel.de\/en\/wp-json\/wp\/v2\/pages\/16453\/revisions\/16454"}],"up":[{"embeddable":true,"href":"https:\/\/www.harzer-wandernadel.de\/en\/wp-json\/wp\/v2\/pages\/16731"}],"wp:featuredmedia":[{"embeddable":true,"href":"https:\/\/www.harzer-wandernadel.de\/en\/wp-json\/wp\/v2\/media\/13747"}],"wp:attachment":[{"href":"https:\/\/www.harzer-wandernadel.de\/en\/wp-json\/wp\/v2\/media?parent=16453"}],"wp:term":[{"taxonomy":"hf_cat_page","embeddable":true,"href":"https:\/\/www.harzer-wandernadel.de\/en\/wp-json\/wp\/v2\/hf_cat_page?post=16453"}],"curies":[{"name":"wp","href":"https:\/\/api.w.org\/{rel}","templated":true}]}}